{"id":102,"date":"2021-01-20T21:24:35","date_gmt":"2021-01-20T21:24:35","guid":{"rendered":"https:\/\/www.purhotmelt.com\/?page_id=102"},"modified":"2021-01-20T21:24:36","modified_gmt":"2021-01-20T21:24:36","slug":"psa-pressure-sensitive-hot-melt-adhesives","status":"publish","type":"page","link":"https:\/\/www.purhotmelt.com\/nb\/psa-pressure-sensitive-hot-melt-adhesives\/","title":{"rendered":"PSA - TRYKSF\u00d8LSOMME VARMT SMELTLIM"},"content":{"rendered":"<h1 class=\"wp-block-heading\"><\/h1>\n\n\n\n<p><strong>Trykkf\u00f8lsomme smeltelim<\/strong>\u00a0er<strong>\u00a0klebrig, selv etter avkj\u00f8ling. Den brukes vanligvis til produksjon av selvklebende etiketter og selvklebende tape. De fleste PSA smeltelim er termoplastisk gummi<\/strong>-basert.<\/p>\n\n\n\n<p>PSA hot melt smelter gir en utmerket binding med sterk vedheft ved romtemperatur, og h\u00f8y varm klebrighet i applikasjon, produksjon av det selvklebende underlaget. Fordi kontakttrykk er n\u00f8kkelen til \u00e5 skape en binding mellom limet og den sammenf\u00f8yde delen, kalles det a&nbsp;<strong>PSA - trykkf\u00f8lsomt lim.<\/strong><\/p>\n\n\n\n<p>Med trykkf\u00f8lsomme varme smeltelim er det et bredt utvalg tilgjengelig fra sterk manipulering tydelig opp til avstandsstykker og avtakbare typer som gir lav vedheft.<\/p>\n\n\n\n<h3 class=\"wp-block-heading\">TRYKSF\u00d8LSOMME VARMT SMELTLIM<\/h3>\n\n\n\n<figure class=\"wp-block-image\"><img decoding=\"async\" src=\"https:\/\/www.purhotmelt.com\/wp-content\/uploads\/2019\/04\/Pressure-Sensitive-hot-melt-PSA-loop-tack-measurement.html\" alt=\"\" class=\"wp-image-463\"\/><figcaption>PSA m\u00e5ling av smeltesl\u00f8yfe<\/figcaption><\/figure>\n\n\n\n<figure class=\"wp-block-table\"><table><thead><tr><th>Produkt<\/th><th><\/th><th>Beskrivelse<\/th><th>Emballasje<\/th><\/tr><\/thead><tbody><tr><td>H4697<\/td><td><\/td><td>Utmerket varmebestandighet<\/td><td>Blokker<\/td><\/tr><tr><td>H4547<\/td><td><\/td><td>Rengj\u00f8r spr\u00f8yting<\/td><td>Puter<\/td><\/tr><tr><td>H4571<\/td><td><\/td><td>Flyttbar HMA<\/td><td>Puter<\/td><\/tr><tr><td>H4744<\/td><td><\/td><td>Generell feste og montering<\/td><td>Blokker<\/td><\/tr><tr><td>H4431<\/td><td><\/td><td>Spesielt for selvklebende utstyr<\/td><td>Puter<\/td><\/tr><tr><td>HM1872<\/td><td><\/td><td>Ferdige betongkomponenter<\/td><td>Puter<\/td><\/tr><tr><td>H4572<\/td><td><\/td><td>myk obligasjon kan flyttes<\/td><td>Puter<\/td><\/tr><tr><td>H4276<\/td><td><\/td><td>Sterk begynnende vedheft, h\u00f8y selvklebende styrke med god kohesjon<\/td><td>Blokker<\/td><\/tr><tr><td>H4573<\/td><td><\/td><td>lav viskositet, gode flytegenskaper<\/td><td>Puter<\/td><\/tr><tr><td>H4571-2<\/td><td><\/td><td>Lav viskositet og allsidig<\/td><td>Blokker<\/td><\/tr><tr><td><\/td><td><\/td><td><\/td><\/tr><tr><td><\/td><td><\/td><td><\/td><\/tr><\/tbody><tfoot><tr><td><\/td><\/tr><\/tfoot><\/table><\/figure>\n\n\n\n<figure class=\"wp-block-table\"><table><tbody><tr><td>andre smeltelim tilgjengelig<\/td><\/tr><tr><td>C-HM<\/td><td>Polyolefin H 2000&nbsp;<\/td><\/tr><tr><td>C-HM<\/td><td>7220<\/td><\/tr><tr><td>C-HM<\/td><td>1631<\/td><\/tr><tr><td>C-HM<\/td><td>1341<\/td><\/tr><tr><td>C-HM<\/td><td>423<\/td><\/tr><tr><td>C-HM<\/td><td>2526<\/td><\/tr><tr><td>C-HM<\/td><td>801<\/td><\/tr><tr><td>C-HM<\/td><td>2399<\/td><\/tr><tr><td>C-HM<\/td><td>1019<\/td><\/tr><tr><td>C-HM<\/td><td>23385<\/td><\/tr><tr><td>C-HM<\/td><td>87510<\/td><\/tr><tr><td>C-HM<\/td><td>26230<\/td><\/tr><tr><td>C-HM<\/td><td>PO 15<\/td><\/tr><tr><td>C-HM<\/td><td>2850<\/td><\/tr><tr><td>C-HM<\/td><td>130<\/td><\/tr><tr><td>C-HM<\/td><td>85110<\/td><\/tr><tr><td>C-HM<\/td><td>786<\/td><\/tr><tr><td>C-HM<\/td><td>16<\/td><\/tr><tr><td>C-HM<\/td><td>1628<\/td><\/tr><tr><td>C-HM<\/td><td>307050<\/td><\/tr><tr><td>C-HM<\/td><td>1585<\/td><\/tr><tr><td>C-HM<\/td><td>1596<\/td><\/tr><tr><td>C-HM<\/td><\/tr><tr><td>C-HM<\/td><td>7194<\/td><\/tr><tr><td>C-HM<\/td><td>850000<\/td><\/tr><tr><td>C-HM<\/td><td>101<\/td><\/tr><tr><td>C-HM<\/td><td>7286<\/td><\/tr><tr><td>C-HM<\/td><td>2793<\/td><\/tr><tr><td>C-HM<\/td><td>4075<\/td><\/tr><tr><td>C-HM<\/td><td>1586<\/td><\/tr><tr><td>C-HM<\/td><td>40442<\/td><\/tr><tr><td>C-HM<\/td><td>34<\/td><\/tr><tr><td>C-HM<\/td><td>25650<\/td><\/tr><tr><td>C-HM<\/td><\/tr><tr><td>C-HM<\/td><td>26345<\/td><\/tr><tr><td>C-HM<\/td><td>1544<\/td><\/tr><tr><td>C-HM<\/td><td>25610<\/td><\/tr><tr><td>C-HM<\/td><td>PO 60&nbsp;<\/td><\/tr><tr><td>C-HM<\/td><td>D2<\/td><\/tr><tr><td>C-HM<\/td><td>704<\/td><\/tr><tr><td>C-HM<\/td><td>1894<\/td><\/tr><tr><td>C-HM<\/td><td>9799<\/td><\/tr><tr><td>C-HM<\/td><td>C3<\/td><\/tr><tr><td>C-HM<\/td><td>715<\/td><\/tr><tr><td>C-HM<\/td><td>7151<\/td><\/tr><tr><td>C-HM<\/td><td>1645<\/td><\/tr><tr><td>C-HM<\/td><td>330<\/td><\/tr><tr><td>C-HM<\/td><td>120<\/td><\/tr><tr><td>C-HM<\/td><td>1887<\/td><\/tr><\/tbody><\/table><\/figure>","protected":false},"excerpt":{"rendered":"<p>Pressure-sensitive hot melt adhesives\u00a0are\u00a0sticky, even after cooling down. It\u2019s typically used for the production of self [&hellip;]<\/p>","protected":false},"author":1,"featured_media":0,"parent":0,"menu_order":0,"comment_status":"closed","ping_status":"closed","template":"","meta":{"footnotes":""},"class_list":["post-102","page","type-page","status-publish","hentry"],"yoast_head":"<!-- This site is optimized with the Yoast SEO plugin v17.0 - https:\/\/yoast.com\/wordpress\/plugins\/seo\/ -->\n<title>PSA \u2013 PRESSURE-SENSITIVE HOT MELT ADHESIVES - PUR hot melt adhesives<\/title>\n<meta name=\"robots\" content=\"index, follow, max-snippet:-1, max-image-preview:large, max-video-preview:-1\" \/>\n<link rel=\"canonical\" href=\"https:\/\/www.purhotmelt.com\/nb\/psa-pressure-sensitive-hot-melt-adhesives\/\" \/>\n<meta property=\"og:locale\" content=\"nb_NO\" \/>\n<meta property=\"og:type\" content=\"article\" \/>\n<meta property=\"og:title\" content=\"PSA \u2013 PRESSURE-SENSITIVE HOT MELT ADHESIVES - PUR hot melt adhesives\" \/>\n<meta property=\"og:description\" content=\"Pressure-sensitive hot melt adhesives\u00a0are\u00a0sticky, even after cooling down. It\u2019s typically used for the production of self [&hellip;]\" \/>\n<meta property=\"og:url\" content=\"https:\/\/www.purhotmelt.com\/nb\/psa-pressure-sensitive-hot-melt-adhesives\/\" \/>\n<meta property=\"og:site_name\" content=\"PUR hot melt adhesives\" \/>\n<meta property=\"article:modified_time\" content=\"2021-01-20T21:24:36+00:00\" \/>\n<meta property=\"og:image\" content=\"https:\/\/www.purhotmelt.com\/wp-content\/uploads\/2019\/04\/Pressure-Sensitive-hot-melt-PSA-loop-tack-measurement.html\" \/>\n<meta name=\"twitter:card\" content=\"summary_large_image\" \/>\n<meta name=\"twitter:label1\" content=\"Ansl. lesetid\" \/>\n\t<meta name=\"twitter:data1\" content=\"1 minutt\" \/>\n<script type=\"application\/ld+json\" class=\"yoast-schema-graph\">{\"@context\":\"https:\/\/schema.org\",\"@graph\":[{\"@type\":\"WebSite\",\"@id\":\"https:\/\/www.purhotmelt.com\/#website\",\"url\":\"https:\/\/www.purhotmelt.com\/\",\"name\":\"PUR hot melt adhesives\",\"description\":\"Intercol: Specialist manufacturer\",\"potentialAction\":[{\"@type\":\"SearchAction\",\"target\":{\"@type\":\"EntryPoint\",\"urlTemplate\":\"https:\/\/www.purhotmelt.com\/?s={search_term_string}\"},\"query-input\":\"required name=search_term_string\"}],\"inLanguage\":\"nb-NO\"},{\"@type\":\"ImageObject\",\"@id\":\"https:\/\/www.purhotmelt.com\/nb\/psa-pressure-sensitive-hot-melt-adhesives\/#primaryimage\",\"inLanguage\":\"nb-NO\",\"url\":\"https:\/\/www.purhotmelt.com\/wp-content\/uploads\/2019\/04\/Pressure-Sensitive-hot-melt-PSA-loop-tack-measurement.html\",\"contentUrl\":\"https:\/\/www.purhotmelt.com\/wp-content\/uploads\/2019\/04\/Pressure-Sensitive-hot-melt-PSA-loop-tack-measurement.html\"},{\"@type\":\"WebPage\",\"@id\":\"https:\/\/www.purhotmelt.com\/nb\/psa-pressure-sensitive-hot-melt-adhesives\/#webpage\",\"url\":\"https:\/\/www.purhotmelt.com\/nb\/psa-pressure-sensitive-hot-melt-adhesives\/\",\"name\":\"PSA \\u2013 PRESSURE-SENSITIVE HOT MELT ADHESIVES - PUR hot melt adhesives\",\"isPartOf\":{\"@id\":\"https:\/\/www.purhotmelt.com\/#website\"},\"primaryImageOfPage\":{\"@id\":\"https:\/\/www.purhotmelt.com\/nb\/psa-pressure-sensitive-hot-melt-adhesives\/#primaryimage\"},\"datePublished\":\"2021-01-20T21:24:35+00:00\",\"dateModified\":\"2021-01-20T21:24:36+00:00\",\"breadcrumb\":{\"@id\":\"https:\/\/www.purhotmelt.com\/nb\/psa-pressure-sensitive-hot-melt-adhesives\/#breadcrumb\"},\"inLanguage\":\"nb-NO\",\"potentialAction\":[{\"@type\":\"ReadAction\",\"target\":[\"https:\/\/www.purhotmelt.com\/nb\/psa-pressure-sensitive-hot-melt-adhesives\/\"]}]},{\"@type\":\"BreadcrumbList\",\"@id\":\"https:\/\/www.purhotmelt.com\/nb\/psa-pressure-sensitive-hot-melt-adhesives\/#breadcrumb\",\"itemListElement\":[{\"@type\":\"ListItem\",\"position\":1,\"name\":\"Home\",\"item\":\"https:\/\/www.purhotmelt.com\/\"},{\"@type\":\"ListItem\",\"position\":2,\"name\":\"PSA \\u2013 PRESSURE-SENSITIVE HOT MELT ADHESIVES\"}]}]}<\/script>\n<!-- \/ Yoast SEO plugin. -->","yoast_head_json":{"title":"PSA - TRYKKSENSITIV VAREMELTELIM - PUR smeltelim","robots":{"index":"index","follow":"follow","max-snippet":"max-snippet:-1","max-image-preview":"max-image-preview:large","max-video-preview":"max-video-preview:-1"},"canonical":"https:\/\/www.purhotmelt.com\/nb\/psa-pressure-sensitive-hot-melt-adhesives\/","og_locale":"nb_NO","og_type":"article","og_title":"PSA \u2013 PRESSURE-SENSITIVE HOT MELT ADHESIVES - PUR hot melt adhesives","og_description":"Pressure-sensitive hot melt adhesives\u00a0are\u00a0sticky, even after cooling down. It\u2019s typically used for the production of self [&hellip;]","og_url":"https:\/\/www.purhotmelt.com\/nb\/psa-pressure-sensitive-hot-melt-adhesives\/","og_site_name":"PUR hot melt adhesives","article_modified_time":"2021-01-20T21:24:36+00:00","og_image":[{"url":"https:\/\/www.purhotmelt.com\/wp-content\/uploads\/2019\/04\/Pressure-Sensitive-hot-melt-PSA-loop-tack-measurement.html"}],"twitter_card":"summary_large_image","twitter_misc":{"Ansl. lesetid":"1 minutt"},"schema":{"@context":"https:\/\/schema.org","@graph":[{"@type":"WebSite","@id":"https:\/\/www.purhotmelt.com\/#website","url":"https:\/\/www.purhotmelt.com\/","name":"PUR smeltelim","description":"Intercol: spesialprodusent","potentialAction":[{"@type":"SearchAction","target":{"@type":"EntryPoint","urlTemplate":"https:\/\/www.purhotmelt.com\/?s={search_term_string}"},"query-input":"required name=search_term_string"}],"inLanguage":"nb-NO"},{"@type":"ImageObject","@id":"https:\/\/www.purhotmelt.com\/nb\/psa-pressure-sensitive-hot-melt-adhesives\/#primaryimage","inLanguage":"nb-NO","url":"https:\/\/www.purhotmelt.com\/wp-content\/uploads\/2019\/04\/Pressure-Sensitive-hot-melt-PSA-loop-tack-measurement.html","contentUrl":"https:\/\/www.purhotmelt.com\/wp-content\/uploads\/2019\/04\/Pressure-Sensitive-hot-melt-PSA-loop-tack-measurement.html"},{"@type":"WebPage","@id":"https:\/\/www.purhotmelt.com\/nb\/psa-pressure-sensitive-hot-melt-adhesives\/#webpage","url":"https:\/\/www.purhotmelt.com\/nb\/psa-pressure-sensitive-hot-melt-adhesives\/","name":"PSA - TRYKKSENSITIV VAREMELTELIM - PUR smeltelim","isPartOf":{"@id":"https:\/\/www.purhotmelt.com\/#website"},"primaryImageOfPage":{"@id":"https:\/\/www.purhotmelt.com\/nb\/psa-pressure-sensitive-hot-melt-adhesives\/#primaryimage"},"datePublished":"2021-01-20T21:24:35+00:00","dateModified":"2021-01-20T21:24:36+00:00","breadcrumb":{"@id":"https:\/\/www.purhotmelt.com\/nb\/psa-pressure-sensitive-hot-melt-adhesives\/#breadcrumb"},"inLanguage":"nb-NO","potentialAction":[{"@type":"ReadAction","target":["https:\/\/www.purhotmelt.com\/nb\/psa-pressure-sensitive-hot-melt-adhesives\/"]}]},{"@type":"BreadcrumbList","@id":"https:\/\/www.purhotmelt.com\/nb\/psa-pressure-sensitive-hot-melt-adhesives\/#breadcrumb","itemListElement":[{"@type":"ListItem","position":1,"name":"Home","item":"https:\/\/www.purhotmelt.com\/"},{"@type":"ListItem","position":2,"name":"PSA \u2013 PRESSURE-SENSITIVE HOT MELT ADHESIVES"}]}]}},"_links":{"self":[{"href":"https:\/\/www.purhotmelt.com\/nb\/wp-json\/wp\/v2\/pages\/102","targetHints":{"allow":["GET"]}}],"collection":[{"href":"https:\/\/www.purhotmelt.com\/nb\/wp-json\/wp\/v2\/pages"}],"about":[{"href":"https:\/\/www.purhotmelt.com\/nb\/wp-json\/wp\/v2\/types\/page"}],"author":[{"embeddable":true,"href":"https:\/\/www.purhotmelt.com\/nb\/wp-json\/wp\/v2\/users\/1"}],"replies":[{"embeddable":true,"href":"https:\/\/www.purhotmelt.com\/nb\/wp-json\/wp\/v2\/comments?post=102"}],"version-history":[{"count":1,"href":"https:\/\/www.purhotmelt.com\/nb\/wp-json\/wp\/v2\/pages\/102\/revisions"}],"predecessor-version":[{"id":104,"href":"https:\/\/www.purhotmelt.com\/nb\/wp-json\/wp\/v2\/pages\/102\/revisions\/104"}],"wp:attachment":[{"href":"https:\/\/www.purhotmelt.com\/nb\/wp-json\/wp\/v2\/media?parent=102"}],"curies":[{"name":"wp","href":"https:\/\/api.w.org\/{rel}","templated":true}]}}