{"id":108,"date":"2021-01-20T21:28:03","date_gmt":"2021-01-20T21:28:03","guid":{"rendered":"https:\/\/www.purhotmelt.com\/?page_id=108"},"modified":"2021-01-20T21:28:04","modified_gmt":"2021-01-20T21:28:04","slug":"flat-lamination","status":"publish","type":"page","link":"https:\/\/www.purhotmelt.com\/nb\/flat-lamination\/","title":{"rendered":"FLAT LAMINERING"},"content":{"rendered":"<h1 class=\"wp-block-heading\"><\/h1>\n\n\n\n<p>Flate lamineringslim kan brukes i forskjellige lamineringsapplikasjoner. hovedapplikasjoner er sandwichpaneler og dekorative paneler<\/p>\n\n\n\n<h2 class=\"wp-block-heading\">SANDWICH PANELLAMINERING<\/h2>\n\n\n\n<p>Sandwichpaneler og lette paneler er ofte en flerlagskonstruksjon. Forskjellige lag og kjernematerialer er bundet sammen med lim, som oftere er en PUR-smeltemasse i moderne produksjonsmilj\u00f8er. Sandwichpaneler m\u00e5 tilby h\u00f8y lastekapasitet og stivhet og et hardt og beskyttende overflatelag. PUR smeltelim er ofte kostnadseffektive og holdbare<\/p>\n\n\n\n<p>Innovative PUR smeltelimsystemer gir en sv\u00e6rt fleksibel binding og garanterer langvarig funksjonalitet.<\/p>\n\n\n\n<h2 class=\"wp-block-heading\">DEKORATIVE PANELER<\/h2>\n\n\n\n<p>Underlag med h\u00f8yglans som ABS- eller PET-folier gir moderne interi\u00f8rdesign for m\u00f8bler og gulv. Moderne arkitektur bruker oftere h\u00f8yglansede overflater i v\u00e5re dager. Det er b\u00e5de en mulighet og en utfordring for mange produsenter \u00e5 levere nye markeder. Visuelle krav kan v\u00e6re veldig krevende. V\u00e5re spesialformulerte PUR-smeltelim er utmerket for liming av h\u00f8yglansfolier.<\/p>\n\n\n\n<p>PUR Hot smelter tilbyr:<\/p>\n\n\n\n<ul class=\"wp-block-list\"><li>Presis applikasjon<\/li><li>Jevn overflatep\u00e5f\u00f8ring<\/li><li>Utmerket vedheft<\/li><li>H\u00f8y varm tack<\/li><li>Rask geen styrke<\/li><li>Optisk klar for gjennomsiktige applikasjoner<\/li><li>Rollercoater applikasjon.<\/li><li>Slot coater applikasjon<\/li><li>Roller bar applikasjon<\/li><\/ul>","protected":false},"excerpt":{"rendered":"<p>Flat lamination adhesives can be used in various lamination application. main applications are sandwich panels and [&hellip;]<\/p>","protected":false},"author":1,"featured_media":0,"parent":0,"menu_order":0,"comment_status":"closed","ping_status":"closed","template":"","meta":{"footnotes":""},"class_list":["post-108","page","type-page","status-publish","hentry"],"yoast_head":"<!-- This site is optimized with the Yoast SEO plugin v17.0 - https:\/\/yoast.com\/wordpress\/plugins\/seo\/ -->\n<title>FLAT LAMINATION - PUR hot melt adhesives<\/title>\n<meta name=\"robots\" content=\"index, follow, max-snippet:-1, max-image-preview:large, max-video-preview:-1\" \/>\n<link rel=\"canonical\" href=\"https:\/\/www.purhotmelt.com\/nb\/flat-lamination\/\" \/>\n<meta property=\"og:locale\" content=\"nb_NO\" \/>\n<meta property=\"og:type\" content=\"article\" \/>\n<meta property=\"og:title\" content=\"FLAT LAMINATION - PUR hot melt adhesives\" \/>\n<meta property=\"og:description\" content=\"Flat lamination adhesives can be used in various lamination application. main applications are sandwich panels and [&hellip;]\" \/>\n<meta property=\"og:url\" content=\"https:\/\/www.purhotmelt.com\/nb\/flat-lamination\/\" \/>\n<meta property=\"og:site_name\" content=\"PUR hot melt adhesives\" \/>\n<meta property=\"article:modified_time\" content=\"2021-01-20T21:28:04+00:00\" \/>\n<meta name=\"twitter:card\" content=\"summary_large_image\" \/>\n<meta name=\"twitter:label1\" content=\"Ansl. lesetid\" \/>\n\t<meta name=\"twitter:data1\" content=\"1 minutt\" \/>\n<script type=\"application\/ld+json\" class=\"yoast-schema-graph\">{\"@context\":\"https:\/\/schema.org\",\"@graph\":[{\"@type\":\"WebSite\",\"@id\":\"https:\/\/www.purhotmelt.com\/#website\",\"url\":\"https:\/\/www.purhotmelt.com\/\",\"name\":\"PUR hot melt adhesives\",\"description\":\"Intercol: Specialist manufacturer\",\"potentialAction\":[{\"@type\":\"SearchAction\",\"target\":{\"@type\":\"EntryPoint\",\"urlTemplate\":\"https:\/\/www.purhotmelt.com\/?s={search_term_string}\"},\"query-input\":\"required name=search_term_string\"}],\"inLanguage\":\"nb-NO\"},{\"@type\":\"WebPage\",\"@id\":\"https:\/\/www.purhotmelt.com\/es\/flat-lamination\/#webpage\",\"url\":\"https:\/\/www.purhotmelt.com\/es\/flat-lamination\/\",\"name\":\"FLAT LAMINATION - PUR hot melt adhesives\",\"isPartOf\":{\"@id\":\"https:\/\/www.purhotmelt.com\/#website\"},\"datePublished\":\"2021-01-20T21:28:03+00:00\",\"dateModified\":\"2021-01-20T21:28:04+00:00\",\"breadcrumb\":{\"@id\":\"https:\/\/www.purhotmelt.com\/es\/flat-lamination\/#breadcrumb\"},\"inLanguage\":\"nb-NO\",\"potentialAction\":[{\"@type\":\"ReadAction\",\"target\":[\"https:\/\/www.purhotmelt.com\/es\/flat-lamination\/\"]}]},{\"@type\":\"BreadcrumbList\",\"@id\":\"https:\/\/www.purhotmelt.com\/es\/flat-lamination\/#breadcrumb\",\"itemListElement\":[{\"@type\":\"ListItem\",\"position\":1,\"name\":\"Home\",\"item\":\"https:\/\/www.purhotmelt.com\/\"},{\"@type\":\"ListItem\",\"position\":2,\"name\":\"FLAT LAMINATION\"}]}]}<\/script>\n<!-- \/ Yoast SEO plugin. -->","yoast_head_json":{"title":"FLAT LAMINASJON - PUR smeltelim","robots":{"index":"index","follow":"follow","max-snippet":"max-snippet:-1","max-image-preview":"max-image-preview:large","max-video-preview":"max-video-preview:-1"},"canonical":"https:\/\/www.purhotmelt.com\/nb\/flat-lamination\/","og_locale":"nb_NO","og_type":"article","og_title":"FLAT LAMINATION - PUR hot melt adhesives","og_description":"Flat lamination adhesives can be used in various lamination application. main applications are sandwich panels and [&hellip;]","og_url":"https:\/\/www.purhotmelt.com\/nb\/flat-lamination\/","og_site_name":"PUR hot melt adhesives","article_modified_time":"2021-01-20T21:28:04+00:00","twitter_card":"summary_large_image","twitter_misc":{"Ansl. lesetid":"1 minutt"},"schema":{"@context":"https:\/\/schema.org","@graph":[{"@type":"WebSite","@id":"https:\/\/www.purhotmelt.com\/#website","url":"https:\/\/www.purhotmelt.com\/","name":"PUR smeltelim","description":"Intercol: spesialprodusent","potentialAction":[{"@type":"SearchAction","target":{"@type":"EntryPoint","urlTemplate":"https:\/\/www.purhotmelt.com\/?s={search_term_string}"},"query-input":"required name=search_term_string"}],"inLanguage":"nb-NO"},{"@type":"WebPage","@id":"https:\/\/www.purhotmelt.com\/es\/flat-lamination\/#webpage","url":"https:\/\/www.purhotmelt.com\/es\/flat-lamination\/","name":"FLAT LAMINASJON - PUR smeltelim","isPartOf":{"@id":"https:\/\/www.purhotmelt.com\/#website"},"datePublished":"2021-01-20T21:28:03+00:00","dateModified":"2021-01-20T21:28:04+00:00","breadcrumb":{"@id":"https:\/\/www.purhotmelt.com\/es\/flat-lamination\/#breadcrumb"},"inLanguage":"nb-NO","potentialAction":[{"@type":"ReadAction","target":["https:\/\/www.purhotmelt.com\/es\/flat-lamination\/"]}]},{"@type":"BreadcrumbList","@id":"https:\/\/www.purhotmelt.com\/es\/flat-lamination\/#breadcrumb","itemListElement":[{"@type":"ListItem","position":1,"name":"Home","item":"https:\/\/www.purhotmelt.com\/"},{"@type":"ListItem","position":2,"name":"FLAT LAMINATION"}]}]}},"_links":{"self":[{"href":"https:\/\/www.purhotmelt.com\/nb\/wp-json\/wp\/v2\/pages\/108","targetHints":{"allow":["GET"]}}],"collection":[{"href":"https:\/\/www.purhotmelt.com\/nb\/wp-json\/wp\/v2\/pages"}],"about":[{"href":"https:\/\/www.purhotmelt.com\/nb\/wp-json\/wp\/v2\/types\/page"}],"author":[{"embeddable":true,"href":"https:\/\/www.purhotmelt.com\/nb\/wp-json\/wp\/v2\/users\/1"}],"replies":[{"embeddable":true,"href":"https:\/\/www.purhotmelt.com\/nb\/wp-json\/wp\/v2\/comments?post=108"}],"version-history":[{"count":1,"href":"https:\/\/www.purhotmelt.com\/nb\/wp-json\/wp\/v2\/pages\/108\/revisions"}],"predecessor-version":[{"id":110,"href":"https:\/\/www.purhotmelt.com\/nb\/wp-json\/wp\/v2\/pages\/108\/revisions\/110"}],"wp:attachment":[{"href":"https:\/\/www.purhotmelt.com\/nb\/wp-json\/wp\/v2\/media?parent=108"}],"curies":[{"name":"wp","href":"https:\/\/api.w.org\/{rel}","templated":true}]}}