{"id":111,"date":"2021-01-20T21:28:48","date_gmt":"2021-01-20T21:28:48","guid":{"rendered":"https:\/\/www.purhotmelt.com\/?page_id=111"},"modified":"2021-01-20T21:28:49","modified_gmt":"2021-01-20T21:28:49","slug":"antislip-and-adhesive-coating","status":"publish","type":"page","link":"https:\/\/www.purhotmelt.com\/nb\/antislip-and-adhesive-coating\/","title":{"rendered":"ANTISLIP OG LIMBELEGGING"},"content":{"rendered":"<h1 class=\"wp-block-heading\"><\/h1>\n\n\n\n<p>Lim for tekstilbelegg, som vannbaserte dispersjoner og smeltelim, kan l\u00f8se mange utfordringer der materialene m\u00e5 v\u00e6re fleksible, lette og holdbare med spesifikke funksjoner.<\/p>\n\n\n\n<p>Spredning og smelting av tekstilbeleggprodukter kan formuleres for \u00e5 takle UV-eksponering, varme, brann, aldring og mekanisk belastning. Lim kan b\u00e5de brukes som belegg og som lim for beskyttelse og isolasjonsegenskaper. Mange tekniske tekstiler er avhengige av en sterk binding for \u00e5 lage verneutstyr, sveisetepper og isolasjonspaneler.<\/p>\n\n\n\n<h2 class=\"wp-block-heading\">TEKNISKE TEKSTILER<\/h2>\n\n\n\n<p>Den \u00f8kende ettersp\u00f8rselen etter tekniske fibre og tekstiler, flere l\u00f8sninger finnes ved bruk av spesialiserte lim. Fra forbruksvarer til tekniske og industrielle applikasjoner. FoU-utviklere, produktdesignere og produsenter er hele tiden p\u00e5 jakt etter \u00e5 utvikle nye og innovative tekstiler med h\u00f8y ytelse.<\/p>\n\n\n\n<p>PUR smeltelim er ofte spesielt formulert for \u00e5 oppfylle de n\u00f8dvendige karakteristikkene av b\u00e5de substratene og prosessene, noe som muliggj\u00f8r optimaliserte l\u00f8sninger for \u00e5 feste tekstiler med andre underlag. Vi hjelper deg med \u00e5 tilby de best mulige funksjonene for hver spesifikke applikasjon, for eksempel:<\/p>\n\n\n\n<ul class=\"wp-block-list\"><li>Forbedringer av strekk og rivestyrke<\/li><li>Krav til varme, brann og UV<\/li><li>Forbedre slitestyrke<\/li><li>H\u00f8y aldringsytelse og holdbarhet<\/li><li>Vanntette bindinger<\/li><li>Sklisikre applikasjoner<\/li><\/ul>","protected":false},"excerpt":{"rendered":"<p>Textile coating adhesives, such as waterbased dispersions and hot melt adhesives, can solve many challenges where [&hellip;]<\/p>","protected":false},"author":1,"featured_media":0,"parent":0,"menu_order":0,"comment_status":"closed","ping_status":"closed","template":"","meta":{"footnotes":""},"class_list":["post-111","page","type-page","status-publish","hentry"],"yoast_head":"<!-- This site is optimized with the Yoast SEO plugin v17.0 - https:\/\/yoast.com\/wordpress\/plugins\/seo\/ -->\n<title>ANTISLIP AND ADHESIVE COATING - PUR hot melt adhesives<\/title>\n<meta name=\"robots\" content=\"index, follow, max-snippet:-1, max-image-preview:large, max-video-preview:-1\" \/>\n<link rel=\"canonical\" href=\"https:\/\/www.purhotmelt.com\/nb\/antislip-and-adhesive-coating\/\" \/>\n<meta property=\"og:locale\" content=\"nb_NO\" \/>\n<meta property=\"og:type\" content=\"article\" \/>\n<meta property=\"og:title\" content=\"ANTISLIP AND ADHESIVE COATING - PUR hot melt adhesives\" \/>\n<meta property=\"og:description\" content=\"Textile coating adhesives, such as waterbased dispersions and hot melt adhesives, can solve many challenges where [&hellip;]\" \/>\n<meta property=\"og:url\" content=\"https:\/\/www.purhotmelt.com\/nb\/antislip-and-adhesive-coating\/\" \/>\n<meta property=\"og:site_name\" content=\"PUR hot melt adhesives\" \/>\n<meta property=\"article:modified_time\" content=\"2021-01-20T21:28:49+00:00\" \/>\n<meta name=\"twitter:card\" content=\"summary_large_image\" \/>\n<meta name=\"twitter:label1\" content=\"Ansl. lesetid\" \/>\n\t<meta name=\"twitter:data1\" content=\"1 minutt\" \/>\n<script type=\"application\/ld+json\" class=\"yoast-schema-graph\">{\"@context\":\"https:\/\/schema.org\",\"@graph\":[{\"@type\":\"WebSite\",\"@id\":\"https:\/\/www.purhotmelt.com\/#website\",\"url\":\"https:\/\/www.purhotmelt.com\/\",\"name\":\"PUR hot melt adhesives\",\"description\":\"Intercol: Specialist manufacturer\",\"potentialAction\":[{\"@type\":\"SearchAction\",\"target\":{\"@type\":\"EntryPoint\",\"urlTemplate\":\"https:\/\/www.purhotmelt.com\/?s={search_term_string}\"},\"query-input\":\"required name=search_term_string\"}],\"inLanguage\":\"nb-NO\"},{\"@type\":\"WebPage\",\"@id\":\"https:\/\/www.purhotmelt.com\/nb\/antislip-and-adhesive-coating\/#webpage\",\"url\":\"https:\/\/www.purhotmelt.com\/nb\/antislip-and-adhesive-coating\/\",\"name\":\"ANTISLIP AND ADHESIVE COATING - PUR hot melt adhesives\",\"isPartOf\":{\"@id\":\"https:\/\/www.purhotmelt.com\/#website\"},\"datePublished\":\"2021-01-20T21:28:48+00:00\",\"dateModified\":\"2021-01-20T21:28:49+00:00\",\"breadcrumb\":{\"@id\":\"https:\/\/www.purhotmelt.com\/nb\/antislip-and-adhesive-coating\/#breadcrumb\"},\"inLanguage\":\"nb-NO\",\"potentialAction\":[{\"@type\":\"ReadAction\",\"target\":[\"https:\/\/www.purhotmelt.com\/nb\/antislip-and-adhesive-coating\/\"]}]},{\"@type\":\"BreadcrumbList\",\"@id\":\"https:\/\/www.purhotmelt.com\/nb\/antislip-and-adhesive-coating\/#breadcrumb\",\"itemListElement\":[{\"@type\":\"ListItem\",\"position\":1,\"name\":\"Home\",\"item\":\"https:\/\/www.purhotmelt.com\/\"},{\"@type\":\"ListItem\",\"position\":2,\"name\":\"ANTISLIP AND ADHESIVE COATING\"}]}]}<\/script>\n<!-- \/ Yoast SEO plugin. -->","yoast_head_json":{"title":"ANTISLIP OG LIMLAK - PUR smeltelim","robots":{"index":"index","follow":"follow","max-snippet":"max-snippet:-1","max-image-preview":"max-image-preview:large","max-video-preview":"max-video-preview:-1"},"canonical":"https:\/\/www.purhotmelt.com\/nb\/antislip-and-adhesive-coating\/","og_locale":"nb_NO","og_type":"article","og_title":"ANTISLIP AND ADHESIVE COATING - PUR hot melt adhesives","og_description":"Textile coating adhesives, such as waterbased dispersions and hot melt adhesives, can solve many challenges where [&hellip;]","og_url":"https:\/\/www.purhotmelt.com\/nb\/antislip-and-adhesive-coating\/","og_site_name":"PUR hot melt adhesives","article_modified_time":"2021-01-20T21:28:49+00:00","twitter_card":"summary_large_image","twitter_misc":{"Ansl. lesetid":"1 minutt"},"schema":{"@context":"https:\/\/schema.org","@graph":[{"@type":"WebSite","@id":"https:\/\/www.purhotmelt.com\/#website","url":"https:\/\/www.purhotmelt.com\/","name":"PUR smeltelim","description":"Intercol: spesialprodusent","potentialAction":[{"@type":"SearchAction","target":{"@type":"EntryPoint","urlTemplate":"https:\/\/www.purhotmelt.com\/?s={search_term_string}"},"query-input":"required name=search_term_string"}],"inLanguage":"nb-NO"},{"@type":"WebPage","@id":"https:\/\/www.purhotmelt.com\/nb\/antislip-and-adhesive-coating\/#webpage","url":"https:\/\/www.purhotmelt.com\/nb\/antislip-and-adhesive-coating\/","name":"ANTISLIP OG LIMLAK - PUR smeltelim","isPartOf":{"@id":"https:\/\/www.purhotmelt.com\/#website"},"datePublished":"2021-01-20T21:28:48+00:00","dateModified":"2021-01-20T21:28:49+00:00","breadcrumb":{"@id":"https:\/\/www.purhotmelt.com\/nb\/antislip-and-adhesive-coating\/#breadcrumb"},"inLanguage":"nb-NO","potentialAction":[{"@type":"ReadAction","target":["https:\/\/www.purhotmelt.com\/nb\/antislip-and-adhesive-coating\/"]}]},{"@type":"BreadcrumbList","@id":"https:\/\/www.purhotmelt.com\/nb\/antislip-and-adhesive-coating\/#breadcrumb","itemListElement":[{"@type":"ListItem","position":1,"name":"Home","item":"https:\/\/www.purhotmelt.com\/"},{"@type":"ListItem","position":2,"name":"ANTISLIP AND ADHESIVE COATING"}]}]}},"_links":{"self":[{"href":"https:\/\/www.purhotmelt.com\/nb\/wp-json\/wp\/v2\/pages\/111","targetHints":{"allow":["GET"]}}],"collection":[{"href":"https:\/\/www.purhotmelt.com\/nb\/wp-json\/wp\/v2\/pages"}],"about":[{"href":"https:\/\/www.purhotmelt.com\/nb\/wp-json\/wp\/v2\/types\/page"}],"author":[{"embeddable":true,"href":"https:\/\/www.purhotmelt.com\/nb\/wp-json\/wp\/v2\/users\/1"}],"replies":[{"embeddable":true,"href":"https:\/\/www.purhotmelt.com\/nb\/wp-json\/wp\/v2\/comments?post=111"}],"version-history":[{"count":1,"href":"https:\/\/www.purhotmelt.com\/nb\/wp-json\/wp\/v2\/pages\/111\/revisions"}],"predecessor-version":[{"id":113,"href":"https:\/\/www.purhotmelt.com\/nb\/wp-json\/wp\/v2\/pages\/111\/revisions\/113"}],"wp:attachment":[{"href":"https:\/\/www.purhotmelt.com\/nb\/wp-json\/wp\/v2\/media?parent=111"}],"curies":[{"name":"wp","href":"https:\/\/api.w.org\/{rel}","templated":true}]}}