{"id":123,"date":"2021-01-20T21:32:41","date_gmt":"2021-01-20T21:32:41","guid":{"rendered":"https:\/\/www.purhotmelt.com\/?page_id=123"},"modified":"2021-01-20T21:32:42","modified_gmt":"2021-01-20T21:32:42","slug":"hma-hot-melt-adhesives","status":"publish","type":"page","link":"https:\/\/www.purhotmelt.com\/nb\/hma-hot-melt-adhesives\/","title":{"rendered":"HMA smeltelim"},"content":{"rendered":"<p><strong>Intercol er en produsent av smeltelim<\/strong>&nbsp;(<strong>HMA<\/strong>),&nbsp;<strong>det kan ogs\u00e5 v\u00e6re kjent som varmt lim fra limpinner for h\u00e5ndverk. De fleste smeltelimene er termoplastiske, men det er ogs\u00e5 reaktive polyuretan varme smelter tilgjengelig. PUR eller PU smeltelim brukes ofte til m\u00f8bler og konstruksjonsform\u00e5l.<\/strong><\/p>\n\n\n\n<p>P\u00e5f\u00f8ringsutstyr for smeltemasse er industrielt tilgjengelig for \u00e5 smelte &quot;plastlimet&quot;, som transporteres gjennom smeltesystemet til pistolen (hodet) og dysen uten en mekanisk utl\u00f8sermekanisme, men basert p\u00e5 hovedsakelig stempelpumper med lufttrykkdrift. N\u00e5r den varme smelten p\u00e5f\u00f8res p\u00e5 det f\u00f8rste underlaget, er den i utgangspunktet varm nok til \u00e5 brenne og blemme huden, s\u00e5 v\u00e6r forsiktig med smeltelim! Varmesmelting er klebrig n\u00e5r den er varm (den varme kl\u00f8ven kan variere med de forskjellige kommersielle tilgjengelige typene), og stivner p\u00e5 f\u00e5 sekunder. Noen karakterer, for eksempel madrassmontering, tilbyr \u00e5pne tider i opptil 1 eller to minutter. Selvklebende smeltelim tilbyr permanent \u00e5pningstid. Smeltelim kan ogs\u00e5 p\u00e5f\u00f8res med rullelakker, dypping eller spr\u00f8yting.<\/p>\n\n\n\n<p>Smeltelim kan gi flere fordeler i forhold til andre monteringsteknikker, for eksempel skruing eller sveising. I motsetning til l\u00f8semiddelbaserte lim er smeltelim milj\u00f8vennlige, milj\u00f8vennlige og \u00f8konomiske. Smeltelim inneholder ikke flyktige organiske forbindelser. Standard smelter av EVA og PO krever ikke herding, PU (PolyUrethane hot melt) herdes etter (12h-36h) f\u00f8rste p\u00e5f\u00f8ring. De fleste smeltelim har lang holdbarhet. Disse limene kan vanligvis kastes uten spesielle forholdsregler. Smeltelim kan v\u00e6re f\u00f8lsomme for temperaturendringer, vanligvis temperaturer over 60 grader Celsius eller under 5 grader Celsius kan v\u00e6re kritiske. Temperaturp\u00e5virkninger kan for det meste reduseres ved bruk av et reaktivt PU-lim. PU smeltelim har en ytterligere herdeprosess etter at den innledende, faste bindingen er etablert. (kjent som en reaktiv uretan). De fleste EVA og PO HMAer er ikke motstandsdyktige mot kjemiske angrep og forvitring, men vil v\u00e6re perfekte for emballasje og brukt utstyr, som hvite varer. P\u00e5 grunn av at det er 100% faste stoffer, mister ikke smeltelim tykkelsen, l\u00f8semiddelbasert stav vannbaserte lim kan miste opptil 50-70% lagtykkelse etter t\u00f8rking<\/p>","protected":false},"excerpt":{"rendered":"<p>Intercol is a manufacturer of Hot melt adhesive&nbsp;(HMA),&nbsp;it may also be known as hot glue from [&hellip;]<\/p>","protected":false},"author":1,"featured_media":0,"parent":0,"menu_order":0,"comment_status":"closed","ping_status":"closed","template":"","meta":{"footnotes":""},"class_list":["post-123","page","type-page","status-publish","hentry"],"yoast_head":"<!-- This site is optimized with the Yoast SEO plugin v17.0 - https:\/\/yoast.com\/wordpress\/plugins\/seo\/ -->\n<title>HMA hot melt adhesives - PUR hot melt adhesives<\/title>\n<meta name=\"robots\" content=\"index, follow, max-snippet:-1, max-image-preview:large, max-video-preview:-1\" \/>\n<link rel=\"canonical\" href=\"https:\/\/www.purhotmelt.com\/nb\/hma-hot-melt-adhesives\/\" \/>\n<meta property=\"og:locale\" content=\"nb_NO\" \/>\n<meta property=\"og:type\" content=\"article\" \/>\n<meta property=\"og:title\" content=\"HMA hot melt adhesives - PUR hot melt adhesives\" \/>\n<meta property=\"og:description\" content=\"Intercol is a manufacturer of Hot melt adhesive&nbsp;(HMA),&nbsp;it may also be known as hot glue from [&hellip;]\" \/>\n<meta property=\"og:url\" content=\"https:\/\/www.purhotmelt.com\/nb\/hma-hot-melt-adhesives\/\" \/>\n<meta property=\"og:site_name\" content=\"PUR hot melt adhesives\" \/>\n<meta property=\"article:modified_time\" content=\"2021-01-20T21:32:42+00:00\" \/>\n<meta name=\"twitter:card\" content=\"summary_large_image\" \/>\n<meta name=\"twitter:label1\" content=\"Ansl. lesetid\" \/>\n\t<meta name=\"twitter:data1\" content=\"2 minutter\" \/>\n<script type=\"application\/ld+json\" class=\"yoast-schema-graph\">{\"@context\":\"https:\/\/schema.org\",\"@graph\":[{\"@type\":\"WebSite\",\"@id\":\"https:\/\/www.purhotmelt.com\/#website\",\"url\":\"https:\/\/www.purhotmelt.com\/\",\"name\":\"PUR hot melt adhesives\",\"description\":\"Intercol: Specialist manufacturer\",\"potentialAction\":[{\"@type\":\"SearchAction\",\"target\":{\"@type\":\"EntryPoint\",\"urlTemplate\":\"https:\/\/www.purhotmelt.com\/?s={search_term_string}\"},\"query-input\":\"required name=search_term_string\"}],\"inLanguage\":\"nb-NO\"},{\"@type\":\"WebPage\",\"@id\":\"https:\/\/www.purhotmelt.com\/hma-hot-melt-adhesives\/#webpage\",\"url\":\"https:\/\/www.purhotmelt.com\/hma-hot-melt-adhesives\/\",\"name\":\"HMA hot melt adhesives - PUR hot melt adhesives\",\"isPartOf\":{\"@id\":\"https:\/\/www.purhotmelt.com\/#website\"},\"datePublished\":\"2021-01-20T21:32:41+00:00\",\"dateModified\":\"2021-01-20T21:32:42+00:00\",\"breadcrumb\":{\"@id\":\"https:\/\/www.purhotmelt.com\/hma-hot-melt-adhesives\/#breadcrumb\"},\"inLanguage\":\"nb-NO\",\"potentialAction\":[{\"@type\":\"ReadAction\",\"target\":[\"https:\/\/www.purhotmelt.com\/hma-hot-melt-adhesives\/\"]}]},{\"@type\":\"BreadcrumbList\",\"@id\":\"https:\/\/www.purhotmelt.com\/hma-hot-melt-adhesives\/#breadcrumb\",\"itemListElement\":[{\"@type\":\"ListItem\",\"position\":1,\"name\":\"Home\",\"item\":\"https:\/\/www.purhotmelt.com\/\"},{\"@type\":\"ListItem\",\"position\":2,\"name\":\"HMA hot melt adhesives\"}]}]}<\/script>\n<!-- \/ Yoast SEO plugin. -->","yoast_head_json":{"title":"HMA smeltelim - PUR smeltelim","robots":{"index":"index","follow":"follow","max-snippet":"max-snippet:-1","max-image-preview":"max-image-preview:large","max-video-preview":"max-video-preview:-1"},"canonical":"https:\/\/www.purhotmelt.com\/nb\/hma-hot-melt-adhesives\/","og_locale":"nb_NO","og_type":"article","og_title":"HMA hot melt adhesives - PUR hot melt adhesives","og_description":"Intercol is a manufacturer of Hot melt adhesive&nbsp;(HMA),&nbsp;it may also be known as hot glue from [&hellip;]","og_url":"https:\/\/www.purhotmelt.com\/nb\/hma-hot-melt-adhesives\/","og_site_name":"PUR hot melt adhesives","article_modified_time":"2021-01-20T21:32:42+00:00","twitter_card":"summary_large_image","twitter_misc":{"Ansl. lesetid":"2 minutter"},"schema":{"@context":"https:\/\/schema.org","@graph":[{"@type":"WebSite","@id":"https:\/\/www.purhotmelt.com\/#website","url":"https:\/\/www.purhotmelt.com\/","name":"PUR smeltelim","description":"Intercol: spesialprodusent","potentialAction":[{"@type":"SearchAction","target":{"@type":"EntryPoint","urlTemplate":"https:\/\/www.purhotmelt.com\/?s={search_term_string}"},"query-input":"required name=search_term_string"}],"inLanguage":"nb-NO"},{"@type":"WebPage","@id":"https:\/\/www.purhotmelt.com\/hma-hot-melt-adhesives\/#webpage","url":"https:\/\/www.purhotmelt.com\/hma-hot-melt-adhesives\/","name":"HMA smeltelim - PUR smeltelim","isPartOf":{"@id":"https:\/\/www.purhotmelt.com\/#website"},"datePublished":"2021-01-20T21:32:41+00:00","dateModified":"2021-01-20T21:32:42+00:00","breadcrumb":{"@id":"https:\/\/www.purhotmelt.com\/hma-hot-melt-adhesives\/#breadcrumb"},"inLanguage":"nb-NO","potentialAction":[{"@type":"ReadAction","target":["https:\/\/www.purhotmelt.com\/hma-hot-melt-adhesives\/"]}]},{"@type":"BreadcrumbList","@id":"https:\/\/www.purhotmelt.com\/hma-hot-melt-adhesives\/#breadcrumb","itemListElement":[{"@type":"ListItem","position":1,"name":"Home","item":"https:\/\/www.purhotmelt.com\/"},{"@type":"ListItem","position":2,"name":"HMA hot melt adhesives"}]}]}},"_links":{"self":[{"href":"https:\/\/www.purhotmelt.com\/nb\/wp-json\/wp\/v2\/pages\/123","targetHints":{"allow":["GET"]}}],"collection":[{"href":"https:\/\/www.purhotmelt.com\/nb\/wp-json\/wp\/v2\/pages"}],"about":[{"href":"https:\/\/www.purhotmelt.com\/nb\/wp-json\/wp\/v2\/types\/page"}],"author":[{"embeddable":true,"href":"https:\/\/www.purhotmelt.com\/nb\/wp-json\/wp\/v2\/users\/1"}],"replies":[{"embeddable":true,"href":"https:\/\/www.purhotmelt.com\/nb\/wp-json\/wp\/v2\/comments?post=123"}],"version-history":[{"count":1,"href":"https:\/\/www.purhotmelt.com\/nb\/wp-json\/wp\/v2\/pages\/123\/revisions"}],"predecessor-version":[{"id":125,"href":"https:\/\/www.purhotmelt.com\/nb\/wp-json\/wp\/v2\/pages\/123\/revisions\/125"}],"wp:attachment":[{"href":"https:\/\/www.purhotmelt.com\/nb\/wp-json\/wp\/v2\/media?parent=123"}],"curies":[{"name":"wp","href":"https:\/\/api.w.org\/{rel}","templated":true}]}}