{"id":126,"date":"2021-01-20T21:33:34","date_gmt":"2021-01-20T21:33:34","guid":{"rendered":"https:\/\/www.purhotmelt.com\/?page_id=126"},"modified":"2021-01-20T21:33:35","modified_gmt":"2021-01-20T21:33:35","slug":"water-based-adhesives-for-paper-board-converting-applications","status":"publish","type":"page","link":"https:\/\/www.purhotmelt.com\/nb\/water-based-adhesives-for-paper-board-converting-applications\/","title":{"rendered":"VANNBASERTE LIMMER FOR PAPIR OG TAVL SOM OMVANDLER S\u00d8KNADER"},"content":{"rendered":"<h1 class=\"wp-block-heading\"><\/h1>\n\n\n\n<p>Vannbaserte lim for konvertering av papir og papp tjener mange bruksomr\u00e5der og er mye brukt i papirindustrien.<\/p>\n\n\n\n<h2 class=\"wp-block-heading\">Lim til papir og emballasjeform\u00e5l<\/h2>\n\n\n\n<p>De fleste av v\u00e5re vannbaserte lim er basert p\u00e5 syntetiske emulsjoner, vannbaserte lim kan ogs\u00e5 formuleres basert p\u00e5 PVOH, stivelse og dextrin.<\/p>\n\n\n\n<figure class=\"wp-block-image\"><img decoding=\"async\" src=\"https:\/\/www.purhotmelt.com\/wp-content\/uploads\/2020\/01\/Waterbased-laminating-adhesives.html\" alt=\"\" class=\"wp-image-109\"\/><figcaption>Standard vannbaserte limer for laminering<\/figcaption><\/figure>\n\n\n\n<p>Nesten alle brukte emulsjoner er basert p\u00e5 vinylacetat (VAE), og p\u00e5 homopolymer PVAC eller Acrylates (ACR). Mange av limene v\u00e5re er formulert etter applikasjonsspesifikke eller kundespesifikke behov. Disse limene kan brukes til en rekke bruksomr\u00e5der, for eksempel:<\/p>\n\n\n\n<ul class=\"wp-block-list\"><li>Papir, papp, b\u00f8lgepapp konvertering<\/li><li>Bokbinding<\/li><li>Sekker og vesker<\/li><li>Grafisk kunst<\/li><li>Filmlaminering<\/li><li>Konvolutter<\/li><li>Brettbokser<\/li><\/ul>\n\n\n\n<p>Lim er for det meste spesielt formulert for \u00e5 betjene enten en rulle eller en dyseapplikasjon. Avhengig av formuleringen kan produkter utvikles for \u00e5 betjene h\u00f8yhastighetsapplikasjoner og vedheft til vanskelige \u00e5 binde underlag som PE \/ PP \/ PET.<\/p>","protected":false},"excerpt":{"rendered":"<p>Water based adhesives for paper &amp; board converting applications serve many applications and are widely used [&hellip;]<\/p>","protected":false},"author":1,"featured_media":0,"parent":0,"menu_order":0,"comment_status":"closed","ping_status":"closed","template":"","meta":{"footnotes":""},"class_list":["post-126","page","type-page","status-publish","hentry"],"yoast_head":"<!-- This site is optimized with the Yoast SEO plugin v17.0 - https:\/\/yoast.com\/wordpress\/plugins\/seo\/ -->\n<title>WATER BASED ADHESIVES FOR PAPER &amp; BOARD CONVERTING APPLICATIONS - PUR hot melt adhesives<\/title>\n<meta name=\"robots\" content=\"index, follow, max-snippet:-1, max-image-preview:large, max-video-preview:-1\" \/>\n<link rel=\"canonical\" href=\"https:\/\/www.purhotmelt.com\/nb\/water-based-adhesives-for-paper-board-converting-applications\/\" \/>\n<meta property=\"og:locale\" content=\"nb_NO\" \/>\n<meta property=\"og:type\" content=\"article\" \/>\n<meta property=\"og:title\" content=\"WATER BASED ADHESIVES FOR PAPER &amp; BOARD CONVERTING APPLICATIONS - PUR hot melt adhesives\" \/>\n<meta property=\"og:description\" content=\"Water based adhesives for paper &amp; board converting applications serve many applications and are widely used [&hellip;]\" \/>\n<meta property=\"og:url\" content=\"https:\/\/www.purhotmelt.com\/nb\/water-based-adhesives-for-paper-board-converting-applications\/\" \/>\n<meta property=\"og:site_name\" content=\"PUR hot melt adhesives\" \/>\n<meta property=\"article:modified_time\" content=\"2021-01-20T21:33:35+00:00\" \/>\n<meta property=\"og:image\" content=\"https:\/\/www.purhotmelt.com\/wp-content\/uploads\/2020\/01\/Waterbased-laminating-adhesives.html\" \/>\n<meta name=\"twitter:card\" content=\"summary_large_image\" \/>\n<meta name=\"twitter:label1\" content=\"Ansl. lesetid\" \/>\n\t<meta name=\"twitter:data1\" content=\"1 minutt\" \/>\n<script type=\"application\/ld+json\" class=\"yoast-schema-graph\">{\"@context\":\"https:\/\/schema.org\",\"@graph\":[{\"@type\":\"WebSite\",\"@id\":\"https:\/\/www.purhotmelt.com\/#website\",\"url\":\"https:\/\/www.purhotmelt.com\/\",\"name\":\"PUR hot melt adhesives\",\"description\":\"Intercol: Specialist manufacturer\",\"potentialAction\":[{\"@type\":\"SearchAction\",\"target\":{\"@type\":\"EntryPoint\",\"urlTemplate\":\"https:\/\/www.purhotmelt.com\/?s={search_term_string}\"},\"query-input\":\"required name=search_term_string\"}],\"inLanguage\":\"nb-NO\"},{\"@type\":\"ImageObject\",\"@id\":\"https:\/\/www.purhotmelt.com\/es\/water-based-adhesives-for-paper-board-converting-applications\/#primaryimage\",\"inLanguage\":\"nb-NO\",\"url\":\"https:\/\/www.purhotmelt.com\/wp-content\/uploads\/2020\/01\/Waterbased-laminating-adhesives.html\",\"contentUrl\":\"https:\/\/www.purhotmelt.com\/wp-content\/uploads\/2020\/01\/Waterbased-laminating-adhesives.html\"},{\"@type\":\"WebPage\",\"@id\":\"https:\/\/www.purhotmelt.com\/es\/water-based-adhesives-for-paper-board-converting-applications\/#webpage\",\"url\":\"https:\/\/www.purhotmelt.com\/es\/water-based-adhesives-for-paper-board-converting-applications\/\",\"name\":\"WATER BASED ADHESIVES FOR PAPER & BOARD CONVERTING APPLICATIONS - PUR hot melt adhesives\",\"isPartOf\":{\"@id\":\"https:\/\/www.purhotmelt.com\/#website\"},\"primaryImageOfPage\":{\"@id\":\"https:\/\/www.purhotmelt.com\/es\/water-based-adhesives-for-paper-board-converting-applications\/#primaryimage\"},\"datePublished\":\"2021-01-20T21:33:34+00:00\",\"dateModified\":\"2021-01-20T21:33:35+00:00\",\"breadcrumb\":{\"@id\":\"https:\/\/www.purhotmelt.com\/es\/water-based-adhesives-for-paper-board-converting-applications\/#breadcrumb\"},\"inLanguage\":\"nb-NO\",\"potentialAction\":[{\"@type\":\"ReadAction\",\"target\":[\"https:\/\/www.purhotmelt.com\/es\/water-based-adhesives-for-paper-board-converting-applications\/\"]}]},{\"@type\":\"BreadcrumbList\",\"@id\":\"https:\/\/www.purhotmelt.com\/es\/water-based-adhesives-for-paper-board-converting-applications\/#breadcrumb\",\"itemListElement\":[{\"@type\":\"ListItem\",\"position\":1,\"name\":\"Home\",\"item\":\"https:\/\/www.purhotmelt.com\/\"},{\"@type\":\"ListItem\",\"position\":2,\"name\":\"WATER BASED ADHESIVES FOR PAPER &#038; BOARD CONVERTING APPLICATIONS\"}]}]}<\/script>\n<!-- \/ Yoast SEO plugin. -->","yoast_head_json":{"title":"VANNBASERTE LIMMER FOR PAPIR- OG Tavlekonverteringsapplikasjoner - PUR smeltelim","robots":{"index":"index","follow":"follow","max-snippet":"max-snippet:-1","max-image-preview":"max-image-preview:large","max-video-preview":"max-video-preview:-1"},"canonical":"https:\/\/www.purhotmelt.com\/nb\/water-based-adhesives-for-paper-board-converting-applications\/","og_locale":"nb_NO","og_type":"article","og_title":"WATER BASED ADHESIVES FOR PAPER & BOARD CONVERTING APPLICATIONS - PUR hot melt adhesives","og_description":"Water based adhesives for paper &amp; board converting applications serve many applications and are widely used [&hellip;]","og_url":"https:\/\/www.purhotmelt.com\/nb\/water-based-adhesives-for-paper-board-converting-applications\/","og_site_name":"PUR hot melt adhesives","article_modified_time":"2021-01-20T21:33:35+00:00","og_image":[{"url":"https:\/\/www.purhotmelt.com\/wp-content\/uploads\/2020\/01\/Waterbased-laminating-adhesives.html"}],"twitter_card":"summary_large_image","twitter_misc":{"Ansl. lesetid":"1 minutt"},"schema":{"@context":"https:\/\/schema.org","@graph":[{"@type":"WebSite","@id":"https:\/\/www.purhotmelt.com\/#website","url":"https:\/\/www.purhotmelt.com\/","name":"PUR smeltelim","description":"Intercol: spesialprodusent","potentialAction":[{"@type":"SearchAction","target":{"@type":"EntryPoint","urlTemplate":"https:\/\/www.purhotmelt.com\/?s={search_term_string}"},"query-input":"required name=search_term_string"}],"inLanguage":"nb-NO"},{"@type":"ImageObject","@id":"https:\/\/www.purhotmelt.com\/es\/water-based-adhesives-for-paper-board-converting-applications\/#primaryimage","inLanguage":"nb-NO","url":"https:\/\/www.purhotmelt.com\/wp-content\/uploads\/2020\/01\/Waterbased-laminating-adhesives.html","contentUrl":"https:\/\/www.purhotmelt.com\/wp-content\/uploads\/2020\/01\/Waterbased-laminating-adhesives.html"},{"@type":"WebPage","@id":"https:\/\/www.purhotmelt.com\/es\/water-based-adhesives-for-paper-board-converting-applications\/#webpage","url":"https:\/\/www.purhotmelt.com\/es\/water-based-adhesives-for-paper-board-converting-applications\/","name":"VANNBASERTE LIMMER FOR PAPIR- OG Tavlekonverteringsapplikasjoner - PUR smeltelim","isPartOf":{"@id":"https:\/\/www.purhotmelt.com\/#website"},"primaryImageOfPage":{"@id":"https:\/\/www.purhotmelt.com\/es\/water-based-adhesives-for-paper-board-converting-applications\/#primaryimage"},"datePublished":"2021-01-20T21:33:34+00:00","dateModified":"2021-01-20T21:33:35+00:00","breadcrumb":{"@id":"https:\/\/www.purhotmelt.com\/es\/water-based-adhesives-for-paper-board-converting-applications\/#breadcrumb"},"inLanguage":"nb-NO","potentialAction":[{"@type":"ReadAction","target":["https:\/\/www.purhotmelt.com\/es\/water-based-adhesives-for-paper-board-converting-applications\/"]}]},{"@type":"BreadcrumbList","@id":"https:\/\/www.purhotmelt.com\/es\/water-based-adhesives-for-paper-board-converting-applications\/#breadcrumb","itemListElement":[{"@type":"ListItem","position":1,"name":"Home","item":"https:\/\/www.purhotmelt.com\/"},{"@type":"ListItem","position":2,"name":"WATER BASED ADHESIVES FOR PAPER &#038; BOARD CONVERTING APPLICATIONS"}]}]}},"_links":{"self":[{"href":"https:\/\/www.purhotmelt.com\/nb\/wp-json\/wp\/v2\/pages\/126","targetHints":{"allow":["GET"]}}],"collection":[{"href":"https:\/\/www.purhotmelt.com\/nb\/wp-json\/wp\/v2\/pages"}],"about":[{"href":"https:\/\/www.purhotmelt.com\/nb\/wp-json\/wp\/v2\/types\/page"}],"author":[{"embeddable":true,"href":"https:\/\/www.purhotmelt.com\/nb\/wp-json\/wp\/v2\/users\/1"}],"replies":[{"embeddable":true,"href":"https:\/\/www.purhotmelt.com\/nb\/wp-json\/wp\/v2\/comments?post=126"}],"version-history":[{"count":1,"href":"https:\/\/www.purhotmelt.com\/nb\/wp-json\/wp\/v2\/pages\/126\/revisions"}],"predecessor-version":[{"id":128,"href":"https:\/\/www.purhotmelt.com\/nb\/wp-json\/wp\/v2\/pages\/126\/revisions\/128"}],"wp:attachment":[{"href":"https:\/\/www.purhotmelt.com\/nb\/wp-json\/wp\/v2\/media?parent=126"}],"curies":[{"name":"wp","href":"https:\/\/api.w.org\/{rel}","templated":true}]}}