{"id":129,"date":"2021-01-20T21:34:40","date_gmt":"2021-01-20T21:34:40","guid":{"rendered":"https:\/\/www.purhotmelt.com\/?page_id=129"},"modified":"2021-01-20T21:34:41","modified_gmt":"2021-01-20T21:34:41","slug":"microwave-and-hot-melt-adhesives","status":"publish","type":"page","link":"https:\/\/www.purhotmelt.com\/nb\/microwave-and-hot-melt-adhesives\/","title":{"rendered":"MIKROB\u00d8LGE OG VARMT SMELTLIM"},"content":{"rendered":"<h1 class=\"wp-block-heading\"><\/h1>\n\n\n\n<h2 class=\"wp-block-heading\">VIL VARMT SMELTE SMELTE I EN MIKROB\u00d8LGE?<\/h2>\n\n\n\n<p>Til slutt vil det. Men ettersom mikrob\u00f8lger er laget for \u00e5 gj\u00f8re stoffer varme som inneholder vann, er en mikrob\u00f8lgeovn sannsynligvis ikke det beste alternativet for \u00e5 smelte smeltepunkt. En ovn som er innstilt p\u00e5 den angitte p\u00e5f\u00f8ringstemperaturen til smeltelimet, er sannsynligvis et bedre alternativ.<\/p>\n\n\n\n<p>For kommersielle form\u00e5l er profesjonelle oppvarmede limsystemer som Nordson og Robatech sannsynligvis den beste l\u00f8sningen. For sm\u00e5 applikasjoner og forskningsform\u00e5l er det manuelle smeltelimpistoler tilgjengelig, ogs\u00e5 for smeltelim i bulk \/ granulat<\/p>\n\n\n\n<h2 class=\"wp-block-heading\">VIL ET VARMT SMELTET BAK ELLER BOKS POP \u00c5PNE I MIKROB\u00d8LGE?<\/h2>\n\n\n\n<p>Det avhenger av mengden varme, konstruksjonen av emballasjen og formuleringen av smelten, hovedsakelig av sluttemperaturen. Det er en rimelig risiko \u00e5 ta hensyn til hvis esker og skuffer limes med smeltesmelting.<\/p>\n\n\n\n<h2 class=\"wp-block-heading\">KAN JEG FOREBYGGE KASSER OG BAKER POPPER \u00c5PNE?<\/h2>\n\n\n\n<p>For matform\u00e5l er v\u00e5re single hot melt-produkter Hotpack 65 og Hotpack 95, som vist ovenfor. Den mest p\u00e5litelige l\u00f8sningen er \u00e5 lage en kombinasjonsliming av en varm smeltemasse for rask innstilling i maskinen, og et vannbasert lim for den holdbare, mikrob\u00f8lgeresistente bindingen. Vi kan ogs\u00e5 gi r\u00e5d om maskinutstyr og integrering.<\/p>\n\n\n\n<h2 class=\"wp-block-heading\">POLYURETAN VARMT SMELT<\/h2>\n\n\n\n<p>Smeltelim av polyuretan t\u00e5ler sv\u00e6rt h\u00f8ye temperaturer og gir h\u00f8y gr\u00f8nn styrke for rask prosessering i produksjonen. Varmsmelter av polyuretan er for det meste ikke matsikre, men brukes mer i m\u00f8belapplikasjoner og ikke-matemballasje.<\/p>","protected":false},"excerpt":{"rendered":"<p>WILL HOT MELT MELT IN A MICROWAVE? In the end it will. But as microwaves are [&hellip;]<\/p>","protected":false},"author":1,"featured_media":0,"parent":0,"menu_order":0,"comment_status":"closed","ping_status":"closed","template":"","meta":{"footnotes":""},"class_list":["post-129","page","type-page","status-publish","hentry"],"yoast_head":"<!-- This site is optimized with the Yoast SEO plugin v17.0 - https:\/\/yoast.com\/wordpress\/plugins\/seo\/ -->\n<title>MICROWAVE AND HOT MELT ADHESIVES - PUR hot melt adhesives<\/title>\n<meta name=\"robots\" content=\"index, follow, max-snippet:-1, max-image-preview:large, max-video-preview:-1\" \/>\n<link rel=\"canonical\" href=\"https:\/\/www.purhotmelt.com\/nb\/microwave-and-hot-melt-adhesives\/\" \/>\n<meta property=\"og:locale\" content=\"nb_NO\" \/>\n<meta property=\"og:type\" content=\"article\" \/>\n<meta property=\"og:title\" content=\"MICROWAVE AND HOT MELT ADHESIVES - PUR hot melt adhesives\" \/>\n<meta property=\"og:description\" content=\"WILL HOT MELT MELT IN A MICROWAVE? In the end it will. But as microwaves are [&hellip;]\" \/>\n<meta property=\"og:url\" content=\"https:\/\/www.purhotmelt.com\/nb\/microwave-and-hot-melt-adhesives\/\" \/>\n<meta property=\"og:site_name\" content=\"PUR hot melt adhesives\" \/>\n<meta property=\"article:modified_time\" content=\"2021-01-20T21:34:41+00:00\" \/>\n<meta name=\"twitter:card\" content=\"summary_large_image\" \/>\n<meta name=\"twitter:label1\" content=\"Ansl. lesetid\" \/>\n\t<meta name=\"twitter:data1\" content=\"1 minutt\" \/>\n<script type=\"application\/ld+json\" class=\"yoast-schema-graph\">{\"@context\":\"https:\/\/schema.org\",\"@graph\":[{\"@type\":\"WebSite\",\"@id\":\"https:\/\/www.purhotmelt.com\/#website\",\"url\":\"https:\/\/www.purhotmelt.com\/\",\"name\":\"PUR hot melt adhesives\",\"description\":\"Intercol: Specialist manufacturer\",\"potentialAction\":[{\"@type\":\"SearchAction\",\"target\":{\"@type\":\"EntryPoint\",\"urlTemplate\":\"https:\/\/www.purhotmelt.com\/?s={search_term_string}\"},\"query-input\":\"required name=search_term_string\"}],\"inLanguage\":\"nb-NO\"},{\"@type\":\"WebPage\",\"@id\":\"https:\/\/www.purhotmelt.com\/es\/microwave-and-hot-melt-adhesives\/#webpage\",\"url\":\"https:\/\/www.purhotmelt.com\/es\/microwave-and-hot-melt-adhesives\/\",\"name\":\"MICROWAVE AND HOT MELT ADHESIVES - PUR hot melt adhesives\",\"isPartOf\":{\"@id\":\"https:\/\/www.purhotmelt.com\/#website\"},\"datePublished\":\"2021-01-20T21:34:40+00:00\",\"dateModified\":\"2021-01-20T21:34:41+00:00\",\"breadcrumb\":{\"@id\":\"https:\/\/www.purhotmelt.com\/es\/microwave-and-hot-melt-adhesives\/#breadcrumb\"},\"inLanguage\":\"nb-NO\",\"potentialAction\":[{\"@type\":\"ReadAction\",\"target\":[\"https:\/\/www.purhotmelt.com\/es\/microwave-and-hot-melt-adhesives\/\"]}]},{\"@type\":\"BreadcrumbList\",\"@id\":\"https:\/\/www.purhotmelt.com\/es\/microwave-and-hot-melt-adhesives\/#breadcrumb\",\"itemListElement\":[{\"@type\":\"ListItem\",\"position\":1,\"name\":\"Home\",\"item\":\"https:\/\/www.purhotmelt.com\/\"},{\"@type\":\"ListItem\",\"position\":2,\"name\":\"MICROWAVE AND HOT MELT ADHESIVES\"}]}]}<\/script>\n<!-- \/ Yoast SEO plugin. -->","yoast_head_json":{"title":"MIKROB\u00d8LGE OG VARME SMELTEMIDLER - PUR smeltelim","robots":{"index":"index","follow":"follow","max-snippet":"max-snippet:-1","max-image-preview":"max-image-preview:large","max-video-preview":"max-video-preview:-1"},"canonical":"https:\/\/www.purhotmelt.com\/nb\/microwave-and-hot-melt-adhesives\/","og_locale":"nb_NO","og_type":"article","og_title":"MICROWAVE AND HOT MELT ADHESIVES - PUR hot melt adhesives","og_description":"WILL HOT MELT MELT IN A MICROWAVE? In the end it will. But as microwaves are [&hellip;]","og_url":"https:\/\/www.purhotmelt.com\/nb\/microwave-and-hot-melt-adhesives\/","og_site_name":"PUR hot melt adhesives","article_modified_time":"2021-01-20T21:34:41+00:00","twitter_card":"summary_large_image","twitter_misc":{"Ansl. lesetid":"1 minutt"},"schema":{"@context":"https:\/\/schema.org","@graph":[{"@type":"WebSite","@id":"https:\/\/www.purhotmelt.com\/#website","url":"https:\/\/www.purhotmelt.com\/","name":"PUR smeltelim","description":"Intercol: spesialprodusent","potentialAction":[{"@type":"SearchAction","target":{"@type":"EntryPoint","urlTemplate":"https:\/\/www.purhotmelt.com\/?s={search_term_string}"},"query-input":"required name=search_term_string"}],"inLanguage":"nb-NO"},{"@type":"WebPage","@id":"https:\/\/www.purhotmelt.com\/es\/microwave-and-hot-melt-adhesives\/#webpage","url":"https:\/\/www.purhotmelt.com\/es\/microwave-and-hot-melt-adhesives\/","name":"MIKROB\u00d8LGE OG VARME SMELTEMIDLER - PUR smeltelim","isPartOf":{"@id":"https:\/\/www.purhotmelt.com\/#website"},"datePublished":"2021-01-20T21:34:40+00:00","dateModified":"2021-01-20T21:34:41+00:00","breadcrumb":{"@id":"https:\/\/www.purhotmelt.com\/es\/microwave-and-hot-melt-adhesives\/#breadcrumb"},"inLanguage":"nb-NO","potentialAction":[{"@type":"ReadAction","target":["https:\/\/www.purhotmelt.com\/es\/microwave-and-hot-melt-adhesives\/"]}]},{"@type":"BreadcrumbList","@id":"https:\/\/www.purhotmelt.com\/es\/microwave-and-hot-melt-adhesives\/#breadcrumb","itemListElement":[{"@type":"ListItem","position":1,"name":"Home","item":"https:\/\/www.purhotmelt.com\/"},{"@type":"ListItem","position":2,"name":"MICROWAVE AND HOT MELT ADHESIVES"}]}]}},"_links":{"self":[{"href":"https:\/\/www.purhotmelt.com\/nb\/wp-json\/wp\/v2\/pages\/129","targetHints":{"allow":["GET"]}}],"collection":[{"href":"https:\/\/www.purhotmelt.com\/nb\/wp-json\/wp\/v2\/pages"}],"about":[{"href":"https:\/\/www.purhotmelt.com\/nb\/wp-json\/wp\/v2\/types\/page"}],"author":[{"embeddable":true,"href":"https:\/\/www.purhotmelt.com\/nb\/wp-json\/wp\/v2\/users\/1"}],"replies":[{"embeddable":true,"href":"https:\/\/www.purhotmelt.com\/nb\/wp-json\/wp\/v2\/comments?post=129"}],"version-history":[{"count":1,"href":"https:\/\/www.purhotmelt.com\/nb\/wp-json\/wp\/v2\/pages\/129\/revisions"}],"predecessor-version":[{"id":132,"href":"https:\/\/www.purhotmelt.com\/nb\/wp-json\/wp\/v2\/pages\/129\/revisions\/132"}],"wp:attachment":[{"href":"https:\/\/www.purhotmelt.com\/nb\/wp-json\/wp\/v2\/media?parent=129"}],"curies":[{"name":"wp","href":"https:\/\/api.w.org\/{rel}","templated":true}]}}