{"id":134,"date":"2021-01-20T21:36:00","date_gmt":"2021-01-20T21:36:00","guid":{"rendered":"https:\/\/www.purhotmelt.com\/?page_id=134"},"modified":"2021-01-20T21:36:01","modified_gmt":"2021-01-20T21:36:01","slug":"product-assembly-psa-hot-melts-pressure-sensitive-adhesives","status":"publish","type":"page","link":"https:\/\/www.purhotmelt.com\/nb\/product-assembly-psa-hot-melts-pressure-sensitive-adhesives\/","title":{"rendered":"PRODUKTSAMLING PSA VARME SMELTER (TRYKF\u00d8LSOMME LIM)"},"content":{"rendered":"<h1 class=\"wp-block-heading\"><\/h1>\n\n\n\n<figure class=\"wp-block-table\"><table><tbody><tr><td>Trykkf\u00f8lsomme lim brukes ofte til produktmonteringsform\u00e5l, for \u00e5 montere produkter som m\u00e5 forbli p\u00e5 sin posisjon under produksjonen, og st\u00f8tte produktdesign og struktur i l\u00f8pet av levetiden. Bruk av smeltelim gir den mest effektive produksjonsmetoden i forhold til sveising, bolting eller binding. Noen generelle egenskaper ved smeltesmelting:<br>Bruksomr\u00e5der EMM 9014 er et h\u00f8ytytende smeltetrykkf\u00f8lsomt lim som er formulert for permanente selvklebende maskintilf\u00f8rte etiketter Spesielle egenskaper EMM 9014 PSA smeltemasse har god vedheft til papir og plast og ikke gir noen gjenv\u00e6rende flekker p\u00e5 papiret. Den er formulert for \u00e5 gi ren stansing ved h\u00f8ye linjehastigheter.EHM 9014 gir permanent etikettvedheft til et bredt spekter av containermaterialer. Dens h\u00f8ye tack gir god etikettregistrering p\u00e5 containeren. Mange produkter er tilgjengelig fra lager hos Intercol, og leveringstiden v\u00e5r er kort. BE P\u00e5 grunn av v\u00e5r effektive produksjonsplanlegging og store produksjonsanlegg. P\u00e5 grunn av oppskalering i store miksere, opptil 20MT, hvor vi starter fra 100Liter.<\/td><\/tr><\/tbody><\/table><\/figure>\n\n\n\n<p>TEKNISK DATABLAD Smeltelim Pressen EHM 9014<strong>TDS \/ EHM 9014TestmetoderTypisk verdiRulling Ball TackPSTC-64mmLoop tackFTM 918 N - 18gsm180 \u00b0 T-Peel.QA413P9 N \/ 25mm - 18 gsm Varmebestandighet SAFT75 \u00b0 C - 18 gsm FargeVisualPale AmberViscosityBAQA1018500cPoCaTaNo110105P<\/strong><\/p>","protected":false},"excerpt":{"rendered":"<p>Pressure sensitive adhesives are often used for product assembly purposes,&nbsp;to assemble products which has to remain [&hellip;]<\/p>","protected":false},"author":1,"featured_media":0,"parent":0,"menu_order":0,"comment_status":"closed","ping_status":"closed","template":"","meta":{"footnotes":""},"class_list":["post-134","page","type-page","status-publish","hentry"],"yoast_head":"<!-- This site is optimized with the Yoast SEO plugin v17.0 - https:\/\/yoast.com\/wordpress\/plugins\/seo\/ -->\n<title>PRODUCT ASSEMBLY PSA HOT MELTS (PRESSURE SENSITIVE ADHESIVES) - PUR hot melt adhesives<\/title>\n<meta name=\"robots\" content=\"index, follow, max-snippet:-1, max-image-preview:large, max-video-preview:-1\" \/>\n<link rel=\"canonical\" href=\"https:\/\/www.purhotmelt.com\/nb\/product-assembly-psa-hot-melts-pressure-sensitive-adhesives\/\" \/>\n<meta property=\"og:locale\" content=\"nb_NO\" \/>\n<meta property=\"og:type\" content=\"article\" \/>\n<meta property=\"og:title\" content=\"PRODUCT ASSEMBLY PSA HOT MELTS (PRESSURE SENSITIVE ADHESIVES) - PUR hot melt adhesives\" \/>\n<meta property=\"og:description\" content=\"Pressure sensitive adhesives are often used for product assembly purposes,&nbsp;to assemble products which has to remain [&hellip;]\" \/>\n<meta property=\"og:url\" content=\"https:\/\/www.purhotmelt.com\/nb\/product-assembly-psa-hot-melts-pressure-sensitive-adhesives\/\" \/>\n<meta property=\"og:site_name\" content=\"PUR hot melt adhesives\" \/>\n<meta property=\"article:modified_time\" content=\"2021-01-20T21:36:01+00:00\" \/>\n<meta name=\"twitter:card\" content=\"summary_large_image\" \/>\n<meta name=\"twitter:label1\" content=\"Ansl. lesetid\" \/>\n\t<meta name=\"twitter:data1\" content=\"1 minutt\" \/>\n<script type=\"application\/ld+json\" class=\"yoast-schema-graph\">{\"@context\":\"https:\/\/schema.org\",\"@graph\":[{\"@type\":\"WebSite\",\"@id\":\"https:\/\/www.purhotmelt.com\/#website\",\"url\":\"https:\/\/www.purhotmelt.com\/\",\"name\":\"PUR hot melt adhesives\",\"description\":\"Intercol: Specialist manufacturer\",\"potentialAction\":[{\"@type\":\"SearchAction\",\"target\":{\"@type\":\"EntryPoint\",\"urlTemplate\":\"https:\/\/www.purhotmelt.com\/?s={search_term_string}\"},\"query-input\":\"required name=search_term_string\"}],\"inLanguage\":\"nb-NO\"},{\"@type\":\"WebPage\",\"@id\":\"https:\/\/www.purhotmelt.com\/nb\/product-assembly-psa-hot-melts-pressure-sensitive-adhesives\/#webpage\",\"url\":\"https:\/\/www.purhotmelt.com\/nb\/product-assembly-psa-hot-melts-pressure-sensitive-adhesives\/\",\"name\":\"PRODUCT ASSEMBLY PSA HOT MELTS (PRESSURE SENSITIVE ADHESIVES) - PUR hot melt adhesives\",\"isPartOf\":{\"@id\":\"https:\/\/www.purhotmelt.com\/#website\"},\"datePublished\":\"2021-01-20T21:36:00+00:00\",\"dateModified\":\"2021-01-20T21:36:01+00:00\",\"breadcrumb\":{\"@id\":\"https:\/\/www.purhotmelt.com\/nb\/product-assembly-psa-hot-melts-pressure-sensitive-adhesives\/#breadcrumb\"},\"inLanguage\":\"nb-NO\",\"potentialAction\":[{\"@type\":\"ReadAction\",\"target\":[\"https:\/\/www.purhotmelt.com\/nb\/product-assembly-psa-hot-melts-pressure-sensitive-adhesives\/\"]}]},{\"@type\":\"BreadcrumbList\",\"@id\":\"https:\/\/www.purhotmelt.com\/nb\/product-assembly-psa-hot-melts-pressure-sensitive-adhesives\/#breadcrumb\",\"itemListElement\":[{\"@type\":\"ListItem\",\"position\":1,\"name\":\"Home\",\"item\":\"https:\/\/www.purhotmelt.com\/\"},{\"@type\":\"ListItem\",\"position\":2,\"name\":\"PRODUCT ASSEMBLY PSA HOT MELTS (PRESSURE SENSITIVE ADHESIVES)\"}]}]}<\/script>\n<!-- \/ Yoast SEO plugin. -->","yoast_head_json":{"title":"PRODUKTMONTERING PSA VARME SMELTER (TRYKKSENSITIVE LIMMER) - PUR smeltelim","robots":{"index":"index","follow":"follow","max-snippet":"max-snippet:-1","max-image-preview":"max-image-preview:large","max-video-preview":"max-video-preview:-1"},"canonical":"https:\/\/www.purhotmelt.com\/nb\/product-assembly-psa-hot-melts-pressure-sensitive-adhesives\/","og_locale":"nb_NO","og_type":"article","og_title":"PRODUCT ASSEMBLY PSA HOT MELTS (PRESSURE SENSITIVE ADHESIVES) - PUR hot melt adhesives","og_description":"Pressure sensitive adhesives are often used for product assembly purposes,&nbsp;to assemble products which has to remain [&hellip;]","og_url":"https:\/\/www.purhotmelt.com\/nb\/product-assembly-psa-hot-melts-pressure-sensitive-adhesives\/","og_site_name":"PUR hot melt adhesives","article_modified_time":"2021-01-20T21:36:01+00:00","twitter_card":"summary_large_image","twitter_misc":{"Ansl. lesetid":"1 minutt"},"schema":{"@context":"https:\/\/schema.org","@graph":[{"@type":"WebSite","@id":"https:\/\/www.purhotmelt.com\/#website","url":"https:\/\/www.purhotmelt.com\/","name":"PUR smeltelim","description":"Intercol: spesialprodusent","potentialAction":[{"@type":"SearchAction","target":{"@type":"EntryPoint","urlTemplate":"https:\/\/www.purhotmelt.com\/?s={search_term_string}"},"query-input":"required name=search_term_string"}],"inLanguage":"nb-NO"},{"@type":"WebPage","@id":"https:\/\/www.purhotmelt.com\/nb\/product-assembly-psa-hot-melts-pressure-sensitive-adhesives\/#webpage","url":"https:\/\/www.purhotmelt.com\/nb\/product-assembly-psa-hot-melts-pressure-sensitive-adhesives\/","name":"PRODUKTMONTERING PSA VARME SMELTER (TRYKKSENSITIVE LIMMER) - PUR smeltelim","isPartOf":{"@id":"https:\/\/www.purhotmelt.com\/#website"},"datePublished":"2021-01-20T21:36:00+00:00","dateModified":"2021-01-20T21:36:01+00:00","breadcrumb":{"@id":"https:\/\/www.purhotmelt.com\/nb\/product-assembly-psa-hot-melts-pressure-sensitive-adhesives\/#breadcrumb"},"inLanguage":"nb-NO","potentialAction":[{"@type":"ReadAction","target":["https:\/\/www.purhotmelt.com\/nb\/product-assembly-psa-hot-melts-pressure-sensitive-adhesives\/"]}]},{"@type":"BreadcrumbList","@id":"https:\/\/www.purhotmelt.com\/nb\/product-assembly-psa-hot-melts-pressure-sensitive-adhesives\/#breadcrumb","itemListElement":[{"@type":"ListItem","position":1,"name":"Home","item":"https:\/\/www.purhotmelt.com\/"},{"@type":"ListItem","position":2,"name":"PRODUCT ASSEMBLY PSA HOT MELTS (PRESSURE SENSITIVE ADHESIVES)"}]}]}},"_links":{"self":[{"href":"https:\/\/www.purhotmelt.com\/nb\/wp-json\/wp\/v2\/pages\/134","targetHints":{"allow":["GET"]}}],"collection":[{"href":"https:\/\/www.purhotmelt.com\/nb\/wp-json\/wp\/v2\/pages"}],"about":[{"href":"https:\/\/www.purhotmelt.com\/nb\/wp-json\/wp\/v2\/types\/page"}],"author":[{"embeddable":true,"href":"https:\/\/www.purhotmelt.com\/nb\/wp-json\/wp\/v2\/users\/1"}],"replies":[{"embeddable":true,"href":"https:\/\/www.purhotmelt.com\/nb\/wp-json\/wp\/v2\/comments?post=134"}],"version-history":[{"count":1,"href":"https:\/\/www.purhotmelt.com\/nb\/wp-json\/wp\/v2\/pages\/134\/revisions"}],"predecessor-version":[{"id":136,"href":"https:\/\/www.purhotmelt.com\/nb\/wp-json\/wp\/v2\/pages\/134\/revisions\/136"}],"wp:attachment":[{"href":"https:\/\/www.purhotmelt.com\/nb\/wp-json\/wp\/v2\/media?parent=134"}],"curies":[{"name":"wp","href":"https:\/\/api.w.org\/{rel}","templated":true}]}}