{"id":137,"date":"2021-01-20T21:37:18","date_gmt":"2021-01-20T21:37:18","guid":{"rendered":"https:\/\/www.purhotmelt.com\/?page_id=137"},"modified":"2021-01-20T21:37:19","modified_gmt":"2021-01-20T21:37:19","slug":"linerless-psa-hot-melt-labelstock-adhesives","status":"publish","type":"page","link":"https:\/\/www.purhotmelt.com\/nb\/linerless-psa-hot-melt-labelstock-adhesives\/","title":{"rendered":"LINJERL\u00d8S PSA VARMT MELT LABELSTOCK LIM"},"content":{"rendered":"<h1 class=\"wp-block-heading\"><\/h1>\n\n\n\n<p>For applikasjoner med mindre etiketter har vi flere karakterer, v\u00e5rt standardutvalg av PSA smeltelim p\u00e5 vedlagte bord (bilde):<\/p>\n\n\n\n<p>EHM 9638 - Lavpris generell lim<\/p>\n\n\n\n<p>EHM 9456 - Standardlim - gjennomsiktig applikasjoner uten etikett<\/p>\n\n\n\n<p>EHM 9014 - H\u00f8y klebrig karakter (veldig klebrig)<\/p>\n\n\n\n<p>EHM 9798 - Avtakbar karakter<\/p>\n\n\n\n<figure class=\"wp-block-image\"><img decoding=\"async\" src=\"https:\/\/www.purhotmelt.com\/wp-content\/uploads\/2019\/05\/EHM-linerless-PSA-hot-melt-1024x554.html\" alt=\"\" class=\"wp-image-508\"\/><\/figure>\n\n\n\n<p><strong>Etikett alt-i-ett-linjer<\/strong><\/p>\n\n\n\n<p>N\u00e5r teknologien utvikler seg, ser produsenter over hele verden ofte etter \u00f8kt fleksibilitet og mangfold i sitt produkttilbud. Det samme kan sees i merkevaremarkedet med &quot;alt-i-ett&quot; produksjonslinjer som blir mer og mer vanlig.<\/p>\n\n\n\n<p>Her kan selvklebende etiketter (labelstock) lamineres, preges, trykkes, limbelegges, trykkes, stanses, spaltes og vikles i en kontinuerlig prosess. Dette gir produsenten muligheten til \u00e5 lage skreddersydde produkter, noe som resulterer i h\u00f8yere fortjenestemarginer p\u00e5 kortere produksjonsl\u00f8p, sammen med mer commoditised standard produkttilbud.<\/p>\n\n\n\n<p>Produksjonslinjer som blant annet ETI Converting Equipment tilbyr, presenterer innovative l\u00f8sninger for etiketttrykkindustrien for \u00e5 bygge bro over gapet mellom trykk- og limbeleggprosesser og bringe det i en alt-i-ett-linje.<\/p>\n\n\n\n<p>Dette \u00f8kte produkttilbudet og mangfoldet av bruksomr\u00e5der gj\u00f8r at f\u00f8lgende merkeprodukter kan produseres p\u00e5 samme produksjon<br>linje sammen med mer standardproduksjon:<\/p>\n\n\n\n<ul class=\"wp-block-list\"><li>Etikett for generell bruk - Permanent og semi-permanent<\/li><li>Etikett for generell bruk - avtakbar<\/li><li>Meierietiketter<\/li><li>Bildekkmerker<\/li><li>Fryser etiketter<\/li><li>Ingen etiketter<\/li><li>F\u00f4rfrie \/ selvviklede etiketter<\/li><li>Kontaktetiketter for mat<\/li><\/ul>\n\n\n\n<p>Med denne \u00f8kte variasjonen stiller det utvilsomt ekstra krav til kvaliteten og ytelsen til limet. Produktvalg kan v\u00e6re vanskelig \u00e5 navigere og \u00f8nsket om flerbrukslimprodukter kan skille seg ut, men limytelse og effektivitet er fortsatt viktig for kunden.<\/p>","protected":false},"excerpt":{"rendered":"<p>For liner less label applications we have several grades, our standard range of PSA hot melt [&hellip;]<\/p>","protected":false},"author":1,"featured_media":0,"parent":0,"menu_order":0,"comment_status":"closed","ping_status":"closed","template":"","meta":{"footnotes":""},"class_list":["post-137","page","type-page","status-publish","hentry"],"yoast_head":"<!-- This site is optimized with the Yoast SEO plugin v17.0 - https:\/\/yoast.com\/wordpress\/plugins\/seo\/ -->\n<title>LINERLESS PSA HOT MELT LABELSTOCK ADHESIVES - PUR hot melt adhesives<\/title>\n<meta name=\"robots\" content=\"index, follow, max-snippet:-1, max-image-preview:large, max-video-preview:-1\" \/>\n<link rel=\"canonical\" href=\"https:\/\/www.purhotmelt.com\/nb\/linerless-psa-hot-melt-labelstock-adhesives\/\" \/>\n<meta property=\"og:locale\" content=\"nb_NO\" \/>\n<meta property=\"og:type\" content=\"article\" \/>\n<meta property=\"og:title\" content=\"LINERLESS PSA HOT MELT LABELSTOCK ADHESIVES - PUR hot melt adhesives\" \/>\n<meta property=\"og:description\" content=\"For liner less label applications we have several grades, our standard range of PSA hot melt [&hellip;]\" \/>\n<meta property=\"og:url\" content=\"https:\/\/www.purhotmelt.com\/nb\/linerless-psa-hot-melt-labelstock-adhesives\/\" \/>\n<meta property=\"og:site_name\" content=\"PUR hot melt adhesives\" \/>\n<meta property=\"article:modified_time\" content=\"2021-01-20T21:37:19+00:00\" \/>\n<meta property=\"og:image\" content=\"https:\/\/www.purhotmelt.com\/wp-content\/uploads\/2019\/05\/EHM-linerless-PSA-hot-melt-1024x554.html\" \/>\n<meta name=\"twitter:card\" content=\"summary_large_image\" \/>\n<meta name=\"twitter:label1\" content=\"Ansl. lesetid\" \/>\n\t<meta name=\"twitter:data1\" content=\"1 minutt\" \/>\n<script type=\"application\/ld+json\" class=\"yoast-schema-graph\">{\"@context\":\"https:\/\/schema.org\",\"@graph\":[{\"@type\":\"WebSite\",\"@id\":\"https:\/\/www.purhotmelt.com\/#website\",\"url\":\"https:\/\/www.purhotmelt.com\/\",\"name\":\"PUR hot melt adhesives\",\"description\":\"Intercol: Specialist manufacturer\",\"potentialAction\":[{\"@type\":\"SearchAction\",\"target\":{\"@type\":\"EntryPoint\",\"urlTemplate\":\"https:\/\/www.purhotmelt.com\/?s={search_term_string}\"},\"query-input\":\"required name=search_term_string\"}],\"inLanguage\":\"nb-NO\"},{\"@type\":\"ImageObject\",\"@id\":\"https:\/\/www.purhotmelt.com\/nb\/linerless-psa-hot-melt-labelstock-adhesives\/#primaryimage\",\"inLanguage\":\"nb-NO\",\"url\":\"https:\/\/www.purhotmelt.com\/wp-content\/uploads\/2019\/05\/EHM-linerless-PSA-hot-melt-1024x554.html\",\"contentUrl\":\"https:\/\/www.purhotmelt.com\/wp-content\/uploads\/2019\/05\/EHM-linerless-PSA-hot-melt-1024x554.html\"},{\"@type\":\"WebPage\",\"@id\":\"https:\/\/www.purhotmelt.com\/nb\/linerless-psa-hot-melt-labelstock-adhesives\/#webpage\",\"url\":\"https:\/\/www.purhotmelt.com\/nb\/linerless-psa-hot-melt-labelstock-adhesives\/\",\"name\":\"LINERLESS PSA HOT MELT LABELSTOCK ADHESIVES - PUR hot melt adhesives\",\"isPartOf\":{\"@id\":\"https:\/\/www.purhotmelt.com\/#website\"},\"primaryImageOfPage\":{\"@id\":\"https:\/\/www.purhotmelt.com\/nb\/linerless-psa-hot-melt-labelstock-adhesives\/#primaryimage\"},\"datePublished\":\"2021-01-20T21:37:18+00:00\",\"dateModified\":\"2021-01-20T21:37:19+00:00\",\"breadcrumb\":{\"@id\":\"https:\/\/www.purhotmelt.com\/nb\/linerless-psa-hot-melt-labelstock-adhesives\/#breadcrumb\"},\"inLanguage\":\"nb-NO\",\"potentialAction\":[{\"@type\":\"ReadAction\",\"target\":[\"https:\/\/www.purhotmelt.com\/nb\/linerless-psa-hot-melt-labelstock-adhesives\/\"]}]},{\"@type\":\"BreadcrumbList\",\"@id\":\"https:\/\/www.purhotmelt.com\/nb\/linerless-psa-hot-melt-labelstock-adhesives\/#breadcrumb\",\"itemListElement\":[{\"@type\":\"ListItem\",\"position\":1,\"name\":\"Home\",\"item\":\"https:\/\/www.purhotmelt.com\/\"},{\"@type\":\"ListItem\",\"position\":2,\"name\":\"LINERLESS PSA HOT MELT LABELSTOCK ADHESIVES\"}]}]}<\/script>\n<!-- \/ Yoast SEO plugin. -->","yoast_head_json":{"title":"LINERLESS PSA HOT MELT LABELSTOCK LIMMER - PUR smeltelim","robots":{"index":"index","follow":"follow","max-snippet":"max-snippet:-1","max-image-preview":"max-image-preview:large","max-video-preview":"max-video-preview:-1"},"canonical":"https:\/\/www.purhotmelt.com\/nb\/linerless-psa-hot-melt-labelstock-adhesives\/","og_locale":"nb_NO","og_type":"article","og_title":"LINERLESS PSA HOT MELT LABELSTOCK ADHESIVES - PUR hot melt adhesives","og_description":"For liner less label applications we have several grades, our standard range of PSA hot melt [&hellip;]","og_url":"https:\/\/www.purhotmelt.com\/nb\/linerless-psa-hot-melt-labelstock-adhesives\/","og_site_name":"PUR hot melt adhesives","article_modified_time":"2021-01-20T21:37:19+00:00","og_image":[{"url":"https:\/\/www.purhotmelt.com\/wp-content\/uploads\/2019\/05\/EHM-linerless-PSA-hot-melt-1024x554.html"}],"twitter_card":"summary_large_image","twitter_misc":{"Ansl. lesetid":"1 minutt"},"schema":{"@context":"https:\/\/schema.org","@graph":[{"@type":"WebSite","@id":"https:\/\/www.purhotmelt.com\/#website","url":"https:\/\/www.purhotmelt.com\/","name":"PUR smeltelim","description":"Intercol: spesialprodusent","potentialAction":[{"@type":"SearchAction","target":{"@type":"EntryPoint","urlTemplate":"https:\/\/www.purhotmelt.com\/?s={search_term_string}"},"query-input":"required name=search_term_string"}],"inLanguage":"nb-NO"},{"@type":"ImageObject","@id":"https:\/\/www.purhotmelt.com\/nb\/linerless-psa-hot-melt-labelstock-adhesives\/#primaryimage","inLanguage":"nb-NO","url":"https:\/\/www.purhotmelt.com\/wp-content\/uploads\/2019\/05\/EHM-linerless-PSA-hot-melt-1024x554.html","contentUrl":"https:\/\/www.purhotmelt.com\/wp-content\/uploads\/2019\/05\/EHM-linerless-PSA-hot-melt-1024x554.html"},{"@type":"WebPage","@id":"https:\/\/www.purhotmelt.com\/nb\/linerless-psa-hot-melt-labelstock-adhesives\/#webpage","url":"https:\/\/www.purhotmelt.com\/nb\/linerless-psa-hot-melt-labelstock-adhesives\/","name":"LINERLESS PSA HOT MELT LABELSTOCK LIMMER - PUR smeltelim","isPartOf":{"@id":"https:\/\/www.purhotmelt.com\/#website"},"primaryImageOfPage":{"@id":"https:\/\/www.purhotmelt.com\/nb\/linerless-psa-hot-melt-labelstock-adhesives\/#primaryimage"},"datePublished":"2021-01-20T21:37:18+00:00","dateModified":"2021-01-20T21:37:19+00:00","breadcrumb":{"@id":"https:\/\/www.purhotmelt.com\/nb\/linerless-psa-hot-melt-labelstock-adhesives\/#breadcrumb"},"inLanguage":"nb-NO","potentialAction":[{"@type":"ReadAction","target":["https:\/\/www.purhotmelt.com\/nb\/linerless-psa-hot-melt-labelstock-adhesives\/"]}]},{"@type":"BreadcrumbList","@id":"https:\/\/www.purhotmelt.com\/nb\/linerless-psa-hot-melt-labelstock-adhesives\/#breadcrumb","itemListElement":[{"@type":"ListItem","position":1,"name":"Home","item":"https:\/\/www.purhotmelt.com\/"},{"@type":"ListItem","position":2,"name":"LINERLESS PSA HOT MELT LABELSTOCK ADHESIVES"}]}]}},"_links":{"self":[{"href":"https:\/\/www.purhotmelt.com\/nb\/wp-json\/wp\/v2\/pages\/137","targetHints":{"allow":["GET"]}}],"collection":[{"href":"https:\/\/www.purhotmelt.com\/nb\/wp-json\/wp\/v2\/pages"}],"about":[{"href":"https:\/\/www.purhotmelt.com\/nb\/wp-json\/wp\/v2\/types\/page"}],"author":[{"embeddable":true,"href":"https:\/\/www.purhotmelt.com\/nb\/wp-json\/wp\/v2\/users\/1"}],"replies":[{"embeddable":true,"href":"https:\/\/www.purhotmelt.com\/nb\/wp-json\/wp\/v2\/comments?post=137"}],"version-history":[{"count":1,"href":"https:\/\/www.purhotmelt.com\/nb\/wp-json\/wp\/v2\/pages\/137\/revisions"}],"predecessor-version":[{"id":139,"href":"https:\/\/www.purhotmelt.com\/nb\/wp-json\/wp\/v2\/pages\/137\/revisions\/139"}],"wp:attachment":[{"href":"https:\/\/www.purhotmelt.com\/nb\/wp-json\/wp\/v2\/media?parent=137"}],"curies":[{"name":"wp","href":"https:\/\/api.w.org\/{rel}","templated":true}]}}