{"id":151,"date":"2021-01-20T21:41:44","date_gmt":"2021-01-20T21:41:44","guid":{"rendered":"https:\/\/www.purhotmelt.com\/?page_id=151"},"modified":"2021-01-20T21:41:45","modified_gmt":"2021-01-20T21:41:45","slug":"edgebanding-hot-melt-adhesives-pur-eva-po","status":"publish","type":"page","link":"https:\/\/www.purhotmelt.com\/nb\/edgebanding-hot-melt-adhesives-pur-eva-po\/","title":{"rendered":"KANTBANDING VARMT SMELTLIM (PUR, EVA, PO)"},"content":{"rendered":"<h1 class=\"wp-block-heading\"><\/h1>\n\n\n\n<p>Kantb\u00e5ndlim er typisk termoplastiske smeltelim basert p\u00e5 etylen-vinylacetat-sampolymerer (EVA) eller p\u00e5 polyolefiner. De er faste ved romtemperatur, men n\u00e5r de varmes opp blir de flytende og denne smeltede tilstanden blir behandlet. Ved ganske enkelt \u00e5 avkj\u00f8le disse limene til omgivelsestemperatur, g\u00e5r de tilbake til fast tilstand, og derved oppn\u00e5s kohesjon og hardhet i limbindingen. Takket v\u00e6re den raske herdingen og vedheftingen p\u00e5 mange overflater, brukes kantb\u00e5ndsmeltelim for automatisk og manuell kantbinding, b\u00e5de rett og myk forming, samt innpakning av profiler, d\u00f8rkarmer, gulvlister og vinduskarmer.<\/p>\n\n\n\n<p><strong>Produktsortiment PUR smeltelim<\/strong><\/p>\n\n\n\n<figure class=\"wp-block-table\"><table><tbody><tr><td><strong>REFERANSE<\/strong><\/td><td><strong>KJEMISK<\/strong><\/td><td><strong>BROOKFIELD<\/strong><\/td><td><strong>RINGE<\/strong><\/td><td><strong>TEMPERATUR<\/strong><\/td><td><strong>BRUKBARHET<\/strong><\/td><td><\/td><\/tr><tr><td><strong>KODE<\/strong><\/td><td><strong>SAMMENSETNING<\/strong><\/td><td><strong>VISKOSITET<\/strong><\/td><td><strong>&amp;BALL<\/strong><\/td><td><strong>APPLIKASJON<\/strong><\/td><td><\/td><\/tr><tr><td><strong>FOR BRUK<\/strong><\/td><td><\/td><td><\/td><\/tr><tr><td><strong>PUR Hotmelt<\/strong><\/td><td><\/td><td><\/td><td><strong>C GRADE<\/strong><strong>\u2070<\/strong><\/td><td><strong>C GRADE<\/strong><strong>\u2070<\/strong><\/td><td><strong>PROFILINPAKKING<\/strong><\/td><td><strong>FLAT LAMINERING<\/strong><\/td><td><strong>ARBEIDSOPPTAKER<\/strong><\/td><td><strong>KANTBANDING<\/strong><\/td><td><strong>SOLIDE LEVER<\/strong><\/td><td><strong>PP FOIL<\/strong><\/td><td><strong>FERDIG FOIL<\/strong><\/td><td><strong>CPL<\/strong><\/td><td><strong>FENER<\/strong><\/td><td><strong>AKRYLFOLIE<\/strong><\/td><td><strong>PVC-folie<\/strong><\/td><td><strong>H\u00d8YGLANS<\/strong><\/td><td><strong>PVC-folie<\/strong><\/td><\/tr><tr><td><\/td><td><\/td><td><\/td><td><\/td><td><\/td><td><\/td><td><\/td><td><\/td><td><\/td><td><\/td><td><\/td><td><\/td><td><\/td><td><\/td><td><\/td><td><\/td><td><\/td><td><\/td><\/tr><tr><td><strong>PU750<\/strong><\/td><td><strong>PUR<\/strong><\/td><td><strong>25.000<\/strong><\/td><td><strong>&gt; 140<\/strong><\/td><td><strong>160-170<\/strong><\/td><td><\/td><td><\/td><td><\/td><td><\/td><td><\/td><td><\/td><td><\/td><td><\/td><td><\/td><td><\/td><td><\/td><td><\/td><td><\/td><\/tr><tr><td><strong>PU754 \/ 5<\/strong><\/td><td><strong>PUR<\/strong><\/td><td><strong>64.000<\/strong><\/td><td><strong>&gt; 140<\/strong><\/td><td><strong>140-160<\/strong><\/td><td><\/td><td><\/td><td><\/td><td><\/td><td><\/td><td>\u2605\u2605\u2605<\/td><td>\u2605\u2605\u2605<\/td><td>\u2605\u2605\u2605<\/td><td>\u2605\u2605\u2605<\/td><td><\/td><td>\u2605\u2605\u2605<\/td><td>\u2605\u2605\u2605<\/td><td><\/td><\/tr><tr><td><strong>PU854<\/strong><\/td><td><strong>PUR<\/strong><\/td><td><strong>27.000<\/strong><\/td><td><strong>&gt; 140<\/strong><\/td><td><strong>110-150<\/strong><\/td><td><\/td><td><\/td><td><\/td><td><\/td><td><\/td><td>\u2605\u2605\u2605<\/td><td>\u2605\u2605\u2605<\/td><td>\u2605<\/td><td>\u2605\u2605\u2605<\/td><td>\u2605\u2605\u2605<\/td><td>\u2605\u2605\u2605<\/td><td>\u2605\u2605<\/td><td><\/td><\/tr><tr><td><strong>PU858<\/strong><\/td><td><strong>PUR<\/strong><\/td><td><strong>45.000<\/strong><\/td><td><strong>&gt; 140<\/strong><\/td><td><strong>140-160<\/strong><\/td><td><\/td><td><\/td><td><\/td><td><\/td><td><\/td><td>\u2605\u2605\u2605<\/td><td>\u2605\u2605\u2605<\/td><td>\u2605\u2605\u2605<\/td><td>\u2605\u2605\u2605<\/td><td><\/td><td>\u2605\u2605\u2605<\/td><td>\u2605\u2605\u2605<\/td><td><\/td><\/tr><tr><td><strong>PU730<\/strong><\/td><td><strong>PUR<\/strong><\/td><td><strong>30.000<\/strong><\/td><td><strong>&gt; 140<\/strong><\/td><td><strong>140-160<\/strong><\/td><td><\/td><td><\/td><td><\/td><td><\/td><td><\/td><td>\u2605\u2605\u2605<\/td><td>\u2605\u2605\u2605<\/td><td>\u2605\u2605\u2605<\/td><td>\u2605\u2605\u2605<\/td><td><\/td><td>\u2605\u2605\u2605<\/td><td>\u2605\u2605\u2605<\/td><td><\/td><\/tr><tr><td><strong>PU722 \/ M9<\/strong><\/td><td><strong>PUR<\/strong><\/td><td><strong>5.000<\/strong><\/td><td><strong>&gt; 140<\/strong><\/td><td><strong>110-140<\/strong><\/td><td><\/td><td><\/td><td><\/td><td><\/td><td><\/td><td>\u2605\u2605\u2605<\/td><td>\u2605\u2605\u2605<\/td><td>\u2605\u2605\u2605<\/td><td>\u2605\u2605\u2605<\/td><td>\u2605\u2605\u2605<\/td><td>\u2605\u2605\u2605<\/td><td>\u2605\u2605\u2605<\/td><td><\/td><\/tr><tr><td><strong>PU722U<\/strong><\/td><td><strong>PUR<\/strong><\/td><td><strong>4.000<\/strong><\/td><td><strong>&gt; 140<\/strong><\/td><td><strong>100-140<\/strong><\/td><td><\/td><td><\/td><td><\/td><td><\/td><td><\/td><td>\u2605\u2605\u2605<\/td><td>\u2605\u2605\u2605<\/td><td>\u2605\u2605\u2605<\/td><td>\u2605\u2605\u2605<\/td><td>\u2605\u2605\u2605<\/td><td>\u2605\u2605\u2605<\/td><td>\u2605\u2605\u2605<\/td><td><\/td><\/tr><tr><td><\/td><td><\/td><td><\/td><td><\/td><td>\u2605 GOD<\/td><td><\/td><td>\u2605\u2605 VELDIG GOD<\/td><td><\/td><td>\u2605\u2605\u2605 UTMERKET<\/td><td><\/td><td><\/td><td><\/td><td><\/td><td><\/td><td><\/td><td><\/td><td><\/td><\/tr><\/tbody><\/table><\/figure>\n\n\n\n<p><strong>ETYLVINYLACETAT (EVA) BASERT VARME SMELTLIM FOR KANTBANDING<\/strong><\/p>\n\n\n\n<figure class=\"wp-block-table\"><table><tbody><tr><td><strong>REFERANSE<\/strong><\/td><td><strong>KJEMISK<\/strong><\/td><td><strong>BROOKFIELD<\/strong><\/td><td><strong>RING &amp; BALL<\/strong><\/td><td><strong>TEMPERATUR<\/strong><\/td><td><\/td><td><strong>APPLIKASJON<\/strong><\/td><td><\/td><td><\/td><td><\/td><td><strong>BRUKBARHET<\/strong><\/td><td><\/td><td><\/td><td><\/td><\/tr><tr><td><strong>KODE<\/strong><\/td><td><strong>SAMMENSETNING<\/strong><\/td><td><strong>VISKOSITET<\/strong><\/td><td><strong>FOR BRUK<\/strong><\/td><td><\/td><td><\/td><td><\/td><td><\/td><td><\/td><td><\/td><td><\/td><\/tr><tr><td><\/td><td><\/td><td><\/td><td><\/td><td><\/td><td><\/td><td><\/td><td><\/td><td><\/td><td><\/td><td><\/td><\/tr><tr><td><strong>DUDITERM<\/strong><\/td><td><\/td><td><strong>MPAS (ved 200\u2070C)<\/strong><\/td><td><strong>DC GRADE<\/strong><\/td><td><strong>DC GRADE<\/strong><\/td><td><strong>KANTBANDING<\/strong><\/td><td><strong>KURVE KANTBANDING<\/strong><\/td><td><strong>MYKT FORMING<\/strong><\/td><td><strong>SOLID TRE<\/strong><\/td><td><strong>FENER<\/strong><\/td><td><strong>CPL<\/strong><\/td><td><strong>&lt;0,4 mm PVC<\/strong><\/td><td><strong>&gt; 0,4 mm PVC<\/strong><\/td><td><strong>MELAMINE<\/strong><\/td><\/tr><tr><td><\/td><td><\/td><td><\/td><td><\/td><td><\/td><td><\/td><td><\/td><td><\/td><td><\/td><td><\/td><td><\/td><td><\/td><td><\/td><td><\/td><td><\/td><\/tr><tr><td><strong>1588<\/strong><\/td><td><strong>EVA<\/strong><\/td><td><strong>110.000<\/strong><\/td><td><strong>100<\/strong><\/td><td><strong>180-210<\/strong><\/td><td><\/td><td><\/td><td><\/td><td>\u2605<\/td><td>\u2605\u2605\u2605<\/td><td>\u2605\u2605<\/td><td>\u2605\u2605<\/td><td>\u2605\u2605<\/td><td>\u2605\u2605\u2605<\/td><td><\/td><\/tr><tr><td><strong>1590<\/strong><\/td><td><strong>EVA<\/strong><\/td><td><strong>105.000<\/strong><\/td><td><strong>103<\/strong><\/td><td><strong>180-210<\/strong><\/td><td><\/td><td><\/td><td><\/td><td>\u2605\u2605\u2605<\/td><td>\u2605\u2605\u2605<\/td><td>\u2605\u2605\u2605<\/td><td>\u2605\u2605\u2605<\/td><td>\u2605\u2605\u2605<\/td><td>\u2605\u2605\u2605<\/td><td><\/td><\/tr><tr><td><strong>1594<\/strong><\/td><td><strong>EVA<\/strong><\/td><td><strong>85.000<\/strong><\/td><td><strong>112<\/strong><\/td><td><strong>180-210<\/strong><\/td><td><\/td><td><\/td><td><\/td><td>\u2605\u2605\u2605<\/td><td>\u2605\u2605\u2605<\/td><td>\u2605\u2605<\/td><td>\u2605\u2605<\/td><td>\u2605\u2605<\/td><td>\u2605\u2605\u2605<\/td><td><\/td><\/tr><tr><td><strong>1598<\/strong><\/td><td><strong>EVA<\/strong><\/td><td><strong>65.000<\/strong><\/td><td><strong>100<\/strong><\/td><td><strong>180-210<\/strong><\/td><td><\/td><td><\/td><td><\/td><td>\u2605<\/td><td>\u2605\u2605\u2605<\/td><td>\u2605\u2605<\/td><td>\u2605\u2605\u2605<\/td><td>\u2605\u2605<\/td><td>\u2605\u2605\u2605<\/td><td><\/td><\/tr><tr><td><strong>1600<\/strong><\/td><td><strong>EVA<\/strong><\/td><td><strong>65.000<\/strong><\/td><td><strong>109<\/strong><\/td><td><strong>180-210<\/strong><\/td><td><\/td><td><\/td><td><\/td><td>\u2605<\/td><td>\u2605\u2605<\/td><td>\u2605\u2605<\/td><td>\u2605\u2605<\/td><td>\u2605\u2605<\/td><td>\u2605\u2605\u2605<\/td><td><\/td><\/tr><tr><td><strong>1602<\/strong><\/td><td><strong>EVA<\/strong><\/td><td><strong>85.000<\/strong><\/td><td><strong>95<\/strong><\/td><td><strong>180-210<\/strong><\/td><td><\/td><td><\/td><td><\/td><td><\/td><td><strong>\u2605<\/strong><\/td><td>\u2605<\/td><td>\u2605\u2605\u2605<\/td><td>\u2605<\/td><td>\u2605\u2605\u2605<\/td><td><\/td><\/tr><tr><td><strong>1660<\/strong><\/td><td><strong>EVA<\/strong><\/td><td><strong>60.000<\/strong><\/td><td><strong>108<\/strong><\/td><td><strong>180-210<\/strong><\/td><td><\/td><td><\/td><td><\/td><td>\u2605\u2605\u2605<\/td><td>\u2605\u2605\u2605<\/td><td>\u2605\u2605\u2605<\/td><td>\u2605\u2605\u2605<\/td><td>\u2605\u2605\u2605<\/td><td>\u2605\u2605\u2605<\/td><td><\/td><\/tr><tr><td><strong>1670<\/strong><\/td><td><strong>EVA<\/strong><\/td><td><strong>80.000<\/strong><\/td><td><strong>112<\/strong><\/td><td><strong>180-210<\/strong><\/td><td><\/td><td><\/td><td><\/td><td>\u2605\u2605\u2605<\/td><td>\u2605\u2605\u2605<\/td><td>\u2605\u2605\u2605<\/td><td>\u2605\u2605\u2605<\/td><td>\u2605\u2605\u2605<\/td><td>\u2605\u2605\u2605<\/td><td><\/td><\/tr><tr><td><strong>1672<\/strong><\/td><td><strong>EVA<\/strong><\/td><td><strong>25.000<\/strong><\/td><td><strong>102<\/strong><\/td><td><strong>180-210<\/strong><\/td><td><\/td><td><\/td><td><\/td><td>\u2605\u2605\u2605<\/td><td>\u2605\u2605\u2605<\/td><td>\u2605\u2605\u2605<\/td><td>\u2605\u2605\u2605<\/td><td>\u2605\u2605\u2605<\/td><td>\u2605\u2605\u2605<\/td><td><\/td><\/tr><tr><td><strong>1930<\/strong><\/td><td><strong>EVA<\/strong><\/td><td><strong>12.000<\/strong><\/td><td><strong>80<\/strong><\/td><td><strong>140-160<\/strong><\/td><td><\/td><td><\/td><td><\/td><td><\/td><td><\/td><td><\/td><td>\u2605\u2605\u2605<\/td><td><\/td><td>\u2605<\/td><td><\/td><\/tr><tr><td><strong>11330<\/strong><\/td><td><strong>EVA<\/strong><\/td><td><strong>87.500<\/strong><\/td><td><strong>128<\/strong><\/td><td><strong>180-210<\/strong><\/td><td><\/td><td><\/td><td><\/td><td>\u2605\u2605\u2605<\/td><td>\u2605\u2605\u2605<\/td><td>\u2605\u2605<\/td><td>\u2605\u2605\u2605<\/td><td>\u2605\u2605\u2605<\/td><td>\u2605\u2605\u2605<\/td><\/tr><\/tbody><\/table><\/figure>","protected":false},"excerpt":{"rendered":"<p>Edgebanding adhesives are typically thermoplastic hot-melt adhesives based on ethylene-vinyl acetate-co-polymers (EVA) or on polyolefins.&nbsp;They are [&hellip;]<\/p>","protected":false},"author":1,"featured_media":0,"parent":0,"menu_order":0,"comment_status":"closed","ping_status":"closed","template":"","meta":{"footnotes":""},"class_list":["post-151","page","type-page","status-publish","hentry"],"yoast_head":"<!-- This site is optimized with the Yoast SEO plugin v17.0 - https:\/\/yoast.com\/wordpress\/plugins\/seo\/ -->\n<title>EDGEBANDING HOT MELT ADHESIVES (PUR, EVA, PO) - PUR hot melt adhesives<\/title>\n<meta name=\"robots\" content=\"index, follow, max-snippet:-1, max-image-preview:large, max-video-preview:-1\" \/>\n<link rel=\"canonical\" href=\"https:\/\/www.purhotmelt.com\/nb\/edgebanding-hot-melt-adhesives-pur-eva-po\/\" \/>\n<meta property=\"og:locale\" content=\"nb_NO\" \/>\n<meta property=\"og:type\" content=\"article\" \/>\n<meta property=\"og:title\" content=\"EDGEBANDING HOT MELT ADHESIVES (PUR, EVA, PO) - PUR hot melt adhesives\" \/>\n<meta property=\"og:description\" content=\"Edgebanding adhesives are typically thermoplastic hot-melt adhesives based on ethylene-vinyl acetate-co-polymers (EVA) or on polyolefins.&nbsp;They are [&hellip;]\" \/>\n<meta property=\"og:url\" content=\"https:\/\/www.purhotmelt.com\/nb\/edgebanding-hot-melt-adhesives-pur-eva-po\/\" \/>\n<meta property=\"og:site_name\" content=\"PUR hot melt adhesives\" \/>\n<meta property=\"article:modified_time\" content=\"2021-01-20T21:41:45+00:00\" \/>\n<meta name=\"twitter:card\" content=\"summary_large_image\" \/>\n<meta name=\"twitter:label1\" content=\"Ansl. lesetid\" \/>\n\t<meta name=\"twitter:data1\" content=\"1 minutt\" \/>\n<script type=\"application\/ld+json\" class=\"yoast-schema-graph\">{\"@context\":\"https:\/\/schema.org\",\"@graph\":[{\"@type\":\"WebSite\",\"@id\":\"https:\/\/www.purhotmelt.com\/#website\",\"url\":\"https:\/\/www.purhotmelt.com\/\",\"name\":\"PUR hot melt adhesives\",\"description\":\"Intercol: Specialist manufacturer\",\"potentialAction\":[{\"@type\":\"SearchAction\",\"target\":{\"@type\":\"EntryPoint\",\"urlTemplate\":\"https:\/\/www.purhotmelt.com\/?s={search_term_string}\"},\"query-input\":\"required name=search_term_string\"}],\"inLanguage\":\"nb-NO\"},{\"@type\":\"WebPage\",\"@id\":\"https:\/\/www.purhotmelt.com\/nb\/edgebanding-hot-melt-adhesives-pur-eva-po\/#webpage\",\"url\":\"https:\/\/www.purhotmelt.com\/nb\/edgebanding-hot-melt-adhesives-pur-eva-po\/\",\"name\":\"EDGEBANDING HOT MELT ADHESIVES (PUR, EVA, PO) - PUR hot melt adhesives\",\"isPartOf\":{\"@id\":\"https:\/\/www.purhotmelt.com\/#website\"},\"datePublished\":\"2021-01-20T21:41:44+00:00\",\"dateModified\":\"2021-01-20T21:41:45+00:00\",\"breadcrumb\":{\"@id\":\"https:\/\/www.purhotmelt.com\/nb\/edgebanding-hot-melt-adhesives-pur-eva-po\/#breadcrumb\"},\"inLanguage\":\"nb-NO\",\"potentialAction\":[{\"@type\":\"ReadAction\",\"target\":[\"https:\/\/www.purhotmelt.com\/nb\/edgebanding-hot-melt-adhesives-pur-eva-po\/\"]}]},{\"@type\":\"BreadcrumbList\",\"@id\":\"https:\/\/www.purhotmelt.com\/nb\/edgebanding-hot-melt-adhesives-pur-eva-po\/#breadcrumb\",\"itemListElement\":[{\"@type\":\"ListItem\",\"position\":1,\"name\":\"Home\",\"item\":\"https:\/\/www.purhotmelt.com\/\"},{\"@type\":\"ListItem\",\"position\":2,\"name\":\"EDGEBANDING HOT MELT ADHESIVES (PUR, EVA, PO)\"}]}]}<\/script>\n<!-- \/ Yoast SEO plugin. -->","yoast_head_json":{"title":"KANTBANDENDE VARME SMELTLIM (PUR, EVA, PO) - PUR smeltelim","robots":{"index":"index","follow":"follow","max-snippet":"max-snippet:-1","max-image-preview":"max-image-preview:large","max-video-preview":"max-video-preview:-1"},"canonical":"https:\/\/www.purhotmelt.com\/nb\/edgebanding-hot-melt-adhesives-pur-eva-po\/","og_locale":"nb_NO","og_type":"article","og_title":"EDGEBANDING HOT MELT ADHESIVES (PUR, EVA, PO) - PUR hot melt adhesives","og_description":"Edgebanding adhesives are typically thermoplastic hot-melt adhesives based on ethylene-vinyl acetate-co-polymers (EVA) or on polyolefins.&nbsp;They are [&hellip;]","og_url":"https:\/\/www.purhotmelt.com\/nb\/edgebanding-hot-melt-adhesives-pur-eva-po\/","og_site_name":"PUR hot melt adhesives","article_modified_time":"2021-01-20T21:41:45+00:00","twitter_card":"summary_large_image","twitter_misc":{"Ansl. lesetid":"1 minutt"},"schema":{"@context":"https:\/\/schema.org","@graph":[{"@type":"WebSite","@id":"https:\/\/www.purhotmelt.com\/#website","url":"https:\/\/www.purhotmelt.com\/","name":"PUR smeltelim","description":"Intercol: spesialprodusent","potentialAction":[{"@type":"SearchAction","target":{"@type":"EntryPoint","urlTemplate":"https:\/\/www.purhotmelt.com\/?s={search_term_string}"},"query-input":"required name=search_term_string"}],"inLanguage":"nb-NO"},{"@type":"WebPage","@id":"https:\/\/www.purhotmelt.com\/nb\/edgebanding-hot-melt-adhesives-pur-eva-po\/#webpage","url":"https:\/\/www.purhotmelt.com\/nb\/edgebanding-hot-melt-adhesives-pur-eva-po\/","name":"KANTBANDENDE VARME SMELTLIM (PUR, EVA, PO) - PUR smeltelim","isPartOf":{"@id":"https:\/\/www.purhotmelt.com\/#website"},"datePublished":"2021-01-20T21:41:44+00:00","dateModified":"2021-01-20T21:41:45+00:00","breadcrumb":{"@id":"https:\/\/www.purhotmelt.com\/nb\/edgebanding-hot-melt-adhesives-pur-eva-po\/#breadcrumb"},"inLanguage":"nb-NO","potentialAction":[{"@type":"ReadAction","target":["https:\/\/www.purhotmelt.com\/nb\/edgebanding-hot-melt-adhesives-pur-eva-po\/"]}]},{"@type":"BreadcrumbList","@id":"https:\/\/www.purhotmelt.com\/nb\/edgebanding-hot-melt-adhesives-pur-eva-po\/#breadcrumb","itemListElement":[{"@type":"ListItem","position":1,"name":"Home","item":"https:\/\/www.purhotmelt.com\/"},{"@type":"ListItem","position":2,"name":"EDGEBANDING HOT MELT ADHESIVES (PUR, EVA, PO)"}]}]}},"_links":{"self":[{"href":"https:\/\/www.purhotmelt.com\/nb\/wp-json\/wp\/v2\/pages\/151","targetHints":{"allow":["GET"]}}],"collection":[{"href":"https:\/\/www.purhotmelt.com\/nb\/wp-json\/wp\/v2\/pages"}],"about":[{"href":"https:\/\/www.purhotmelt.com\/nb\/wp-json\/wp\/v2\/types\/page"}],"author":[{"embeddable":true,"href":"https:\/\/www.purhotmelt.com\/nb\/wp-json\/wp\/v2\/users\/1"}],"replies":[{"embeddable":true,"href":"https:\/\/www.purhotmelt.com\/nb\/wp-json\/wp\/v2\/comments?post=151"}],"version-history":[{"count":1,"href":"https:\/\/www.purhotmelt.com\/nb\/wp-json\/wp\/v2\/pages\/151\/revisions"}],"predecessor-version":[{"id":153,"href":"https:\/\/www.purhotmelt.com\/nb\/wp-json\/wp\/v2\/pages\/151\/revisions\/153"}],"wp:attachment":[{"href":"https:\/\/www.purhotmelt.com\/nb\/wp-json\/wp\/v2\/media?parent=151"}],"curies":[{"name":"wp","href":"https:\/\/api.w.org\/{rel}","templated":true}]}}