{"id":154,"date":"2021-01-20T21:42:55","date_gmt":"2021-01-20T21:42:55","guid":{"rendered":"https:\/\/www.purhotmelt.com\/?page_id=154"},"modified":"2021-01-20T21:42:56","modified_gmt":"2021-01-20T21:42:56","slug":"hot-melt-glue-sticks","status":"publish","type":"page","link":"https:\/\/www.purhotmelt.com\/nb\/hot-melt-glue-sticks\/","title":{"rendered":"VARMT SMELTLIMPER"},"content":{"rendered":"<h1 class=\"wp-block-heading\"><\/h1>\n\n\n\n<p>Smeltelimpinner og manuelle smeltelimpistoler gir en l\u00f8sning der det er behov for oppstart, reparasjon eller rask kapasitets\u00f8kning. Smeltelimpinner er vanligst med 11 mm limpistoler og oppfyller spesielt kravene til liming, reparasjon, tetning, fiksering, montering, beskyttelse, vibrasjonsmotstand, emballasje og isolasjon.<\/p>\n\n\n\n<p>Intercol er en av Europas ledende smeltelimeksperter. V\u00e5re smeltelimpinner er kjent for \u00e5 v\u00e6re i utmerket, stabil og p\u00e5litelig kvalitet. V\u00e5re kunders virksomhet er garantert for \u00e5 gi jevn logistikk. Vi tilbyr lave, middels og sterke limpinner. Limpinner kan v\u00e6re gjennomsiktige, hvite eller gulaktige.<\/p>","protected":false},"excerpt":{"rendered":"<p>Hot melt glue sticks and\u00a0manual hot melt glue guns\u00a0provide a solution where is a need for [&hellip;]<\/p>","protected":false},"author":1,"featured_media":0,"parent":0,"menu_order":0,"comment_status":"closed","ping_status":"closed","template":"","meta":{"footnotes":""},"class_list":["post-154","page","type-page","status-publish","hentry"],"yoast_head":"<!-- This site is optimized with the Yoast SEO plugin v17.0 - https:\/\/yoast.com\/wordpress\/plugins\/seo\/ -->\n<title>HOT MELT GLUE STICKS - PUR hot melt adhesives<\/title>\n<meta name=\"robots\" content=\"index, follow, max-snippet:-1, max-image-preview:large, max-video-preview:-1\" \/>\n<link rel=\"canonical\" href=\"https:\/\/www.purhotmelt.com\/nb\/hot-melt-glue-sticks\/\" \/>\n<meta property=\"og:locale\" content=\"nb_NO\" \/>\n<meta property=\"og:type\" content=\"article\" \/>\n<meta property=\"og:title\" content=\"HOT MELT GLUE STICKS - PUR hot melt adhesives\" \/>\n<meta property=\"og:description\" content=\"Hot melt glue sticks and\u00a0manual hot melt glue guns\u00a0provide a solution where is a need for [&hellip;]\" \/>\n<meta property=\"og:url\" content=\"https:\/\/www.purhotmelt.com\/nb\/hot-melt-glue-sticks\/\" \/>\n<meta property=\"og:site_name\" content=\"PUR hot melt adhesives\" \/>\n<meta property=\"article:modified_time\" content=\"2021-01-20T21:42:56+00:00\" \/>\n<meta name=\"twitter:card\" content=\"summary_large_image\" \/>\n<meta name=\"twitter:label1\" content=\"Ansl. lesetid\" \/>\n\t<meta name=\"twitter:data1\" content=\"1 minutt\" \/>\n<script type=\"application\/ld+json\" class=\"yoast-schema-graph\">{\"@context\":\"https:\/\/schema.org\",\"@graph\":[{\"@type\":\"WebSite\",\"@id\":\"https:\/\/www.purhotmelt.com\/#website\",\"url\":\"https:\/\/www.purhotmelt.com\/\",\"name\":\"PUR hot melt adhesives\",\"description\":\"Intercol: Specialist manufacturer\",\"potentialAction\":[{\"@type\":\"SearchAction\",\"target\":{\"@type\":\"EntryPoint\",\"urlTemplate\":\"https:\/\/www.purhotmelt.com\/?s={search_term_string}\"},\"query-input\":\"required name=search_term_string\"}],\"inLanguage\":\"nb-NO\"},{\"@type\":\"WebPage\",\"@id\":\"https:\/\/www.purhotmelt.com\/es\/hot-melt-glue-sticks\/#webpage\",\"url\":\"https:\/\/www.purhotmelt.com\/es\/hot-melt-glue-sticks\/\",\"name\":\"HOT MELT GLUE STICKS - PUR hot melt adhesives\",\"isPartOf\":{\"@id\":\"https:\/\/www.purhotmelt.com\/#website\"},\"datePublished\":\"2021-01-20T21:42:55+00:00\",\"dateModified\":\"2021-01-20T21:42:56+00:00\",\"breadcrumb\":{\"@id\":\"https:\/\/www.purhotmelt.com\/es\/hot-melt-glue-sticks\/#breadcrumb\"},\"inLanguage\":\"nb-NO\",\"potentialAction\":[{\"@type\":\"ReadAction\",\"target\":[\"https:\/\/www.purhotmelt.com\/es\/hot-melt-glue-sticks\/\"]}]},{\"@type\":\"BreadcrumbList\",\"@id\":\"https:\/\/www.purhotmelt.com\/es\/hot-melt-glue-sticks\/#breadcrumb\",\"itemListElement\":[{\"@type\":\"ListItem\",\"position\":1,\"name\":\"Home\",\"item\":\"https:\/\/www.purhotmelt.com\/\"},{\"@type\":\"ListItem\",\"position\":2,\"name\":\"HOT MELT GLUE STICKS\"}]}]}<\/script>\n<!-- \/ Yoast SEO plugin. -->","yoast_head_json":{"title":"VARME SMELTLIMSTICKER - PUR smeltelim","robots":{"index":"index","follow":"follow","max-snippet":"max-snippet:-1","max-image-preview":"max-image-preview:large","max-video-preview":"max-video-preview:-1"},"canonical":"https:\/\/www.purhotmelt.com\/nb\/hot-melt-glue-sticks\/","og_locale":"nb_NO","og_type":"article","og_title":"HOT MELT GLUE STICKS - PUR hot melt adhesives","og_description":"Hot melt glue sticks and\u00a0manual hot melt glue guns\u00a0provide a solution where is a need for [&hellip;]","og_url":"https:\/\/www.purhotmelt.com\/nb\/hot-melt-glue-sticks\/","og_site_name":"PUR hot melt adhesives","article_modified_time":"2021-01-20T21:42:56+00:00","twitter_card":"summary_large_image","twitter_misc":{"Ansl. lesetid":"1 minutt"},"schema":{"@context":"https:\/\/schema.org","@graph":[{"@type":"WebSite","@id":"https:\/\/www.purhotmelt.com\/#website","url":"https:\/\/www.purhotmelt.com\/","name":"PUR smeltelim","description":"Intercol: spesialprodusent","potentialAction":[{"@type":"SearchAction","target":{"@type":"EntryPoint","urlTemplate":"https:\/\/www.purhotmelt.com\/?s={search_term_string}"},"query-input":"required name=search_term_string"}],"inLanguage":"nb-NO"},{"@type":"WebPage","@id":"https:\/\/www.purhotmelt.com\/es\/hot-melt-glue-sticks\/#webpage","url":"https:\/\/www.purhotmelt.com\/es\/hot-melt-glue-sticks\/","name":"VARME SMELTLIMSTICKER - PUR smeltelim","isPartOf":{"@id":"https:\/\/www.purhotmelt.com\/#website"},"datePublished":"2021-01-20T21:42:55+00:00","dateModified":"2021-01-20T21:42:56+00:00","breadcrumb":{"@id":"https:\/\/www.purhotmelt.com\/es\/hot-melt-glue-sticks\/#breadcrumb"},"inLanguage":"nb-NO","potentialAction":[{"@type":"ReadAction","target":["https:\/\/www.purhotmelt.com\/es\/hot-melt-glue-sticks\/"]}]},{"@type":"BreadcrumbList","@id":"https:\/\/www.purhotmelt.com\/es\/hot-melt-glue-sticks\/#breadcrumb","itemListElement":[{"@type":"ListItem","position":1,"name":"Home","item":"https:\/\/www.purhotmelt.com\/"},{"@type":"ListItem","position":2,"name":"HOT MELT GLUE STICKS"}]}]}},"_links":{"self":[{"href":"https:\/\/www.purhotmelt.com\/nb\/wp-json\/wp\/v2\/pages\/154","targetHints":{"allow":["GET"]}}],"collection":[{"href":"https:\/\/www.purhotmelt.com\/nb\/wp-json\/wp\/v2\/pages"}],"about":[{"href":"https:\/\/www.purhotmelt.com\/nb\/wp-json\/wp\/v2\/types\/page"}],"author":[{"embeddable":true,"href":"https:\/\/www.purhotmelt.com\/nb\/wp-json\/wp\/v2\/users\/1"}],"replies":[{"embeddable":true,"href":"https:\/\/www.purhotmelt.com\/nb\/wp-json\/wp\/v2\/comments?post=154"}],"version-history":[{"count":1,"href":"https:\/\/www.purhotmelt.com\/nb\/wp-json\/wp\/v2\/pages\/154\/revisions"}],"predecessor-version":[{"id":156,"href":"https:\/\/www.purhotmelt.com\/nb\/wp-json\/wp\/v2\/pages\/154\/revisions\/156"}],"wp:attachment":[{"href":"https:\/\/www.purhotmelt.com\/nb\/wp-json\/wp\/v2\/media?parent=154"}],"curies":[{"name":"wp","href":"https:\/\/api.w.org\/{rel}","templated":true}]}}