{"id":163,"date":"2021-01-20T21:46:26","date_gmt":"2021-01-20T21:46:26","guid":{"rendered":"https:\/\/www.purhotmelt.com\/?page_id=163"},"modified":"2021-01-20T21:46:27","modified_gmt":"2021-01-20T21:46:27","slug":"hot-melt-psa-ehm-8936","status":"publish","type":"page","link":"https:\/\/www.purhotmelt.com\/nb\/hot-melt-psa-ehm-8936\/","title":{"rendered":"VARMT SMELT PSA EHM 8936"},"content":{"rendered":"<h1 class=\"wp-block-heading\"><\/h1>\n\n\n\n<p><\/p>\n\n\n\n<hr class=\"wp-block-separator\"\/>\n\n\n\n<p>M\u00f8t smeltelimet: EHM PSA 8936: Vi snakket med en av omr\u00e5desalgssjefene og spurte ham hva hans favorittlim er og hvorfor.<br>EHM PSA 8936 er et trykkf\u00f8lsomt smeltelim designet for \u00e5 gi utmerket vedheft p\u00e5 vanskelige \u00e5 binde overflater med lav overflateenergi. Fester seg til pol\u00e6re og ikke-pol\u00e6re overflater. EHM PSA 8936 er hans favoritt som \u201cfordelene ved \u00e5 bruke EHM PSA 8936 er at den er ekstremt effektiv n\u00e5r du oppretter en obligasjon som varer. EHM PSA 8936 anbefales p\u00e5 det sterkeste i trykkf\u00f8lsomme limapplikasjoner \u201d.<\/p>\n\n\n\n<p><strong>Trykkf\u00f8lsomme smeltelim<\/strong>\u00a0er<strong>\u00a0mest termoplastisk gummi<\/strong>-baserte lim. UV-herdbare smeltelim er en spesiell l\u00f8sning som praktisk talt ikke brukes. PSA smeltelim holder den klebrig etter avkj\u00f8ling, Permanent klebrig lim. Limb\u00e5ndet vil bli bedre med tiden selv etter nedkj\u00f8ling til romtemperatur. Trykkf\u00f8lsom inneb\u00e6rer at kontakttrykk er n\u00f8kkelen for \u00e5 skape en binding mellom limet og det sammenf\u00f8yde underlaget. Trykkf\u00f8lsomme smeltelim brukes i produksjonsmonteringsprosesser, som belegg p\u00e5 selvklebende tape og selvklebende etiketter.<\/p>\n\n\n\n<p>Det er et stort utvalg av PSA-smeltelim tilgjengelig, fra permanent klebrige og flyttbare typer til frostv\u00e6skebestandige og h\u00f8ye temperaturer (High Shear Adhesion Fail Temperature; SAFT) smeltelim.<\/p>","protected":false},"excerpt":{"rendered":"<p>Meet The hot melt Adhesive: EHM PSA 8936: We spoke to one of our Area Sales [&hellip;]<\/p>","protected":false},"author":1,"featured_media":0,"parent":0,"menu_order":0,"comment_status":"closed","ping_status":"closed","template":"","meta":{"footnotes":""},"class_list":["post-163","page","type-page","status-publish","hentry"],"yoast_head":"<!-- This site is optimized with the Yoast SEO plugin v17.0 - https:\/\/yoast.com\/wordpress\/plugins\/seo\/ -->\n<title>HOT MELT PSA EHM 8936 - PUR hot melt adhesives<\/title>\n<meta name=\"robots\" content=\"index, follow, max-snippet:-1, max-image-preview:large, max-video-preview:-1\" \/>\n<link rel=\"canonical\" href=\"https:\/\/www.purhotmelt.com\/nb\/hot-melt-psa-ehm-8936\/\" \/>\n<meta property=\"og:locale\" content=\"nb_NO\" \/>\n<meta property=\"og:type\" content=\"article\" \/>\n<meta property=\"og:title\" content=\"HOT MELT PSA EHM 8936 - PUR hot melt adhesives\" \/>\n<meta property=\"og:description\" content=\"Meet The hot melt Adhesive: EHM PSA 8936: We spoke to one of our Area Sales [&hellip;]\" \/>\n<meta property=\"og:url\" content=\"https:\/\/www.purhotmelt.com\/nb\/hot-melt-psa-ehm-8936\/\" \/>\n<meta property=\"og:site_name\" content=\"PUR hot melt adhesives\" \/>\n<meta property=\"article:modified_time\" content=\"2021-01-20T21:46:27+00:00\" \/>\n<meta name=\"twitter:card\" content=\"summary_large_image\" \/>\n<meta name=\"twitter:label1\" content=\"Ansl. lesetid\" \/>\n\t<meta name=\"twitter:data1\" content=\"1 minutt\" \/>\n<script type=\"application\/ld+json\" class=\"yoast-schema-graph\">{\"@context\":\"https:\/\/schema.org\",\"@graph\":[{\"@type\":\"WebSite\",\"@id\":\"https:\/\/www.purhotmelt.com\/#website\",\"url\":\"https:\/\/www.purhotmelt.com\/\",\"name\":\"PUR hot melt adhesives\",\"description\":\"Intercol: Specialist manufacturer\",\"potentialAction\":[{\"@type\":\"SearchAction\",\"target\":{\"@type\":\"EntryPoint\",\"urlTemplate\":\"https:\/\/www.purhotmelt.com\/?s={search_term_string}\"},\"query-input\":\"required name=search_term_string\"}],\"inLanguage\":\"nb-NO\"},{\"@type\":\"WebPage\",\"@id\":\"https:\/\/www.purhotmelt.com\/de\/hot-melt-psa-ehm-8936\/#webpage\",\"url\":\"https:\/\/www.purhotmelt.com\/de\/hot-melt-psa-ehm-8936\/\",\"name\":\"HOT MELT PSA EHM 8936 - PUR hot melt adhesives\",\"isPartOf\":{\"@id\":\"https:\/\/www.purhotmelt.com\/#website\"},\"datePublished\":\"2021-01-20T21:46:26+00:00\",\"dateModified\":\"2021-01-20T21:46:27+00:00\",\"breadcrumb\":{\"@id\":\"https:\/\/www.purhotmelt.com\/de\/hot-melt-psa-ehm-8936\/#breadcrumb\"},\"inLanguage\":\"nb-NO\",\"potentialAction\":[{\"@type\":\"ReadAction\",\"target\":[\"https:\/\/www.purhotmelt.com\/de\/hot-melt-psa-ehm-8936\/\"]}]},{\"@type\":\"BreadcrumbList\",\"@id\":\"https:\/\/www.purhotmelt.com\/de\/hot-melt-psa-ehm-8936\/#breadcrumb\",\"itemListElement\":[{\"@type\":\"ListItem\",\"position\":1,\"name\":\"Home\",\"item\":\"https:\/\/www.purhotmelt.com\/\"},{\"@type\":\"ListItem\",\"position\":2,\"name\":\"HOT MELT PSA EHM 8936\"}]}]}<\/script>\n<!-- \/ Yoast SEO plugin. -->","yoast_head_json":{"title":"HOT MELT PSA EHM 8936 - PUR smeltelim","robots":{"index":"index","follow":"follow","max-snippet":"max-snippet:-1","max-image-preview":"max-image-preview:large","max-video-preview":"max-video-preview:-1"},"canonical":"https:\/\/www.purhotmelt.com\/nb\/hot-melt-psa-ehm-8936\/","og_locale":"nb_NO","og_type":"article","og_title":"HOT MELT PSA EHM 8936 - PUR hot melt adhesives","og_description":"Meet The hot melt Adhesive: EHM PSA 8936: We spoke to one of our Area Sales [&hellip;]","og_url":"https:\/\/www.purhotmelt.com\/nb\/hot-melt-psa-ehm-8936\/","og_site_name":"PUR hot melt adhesives","article_modified_time":"2021-01-20T21:46:27+00:00","twitter_card":"summary_large_image","twitter_misc":{"Ansl. lesetid":"1 minutt"},"schema":{"@context":"https:\/\/schema.org","@graph":[{"@type":"WebSite","@id":"https:\/\/www.purhotmelt.com\/#website","url":"https:\/\/www.purhotmelt.com\/","name":"PUR smeltelim","description":"Intercol: spesialprodusent","potentialAction":[{"@type":"SearchAction","target":{"@type":"EntryPoint","urlTemplate":"https:\/\/www.purhotmelt.com\/?s={search_term_string}"},"query-input":"required name=search_term_string"}],"inLanguage":"nb-NO"},{"@type":"WebPage","@id":"https:\/\/www.purhotmelt.com\/de\/hot-melt-psa-ehm-8936\/#webpage","url":"https:\/\/www.purhotmelt.com\/de\/hot-melt-psa-ehm-8936\/","name":"HOT MELT PSA EHM 8936 - PUR smeltelim","isPartOf":{"@id":"https:\/\/www.purhotmelt.com\/#website"},"datePublished":"2021-01-20T21:46:26+00:00","dateModified":"2021-01-20T21:46:27+00:00","breadcrumb":{"@id":"https:\/\/www.purhotmelt.com\/de\/hot-melt-psa-ehm-8936\/#breadcrumb"},"inLanguage":"nb-NO","potentialAction":[{"@type":"ReadAction","target":["https:\/\/www.purhotmelt.com\/de\/hot-melt-psa-ehm-8936\/"]}]},{"@type":"BreadcrumbList","@id":"https:\/\/www.purhotmelt.com\/de\/hot-melt-psa-ehm-8936\/#breadcrumb","itemListElement":[{"@type":"ListItem","position":1,"name":"Home","item":"https:\/\/www.purhotmelt.com\/"},{"@type":"ListItem","position":2,"name":"HOT MELT PSA EHM 8936"}]}]}},"_links":{"self":[{"href":"https:\/\/www.purhotmelt.com\/nb\/wp-json\/wp\/v2\/pages\/163","targetHints":{"allow":["GET"]}}],"collection":[{"href":"https:\/\/www.purhotmelt.com\/nb\/wp-json\/wp\/v2\/pages"}],"about":[{"href":"https:\/\/www.purhotmelt.com\/nb\/wp-json\/wp\/v2\/types\/page"}],"author":[{"embeddable":true,"href":"https:\/\/www.purhotmelt.com\/nb\/wp-json\/wp\/v2\/users\/1"}],"replies":[{"embeddable":true,"href":"https:\/\/www.purhotmelt.com\/nb\/wp-json\/wp\/v2\/comments?post=163"}],"version-history":[{"count":1,"href":"https:\/\/www.purhotmelt.com\/nb\/wp-json\/wp\/v2\/pages\/163\/revisions"}],"predecessor-version":[{"id":165,"href":"https:\/\/www.purhotmelt.com\/nb\/wp-json\/wp\/v2\/pages\/163\/revisions\/165"}],"wp:attachment":[{"href":"https:\/\/www.purhotmelt.com\/nb\/wp-json\/wp\/v2\/media?parent=163"}],"curies":[{"name":"wp","href":"https:\/\/api.w.org\/{rel}","templated":true}]}}