{"id":169,"date":"2021-01-20T21:48:25","date_gmt":"2021-01-20T21:48:25","guid":{"rendered":"https:\/\/www.purhotmelt.com\/?page_id=169"},"modified":"2021-01-20T21:48:26","modified_gmt":"2021-01-20T21:48:26","slug":"product-assembly-hot-melt-adhesives","status":"publish","type":"page","link":"https:\/\/www.purhotmelt.com\/nb\/product-assembly-hot-melt-adhesives\/","title":{"rendered":"PRODUKTMONTERING VARMT SMELTLIM"},"content":{"rendered":"<h1 class=\"wp-block-heading\"><\/h1>\n\n\n\n<h3 class=\"wp-block-heading\">V\u00c5RE LIMER<\/h3>\n\n\n\n<ul class=\"wp-block-list\"><li>Lag usynlige obligasjoner<\/li><li>Tilby den beste saldoen for<ul><li>Produksjonseffektivitet<\/li><li>Relayable, konsistente produkter<\/li><li>Varighet<\/li><\/ul><\/li><li>Skape et sterkt b\u00e5nd<\/li><\/ul>\n\n\n\n<p>Produktmontering smeltelim gj\u00f8r det mulig for produsenter \u00e5 forbedre produktkvalitet, produksjonseffektivitet og estetiske utseende med sikker vedheft ved bruk&nbsp;<strong>Nei<\/strong>&nbsp;<del>negler<\/del>,<del>&nbsp;skruer<\/del>&nbsp;og andre fester som kan v\u00e6re stygge, kostbare \u00e5 montere og til og med skade sluttproduktet.<br><br>V\u00e5rt utvalg av smeltelim brukes til bilindustri for \u00e5 binde skum, akustiske kompositter, pynt, frontlederkomponenter og mange typer undermonteringsprodukter. Intercol utvikler kundelagde smeltelim for kritiske applikasjoner som for eksempel det globale telekommunikasjonskabelmarkedet.<br><br>Innen bygningsingeni\u00f8r og konstruksjonsapplikasjoner, liming av plast, partisjonering, isolasjon og anti-heve produkter. Det er utviklet et spesielt utvalg av smelter for hvitevarer og elektroniske applikasjoner. HMA for \u00e5 tette plugghull monterer kontrollpaneler, varmevekslere, varmluftstransport\u00f8rer og smelter for \u00e5 holde pakningene godt p\u00e5 plass. Innen filterindustrien elimineres mekaniske fester og plisseprosesser g\u00e5r raskere.<br><br>Siden smeltelim er ikke giftig og ikke l\u00f8semiddel, erstattes smeltelim som er l\u00f8sningsmiddelbaserte lim innen produksjon av madrasser, sitteplasser og m\u00f8bler, og blir i \u00f8kende grad brukt til \u00e5 danne pakninger in situ for \u00e5 gi betydelige tids- og kostnadsbesparelser.<\/p>\n\n\n\n<p>V\u00e5re limserier inkluderer:<\/p>\n\n\n\n<ul class=\"wp-block-list\"><li>Montering av bil smelter<\/li><li>Bygg og anleggsteknologi smeltelim<\/li><li>Hvitevarer og elektronikklim<\/li><li>Lim for filterproduksjon<\/li><li>Madrasser monteringslim<\/li><\/ul>","protected":false},"excerpt":{"rendered":"<p>OUR ADHESIVES Create invisible bonds Offer the best balance for Production efficiency Relialable, consistent products Durability [&hellip;]<\/p>","protected":false},"author":1,"featured_media":0,"parent":0,"menu_order":0,"comment_status":"closed","ping_status":"closed","template":"","meta":{"footnotes":""},"class_list":["post-169","page","type-page","status-publish","hentry"],"yoast_head":"<!-- This site is optimized with the Yoast SEO plugin v17.0 - https:\/\/yoast.com\/wordpress\/plugins\/seo\/ -->\n<title>PRODUCT ASSEMBLY HOT MELT ADHESIVES - PUR hot melt adhesives<\/title>\n<meta name=\"robots\" content=\"index, follow, max-snippet:-1, max-image-preview:large, max-video-preview:-1\" \/>\n<link rel=\"canonical\" href=\"https:\/\/www.purhotmelt.com\/nb\/product-assembly-hot-melt-adhesives\/\" \/>\n<meta property=\"og:locale\" content=\"nb_NO\" \/>\n<meta property=\"og:type\" content=\"article\" \/>\n<meta property=\"og:title\" content=\"PRODUCT ASSEMBLY HOT MELT ADHESIVES - PUR hot melt adhesives\" \/>\n<meta property=\"og:description\" content=\"OUR ADHESIVES Create invisible bonds Offer the best balance for Production efficiency Relialable, consistent products Durability [&hellip;]\" \/>\n<meta property=\"og:url\" content=\"https:\/\/www.purhotmelt.com\/nb\/product-assembly-hot-melt-adhesives\/\" \/>\n<meta property=\"og:site_name\" content=\"PUR hot melt adhesives\" \/>\n<meta property=\"article:modified_time\" content=\"2021-01-20T21:48:26+00:00\" \/>\n<meta name=\"twitter:card\" content=\"summary_large_image\" \/>\n<meta name=\"twitter:label1\" content=\"Ansl. lesetid\" \/>\n\t<meta name=\"twitter:data1\" content=\"1 minutt\" \/>\n<script type=\"application\/ld+json\" class=\"yoast-schema-graph\">{\"@context\":\"https:\/\/schema.org\",\"@graph\":[{\"@type\":\"WebSite\",\"@id\":\"https:\/\/www.purhotmelt.com\/#website\",\"url\":\"https:\/\/www.purhotmelt.com\/\",\"name\":\"PUR hot melt adhesives\",\"description\":\"Intercol: Specialist manufacturer\",\"potentialAction\":[{\"@type\":\"SearchAction\",\"target\":{\"@type\":\"EntryPoint\",\"urlTemplate\":\"https:\/\/www.purhotmelt.com\/?s={search_term_string}\"},\"query-input\":\"required name=search_term_string\"}],\"inLanguage\":\"nb-NO\"},{\"@type\":\"WebPage\",\"@id\":\"https:\/\/www.purhotmelt.com\/nb\/product-assembly-hot-melt-adhesives\/#webpage\",\"url\":\"https:\/\/www.purhotmelt.com\/nb\/product-assembly-hot-melt-adhesives\/\",\"name\":\"PRODUCT ASSEMBLY HOT MELT ADHESIVES - PUR hot melt adhesives\",\"isPartOf\":{\"@id\":\"https:\/\/www.purhotmelt.com\/#website\"},\"datePublished\":\"2021-01-20T21:48:25+00:00\",\"dateModified\":\"2021-01-20T21:48:26+00:00\",\"breadcrumb\":{\"@id\":\"https:\/\/www.purhotmelt.com\/nb\/product-assembly-hot-melt-adhesives\/#breadcrumb\"},\"inLanguage\":\"nb-NO\",\"potentialAction\":[{\"@type\":\"ReadAction\",\"target\":[\"https:\/\/www.purhotmelt.com\/nb\/product-assembly-hot-melt-adhesives\/\"]}]},{\"@type\":\"BreadcrumbList\",\"@id\":\"https:\/\/www.purhotmelt.com\/nb\/product-assembly-hot-melt-adhesives\/#breadcrumb\",\"itemListElement\":[{\"@type\":\"ListItem\",\"position\":1,\"name\":\"Home\",\"item\":\"https:\/\/www.purhotmelt.com\/\"},{\"@type\":\"ListItem\",\"position\":2,\"name\":\"PRODUCT ASSEMBLY HOT MELT ADHESIVES\"}]}]}<\/script>\n<!-- \/ Yoast SEO plugin. -->","yoast_head_json":{"title":"PRODUKTMONTERING VARME SMELTEMIDLER - PUR smeltelim","robots":{"index":"index","follow":"follow","max-snippet":"max-snippet:-1","max-image-preview":"max-image-preview:large","max-video-preview":"max-video-preview:-1"},"canonical":"https:\/\/www.purhotmelt.com\/nb\/product-assembly-hot-melt-adhesives\/","og_locale":"nb_NO","og_type":"article","og_title":"PRODUCT ASSEMBLY HOT MELT ADHESIVES - PUR hot melt adhesives","og_description":"OUR ADHESIVES Create invisible bonds Offer the best balance for Production efficiency Relialable, consistent products Durability [&hellip;]","og_url":"https:\/\/www.purhotmelt.com\/nb\/product-assembly-hot-melt-adhesives\/","og_site_name":"PUR hot melt adhesives","article_modified_time":"2021-01-20T21:48:26+00:00","twitter_card":"summary_large_image","twitter_misc":{"Ansl. lesetid":"1 minutt"},"schema":{"@context":"https:\/\/schema.org","@graph":[{"@type":"WebSite","@id":"https:\/\/www.purhotmelt.com\/#website","url":"https:\/\/www.purhotmelt.com\/","name":"PUR smeltelim","description":"Intercol: spesialprodusent","potentialAction":[{"@type":"SearchAction","target":{"@type":"EntryPoint","urlTemplate":"https:\/\/www.purhotmelt.com\/?s={search_term_string}"},"query-input":"required name=search_term_string"}],"inLanguage":"nb-NO"},{"@type":"WebPage","@id":"https:\/\/www.purhotmelt.com\/nb\/product-assembly-hot-melt-adhesives\/#webpage","url":"https:\/\/www.purhotmelt.com\/nb\/product-assembly-hot-melt-adhesives\/","name":"PRODUKTMONTERING VARME SMELTEMIDLER - PUR smeltelim","isPartOf":{"@id":"https:\/\/www.purhotmelt.com\/#website"},"datePublished":"2021-01-20T21:48:25+00:00","dateModified":"2021-01-20T21:48:26+00:00","breadcrumb":{"@id":"https:\/\/www.purhotmelt.com\/nb\/product-assembly-hot-melt-adhesives\/#breadcrumb"},"inLanguage":"nb-NO","potentialAction":[{"@type":"ReadAction","target":["https:\/\/www.purhotmelt.com\/nb\/product-assembly-hot-melt-adhesives\/"]}]},{"@type":"BreadcrumbList","@id":"https:\/\/www.purhotmelt.com\/nb\/product-assembly-hot-melt-adhesives\/#breadcrumb","itemListElement":[{"@type":"ListItem","position":1,"name":"Home","item":"https:\/\/www.purhotmelt.com\/"},{"@type":"ListItem","position":2,"name":"PRODUCT ASSEMBLY HOT MELT ADHESIVES"}]}]}},"_links":{"self":[{"href":"https:\/\/www.purhotmelt.com\/nb\/wp-json\/wp\/v2\/pages\/169","targetHints":{"allow":["GET"]}}],"collection":[{"href":"https:\/\/www.purhotmelt.com\/nb\/wp-json\/wp\/v2\/pages"}],"about":[{"href":"https:\/\/www.purhotmelt.com\/nb\/wp-json\/wp\/v2\/types\/page"}],"author":[{"embeddable":true,"href":"https:\/\/www.purhotmelt.com\/nb\/wp-json\/wp\/v2\/users\/1"}],"replies":[{"embeddable":true,"href":"https:\/\/www.purhotmelt.com\/nb\/wp-json\/wp\/v2\/comments?post=169"}],"version-history":[{"count":1,"href":"https:\/\/www.purhotmelt.com\/nb\/wp-json\/wp\/v2\/pages\/169\/revisions"}],"predecessor-version":[{"id":171,"href":"https:\/\/www.purhotmelt.com\/nb\/wp-json\/wp\/v2\/pages\/169\/revisions\/171"}],"wp:attachment":[{"href":"https:\/\/www.purhotmelt.com\/nb\/wp-json\/wp\/v2\/media?parent=169"}],"curies":[{"name":"wp","href":"https:\/\/api.w.org\/{rel}","templated":true}]}}