{"id":172,"date":"2021-01-20T21:49:21","date_gmt":"2021-01-20T21:49:21","guid":{"rendered":"https:\/\/www.purhotmelt.com\/?page_id=172"},"modified":"2021-01-20T21:49:22","modified_gmt":"2021-01-20T21:49:22","slug":"cardboard-glues","status":"publish","type":"page","link":"https:\/\/www.purhotmelt.com\/nb\/cardboard-glues\/","title":{"rendered":"KARTLIM"},"content":{"rendered":"<h1 class=\"wp-block-heading\"><\/h1>\n\n\n\n<p>For pappprodukter er det flere lim tilgjengelig<\/p>\n\n\n\n<ul class=\"wp-block-list\"><li>Standard vannbasert hvitt PVAc-lim (polyvinylacetat) &quot;trelim&quot;<\/li><li>PVA \/ PVOH (polyvinylalkohol) lim, spesielt i produksjonsprosesser. Disse limene er vannbaserte!<\/li><li>Varmesmeltelim, for rask montering og lukking \/ forsegling av kartonger<\/li><li>PUR Varmsmelting, for \u00e5 laminere f.eks. Bikake med et flatt lag for \u00e5 produsere konstruksjoner, som m\u00f8bler.<\/li><li>Dekstrinlim og stivelseslim er interessante lim for biologisk nedbrytbare og biobaserte form\u00e5l, da disse limene ofte er 100% basert p\u00e5 stivelse fra poteter, hvete og mais.<\/li><\/ul>","protected":false},"excerpt":{"rendered":"<p>For cardboard products, there are several adhesives available Standard waterbased\u00a0white PVAc glues\u00a0(polyvinyl acetate) \u201cwood glue\u201d PVA\/PVOH\u00a0(poly [&hellip;]<\/p>","protected":false},"author":1,"featured_media":0,"parent":0,"menu_order":0,"comment_status":"closed","ping_status":"closed","template":"","meta":{"footnotes":""},"class_list":["post-172","page","type-page","status-publish","hentry"],"yoast_head":"<!-- This site is optimized with the Yoast SEO plugin v17.0 - https:\/\/yoast.com\/wordpress\/plugins\/seo\/ -->\n<title>CARDBOARD GLUES - PUR hot melt adhesives<\/title>\n<meta name=\"robots\" content=\"index, follow, max-snippet:-1, max-image-preview:large, max-video-preview:-1\" \/>\n<link rel=\"canonical\" href=\"https:\/\/www.purhotmelt.com\/nb\/cardboard-glues\/\" \/>\n<meta property=\"og:locale\" content=\"nb_NO\" \/>\n<meta property=\"og:type\" content=\"article\" \/>\n<meta property=\"og:title\" content=\"CARDBOARD GLUES - PUR hot melt adhesives\" \/>\n<meta property=\"og:description\" content=\"For cardboard products, there are several adhesives available Standard waterbased\u00a0white PVAc glues\u00a0(polyvinyl acetate) \u201cwood glue\u201d PVA\/PVOH\u00a0(poly [&hellip;]\" \/>\n<meta property=\"og:url\" content=\"https:\/\/www.purhotmelt.com\/nb\/cardboard-glues\/\" \/>\n<meta property=\"og:site_name\" content=\"PUR hot melt adhesives\" \/>\n<meta property=\"article:modified_time\" content=\"2021-01-20T21:49:22+00:00\" \/>\n<meta name=\"twitter:card\" content=\"summary_large_image\" \/>\n<script type=\"application\/ld+json\" class=\"yoast-schema-graph\">{\"@context\":\"https:\/\/schema.org\",\"@graph\":[{\"@type\":\"WebSite\",\"@id\":\"https:\/\/www.purhotmelt.com\/#website\",\"url\":\"https:\/\/www.purhotmelt.com\/\",\"name\":\"PUR hot melt adhesives\",\"description\":\"Intercol: Specialist manufacturer\",\"potentialAction\":[{\"@type\":\"SearchAction\",\"target\":{\"@type\":\"EntryPoint\",\"urlTemplate\":\"https:\/\/www.purhotmelt.com\/?s={search_term_string}\"},\"query-input\":\"required name=search_term_string\"}],\"inLanguage\":\"nb-NO\"},{\"@type\":\"WebPage\",\"@id\":\"https:\/\/www.purhotmelt.com\/nb\/cardboard-glues\/#webpage\",\"url\":\"https:\/\/www.purhotmelt.com\/nb\/cardboard-glues\/\",\"name\":\"CARDBOARD GLUES - PUR hot melt adhesives\",\"isPartOf\":{\"@id\":\"https:\/\/www.purhotmelt.com\/#website\"},\"datePublished\":\"2021-01-20T21:49:21+00:00\",\"dateModified\":\"2021-01-20T21:49:22+00:00\",\"breadcrumb\":{\"@id\":\"https:\/\/www.purhotmelt.com\/nb\/cardboard-glues\/#breadcrumb\"},\"inLanguage\":\"nb-NO\",\"potentialAction\":[{\"@type\":\"ReadAction\",\"target\":[\"https:\/\/www.purhotmelt.com\/nb\/cardboard-glues\/\"]}]},{\"@type\":\"BreadcrumbList\",\"@id\":\"https:\/\/www.purhotmelt.com\/nb\/cardboard-glues\/#breadcrumb\",\"itemListElement\":[{\"@type\":\"ListItem\",\"position\":1,\"name\":\"Home\",\"item\":\"https:\/\/www.purhotmelt.com\/\"},{\"@type\":\"ListItem\",\"position\":2,\"name\":\"CARDBOARD GLUES\"}]}]}<\/script>\n<!-- \/ Yoast SEO plugin. -->","yoast_head_json":{"title":"CARDBOARD LIM - PUR smeltelim","robots":{"index":"index","follow":"follow","max-snippet":"max-snippet:-1","max-image-preview":"max-image-preview:large","max-video-preview":"max-video-preview:-1"},"canonical":"https:\/\/www.purhotmelt.com\/nb\/cardboard-glues\/","og_locale":"nb_NO","og_type":"article","og_title":"CARDBOARD GLUES - PUR hot melt adhesives","og_description":"For cardboard products, there are several adhesives available Standard waterbased\u00a0white PVAc glues\u00a0(polyvinyl acetate) \u201cwood glue\u201d PVA\/PVOH\u00a0(poly [&hellip;]","og_url":"https:\/\/www.purhotmelt.com\/nb\/cardboard-glues\/","og_site_name":"PUR hot melt adhesives","article_modified_time":"2021-01-20T21:49:22+00:00","twitter_card":"summary_large_image","schema":{"@context":"https:\/\/schema.org","@graph":[{"@type":"WebSite","@id":"https:\/\/www.purhotmelt.com\/#website","url":"https:\/\/www.purhotmelt.com\/","name":"PUR smeltelim","description":"Intercol: spesialprodusent","potentialAction":[{"@type":"SearchAction","target":{"@type":"EntryPoint","urlTemplate":"https:\/\/www.purhotmelt.com\/?s={search_term_string}"},"query-input":"required name=search_term_string"}],"inLanguage":"nb-NO"},{"@type":"WebPage","@id":"https:\/\/www.purhotmelt.com\/nb\/cardboard-glues\/#webpage","url":"https:\/\/www.purhotmelt.com\/nb\/cardboard-glues\/","name":"CARDBOARD LIM - PUR smeltelim","isPartOf":{"@id":"https:\/\/www.purhotmelt.com\/#website"},"datePublished":"2021-01-20T21:49:21+00:00","dateModified":"2021-01-20T21:49:22+00:00","breadcrumb":{"@id":"https:\/\/www.purhotmelt.com\/nb\/cardboard-glues\/#breadcrumb"},"inLanguage":"nb-NO","potentialAction":[{"@type":"ReadAction","target":["https:\/\/www.purhotmelt.com\/nb\/cardboard-glues\/"]}]},{"@type":"BreadcrumbList","@id":"https:\/\/www.purhotmelt.com\/nb\/cardboard-glues\/#breadcrumb","itemListElement":[{"@type":"ListItem","position":1,"name":"Home","item":"https:\/\/www.purhotmelt.com\/"},{"@type":"ListItem","position":2,"name":"CARDBOARD GLUES"}]}]}},"_links":{"self":[{"href":"https:\/\/www.purhotmelt.com\/nb\/wp-json\/wp\/v2\/pages\/172","targetHints":{"allow":["GET"]}}],"collection":[{"href":"https:\/\/www.purhotmelt.com\/nb\/wp-json\/wp\/v2\/pages"}],"about":[{"href":"https:\/\/www.purhotmelt.com\/nb\/wp-json\/wp\/v2\/types\/page"}],"author":[{"embeddable":true,"href":"https:\/\/www.purhotmelt.com\/nb\/wp-json\/wp\/v2\/users\/1"}],"replies":[{"embeddable":true,"href":"https:\/\/www.purhotmelt.com\/nb\/wp-json\/wp\/v2\/comments?post=172"}],"version-history":[{"count":1,"href":"https:\/\/www.purhotmelt.com\/nb\/wp-json\/wp\/v2\/pages\/172\/revisions"}],"predecessor-version":[{"id":174,"href":"https:\/\/www.purhotmelt.com\/nb\/wp-json\/wp\/v2\/pages\/172\/revisions\/174"}],"wp:attachment":[{"href":"https:\/\/www.purhotmelt.com\/nb\/wp-json\/wp\/v2\/media?parent=172"}],"curies":[{"name":"wp","href":"https:\/\/api.w.org\/{rel}","templated":true}]}}