{"id":175,"date":"2021-01-20T21:50:31","date_gmt":"2021-01-20T21:50:31","guid":{"rendered":"https:\/\/www.purhotmelt.com\/?page_id=175"},"modified":"2021-01-20T21:50:32","modified_gmt":"2021-01-20T21:50:32","slug":"toll-manufacturing-pva-pvac-pvoh","status":"publish","type":"page","link":"https:\/\/www.purhotmelt.com\/nb\/toll-manufacturing-pva-pvac-pvoh\/","title":{"rendered":"TOLLPRODUKSJON PVA PVAC PVOH"},"content":{"rendered":"<h1 class=\"wp-block-heading\"><\/h1>\n\n\n\n<p>Kombinasjonen av v\u00e5r kunnskap og ekspertise innen lim, kjemisk, kjemisk og industriell sektor, moderne effektive og omfattende produksjonsanlegg, en moderne egen lagerstyring og h\u00f8yeffektive produksjonsmetoder gj\u00f8r oss til en ideell strategisk partner for bompengeproduksjon. Vi kan blande og blande alle slags fibre, polymerer og vannbaserte produkter og videreutvikle produktet ditt for \u00e5 gj\u00f8re det mer effektivt i prosessen.<\/p>\n\n\n\n<figure class=\"wp-block-image\"><img decoding=\"async\" src=\"https:\/\/www.purhotmelt.com\/wp-content\/uploads\/2019\/05\/toll-manufacturing-PVOH-PVA-dispersion-1024x693.html\" alt=\"\" class=\"wp-image-559\"\/><\/figure>\n\n\n\n<p>Har du mangel p\u00e5 produksjonskapasitet? Intercol har omfattende ressurser tilgjengelig for raskt \u00e5 oppskalere den nye utviklingen eller produksjonsstoppene, vi gj\u00f8r det mulig for v\u00e5re kunder \u00e5 fokusere p\u00e5 kjernevirksomheten.<\/p>\n\n\n\n<p>Selvf\u00f8lgelig, med strenge vilk\u00e5r for konfidensialitet, er vi i stand til \u00e5 produsere (semi-) produserte vannbaserte kjemiske produkter og limprodukter for deg i henhold til din egen formel eller spesifikasjoner. Intercol har et omfattende nettverk av leverand\u00f8rer, og dermed kan vi tilby konkurransedyktig og rask st\u00f8tte for anskaffelse av r\u00e5varer, emballasje og \/ eller ompakking av ditt produkt, transport, eksport og sikkerhetsdokumentasjon, kvalitetskontroll og \/ eller betinget og til og med varm Oppbevaring. Vokse og fokusere p\u00e5 bedriftens kjernevirksomhet, vi hjelper deg med \u00e5 utvikle og produsere stabil kvalitet. Intercol er kjent som veldig fleksibel og evnen til \u00e5 h\u00e5ndtere raskt, der vi allerede m\u00f8tte og l\u00f8ste mange utfordringer siden 1972. Intercol g\u00e5r aldri p\u00e5 kompromiss med kvalitet eller p\u00e5litelighet. Vi er ogs\u00e5 helt oppdatert n\u00e5r det gjelder lovgivning og forskrifter.<\/p>\n\n\n\n<p>Ikke overbevist jet? Kontakt oss via e-post; info@intercol.nl eller telefon: +31 318 63 63 63<\/p>","protected":false},"excerpt":{"rendered":"<p>The combination of our knowledge and expertise in the adhesive, chemical, chemical and industrial sector, modern [&hellip;]<\/p>","protected":false},"author":1,"featured_media":0,"parent":0,"menu_order":0,"comment_status":"closed","ping_status":"closed","template":"","meta":{"footnotes":""},"class_list":["post-175","page","type-page","status-publish","hentry"],"yoast_head":"<!-- This site is optimized with the Yoast SEO plugin v17.0 - https:\/\/yoast.com\/wordpress\/plugins\/seo\/ -->\n<title>TOLL MANUFACTURING PVA PVAC PVOH - PUR hot melt adhesives<\/title>\n<meta name=\"robots\" content=\"index, follow, max-snippet:-1, max-image-preview:large, max-video-preview:-1\" \/>\n<link rel=\"canonical\" href=\"https:\/\/www.purhotmelt.com\/nb\/toll-manufacturing-pva-pvac-pvoh\/\" \/>\n<meta property=\"og:locale\" content=\"nb_NO\" \/>\n<meta property=\"og:type\" content=\"article\" \/>\n<meta property=\"og:title\" content=\"TOLL MANUFACTURING PVA PVAC PVOH - PUR hot melt adhesives\" \/>\n<meta property=\"og:description\" content=\"The combination of our knowledge and expertise in the adhesive, chemical, chemical and industrial sector, modern [&hellip;]\" \/>\n<meta property=\"og:url\" content=\"https:\/\/www.purhotmelt.com\/nb\/toll-manufacturing-pva-pvac-pvoh\/\" \/>\n<meta property=\"og:site_name\" content=\"PUR hot melt adhesives\" \/>\n<meta property=\"article:modified_time\" content=\"2021-01-20T21:50:32+00:00\" \/>\n<meta property=\"og:image\" content=\"https:\/\/www.purhotmelt.com\/wp-content\/uploads\/2019\/05\/toll-manufacturing-PVOH-PVA-dispersion-1024x693.html\" \/>\n<meta name=\"twitter:card\" content=\"summary_large_image\" \/>\n<meta name=\"twitter:label1\" content=\"Ansl. lesetid\" \/>\n\t<meta name=\"twitter:data1\" content=\"1 minutt\" \/>\n<script type=\"application\/ld+json\" class=\"yoast-schema-graph\">{\"@context\":\"https:\/\/schema.org\",\"@graph\":[{\"@type\":\"WebSite\",\"@id\":\"https:\/\/www.purhotmelt.com\/#website\",\"url\":\"https:\/\/www.purhotmelt.com\/\",\"name\":\"PUR hot melt adhesives\",\"description\":\"Intercol: Specialist manufacturer\",\"potentialAction\":[{\"@type\":\"SearchAction\",\"target\":{\"@type\":\"EntryPoint\",\"urlTemplate\":\"https:\/\/www.purhotmelt.com\/?s={search_term_string}\"},\"query-input\":\"required name=search_term_string\"}],\"inLanguage\":\"nb-NO\"},{\"@type\":\"ImageObject\",\"@id\":\"https:\/\/www.purhotmelt.com\/nb\/toll-manufacturing-pva-pvac-pvoh\/#primaryimage\",\"inLanguage\":\"nb-NO\",\"url\":\"https:\/\/www.purhotmelt.com\/wp-content\/uploads\/2019\/05\/toll-manufacturing-PVOH-PVA-dispersion-1024x693.html\",\"contentUrl\":\"https:\/\/www.purhotmelt.com\/wp-content\/uploads\/2019\/05\/toll-manufacturing-PVOH-PVA-dispersion-1024x693.html\"},{\"@type\":\"WebPage\",\"@id\":\"https:\/\/www.purhotmelt.com\/nb\/toll-manufacturing-pva-pvac-pvoh\/#webpage\",\"url\":\"https:\/\/www.purhotmelt.com\/nb\/toll-manufacturing-pva-pvac-pvoh\/\",\"name\":\"TOLL MANUFACTURING PVA PVAC PVOH - PUR hot melt adhesives\",\"isPartOf\":{\"@id\":\"https:\/\/www.purhotmelt.com\/#website\"},\"primaryImageOfPage\":{\"@id\":\"https:\/\/www.purhotmelt.com\/nb\/toll-manufacturing-pva-pvac-pvoh\/#primaryimage\"},\"datePublished\":\"2021-01-20T21:50:31+00:00\",\"dateModified\":\"2021-01-20T21:50:32+00:00\",\"breadcrumb\":{\"@id\":\"https:\/\/www.purhotmelt.com\/nb\/toll-manufacturing-pva-pvac-pvoh\/#breadcrumb\"},\"inLanguage\":\"nb-NO\",\"potentialAction\":[{\"@type\":\"ReadAction\",\"target\":[\"https:\/\/www.purhotmelt.com\/nb\/toll-manufacturing-pva-pvac-pvoh\/\"]}]},{\"@type\":\"BreadcrumbList\",\"@id\":\"https:\/\/www.purhotmelt.com\/nb\/toll-manufacturing-pva-pvac-pvoh\/#breadcrumb\",\"itemListElement\":[{\"@type\":\"ListItem\",\"position\":1,\"name\":\"Home\",\"item\":\"https:\/\/www.purhotmelt.com\/\"},{\"@type\":\"ListItem\",\"position\":2,\"name\":\"TOLL MANUFACTURING PVA PVAC PVOH\"}]}]}<\/script>\n<!-- \/ Yoast SEO plugin. -->","yoast_head_json":{"title":"TOLLPRODUKSJON PVA PVAC PVOH - PUR smeltelim","robots":{"index":"index","follow":"follow","max-snippet":"max-snippet:-1","max-image-preview":"max-image-preview:large","max-video-preview":"max-video-preview:-1"},"canonical":"https:\/\/www.purhotmelt.com\/nb\/toll-manufacturing-pva-pvac-pvoh\/","og_locale":"nb_NO","og_type":"article","og_title":"TOLL MANUFACTURING PVA PVAC PVOH - PUR hot melt adhesives","og_description":"The combination of our knowledge and expertise in the adhesive, chemical, chemical and industrial sector, modern [&hellip;]","og_url":"https:\/\/www.purhotmelt.com\/nb\/toll-manufacturing-pva-pvac-pvoh\/","og_site_name":"PUR hot melt adhesives","article_modified_time":"2021-01-20T21:50:32+00:00","og_image":[{"url":"https:\/\/www.purhotmelt.com\/wp-content\/uploads\/2019\/05\/toll-manufacturing-PVOH-PVA-dispersion-1024x693.html"}],"twitter_card":"summary_large_image","twitter_misc":{"Ansl. lesetid":"1 minutt"},"schema":{"@context":"https:\/\/schema.org","@graph":[{"@type":"WebSite","@id":"https:\/\/www.purhotmelt.com\/#website","url":"https:\/\/www.purhotmelt.com\/","name":"PUR smeltelim","description":"Intercol: spesialprodusent","potentialAction":[{"@type":"SearchAction","target":{"@type":"EntryPoint","urlTemplate":"https:\/\/www.purhotmelt.com\/?s={search_term_string}"},"query-input":"required name=search_term_string"}],"inLanguage":"nb-NO"},{"@type":"ImageObject","@id":"https:\/\/www.purhotmelt.com\/nb\/toll-manufacturing-pva-pvac-pvoh\/#primaryimage","inLanguage":"nb-NO","url":"https:\/\/www.purhotmelt.com\/wp-content\/uploads\/2019\/05\/toll-manufacturing-PVOH-PVA-dispersion-1024x693.html","contentUrl":"https:\/\/www.purhotmelt.com\/wp-content\/uploads\/2019\/05\/toll-manufacturing-PVOH-PVA-dispersion-1024x693.html"},{"@type":"WebPage","@id":"https:\/\/www.purhotmelt.com\/nb\/toll-manufacturing-pva-pvac-pvoh\/#webpage","url":"https:\/\/www.purhotmelt.com\/nb\/toll-manufacturing-pva-pvac-pvoh\/","name":"TOLLPRODUKSJON PVA PVAC PVOH - PUR smeltelim","isPartOf":{"@id":"https:\/\/www.purhotmelt.com\/#website"},"primaryImageOfPage":{"@id":"https:\/\/www.purhotmelt.com\/nb\/toll-manufacturing-pva-pvac-pvoh\/#primaryimage"},"datePublished":"2021-01-20T21:50:31+00:00","dateModified":"2021-01-20T21:50:32+00:00","breadcrumb":{"@id":"https:\/\/www.purhotmelt.com\/nb\/toll-manufacturing-pva-pvac-pvoh\/#breadcrumb"},"inLanguage":"nb-NO","potentialAction":[{"@type":"ReadAction","target":["https:\/\/www.purhotmelt.com\/nb\/toll-manufacturing-pva-pvac-pvoh\/"]}]},{"@type":"BreadcrumbList","@id":"https:\/\/www.purhotmelt.com\/nb\/toll-manufacturing-pva-pvac-pvoh\/#breadcrumb","itemListElement":[{"@type":"ListItem","position":1,"name":"Home","item":"https:\/\/www.purhotmelt.com\/"},{"@type":"ListItem","position":2,"name":"TOLL MANUFACTURING PVA PVAC PVOH"}]}]}},"_links":{"self":[{"href":"https:\/\/www.purhotmelt.com\/nb\/wp-json\/wp\/v2\/pages\/175","targetHints":{"allow":["GET"]}}],"collection":[{"href":"https:\/\/www.purhotmelt.com\/nb\/wp-json\/wp\/v2\/pages"}],"about":[{"href":"https:\/\/www.purhotmelt.com\/nb\/wp-json\/wp\/v2\/types\/page"}],"author":[{"embeddable":true,"href":"https:\/\/www.purhotmelt.com\/nb\/wp-json\/wp\/v2\/users\/1"}],"replies":[{"embeddable":true,"href":"https:\/\/www.purhotmelt.com\/nb\/wp-json\/wp\/v2\/comments?post=175"}],"version-history":[{"count":1,"href":"https:\/\/www.purhotmelt.com\/nb\/wp-json\/wp\/v2\/pages\/175\/revisions"}],"predecessor-version":[{"id":177,"href":"https:\/\/www.purhotmelt.com\/nb\/wp-json\/wp\/v2\/pages\/175\/revisions\/177"}],"wp:attachment":[{"href":"https:\/\/www.purhotmelt.com\/nb\/wp-json\/wp\/v2\/media?parent=175"}],"curies":[{"name":"wp","href":"https:\/\/api.w.org\/{rel}","templated":true}]}}