{"id":181,"date":"2021-01-20T21:53:09","date_gmt":"2021-01-20T21:53:09","guid":{"rendered":"https:\/\/www.purhotmelt.com\/?page_id=181"},"modified":"2021-01-20T21:53:10","modified_gmt":"2021-01-20T21:53:10","slug":"pva-pvoh-polyvinyl-alcohol","status":"publish","type":"page","link":"https:\/\/www.purhotmelt.com\/nb\/pva-pvoh-polyvinyl-alcohol\/","title":{"rendered":"PVA \/ PVOH, POLYVINYLALKOHOL"},"content":{"rendered":"<h1 class=\"wp-block-heading\"><\/h1>\n\n\n\n<p>Polyvinylalkohol er en vannl\u00f8selig syntetisk polymer.<\/p>\n\n\n\n<p>Polyvinylalkohol brukes i blant annet papirbelegg, h\u00e5rspray og lim. Men ogs\u00e5 i polyetylentereftalat (PET-flasker), i leker som lekekorn, kitt eller slim, i sanitetsh\u00e5ndkl\u00e6r og inkontinensprodukter, i filament for 3D-skrivere, og som et hylster for medisiner (hovedsakelig tabletter).<\/p>\n\n\n\n<h2 class=\"wp-block-heading\">PVA-BRUK I LIM<\/h2>\n\n\n\n<p>PVA lim brukes hovedsakelig i papirproduksjon, tekstilproduksjon, pappproduksjon og som belegg. PVOH er hvit i fast og fargel\u00f8s og luktfri n\u00e5r den er oppl\u00f8st i vann.<\/p>\n\n\n\n<h2 class=\"wp-block-heading\">PRODUKTUTVIKLING<\/h2>\n\n\n\n<p>Intercol tilbyr v\u00e5r tekniske kunnskap innen produksjon av flytende PVA-l\u00f8sninger og hjelper med \u00e5 utvikle produkter for v\u00e5re kunder.<\/p>\n\n\n\n<h2 class=\"wp-block-heading\">TOLLPRODUKSJON PVA L\u00d8SNINGER<\/h2>\n\n\n\n<p>Intercol tilbyr sitt produksjonssted og kvalitetsavdeling for\u00a0<a href=\"https:\/\/adhesive.intercol.eu\/en\/loonmengen\/\">bomproduksjon<\/a>t<a href=\"https:\/\/adhesive.intercol.eu\/en\/loonmengen\/\">uring<\/a>\u00a0form\u00e5l. Med spesifikke, for det meste vannl\u00f8selige industriprodukter.<\/p>","protected":false},"excerpt":{"rendered":"<p>Polyvinyl alcohol is a water-soluble synthetic polymer. Polyvinyl alcohol is used in, among other things, paper [&hellip;]<\/p>","protected":false},"author":1,"featured_media":0,"parent":0,"menu_order":0,"comment_status":"closed","ping_status":"closed","template":"","meta":{"footnotes":""},"class_list":["post-181","page","type-page","status-publish","hentry"],"yoast_head":"<!-- This site is optimized with the Yoast SEO plugin v17.0 - https:\/\/yoast.com\/wordpress\/plugins\/seo\/ -->\n<title>PVA\/PVOH, POLYVINYL ALCOHOL - PUR hot melt adhesives<\/title>\n<meta name=\"robots\" content=\"index, follow, max-snippet:-1, max-image-preview:large, max-video-preview:-1\" \/>\n<link rel=\"canonical\" href=\"https:\/\/www.purhotmelt.com\/nb\/pva-pvoh-polyvinyl-alcohol\/\" \/>\n<meta property=\"og:locale\" content=\"nb_NO\" \/>\n<meta property=\"og:type\" content=\"article\" \/>\n<meta property=\"og:title\" content=\"PVA\/PVOH, POLYVINYL ALCOHOL - PUR hot melt adhesives\" \/>\n<meta property=\"og:description\" content=\"Polyvinyl alcohol is a water-soluble synthetic polymer. Polyvinyl alcohol is used in, among other things, paper [&hellip;]\" \/>\n<meta property=\"og:url\" content=\"https:\/\/www.purhotmelt.com\/nb\/pva-pvoh-polyvinyl-alcohol\/\" \/>\n<meta property=\"og:site_name\" content=\"PUR hot melt adhesives\" \/>\n<meta property=\"article:modified_time\" content=\"2021-01-20T21:53:10+00:00\" \/>\n<meta name=\"twitter:card\" content=\"summary_large_image\" \/>\n<meta name=\"twitter:label1\" content=\"Ansl. lesetid\" \/>\n\t<meta name=\"twitter:data1\" content=\"1 minutt\" \/>\n<script type=\"application\/ld+json\" class=\"yoast-schema-graph\">{\"@context\":\"https:\/\/schema.org\",\"@graph\":[{\"@type\":\"WebSite\",\"@id\":\"https:\/\/www.purhotmelt.com\/#website\",\"url\":\"https:\/\/www.purhotmelt.com\/\",\"name\":\"PUR hot melt adhesives\",\"description\":\"Intercol: Specialist manufacturer\",\"potentialAction\":[{\"@type\":\"SearchAction\",\"target\":{\"@type\":\"EntryPoint\",\"urlTemplate\":\"https:\/\/www.purhotmelt.com\/?s={search_term_string}\"},\"query-input\":\"required name=search_term_string\"}],\"inLanguage\":\"nb-NO\"},{\"@type\":\"WebPage\",\"@id\":\"https:\/\/www.purhotmelt.com\/es\/pva-pvoh-polyvinyl-alcohol\/#webpage\",\"url\":\"https:\/\/www.purhotmelt.com\/es\/pva-pvoh-polyvinyl-alcohol\/\",\"name\":\"PVA\/PVOH, POLYVINYL ALCOHOL - PUR hot melt adhesives\",\"isPartOf\":{\"@id\":\"https:\/\/www.purhotmelt.com\/#website\"},\"datePublished\":\"2021-01-20T21:53:09+00:00\",\"dateModified\":\"2021-01-20T21:53:10+00:00\",\"breadcrumb\":{\"@id\":\"https:\/\/www.purhotmelt.com\/es\/pva-pvoh-polyvinyl-alcohol\/#breadcrumb\"},\"inLanguage\":\"nb-NO\",\"potentialAction\":[{\"@type\":\"ReadAction\",\"target\":[\"https:\/\/www.purhotmelt.com\/es\/pva-pvoh-polyvinyl-alcohol\/\"]}]},{\"@type\":\"BreadcrumbList\",\"@id\":\"https:\/\/www.purhotmelt.com\/es\/pva-pvoh-polyvinyl-alcohol\/#breadcrumb\",\"itemListElement\":[{\"@type\":\"ListItem\",\"position\":1,\"name\":\"Home\",\"item\":\"https:\/\/www.purhotmelt.com\/\"},{\"@type\":\"ListItem\",\"position\":2,\"name\":\"PVA\/PVOH, POLYVINYL ALCOHOL\"}]}]}<\/script>\n<!-- \/ Yoast SEO plugin. -->","yoast_head_json":{"title":"PVA\/PVOH, POLYVINYL ALKOHOL - PUR smeltelim","robots":{"index":"index","follow":"follow","max-snippet":"max-snippet:-1","max-image-preview":"max-image-preview:large","max-video-preview":"max-video-preview:-1"},"canonical":"https:\/\/www.purhotmelt.com\/nb\/pva-pvoh-polyvinyl-alcohol\/","og_locale":"nb_NO","og_type":"article","og_title":"PVA\/PVOH, POLYVINYL ALCOHOL - PUR hot melt adhesives","og_description":"Polyvinyl alcohol is a water-soluble synthetic polymer. Polyvinyl alcohol is used in, among other things, paper [&hellip;]","og_url":"https:\/\/www.purhotmelt.com\/nb\/pva-pvoh-polyvinyl-alcohol\/","og_site_name":"PUR hot melt adhesives","article_modified_time":"2021-01-20T21:53:10+00:00","twitter_card":"summary_large_image","twitter_misc":{"Ansl. lesetid":"1 minutt"},"schema":{"@context":"https:\/\/schema.org","@graph":[{"@type":"WebSite","@id":"https:\/\/www.purhotmelt.com\/#website","url":"https:\/\/www.purhotmelt.com\/","name":"PUR smeltelim","description":"Intercol: spesialprodusent","potentialAction":[{"@type":"SearchAction","target":{"@type":"EntryPoint","urlTemplate":"https:\/\/www.purhotmelt.com\/?s={search_term_string}"},"query-input":"required name=search_term_string"}],"inLanguage":"nb-NO"},{"@type":"WebPage","@id":"https:\/\/www.purhotmelt.com\/es\/pva-pvoh-polyvinyl-alcohol\/#webpage","url":"https:\/\/www.purhotmelt.com\/es\/pva-pvoh-polyvinyl-alcohol\/","name":"PVA\/PVOH, POLYVINYL ALKOHOL - PUR smeltelim","isPartOf":{"@id":"https:\/\/www.purhotmelt.com\/#website"},"datePublished":"2021-01-20T21:53:09+00:00","dateModified":"2021-01-20T21:53:10+00:00","breadcrumb":{"@id":"https:\/\/www.purhotmelt.com\/es\/pva-pvoh-polyvinyl-alcohol\/#breadcrumb"},"inLanguage":"nb-NO","potentialAction":[{"@type":"ReadAction","target":["https:\/\/www.purhotmelt.com\/es\/pva-pvoh-polyvinyl-alcohol\/"]}]},{"@type":"BreadcrumbList","@id":"https:\/\/www.purhotmelt.com\/es\/pva-pvoh-polyvinyl-alcohol\/#breadcrumb","itemListElement":[{"@type":"ListItem","position":1,"name":"Home","item":"https:\/\/www.purhotmelt.com\/"},{"@type":"ListItem","position":2,"name":"PVA\/PVOH, POLYVINYL ALCOHOL"}]}]}},"_links":{"self":[{"href":"https:\/\/www.purhotmelt.com\/nb\/wp-json\/wp\/v2\/pages\/181","targetHints":{"allow":["GET"]}}],"collection":[{"href":"https:\/\/www.purhotmelt.com\/nb\/wp-json\/wp\/v2\/pages"}],"about":[{"href":"https:\/\/www.purhotmelt.com\/nb\/wp-json\/wp\/v2\/types\/page"}],"author":[{"embeddable":true,"href":"https:\/\/www.purhotmelt.com\/nb\/wp-json\/wp\/v2\/users\/1"}],"replies":[{"embeddable":true,"href":"https:\/\/www.purhotmelt.com\/nb\/wp-json\/wp\/v2\/comments?post=181"}],"version-history":[{"count":1,"href":"https:\/\/www.purhotmelt.com\/nb\/wp-json\/wp\/v2\/pages\/181\/revisions"}],"predecessor-version":[{"id":183,"href":"https:\/\/www.purhotmelt.com\/nb\/wp-json\/wp\/v2\/pages\/181\/revisions\/183"}],"wp:attachment":[{"href":"https:\/\/www.purhotmelt.com\/nb\/wp-json\/wp\/v2\/media?parent=181"}],"curies":[{"name":"wp","href":"https:\/\/api.w.org\/{rel}","templated":true}]}}