{"id":190,"date":"2021-01-20T21:56:06","date_gmt":"2021-01-20T21:56:06","guid":{"rendered":"https:\/\/www.purhotmelt.com\/?page_id=190"},"modified":"2021-01-20T21:56:07","modified_gmt":"2021-01-20T21:56:07","slug":"hot-glue-melting-point","status":"publish","type":"page","link":"https:\/\/www.purhotmelt.com\/nb\/hot-glue-melting-point\/","title":{"rendered":"VARMT SMELTPUNKT"},"content":{"rendered":"<h1 class=\"wp-block-heading\"><\/h1>\n\n\n\n<p>Smeltepunktet til et smeltelim er det punktet hvor en st\u00e5lkule ikke lenger kan b\u00e6res av en varm smeltefilm. Smeltepunktet, eller smelteoppf\u00f8rselen, kan v\u00e6re en indikasjon p\u00e5:<\/p>\n\n\n\n<ul class=\"wp-block-list\"><li>Den minimale tanktemperaturen<\/li><li>Maksimal varmebestandighet<\/li><li>Den kjemiske sammensetningen<\/li><\/ul>\n\n\n\n<p>Smeltepunktet er ikke en verdi for:<\/p>\n\n\n\n<ul class=\"wp-block-list\"><li>Smelteflowindeks<\/li><li>Varme motstand<\/li><li>P\u00e5f\u00f8ringstemperatur<\/li><\/ul>\n\n\n\n<p>Annen interessant terminilogi om smeltelim<\/p>\n\n\n\n<ul class=\"wp-block-list\"><li>viskositet<\/li><li>knytte b\u00e5nd<\/li><li>kjemisk oppbygning<\/li><li>\u00e5pen tid<\/li><li>innstillingshastighet<\/li><\/ul>","protected":false},"excerpt":{"rendered":"<p>The melting point of a hot melt adhesive is the point where a steel ball cannot [&hellip;]<\/p>","protected":false},"author":1,"featured_media":0,"parent":0,"menu_order":0,"comment_status":"closed","ping_status":"closed","template":"","meta":{"footnotes":""},"class_list":["post-190","page","type-page","status-publish","hentry"],"yoast_head":"<!-- This site is optimized with the Yoast SEO plugin v17.0 - https:\/\/yoast.com\/wordpress\/plugins\/seo\/ -->\n<title>HOT GLUE MELTING POINT - PUR hot melt adhesives<\/title>\n<meta name=\"robots\" content=\"index, follow, max-snippet:-1, max-image-preview:large, max-video-preview:-1\" \/>\n<link rel=\"canonical\" href=\"https:\/\/www.purhotmelt.com\/nb\/hot-glue-melting-point\/\" \/>\n<meta property=\"og:locale\" content=\"nb_NO\" \/>\n<meta property=\"og:type\" content=\"article\" \/>\n<meta property=\"og:title\" content=\"HOT GLUE MELTING POINT - PUR hot melt adhesives\" \/>\n<meta property=\"og:description\" content=\"The melting point of a hot melt adhesive is the point where a steel ball cannot [&hellip;]\" \/>\n<meta property=\"og:url\" content=\"https:\/\/www.purhotmelt.com\/nb\/hot-glue-melting-point\/\" \/>\n<meta property=\"og:site_name\" content=\"PUR hot melt adhesives\" \/>\n<meta property=\"article:modified_time\" content=\"2021-01-20T21:56:07+00:00\" \/>\n<meta name=\"twitter:card\" content=\"summary_large_image\" \/>\n<script type=\"application\/ld+json\" class=\"yoast-schema-graph\">{\"@context\":\"https:\/\/schema.org\",\"@graph\":[{\"@type\":\"WebSite\",\"@id\":\"https:\/\/www.purhotmelt.com\/#website\",\"url\":\"https:\/\/www.purhotmelt.com\/\",\"name\":\"PUR hot melt adhesives\",\"description\":\"Intercol: Specialist manufacturer\",\"potentialAction\":[{\"@type\":\"SearchAction\",\"target\":{\"@type\":\"EntryPoint\",\"urlTemplate\":\"https:\/\/www.purhotmelt.com\/?s={search_term_string}\"},\"query-input\":\"required name=search_term_string\"}],\"inLanguage\":\"nb-NO\"},{\"@type\":\"WebPage\",\"@id\":\"https:\/\/www.purhotmelt.com\/nb\/hot-glue-melting-point\/#webpage\",\"url\":\"https:\/\/www.purhotmelt.com\/nb\/hot-glue-melting-point\/\",\"name\":\"HOT GLUE MELTING POINT - PUR hot melt adhesives\",\"isPartOf\":{\"@id\":\"https:\/\/www.purhotmelt.com\/#website\"},\"datePublished\":\"2021-01-20T21:56:06+00:00\",\"dateModified\":\"2021-01-20T21:56:07+00:00\",\"breadcrumb\":{\"@id\":\"https:\/\/www.purhotmelt.com\/nb\/hot-glue-melting-point\/#breadcrumb\"},\"inLanguage\":\"nb-NO\",\"potentialAction\":[{\"@type\":\"ReadAction\",\"target\":[\"https:\/\/www.purhotmelt.com\/nb\/hot-glue-melting-point\/\"]}]},{\"@type\":\"BreadcrumbList\",\"@id\":\"https:\/\/www.purhotmelt.com\/nb\/hot-glue-melting-point\/#breadcrumb\",\"itemListElement\":[{\"@type\":\"ListItem\",\"position\":1,\"name\":\"Home\",\"item\":\"https:\/\/www.purhotmelt.com\/\"},{\"@type\":\"ListItem\",\"position\":2,\"name\":\"HOT GLUE MELTING POINT\"}]}]}<\/script>\n<!-- \/ Yoast SEO plugin. -->","yoast_head_json":{"title":"VARME LIM SMELTNINGSPUNKT - PUR smeltelim","robots":{"index":"index","follow":"follow","max-snippet":"max-snippet:-1","max-image-preview":"max-image-preview:large","max-video-preview":"max-video-preview:-1"},"canonical":"https:\/\/www.purhotmelt.com\/nb\/hot-glue-melting-point\/","og_locale":"nb_NO","og_type":"article","og_title":"HOT GLUE MELTING POINT - PUR hot melt adhesives","og_description":"The melting point of a hot melt adhesive is the point where a steel ball cannot [&hellip;]","og_url":"https:\/\/www.purhotmelt.com\/nb\/hot-glue-melting-point\/","og_site_name":"PUR hot melt adhesives","article_modified_time":"2021-01-20T21:56:07+00:00","twitter_card":"summary_large_image","schema":{"@context":"https:\/\/schema.org","@graph":[{"@type":"WebSite","@id":"https:\/\/www.purhotmelt.com\/#website","url":"https:\/\/www.purhotmelt.com\/","name":"PUR smeltelim","description":"Intercol: spesialprodusent","potentialAction":[{"@type":"SearchAction","target":{"@type":"EntryPoint","urlTemplate":"https:\/\/www.purhotmelt.com\/?s={search_term_string}"},"query-input":"required name=search_term_string"}],"inLanguage":"nb-NO"},{"@type":"WebPage","@id":"https:\/\/www.purhotmelt.com\/nb\/hot-glue-melting-point\/#webpage","url":"https:\/\/www.purhotmelt.com\/nb\/hot-glue-melting-point\/","name":"VARME LIM SMELTNINGSPUNKT - PUR smeltelim","isPartOf":{"@id":"https:\/\/www.purhotmelt.com\/#website"},"datePublished":"2021-01-20T21:56:06+00:00","dateModified":"2021-01-20T21:56:07+00:00","breadcrumb":{"@id":"https:\/\/www.purhotmelt.com\/nb\/hot-glue-melting-point\/#breadcrumb"},"inLanguage":"nb-NO","potentialAction":[{"@type":"ReadAction","target":["https:\/\/www.purhotmelt.com\/nb\/hot-glue-melting-point\/"]}]},{"@type":"BreadcrumbList","@id":"https:\/\/www.purhotmelt.com\/nb\/hot-glue-melting-point\/#breadcrumb","itemListElement":[{"@type":"ListItem","position":1,"name":"Home","item":"https:\/\/www.purhotmelt.com\/"},{"@type":"ListItem","position":2,"name":"HOT GLUE MELTING POINT"}]}]}},"_links":{"self":[{"href":"https:\/\/www.purhotmelt.com\/nb\/wp-json\/wp\/v2\/pages\/190","targetHints":{"allow":["GET"]}}],"collection":[{"href":"https:\/\/www.purhotmelt.com\/nb\/wp-json\/wp\/v2\/pages"}],"about":[{"href":"https:\/\/www.purhotmelt.com\/nb\/wp-json\/wp\/v2\/types\/page"}],"author":[{"embeddable":true,"href":"https:\/\/www.purhotmelt.com\/nb\/wp-json\/wp\/v2\/users\/1"}],"replies":[{"embeddable":true,"href":"https:\/\/www.purhotmelt.com\/nb\/wp-json\/wp\/v2\/comments?post=190"}],"version-history":[{"count":1,"href":"https:\/\/www.purhotmelt.com\/nb\/wp-json\/wp\/v2\/pages\/190\/revisions"}],"predecessor-version":[{"id":192,"href":"https:\/\/www.purhotmelt.com\/nb\/wp-json\/wp\/v2\/pages\/190\/revisions\/192"}],"wp:attachment":[{"href":"https:\/\/www.purhotmelt.com\/nb\/wp-json\/wp\/v2\/media?parent=190"}],"curies":[{"name":"wp","href":"https:\/\/api.w.org\/{rel}","templated":true}]}}