{"id":196,"date":"2021-01-20T21:58:06","date_gmt":"2021-01-20T21:58:06","guid":{"rendered":"https:\/\/www.purhotmelt.com\/?page_id=196"},"modified":"2021-01-20T21:58:07","modified_gmt":"2021-01-20T21:58:07","slug":"gluing-process","status":"publish","type":"page","link":"https:\/\/www.purhotmelt.com\/nb\/gluing-process\/","title":{"rendered":"Limprosess"},"content":{"rendered":"<h1 class=\"wp-block-heading\"><\/h1>\n\n\n\n<p>Liming p\u00e5g\u00e5r, mest effektiv behandling, det er et av hovedm\u00e5lene vi skal oppn\u00e5 hos v\u00e5re kunder. Mer effektiv behandling ved \u00e5 bruke de beste limene. Ingen rengj\u00f8ring, ingen sprut, hver kartong og hvert panel 100% limt i riktig posisjon, 100.000 eller 10.000.000 stykker uten limfeil. Over det kan limene v\u00e5re lages med spesielle p\u00e5visningsv\u00e6sker, ogs\u00e5 matsikre kvaliteter, for \u00e5 sjekke om limet virkelig befinner seg i de tiltenkte posisjonene, i de tiltenkte mengdene.<\/p>\n\n\n\n<h2 class=\"wp-block-heading\">FOLDING Cartons<\/h2>\n\n\n\n<p>Vannbaserte og smelteliml\u00f8sninger kan brukes til folding av kartongapplikasjoner. Intercols lim kan forbedre produksjonen for konstruksjon av sammenleggbare bokser. Produktets sluttkvalitet kan avhenge av p\u00e5virkningen fra limets interaksjon med papp, overflatekvalitet, lakk, belegg og trykkfarge. Sammen med v\u00e5re kunder tilbyr vi p\u00e5litelig liming p\u00e5 alle slags overflater, og en p\u00e5litelig prosess. Intercol tilbyr et komplett utvalg av vannbaserte lim og smeltelim, og sammen med v\u00e5r tekniske support tilbyr vi \u00f8kte linjehastigheter, forbedret brettkvalitet og reduserer total kostnad i bruk.<br>V\u00e5re lim:<\/p>\n\n\n\n<ul class=\"wp-block-list\"><li>Er presise anvendelige<\/li><li>Gi p\u00e5litelig liming<\/li><li>Tilbyr h\u00f8ye skj\u00e6rstyrker<\/li><li>Er maskintilpasset i viskositet, t\u00f8rkehastighet og reologi.<\/li><li>Kan v\u00e6re lett \u00e5 rengj\u00f8re, isvannbestandig, farget<\/li><\/ul>\n\n\n\n<h2 class=\"wp-block-heading\">WINDOW PATCHING<\/h2>\n\n\n\n<p>De fleste vannbaserte lim for lim til konvolutter er<br>kopolymerdispersjoner. Disse limene kan p\u00e5f\u00f8res med en rulle- eller jettingapplikasjon og brukes til liming av forskjellige typer plastfilmer. Praktiske eksempler er konvoluttvinduer og detaljhandel, mat og ikke-mat applikasjoner. Sterke og b\u00f8yde vinduer er ogs\u00e5 en av spesialitetene i dette omr\u00e5det.<\/p>","protected":false},"excerpt":{"rendered":"<p>Gluing in progress, most effici\u00ebnt processing, that\u2019s one of our main goals to achieve at our [&hellip;]<\/p>","protected":false},"author":1,"featured_media":0,"parent":0,"menu_order":0,"comment_status":"closed","ping_status":"closed","template":"","meta":{"footnotes":""},"class_list":["post-196","page","type-page","status-publish","hentry"],"yoast_head":"<!-- This site is optimized with the Yoast SEO plugin v17.0 - https:\/\/yoast.com\/wordpress\/plugins\/seo\/ -->\n<title>GLUING PROCESS - PUR hot melt adhesives<\/title>\n<meta name=\"robots\" content=\"index, follow, max-snippet:-1, max-image-preview:large, max-video-preview:-1\" \/>\n<link rel=\"canonical\" href=\"https:\/\/www.purhotmelt.com\/nb\/gluing-process\/\" \/>\n<meta property=\"og:locale\" content=\"nb_NO\" \/>\n<meta property=\"og:type\" content=\"article\" \/>\n<meta property=\"og:title\" content=\"GLUING PROCESS - PUR hot melt adhesives\" \/>\n<meta property=\"og:description\" content=\"Gluing in progress, most effici\u00ebnt processing, that\u2019s one of our main goals to achieve at our [&hellip;]\" \/>\n<meta property=\"og:url\" content=\"https:\/\/www.purhotmelt.com\/nb\/gluing-process\/\" \/>\n<meta property=\"og:site_name\" content=\"PUR hot melt adhesives\" \/>\n<meta property=\"article:modified_time\" content=\"2021-01-20T21:58:07+00:00\" \/>\n<meta name=\"twitter:card\" content=\"summary_large_image\" \/>\n<meta name=\"twitter:label1\" content=\"Ansl. lesetid\" \/>\n\t<meta name=\"twitter:data1\" content=\"1 minutt\" \/>\n<script type=\"application\/ld+json\" class=\"yoast-schema-graph\">{\"@context\":\"https:\/\/schema.org\",\"@graph\":[{\"@type\":\"WebSite\",\"@id\":\"https:\/\/www.purhotmelt.com\/#website\",\"url\":\"https:\/\/www.purhotmelt.com\/\",\"name\":\"PUR hot melt adhesives\",\"description\":\"Intercol: Specialist manufacturer\",\"potentialAction\":[{\"@type\":\"SearchAction\",\"target\":{\"@type\":\"EntryPoint\",\"urlTemplate\":\"https:\/\/www.purhotmelt.com\/?s={search_term_string}\"},\"query-input\":\"required name=search_term_string\"}],\"inLanguage\":\"nb-NO\"},{\"@type\":\"WebPage\",\"@id\":\"https:\/\/www.purhotmelt.com\/nb\/gluing-process\/#webpage\",\"url\":\"https:\/\/www.purhotmelt.com\/nb\/gluing-process\/\",\"name\":\"GLUING PROCESS - PUR hot melt adhesives\",\"isPartOf\":{\"@id\":\"https:\/\/www.purhotmelt.com\/#website\"},\"datePublished\":\"2021-01-20T21:58:06+00:00\",\"dateModified\":\"2021-01-20T21:58:07+00:00\",\"breadcrumb\":{\"@id\":\"https:\/\/www.purhotmelt.com\/nb\/gluing-process\/#breadcrumb\"},\"inLanguage\":\"nb-NO\",\"potentialAction\":[{\"@type\":\"ReadAction\",\"target\":[\"https:\/\/www.purhotmelt.com\/nb\/gluing-process\/\"]}]},{\"@type\":\"BreadcrumbList\",\"@id\":\"https:\/\/www.purhotmelt.com\/nb\/gluing-process\/#breadcrumb\",\"itemListElement\":[{\"@type\":\"ListItem\",\"position\":1,\"name\":\"Home\",\"item\":\"https:\/\/www.purhotmelt.com\/\"},{\"@type\":\"ListItem\",\"position\":2,\"name\":\"GLUING PROCESS\"}]}]}<\/script>\n<!-- \/ Yoast SEO plugin. -->","yoast_head_json":{"title":"Limeprosess - PUR smeltelim","robots":{"index":"index","follow":"follow","max-snippet":"max-snippet:-1","max-image-preview":"max-image-preview:large","max-video-preview":"max-video-preview:-1"},"canonical":"https:\/\/www.purhotmelt.com\/nb\/gluing-process\/","og_locale":"nb_NO","og_type":"article","og_title":"GLUING PROCESS - PUR hot melt adhesives","og_description":"Gluing in progress, most effici\u00ebnt processing, that\u2019s one of our main goals to achieve at our [&hellip;]","og_url":"https:\/\/www.purhotmelt.com\/nb\/gluing-process\/","og_site_name":"PUR hot melt adhesives","article_modified_time":"2021-01-20T21:58:07+00:00","twitter_card":"summary_large_image","twitter_misc":{"Ansl. lesetid":"1 minutt"},"schema":{"@context":"https:\/\/schema.org","@graph":[{"@type":"WebSite","@id":"https:\/\/www.purhotmelt.com\/#website","url":"https:\/\/www.purhotmelt.com\/","name":"PUR smeltelim","description":"Intercol: spesialprodusent","potentialAction":[{"@type":"SearchAction","target":{"@type":"EntryPoint","urlTemplate":"https:\/\/www.purhotmelt.com\/?s={search_term_string}"},"query-input":"required name=search_term_string"}],"inLanguage":"nb-NO"},{"@type":"WebPage","@id":"https:\/\/www.purhotmelt.com\/nb\/gluing-process\/#webpage","url":"https:\/\/www.purhotmelt.com\/nb\/gluing-process\/","name":"Limeprosess - PUR smeltelim","isPartOf":{"@id":"https:\/\/www.purhotmelt.com\/#website"},"datePublished":"2021-01-20T21:58:06+00:00","dateModified":"2021-01-20T21:58:07+00:00","breadcrumb":{"@id":"https:\/\/www.purhotmelt.com\/nb\/gluing-process\/#breadcrumb"},"inLanguage":"nb-NO","potentialAction":[{"@type":"ReadAction","target":["https:\/\/www.purhotmelt.com\/nb\/gluing-process\/"]}]},{"@type":"BreadcrumbList","@id":"https:\/\/www.purhotmelt.com\/nb\/gluing-process\/#breadcrumb","itemListElement":[{"@type":"ListItem","position":1,"name":"Home","item":"https:\/\/www.purhotmelt.com\/"},{"@type":"ListItem","position":2,"name":"GLUING PROCESS"}]}]}},"_links":{"self":[{"href":"https:\/\/www.purhotmelt.com\/nb\/wp-json\/wp\/v2\/pages\/196","targetHints":{"allow":["GET"]}}],"collection":[{"href":"https:\/\/www.purhotmelt.com\/nb\/wp-json\/wp\/v2\/pages"}],"about":[{"href":"https:\/\/www.purhotmelt.com\/nb\/wp-json\/wp\/v2\/types\/page"}],"author":[{"embeddable":true,"href":"https:\/\/www.purhotmelt.com\/nb\/wp-json\/wp\/v2\/users\/1"}],"replies":[{"embeddable":true,"href":"https:\/\/www.purhotmelt.com\/nb\/wp-json\/wp\/v2\/comments?post=196"}],"version-history":[{"count":1,"href":"https:\/\/www.purhotmelt.com\/nb\/wp-json\/wp\/v2\/pages\/196\/revisions"}],"predecessor-version":[{"id":198,"href":"https:\/\/www.purhotmelt.com\/nb\/wp-json\/wp\/v2\/pages\/196\/revisions\/198"}],"wp:attachment":[{"href":"https:\/\/www.purhotmelt.com\/nb\/wp-json\/wp\/v2\/media?parent=196"}],"curies":[{"name":"wp","href":"https:\/\/api.w.org\/{rel}","templated":true}]}}