{"id":199,"date":"2021-01-20T21:59:03","date_gmt":"2021-01-20T21:59:03","guid":{"rendered":"https:\/\/www.purhotmelt.com\/?page_id=199"},"modified":"2021-01-20T21:59:04","modified_gmt":"2021-01-20T21:59:04","slug":"case-erector-hot-melt-adhesives","status":"publish","type":"page","link":"https:\/\/www.purhotmelt.com\/nb\/case-erector-hot-melt-adhesives\/","title":{"rendered":"CASE EREKTOR VARMT SMELTLIM"},"content":{"rendered":"<h1 class=\"wp-block-heading\"><\/h1>\n\n\n\n<p>For optimal holdbarhet, p\u00e5litelighet og verdi, er Intercols polyolefinsmeltesortiment perfekt for \u00e5 lime og opprette b\u00f8lgepapp og lukke bunnklaffene med smeltelim. Disse smeltep\u00f8lene og p\u00e6rene vil lett str\u00f8mme gjennom Nordson ProBlue Liberty \u2122 smeltesystemer, og smeltelim p\u00e5f\u00f8res direkte p\u00e5 dekselklaffene og skaper en sterk, stiv binding som bidrar til at boksene forblir intakte og innholdet er sikkert hele tiden.<\/p>\n\n\n\n<h1 class=\"wp-block-heading\">POLYOLEFIN HOT MELT RANGE<\/h1>\n\n\n\n<p>Beardow Adams High-Performance Hotmelt Range for emballasjeapplikasjoner<\/p>\n\n\n\n<p>Futura har et utvalg som inkluderer kraftige spesiallimer med utmerkede egenskaper med hensyn til bindingsstyrke, kj\u00f8relengde, applikasjonskostnader og sikkerhet. Https:\/\/www.purhotmelt.com\/www.youtube.com\/embed\/5TpVFEds3EM2c882c88.html? Start = 1 &amp; feature = oembedPolyolefine hot smelt p\u00e5 en brettmonterende maskin i sakte film<\/p>\n\n\n\n<p><strong>Kundenes fordeler:<\/strong><\/p>\n\n\n\n<ul class=\"wp-block-list\"><li>Utmerket b\u00e5ndstyrke<\/li><li>Mindre vedlikeholdsinnsats, mindre driftstider takket v\u00e6re ekstremt termostabile limformuleringer<\/li><li>Gjennomsnittlig forbruk opp til 30% lavere enn konvensjonelle hotmelts<\/li><li>Enest\u00e5ende kulde fleksibilitet og varmebestandighet<\/li><li>Super rask innstilling.<\/li><\/ul>\n\n\n\n<p>Tillat korte komprimeringstider, v\u00e5re polyolefine smeltelim s\u00f8rger for tette, sikre, sterke tetninger p\u00e5 det bredeste spekteret av koffertst\u00f8rrelser og stiler.<\/p>","protected":false},"excerpt":{"rendered":"<p>For optimal durability, reliability and value, Intercol\u2019s\u00a0polyolefin hot melt range\u00a0is perfect to glue and erect corrugated [&hellip;]<\/p>","protected":false},"author":1,"featured_media":0,"parent":0,"menu_order":0,"comment_status":"closed","ping_status":"closed","template":"","meta":{"footnotes":""},"class_list":["post-199","page","type-page","status-publish","hentry"],"yoast_head":"<!-- This site is optimized with the Yoast SEO plugin v17.0 - https:\/\/yoast.com\/wordpress\/plugins\/seo\/ -->\n<title>CASE ERECTOR HOT MELT ADHESIVES - PUR hot melt adhesives<\/title>\n<meta name=\"robots\" content=\"index, follow, max-snippet:-1, max-image-preview:large, max-video-preview:-1\" \/>\n<link rel=\"canonical\" href=\"https:\/\/www.purhotmelt.com\/nb\/case-erector-hot-melt-adhesives\/\" \/>\n<meta property=\"og:locale\" content=\"nb_NO\" \/>\n<meta property=\"og:type\" content=\"article\" \/>\n<meta property=\"og:title\" content=\"CASE ERECTOR HOT MELT ADHESIVES - PUR hot melt adhesives\" \/>\n<meta property=\"og:description\" content=\"For optimal durability, reliability and value, Intercol\u2019s\u00a0polyolefin hot melt range\u00a0is perfect to glue and erect corrugated [&hellip;]\" \/>\n<meta property=\"og:url\" content=\"https:\/\/www.purhotmelt.com\/nb\/case-erector-hot-melt-adhesives\/\" \/>\n<meta property=\"og:site_name\" content=\"PUR hot melt adhesives\" \/>\n<meta property=\"article:modified_time\" content=\"2021-01-20T21:59:04+00:00\" \/>\n<meta name=\"twitter:card\" content=\"summary_large_image\" \/>\n<meta name=\"twitter:label1\" content=\"Ansl. lesetid\" \/>\n\t<meta name=\"twitter:data1\" content=\"1 minutt\" \/>\n<script type=\"application\/ld+json\" class=\"yoast-schema-graph\">{\"@context\":\"https:\/\/schema.org\",\"@graph\":[{\"@type\":\"WebSite\",\"@id\":\"https:\/\/www.purhotmelt.com\/#website\",\"url\":\"https:\/\/www.purhotmelt.com\/\",\"name\":\"PUR hot melt adhesives\",\"description\":\"Intercol: Specialist manufacturer\",\"potentialAction\":[{\"@type\":\"SearchAction\",\"target\":{\"@type\":\"EntryPoint\",\"urlTemplate\":\"https:\/\/www.purhotmelt.com\/?s={search_term_string}\"},\"query-input\":\"required name=search_term_string\"}],\"inLanguage\":\"nb-NO\"},{\"@type\":\"WebPage\",\"@id\":\"https:\/\/www.purhotmelt.com\/nb\/case-erector-hot-melt-adhesives\/#webpage\",\"url\":\"https:\/\/www.purhotmelt.com\/nb\/case-erector-hot-melt-adhesives\/\",\"name\":\"CASE ERECTOR HOT MELT ADHESIVES - PUR hot melt adhesives\",\"isPartOf\":{\"@id\":\"https:\/\/www.purhotmelt.com\/#website\"},\"datePublished\":\"2021-01-20T21:59:03+00:00\",\"dateModified\":\"2021-01-20T21:59:04+00:00\",\"breadcrumb\":{\"@id\":\"https:\/\/www.purhotmelt.com\/nb\/case-erector-hot-melt-adhesives\/#breadcrumb\"},\"inLanguage\":\"nb-NO\",\"potentialAction\":[{\"@type\":\"ReadAction\",\"target\":[\"https:\/\/www.purhotmelt.com\/nb\/case-erector-hot-melt-adhesives\/\"]}]},{\"@type\":\"BreadcrumbList\",\"@id\":\"https:\/\/www.purhotmelt.com\/nb\/case-erector-hot-melt-adhesives\/#breadcrumb\",\"itemListElement\":[{\"@type\":\"ListItem\",\"position\":1,\"name\":\"Home\",\"item\":\"https:\/\/www.purhotmelt.com\/\"},{\"@type\":\"ListItem\",\"position\":2,\"name\":\"CASE ERECTOR HOT MELT ADHESIVES\"}]}]}<\/script>\n<!-- \/ Yoast SEO plugin. -->","yoast_head_json":{"title":"CASE ERECTOR VARME SMELTLIM - PUR smeltelim","robots":{"index":"index","follow":"follow","max-snippet":"max-snippet:-1","max-image-preview":"max-image-preview:large","max-video-preview":"max-video-preview:-1"},"canonical":"https:\/\/www.purhotmelt.com\/nb\/case-erector-hot-melt-adhesives\/","og_locale":"nb_NO","og_type":"article","og_title":"CASE ERECTOR HOT MELT ADHESIVES - PUR hot melt adhesives","og_description":"For optimal durability, reliability and value, Intercol\u2019s\u00a0polyolefin hot melt range\u00a0is perfect to glue and erect corrugated [&hellip;]","og_url":"https:\/\/www.purhotmelt.com\/nb\/case-erector-hot-melt-adhesives\/","og_site_name":"PUR hot melt adhesives","article_modified_time":"2021-01-20T21:59:04+00:00","twitter_card":"summary_large_image","twitter_misc":{"Ansl. lesetid":"1 minutt"},"schema":{"@context":"https:\/\/schema.org","@graph":[{"@type":"WebSite","@id":"https:\/\/www.purhotmelt.com\/#website","url":"https:\/\/www.purhotmelt.com\/","name":"PUR smeltelim","description":"Intercol: spesialprodusent","potentialAction":[{"@type":"SearchAction","target":{"@type":"EntryPoint","urlTemplate":"https:\/\/www.purhotmelt.com\/?s={search_term_string}"},"query-input":"required name=search_term_string"}],"inLanguage":"nb-NO"},{"@type":"WebPage","@id":"https:\/\/www.purhotmelt.com\/nb\/case-erector-hot-melt-adhesives\/#webpage","url":"https:\/\/www.purhotmelt.com\/nb\/case-erector-hot-melt-adhesives\/","name":"CASE ERECTOR VARME SMELTLIM - PUR smeltelim","isPartOf":{"@id":"https:\/\/www.purhotmelt.com\/#website"},"datePublished":"2021-01-20T21:59:03+00:00","dateModified":"2021-01-20T21:59:04+00:00","breadcrumb":{"@id":"https:\/\/www.purhotmelt.com\/nb\/case-erector-hot-melt-adhesives\/#breadcrumb"},"inLanguage":"nb-NO","potentialAction":[{"@type":"ReadAction","target":["https:\/\/www.purhotmelt.com\/nb\/case-erector-hot-melt-adhesives\/"]}]},{"@type":"BreadcrumbList","@id":"https:\/\/www.purhotmelt.com\/nb\/case-erector-hot-melt-adhesives\/#breadcrumb","itemListElement":[{"@type":"ListItem","position":1,"name":"Home","item":"https:\/\/www.purhotmelt.com\/"},{"@type":"ListItem","position":2,"name":"CASE ERECTOR HOT MELT ADHESIVES"}]}]}},"_links":{"self":[{"href":"https:\/\/www.purhotmelt.com\/nb\/wp-json\/wp\/v2\/pages\/199","targetHints":{"allow":["GET"]}}],"collection":[{"href":"https:\/\/www.purhotmelt.com\/nb\/wp-json\/wp\/v2\/pages"}],"about":[{"href":"https:\/\/www.purhotmelt.com\/nb\/wp-json\/wp\/v2\/types\/page"}],"author":[{"embeddable":true,"href":"https:\/\/www.purhotmelt.com\/nb\/wp-json\/wp\/v2\/users\/1"}],"replies":[{"embeddable":true,"href":"https:\/\/www.purhotmelt.com\/nb\/wp-json\/wp\/v2\/comments?post=199"}],"version-history":[{"count":1,"href":"https:\/\/www.purhotmelt.com\/nb\/wp-json\/wp\/v2\/pages\/199\/revisions"}],"predecessor-version":[{"id":201,"href":"https:\/\/www.purhotmelt.com\/nb\/wp-json\/wp\/v2\/pages\/199\/revisions\/201"}],"wp:attachment":[{"href":"https:\/\/www.purhotmelt.com\/nb\/wp-json\/wp\/v2\/media?parent=199"}],"curies":[{"name":"wp","href":"https:\/\/api.w.org\/{rel}","templated":true}]}}