{"id":206,"date":"2021-01-20T22:03:08","date_gmt":"2021-01-20T22:03:08","guid":{"rendered":"https:\/\/www.purhotmelt.com\/?page_id=206"},"modified":"2021-01-20T22:03:09","modified_gmt":"2021-01-20T22:03:09","slug":"adhesives-germany","status":"publish","type":"page","link":"https:\/\/www.purhotmelt.com\/nb\/adhesives-germany\/","title":{"rendered":"LIM TYSKLAND"},"content":{"rendered":"<p>Interkollim binder det som h\u00f8rer sammen. Vi tilbyr liml\u00f8sninger for et bredt spekter av applikasjoner. Uansett om det er brettede kartonger, b\u00f8lgepapp, poser, massivt papp eller luksuri\u00f8s emballasje, laminering eller byggematerialer, v\u00e5re industrielle lim sikrer den h\u00f8yeste stabiliteten og p\u00e5liteligheten, b\u00e5de i sluttproduktet og produksjonen.<\/p>\n\n\n\n<p>Intercols lim er optimalisert for applikasjoner i forskjellige bransjer. Over 3000 limformuleringer s\u00f8rger for at prosesser i forskjellige bransjer g\u00e5r glatt.<\/p>","protected":false},"excerpt":{"rendered":"<p>Intercol adhesives bond what belongs together. We offer gluing solutions for a wide range of applications. [&hellip;]<\/p>","protected":false},"author":1,"featured_media":0,"parent":0,"menu_order":0,"comment_status":"closed","ping_status":"closed","template":"","meta":{"footnotes":""},"class_list":["post-206","page","type-page","status-publish","hentry"],"yoast_head":"<!-- This site is optimized with the Yoast SEO plugin v17.0 - https:\/\/yoast.com\/wordpress\/plugins\/seo\/ -->\n<title>ADHESIVES GERMANY - PUR hot melt adhesives<\/title>\n<meta name=\"robots\" content=\"index, follow, max-snippet:-1, max-image-preview:large, max-video-preview:-1\" \/>\n<link rel=\"canonical\" href=\"https:\/\/www.purhotmelt.com\/nb\/adhesives-germany\/\" \/>\n<meta property=\"og:locale\" content=\"nb_NO\" \/>\n<meta property=\"og:type\" content=\"article\" \/>\n<meta property=\"og:title\" content=\"ADHESIVES GERMANY - PUR hot melt adhesives\" \/>\n<meta property=\"og:description\" content=\"Intercol adhesives bond what belongs together. We offer gluing solutions for a wide range of applications. [&hellip;]\" \/>\n<meta property=\"og:url\" content=\"https:\/\/www.purhotmelt.com\/nb\/adhesives-germany\/\" \/>\n<meta property=\"og:site_name\" content=\"PUR hot melt adhesives\" \/>\n<meta property=\"article:modified_time\" content=\"2021-01-20T22:03:09+00:00\" \/>\n<meta name=\"twitter:card\" content=\"summary_large_image\" \/>\n<script type=\"application\/ld+json\" class=\"yoast-schema-graph\">{\"@context\":\"https:\/\/schema.org\",\"@graph\":[{\"@type\":\"WebSite\",\"@id\":\"https:\/\/www.purhotmelt.com\/#website\",\"url\":\"https:\/\/www.purhotmelt.com\/\",\"name\":\"PUR hot melt adhesives\",\"description\":\"Intercol: Specialist manufacturer\",\"potentialAction\":[{\"@type\":\"SearchAction\",\"target\":{\"@type\":\"EntryPoint\",\"urlTemplate\":\"https:\/\/www.purhotmelt.com\/?s={search_term_string}\"},\"query-input\":\"required name=search_term_string\"}],\"inLanguage\":\"nb-NO\"},{\"@type\":\"WebPage\",\"@id\":\"https:\/\/www.purhotmelt.com\/nb\/adhesives-germany\/#webpage\",\"url\":\"https:\/\/www.purhotmelt.com\/nb\/adhesives-germany\/\",\"name\":\"ADHESIVES GERMANY - PUR hot melt adhesives\",\"isPartOf\":{\"@id\":\"https:\/\/www.purhotmelt.com\/#website\"},\"datePublished\":\"2021-01-20T22:03:08+00:00\",\"dateModified\":\"2021-01-20T22:03:09+00:00\",\"breadcrumb\":{\"@id\":\"https:\/\/www.purhotmelt.com\/nb\/adhesives-germany\/#breadcrumb\"},\"inLanguage\":\"nb-NO\",\"potentialAction\":[{\"@type\":\"ReadAction\",\"target\":[\"https:\/\/www.purhotmelt.com\/nb\/adhesives-germany\/\"]}]},{\"@type\":\"BreadcrumbList\",\"@id\":\"https:\/\/www.purhotmelt.com\/nb\/adhesives-germany\/#breadcrumb\",\"itemListElement\":[{\"@type\":\"ListItem\",\"position\":1,\"name\":\"Home\",\"item\":\"https:\/\/www.purhotmelt.com\/\"},{\"@type\":\"ListItem\",\"position\":2,\"name\":\"ADHESIVES GERMANY\"}]}]}<\/script>\n<!-- \/ Yoast SEO plugin. -->","yoast_head_json":{"title":"LIMMER TYSKLAND - PUR smeltelim","robots":{"index":"index","follow":"follow","max-snippet":"max-snippet:-1","max-image-preview":"max-image-preview:large","max-video-preview":"max-video-preview:-1"},"canonical":"https:\/\/www.purhotmelt.com\/nb\/adhesives-germany\/","og_locale":"nb_NO","og_type":"article","og_title":"ADHESIVES GERMANY - PUR hot melt adhesives","og_description":"Intercol adhesives bond what belongs together. We offer gluing solutions for a wide range of applications. [&hellip;]","og_url":"https:\/\/www.purhotmelt.com\/nb\/adhesives-germany\/","og_site_name":"PUR hot melt adhesives","article_modified_time":"2021-01-20T22:03:09+00:00","twitter_card":"summary_large_image","schema":{"@context":"https:\/\/schema.org","@graph":[{"@type":"WebSite","@id":"https:\/\/www.purhotmelt.com\/#website","url":"https:\/\/www.purhotmelt.com\/","name":"PUR smeltelim","description":"Intercol: spesialprodusent","potentialAction":[{"@type":"SearchAction","target":{"@type":"EntryPoint","urlTemplate":"https:\/\/www.purhotmelt.com\/?s={search_term_string}"},"query-input":"required name=search_term_string"}],"inLanguage":"nb-NO"},{"@type":"WebPage","@id":"https:\/\/www.purhotmelt.com\/nb\/adhesives-germany\/#webpage","url":"https:\/\/www.purhotmelt.com\/nb\/adhesives-germany\/","name":"LIMMER TYSKLAND - PUR smeltelim","isPartOf":{"@id":"https:\/\/www.purhotmelt.com\/#website"},"datePublished":"2021-01-20T22:03:08+00:00","dateModified":"2021-01-20T22:03:09+00:00","breadcrumb":{"@id":"https:\/\/www.purhotmelt.com\/nb\/adhesives-germany\/#breadcrumb"},"inLanguage":"nb-NO","potentialAction":[{"@type":"ReadAction","target":["https:\/\/www.purhotmelt.com\/nb\/adhesives-germany\/"]}]},{"@type":"BreadcrumbList","@id":"https:\/\/www.purhotmelt.com\/nb\/adhesives-germany\/#breadcrumb","itemListElement":[{"@type":"ListItem","position":1,"name":"Home","item":"https:\/\/www.purhotmelt.com\/"},{"@type":"ListItem","position":2,"name":"ADHESIVES GERMANY"}]}]}},"_links":{"self":[{"href":"https:\/\/www.purhotmelt.com\/nb\/wp-json\/wp\/v2\/pages\/206","targetHints":{"allow":["GET"]}}],"collection":[{"href":"https:\/\/www.purhotmelt.com\/nb\/wp-json\/wp\/v2\/pages"}],"about":[{"href":"https:\/\/www.purhotmelt.com\/nb\/wp-json\/wp\/v2\/types\/page"}],"author":[{"embeddable":true,"href":"https:\/\/www.purhotmelt.com\/nb\/wp-json\/wp\/v2\/users\/1"}],"replies":[{"embeddable":true,"href":"https:\/\/www.purhotmelt.com\/nb\/wp-json\/wp\/v2\/comments?post=206"}],"version-history":[{"count":1,"href":"https:\/\/www.purhotmelt.com\/nb\/wp-json\/wp\/v2\/pages\/206\/revisions"}],"predecessor-version":[{"id":208,"href":"https:\/\/www.purhotmelt.com\/nb\/wp-json\/wp\/v2\/pages\/206\/revisions\/208"}],"wp:attachment":[{"href":"https:\/\/www.purhotmelt.com\/nb\/wp-json\/wp\/v2\/media?parent=206"}],"curies":[{"name":"wp","href":"https:\/\/api.w.org\/{rel}","templated":true}]}}