{"id":209,"date":"2021-01-20T22:04:36","date_gmt":"2021-01-20T22:04:36","guid":{"rendered":"https:\/\/www.purhotmelt.com\/?page_id=209"},"modified":"2021-01-20T22:04:37","modified_gmt":"2021-01-20T22:04:37","slug":"edgebanding-polyurethane-hot-melt-h4974","status":"publish","type":"page","link":"https:\/\/www.purhotmelt.com\/nb\/edgebanding-polyurethane-hot-melt-h4974\/","title":{"rendered":"KANTBANDING POLYURETAN VARMT SMELT H4974"},"content":{"rendered":"<h1 class=\"wp-block-heading\"><\/h1>\n\n\n\n<p>H4974 er et reaktivt smeltelim av polyuretan for kantbinding ANVENDELSESOMR\u00c5DE Kantbinding. EGENSKAPER - Utmerket innledende klebrighet - Gode vedheftningsegenskaper - Utmerket vann- og hydrolysebestandighet - Utmerket motstand mot varme, kulde og l\u00f8semiddel TEKNISKE DATA Base PUR HM Viskositet, Brookfield (ASTM D3236) ca. 50.000 mPas @ 140 \u00b0 C \u00c5pningstid veldig kort Herdetid ca. 3 dager (avhengig av temperatur- og fuktighetsforhold) BRUKSANVISNING Rom- og materialtemperatur&gt; 15 \u00b0 C P\u00e5f\u00f8ringstemperatur 110-160 \u00b0 C smeltetank 110-150 \u00b0 C (p\u00e5f\u00f8ring) rulle \/ dyse H4974 er en fuktighetsherdende smeltemasse. Derfor leveres den i fuktsikre beholdere; lagring m\u00e5 gj\u00f8res under t\u00f8rre forhold. Ved liming av fuktfrie underlag, dvs. PVC \/ PVC, PVC \/ Al, ..., m\u00e5 den relative luftfuktigheten v\u00e6re&gt; 50%. FARGER TILGJENGELIG Naturlig. RENGJ\u00d8RING<\/p>\n\n\n\n<p>Ved langvarige stopp anbefaler vi at du rengj\u00f8r delene av p\u00e5f\u00f8ringsenhetene, som er i kontakt med limet, ved \u00e5 bruke v\u00e5rt spesielle rengj\u00f8ringsmiddel. OPPBEVARING 12 m\u00e5neder i originale forseglede beholdere under t\u00f8rre og kj\u00f8le forhold (10-30 \u00b0 C). EMBALLASJE 20 kg. pappfat. SIKKERHET Den inneholder isocyanater. Det m\u00e5 tilveiebringes et riktig sug for \u00e5 trekke ut damp. For ytterligere informasjon om h\u00e5ndtering, transport og avhending, se sikkerhetsdatabladet. Intercol BV Marconistraat 7 6716 AK Ede, NL PO BOX 259 6710 BG Ede, NL Tlf: Fax: +31 (0) 318 - 636363 +31 (0) 318 - 639474 E-post: intercol@intercol.nl Internett: www. intercol.nl Anbefalinger i denne bulletinen knyttet til teknisk anvendelse er gitt i god tro og etter v\u00e5r beste kunnskap. De m\u00e5 betraktes som en indikasjon uten garanti, da lagring, h\u00e5ndtering og p\u00e5f\u00f8ring av produktet foreg\u00e5r utenfor v\u00e5r kontroll. Alle v\u00e5re lim og datablad er i samsvar med EF-forskriften (REACH) 1907\/2006 art.31.<\/p>\n\n\n\n<h2 class=\"wp-block-heading\">TEKNISK ST\u00d8TTE<\/h2>\n\n\n\n<p>Vi har en intensiv teknisk forsknings- og utviklingsavdeling. Et kvalifisert team av kjemikere og ingeni\u00f8rer innoverer produktene v\u00e5re for \u00e5 levere lim som passer for din applikasjon. Vi inviterer deg til \u00e5 utfordre v\u00e5r tekniske avdeling med s\u00f8knaden din ved \u00e5 kontakte Intercol. S\u00f8knadsanbefalinger og informasjon gitt i dette databladet er basert p\u00e5 v\u00e5r kunnskap og erfaring. Imidlertid gir de verken ytelsesgaranti eller noe ansvar p\u00e5 grunn av forskjellige materialer og applikasjonsparametere som er utenfor v\u00e5r kontroll. Det er viktig \u00e5 unders\u00f8ke limet v\u00e5rt om dets egnethet i b\u00e5de pr\u00f8vep\u00e5f\u00f8ring av produktmonteringen og i l\u00f8pende produksjon. Nye kunder anbefales derfor \u00e5 sjekke limene v\u00e5re under driftsforhold. Unders\u00f8k og vurder grundig den resulterende limingen som er utsatt for forekommende forhold. Vennligst be om det nyeste databladet og den gjeldende tekniske statusen for produktet. Bruk av produktet uten \u00e5 konsultere de nyeste databladene faller innenfor ditt risikoomr\u00e5de. Intet ansvar for Intercol kan utledes av informasjonen i dette databladet. Utslippsdato: mars 2020<\/p>","protected":false},"excerpt":{"rendered":"<p>H4974 is a Reactive polyurethane hot melt adhesive for edgebanding FIELDS OF APPLICATION Edgebanding. CHARACTERISTICS \u2013 [&hellip;]<\/p>","protected":false},"author":1,"featured_media":0,"parent":0,"menu_order":0,"comment_status":"closed","ping_status":"closed","template":"","meta":{"footnotes":""},"class_list":["post-209","page","type-page","status-publish","hentry"],"yoast_head":"<!-- This site is optimized with the Yoast SEO plugin v17.0 - https:\/\/yoast.com\/wordpress\/plugins\/seo\/ -->\n<title>EDGEBANDING POLYURETHANE HOT MELT H4974 - PUR hot melt adhesives<\/title>\n<meta name=\"robots\" content=\"index, follow, max-snippet:-1, max-image-preview:large, max-video-preview:-1\" \/>\n<link rel=\"canonical\" href=\"https:\/\/www.purhotmelt.com\/nb\/edgebanding-polyurethane-hot-melt-h4974\/\" \/>\n<meta property=\"og:locale\" content=\"nb_NO\" \/>\n<meta property=\"og:type\" content=\"article\" \/>\n<meta property=\"og:title\" content=\"EDGEBANDING POLYURETHANE HOT MELT H4974 - PUR hot melt adhesives\" \/>\n<meta property=\"og:description\" content=\"H4974 is a Reactive polyurethane hot melt adhesive for edgebanding FIELDS OF APPLICATION Edgebanding. CHARACTERISTICS \u2013 [&hellip;]\" \/>\n<meta property=\"og:url\" content=\"https:\/\/www.purhotmelt.com\/nb\/edgebanding-polyurethane-hot-melt-h4974\/\" \/>\n<meta property=\"og:site_name\" content=\"PUR hot melt adhesives\" \/>\n<meta property=\"article:modified_time\" content=\"2021-01-20T22:04:37+00:00\" \/>\n<meta name=\"twitter:card\" content=\"summary_large_image\" \/>\n<meta name=\"twitter:label1\" content=\"Ansl. lesetid\" \/>\n\t<meta name=\"twitter:data1\" content=\"2 minutter\" \/>\n<script type=\"application\/ld+json\" class=\"yoast-schema-graph\">{\"@context\":\"https:\/\/schema.org\",\"@graph\":[{\"@type\":\"WebSite\",\"@id\":\"https:\/\/www.purhotmelt.com\/#website\",\"url\":\"https:\/\/www.purhotmelt.com\/\",\"name\":\"PUR hot melt adhesives\",\"description\":\"Intercol: Specialist manufacturer\",\"potentialAction\":[{\"@type\":\"SearchAction\",\"target\":{\"@type\":\"EntryPoint\",\"urlTemplate\":\"https:\/\/www.purhotmelt.com\/?s={search_term_string}\"},\"query-input\":\"required name=search_term_string\"}],\"inLanguage\":\"nb-NO\"},{\"@type\":\"WebPage\",\"@id\":\"https:\/\/www.purhotmelt.com\/es\/edgebanding-polyurethane-hot-melt-h4974\/#webpage\",\"url\":\"https:\/\/www.purhotmelt.com\/es\/edgebanding-polyurethane-hot-melt-h4974\/\",\"name\":\"EDGEBANDING POLYURETHANE HOT MELT H4974 - PUR hot melt adhesives\",\"isPartOf\":{\"@id\":\"https:\/\/www.purhotmelt.com\/#website\"},\"datePublished\":\"2021-01-20T22:04:36+00:00\",\"dateModified\":\"2021-01-20T22:04:37+00:00\",\"breadcrumb\":{\"@id\":\"https:\/\/www.purhotmelt.com\/es\/edgebanding-polyurethane-hot-melt-h4974\/#breadcrumb\"},\"inLanguage\":\"nb-NO\",\"potentialAction\":[{\"@type\":\"ReadAction\",\"target\":[\"https:\/\/www.purhotmelt.com\/es\/edgebanding-polyurethane-hot-melt-h4974\/\"]}]},{\"@type\":\"BreadcrumbList\",\"@id\":\"https:\/\/www.purhotmelt.com\/es\/edgebanding-polyurethane-hot-melt-h4974\/#breadcrumb\",\"itemListElement\":[{\"@type\":\"ListItem\",\"position\":1,\"name\":\"Home\",\"item\":\"https:\/\/www.purhotmelt.com\/\"},{\"@type\":\"ListItem\",\"position\":2,\"name\":\"EDGEBANDING POLYURETHANE HOT MELT H4974\"}]}]}<\/script>\n<!-- \/ Yoast SEO plugin. -->","yoast_head_json":{"title":"KANTBANDING POLYURETHANE HOT MELT H4974 - PUR smeltelim","robots":{"index":"index","follow":"follow","max-snippet":"max-snippet:-1","max-image-preview":"max-image-preview:large","max-video-preview":"max-video-preview:-1"},"canonical":"https:\/\/www.purhotmelt.com\/nb\/edgebanding-polyurethane-hot-melt-h4974\/","og_locale":"nb_NO","og_type":"article","og_title":"EDGEBANDING POLYURETHANE HOT MELT H4974 - PUR hot melt adhesives","og_description":"H4974 is a Reactive polyurethane hot melt adhesive for edgebanding FIELDS OF APPLICATION Edgebanding. CHARACTERISTICS \u2013 [&hellip;]","og_url":"https:\/\/www.purhotmelt.com\/nb\/edgebanding-polyurethane-hot-melt-h4974\/","og_site_name":"PUR hot melt adhesives","article_modified_time":"2021-01-20T22:04:37+00:00","twitter_card":"summary_large_image","twitter_misc":{"Ansl. lesetid":"2 minutter"},"schema":{"@context":"https:\/\/schema.org","@graph":[{"@type":"WebSite","@id":"https:\/\/www.purhotmelt.com\/#website","url":"https:\/\/www.purhotmelt.com\/","name":"PUR smeltelim","description":"Intercol: spesialprodusent","potentialAction":[{"@type":"SearchAction","target":{"@type":"EntryPoint","urlTemplate":"https:\/\/www.purhotmelt.com\/?s={search_term_string}"},"query-input":"required name=search_term_string"}],"inLanguage":"nb-NO"},{"@type":"WebPage","@id":"https:\/\/www.purhotmelt.com\/es\/edgebanding-polyurethane-hot-melt-h4974\/#webpage","url":"https:\/\/www.purhotmelt.com\/es\/edgebanding-polyurethane-hot-melt-h4974\/","name":"KANTBANDING POLYURETHANE HOT MELT H4974 - PUR smeltelim","isPartOf":{"@id":"https:\/\/www.purhotmelt.com\/#website"},"datePublished":"2021-01-20T22:04:36+00:00","dateModified":"2021-01-20T22:04:37+00:00","breadcrumb":{"@id":"https:\/\/www.purhotmelt.com\/es\/edgebanding-polyurethane-hot-melt-h4974\/#breadcrumb"},"inLanguage":"nb-NO","potentialAction":[{"@type":"ReadAction","target":["https:\/\/www.purhotmelt.com\/es\/edgebanding-polyurethane-hot-melt-h4974\/"]}]},{"@type":"BreadcrumbList","@id":"https:\/\/www.purhotmelt.com\/es\/edgebanding-polyurethane-hot-melt-h4974\/#breadcrumb","itemListElement":[{"@type":"ListItem","position":1,"name":"Home","item":"https:\/\/www.purhotmelt.com\/"},{"@type":"ListItem","position":2,"name":"EDGEBANDING POLYURETHANE HOT MELT H4974"}]}]}},"_links":{"self":[{"href":"https:\/\/www.purhotmelt.com\/nb\/wp-json\/wp\/v2\/pages\/209","targetHints":{"allow":["GET"]}}],"collection":[{"href":"https:\/\/www.purhotmelt.com\/nb\/wp-json\/wp\/v2\/pages"}],"about":[{"href":"https:\/\/www.purhotmelt.com\/nb\/wp-json\/wp\/v2\/types\/page"}],"author":[{"embeddable":true,"href":"https:\/\/www.purhotmelt.com\/nb\/wp-json\/wp\/v2\/users\/1"}],"replies":[{"embeddable":true,"href":"https:\/\/www.purhotmelt.com\/nb\/wp-json\/wp\/v2\/comments?post=209"}],"version-history":[{"count":1,"href":"https:\/\/www.purhotmelt.com\/nb\/wp-json\/wp\/v2\/pages\/209\/revisions"}],"predecessor-version":[{"id":211,"href":"https:\/\/www.purhotmelt.com\/nb\/wp-json\/wp\/v2\/pages\/209\/revisions\/211"}],"wp:attachment":[{"href":"https:\/\/www.purhotmelt.com\/nb\/wp-json\/wp\/v2\/media?parent=209"}],"curies":[{"name":"wp","href":"https:\/\/api.w.org\/{rel}","templated":true}]}}