{"id":212,"date":"2021-01-20T22:05:57","date_gmt":"2021-01-20T22:05:57","guid":{"rendered":"https:\/\/www.purhotmelt.com\/?page_id=212"},"modified":"2021-01-20T22:05:58","modified_gmt":"2021-01-20T22:05:58","slug":"case-packer-hot-melt","status":"publish","type":"page","link":"https:\/\/www.purhotmelt.com\/nb\/case-packer-hot-melt\/","title":{"rendered":"CASE PACKER VARMT SMELT"},"content":{"rendered":"<h1 class=\"wp-block-heading\"><\/h1>\n\n\n\n<p>Intercols standard utvalg av smeltelim for koffertoppf\u00f8rere, gir optimal holdbarhet, p\u00e5litelighet og verdi, h\u00f8yhastighets, belagte kartonger, ekspanderende bokser, lang \u00e5pen tid, alt h\u00e5ndteres av noen av v\u00e5re mest allsidige smeltelim. Lim p\u00e5f\u00f8rt, p\u00e5litelig, bransjeledende Nordson ProBlue Liberty \u2122 smeltesystem, skaper en sterk, stiv binding som bidrar til \u00e5 sikre at boksene forblir intakte og innholdet sikkert hele tiden.<\/p>\n\n\n\n<h4 class=\"wp-block-heading\">V\u00e5rt standardutvalg av smeltelim for koffertoppf\u00f8rere og b\u00f8lgepappemaskiner:<\/h4>\n\n\n\n<ul class=\"wp-block-list\"><li>EHM 9442<ul><li>Standard, lang \u00e5pningstid, rask innstilling, termisk stabil (polyolefin)<\/li><\/ul><\/li><li>EHM 9768<ul><li>veldig rask innstillingshastighet (0,5 sekunder), h\u00f8y varmebestandig 65 \u00b0 C (polyolefin)<\/li><\/ul><\/li><li>EHM 9354<ul><li>gul, \u00f8konomisk karakter (EVA)<\/li><\/ul><\/li><\/ul>\n\n\n\n<h4 class=\"wp-block-heading\">Bransjer vi serverer med smeltelim<\/h4>\n\n\n\n<ul class=\"wp-block-list\"><li>Egg- og meieripakning<\/li><li>Emballasje til bil og maskinvare<\/li><li>Bakeindustri (emballasje av bakevarer)<\/li><li>Drikkeemballasje<\/li><li>Husholdnings-, forbruker- og personlig pleieprodukter<\/li><li>H\u00e5ndverksbrygget \u00f8l<\/li><li>Kjemikalier<\/li><li>Mat<\/li><li>Engangsutstyr for matservering<\/li><li>Kj\u00f8tt- og fj\u00e6rfeemballasje<\/li><li>Nutraceutical<\/li><li>Kj\u00e6ledyrmat og godbiter<\/li><li>Farmas\u00f8ytiske og medisinske forsyninger<\/li><\/ul>","protected":false},"excerpt":{"rendered":"<p>Intercol\u2019s standard range of hot melt adhesives for case erectors, offer optimal durability, reliability and value, [&hellip;]<\/p>","protected":false},"author":1,"featured_media":0,"parent":0,"menu_order":0,"comment_status":"closed","ping_status":"closed","template":"","meta":{"footnotes":""},"class_list":["post-212","page","type-page","status-publish","hentry"],"yoast_head":"<!-- This site is optimized with the Yoast SEO plugin v17.0 - https:\/\/yoast.com\/wordpress\/plugins\/seo\/ -->\n<title>CASE PACKER HOT MELT - PUR hot melt adhesives<\/title>\n<meta name=\"robots\" content=\"index, follow, max-snippet:-1, max-image-preview:large, max-video-preview:-1\" \/>\n<link rel=\"canonical\" href=\"https:\/\/www.purhotmelt.com\/nb\/case-packer-hot-melt\/\" \/>\n<meta property=\"og:locale\" content=\"nb_NO\" \/>\n<meta property=\"og:type\" content=\"article\" \/>\n<meta property=\"og:title\" content=\"CASE PACKER HOT MELT - PUR hot melt adhesives\" \/>\n<meta property=\"og:description\" content=\"Intercol\u2019s standard range of hot melt adhesives for case erectors, offer optimal durability, reliability and value, [&hellip;]\" \/>\n<meta property=\"og:url\" content=\"https:\/\/www.purhotmelt.com\/nb\/case-packer-hot-melt\/\" \/>\n<meta property=\"og:site_name\" content=\"PUR hot melt adhesives\" \/>\n<meta property=\"article:modified_time\" content=\"2021-01-20T22:05:58+00:00\" \/>\n<meta name=\"twitter:card\" content=\"summary_large_image\" \/>\n<meta name=\"twitter:label1\" content=\"Ansl. lesetid\" \/>\n\t<meta name=\"twitter:data1\" content=\"1 minutt\" \/>\n<script type=\"application\/ld+json\" class=\"yoast-schema-graph\">{\"@context\":\"https:\/\/schema.org\",\"@graph\":[{\"@type\":\"WebSite\",\"@id\":\"https:\/\/www.purhotmelt.com\/#website\",\"url\":\"https:\/\/www.purhotmelt.com\/\",\"name\":\"PUR hot melt adhesives\",\"description\":\"Intercol: Specialist manufacturer\",\"potentialAction\":[{\"@type\":\"SearchAction\",\"target\":{\"@type\":\"EntryPoint\",\"urlTemplate\":\"https:\/\/www.purhotmelt.com\/?s={search_term_string}\"},\"query-input\":\"required name=search_term_string\"}],\"inLanguage\":\"nb-NO\"},{\"@type\":\"WebPage\",\"@id\":\"https:\/\/www.purhotmelt.com\/case-packer-hot-melt\/#webpage\",\"url\":\"https:\/\/www.purhotmelt.com\/case-packer-hot-melt\/\",\"name\":\"CASE PACKER HOT MELT - PUR hot melt adhesives\",\"isPartOf\":{\"@id\":\"https:\/\/www.purhotmelt.com\/#website\"},\"datePublished\":\"2021-01-20T22:05:57+00:00\",\"dateModified\":\"2021-01-20T22:05:58+00:00\",\"breadcrumb\":{\"@id\":\"https:\/\/www.purhotmelt.com\/case-packer-hot-melt\/#breadcrumb\"},\"inLanguage\":\"nb-NO\",\"potentialAction\":[{\"@type\":\"ReadAction\",\"target\":[\"https:\/\/www.purhotmelt.com\/case-packer-hot-melt\/\"]}]},{\"@type\":\"BreadcrumbList\",\"@id\":\"https:\/\/www.purhotmelt.com\/case-packer-hot-melt\/#breadcrumb\",\"itemListElement\":[{\"@type\":\"ListItem\",\"position\":1,\"name\":\"Home\",\"item\":\"https:\/\/www.purhotmelt.com\/\"},{\"@type\":\"ListItem\",\"position\":2,\"name\":\"CASE PACKER HOT MELT\"}]}]}<\/script>\n<!-- \/ Yoast SEO plugin. -->","yoast_head_json":{"title":"CASE PACKER HOT SMELT - PUR smeltelim","robots":{"index":"index","follow":"follow","max-snippet":"max-snippet:-1","max-image-preview":"max-image-preview:large","max-video-preview":"max-video-preview:-1"},"canonical":"https:\/\/www.purhotmelt.com\/nb\/case-packer-hot-melt\/","og_locale":"nb_NO","og_type":"article","og_title":"CASE PACKER HOT MELT - PUR hot melt adhesives","og_description":"Intercol\u2019s standard range of hot melt adhesives for case erectors, offer optimal durability, reliability and value, [&hellip;]","og_url":"https:\/\/www.purhotmelt.com\/nb\/case-packer-hot-melt\/","og_site_name":"PUR hot melt adhesives","article_modified_time":"2021-01-20T22:05:58+00:00","twitter_card":"summary_large_image","twitter_misc":{"Ansl. lesetid":"1 minutt"},"schema":{"@context":"https:\/\/schema.org","@graph":[{"@type":"WebSite","@id":"https:\/\/www.purhotmelt.com\/#website","url":"https:\/\/www.purhotmelt.com\/","name":"PUR smeltelim","description":"Intercol: spesialprodusent","potentialAction":[{"@type":"SearchAction","target":{"@type":"EntryPoint","urlTemplate":"https:\/\/www.purhotmelt.com\/?s={search_term_string}"},"query-input":"required name=search_term_string"}],"inLanguage":"nb-NO"},{"@type":"WebPage","@id":"https:\/\/www.purhotmelt.com\/case-packer-hot-melt\/#webpage","url":"https:\/\/www.purhotmelt.com\/case-packer-hot-melt\/","name":"CASE PACKER HOT SMELT - PUR smeltelim","isPartOf":{"@id":"https:\/\/www.purhotmelt.com\/#website"},"datePublished":"2021-01-20T22:05:57+00:00","dateModified":"2021-01-20T22:05:58+00:00","breadcrumb":{"@id":"https:\/\/www.purhotmelt.com\/case-packer-hot-melt\/#breadcrumb"},"inLanguage":"nb-NO","potentialAction":[{"@type":"ReadAction","target":["https:\/\/www.purhotmelt.com\/case-packer-hot-melt\/"]}]},{"@type":"BreadcrumbList","@id":"https:\/\/www.purhotmelt.com\/case-packer-hot-melt\/#breadcrumb","itemListElement":[{"@type":"ListItem","position":1,"name":"Home","item":"https:\/\/www.purhotmelt.com\/"},{"@type":"ListItem","position":2,"name":"CASE PACKER HOT MELT"}]}]}},"_links":{"self":[{"href":"https:\/\/www.purhotmelt.com\/nb\/wp-json\/wp\/v2\/pages\/212","targetHints":{"allow":["GET"]}}],"collection":[{"href":"https:\/\/www.purhotmelt.com\/nb\/wp-json\/wp\/v2\/pages"}],"about":[{"href":"https:\/\/www.purhotmelt.com\/nb\/wp-json\/wp\/v2\/types\/page"}],"author":[{"embeddable":true,"href":"https:\/\/www.purhotmelt.com\/nb\/wp-json\/wp\/v2\/users\/1"}],"replies":[{"embeddable":true,"href":"https:\/\/www.purhotmelt.com\/nb\/wp-json\/wp\/v2\/comments?post=212"}],"version-history":[{"count":1,"href":"https:\/\/www.purhotmelt.com\/nb\/wp-json\/wp\/v2\/pages\/212\/revisions"}],"predecessor-version":[{"id":214,"href":"https:\/\/www.purhotmelt.com\/nb\/wp-json\/wp\/v2\/pages\/212\/revisions\/214"}],"wp:attachment":[{"href":"https:\/\/www.purhotmelt.com\/nb\/wp-json\/wp\/v2\/media?parent=212"}],"curies":[{"name":"wp","href":"https:\/\/api.w.org\/{rel}","templated":true}]}}