{"id":218,"date":"2021-01-20T22:09:01","date_gmt":"2021-01-20T22:09:01","guid":{"rendered":"https:\/\/www.purhotmelt.com\/?page_id=218"},"modified":"2021-01-20T22:09:02","modified_gmt":"2021-01-20T22:09:02","slug":"adhesives-in-printing-and-cardboard-industries","status":"publish","type":"page","link":"https:\/\/www.purhotmelt.com\/nb\/adhesives-in-printing-and-cardboard-industries\/","title":{"rendered":"Lim i utskrift og kartongindustri"},"content":{"rendered":"<p>Intercol har en rekke lim som brukes av offsettrykk og pappemballasjefirmaer.<\/p>\n\n\n\n<p>Med voksende markeder for gave- og premiumemballasje er nye liml\u00f8sninger n\u00f8dvendige for \u00e5 klebe belagte, lakkerte, skinnende, laminerte emballasjer. Videre kan offsettrykkere, stanseklippere, limlim og etterbehandlingsutstyr kreve spesielle vannf\u00f8dte kjemikalier som lim og lim for liming av mapper. V\u00e5r spesielle 600-serie lim gir til og med sterke bindinger til akryl- eller UV-belegg, spesifikke lakker, varm og kald folieforgylling, preging og laminerte underlag.<\/p>\n\n\n\n<p>Intercol-limet utvides for spesielle emballasjer i luksusvarer, vin og brennevin, FMCG og bag-in-box markeder.<\/p>\n\n\n\n<p>Intercol har et laboratorium tilgjengelig for \u00e5 lage kundespesifikke limfors\u00f8k, en moderne produksjon, lagring og verdensomspennende lokal teknisk support.<\/p>\n\n\n\n<p>Videre har Intercol et komplett utvalg av lim for liming av papir, papplaminering og nesten alle andre applikasjoner med lim i trykk- og emballasjebransjen. I tillegg er det p\u00e5vist at de fleste av v\u00e5re lim er trygt brukt til matemballasje. Intercol er teknologileder innen emballasje av mat, liming av mapper og deteksjon av optisk matsikker lim.<\/p>\n\n\n\n<p>Flere og flere selskaper s\u00f8ker mer b\u00e6rekraftige emballasjealternativer, i tillegg til at v\u00e5rt n\u00e5v\u00e6rende utvalg av lim er et av de mest milj\u00f8messig teknisk mulige, og vi tilbyr ogs\u00e5 helt biobaserte og biologisk nedbrytbare lim. N\u00e5v\u00e6rende standardl\u00f8sninger er hovedsakelig basert p\u00e5 stivelse, hvete eller protein, men ogs\u00e5 PLA og andre gode limtilsetningsstoffer er tilgjengelige for \u00e5 lage det beste biologisk nedbrytbare limet. Vi kan diskutere den beste l\u00f8sningen for din produksjon, og gi r\u00e5d om maskintilpasninger for \u00e5 jobbe med disse biologisk nedbrytbare og biobaserte limene.<\/p>","protected":false},"excerpt":{"rendered":"<p>Intercol has a range of adhesives that are use by offset printing and cardboard packaging firms. [&hellip;]<\/p>","protected":false},"author":1,"featured_media":0,"parent":0,"menu_order":0,"comment_status":"closed","ping_status":"closed","template":"","meta":{"footnotes":""},"class_list":["post-218","page","type-page","status-publish","hentry"],"yoast_head":"<!-- This site is optimized with the Yoast SEO plugin v17.0 - https:\/\/yoast.com\/wordpress\/plugins\/seo\/ -->\n<title>ADHESIVES IN PRINTING AND CARDBOARD INDUSTRIES - PUR hot melt adhesives<\/title>\n<meta name=\"robots\" content=\"index, follow, max-snippet:-1, max-image-preview:large, max-video-preview:-1\" \/>\n<link rel=\"canonical\" href=\"https:\/\/www.purhotmelt.com\/nb\/adhesives-in-printing-and-cardboard-industries\/\" \/>\n<meta property=\"og:locale\" content=\"nb_NO\" \/>\n<meta property=\"og:type\" content=\"article\" \/>\n<meta property=\"og:title\" content=\"ADHESIVES IN PRINTING AND CARDBOARD INDUSTRIES - PUR hot melt adhesives\" \/>\n<meta property=\"og:description\" content=\"Intercol has a range of adhesives that are use by offset printing and cardboard packaging firms. [&hellip;]\" \/>\n<meta property=\"og:url\" content=\"https:\/\/www.purhotmelt.com\/nb\/adhesives-in-printing-and-cardboard-industries\/\" \/>\n<meta property=\"og:site_name\" content=\"PUR hot melt adhesives\" \/>\n<meta property=\"article:modified_time\" content=\"2021-01-20T22:09:02+00:00\" \/>\n<meta name=\"twitter:card\" content=\"summary_large_image\" \/>\n<meta name=\"twitter:label1\" content=\"Ansl. lesetid\" \/>\n\t<meta name=\"twitter:data1\" content=\"1 minutt\" \/>\n<script type=\"application\/ld+json\" class=\"yoast-schema-graph\">{\"@context\":\"https:\/\/schema.org\",\"@graph\":[{\"@type\":\"WebSite\",\"@id\":\"https:\/\/www.purhotmelt.com\/#website\",\"url\":\"https:\/\/www.purhotmelt.com\/\",\"name\":\"PUR hot melt adhesives\",\"description\":\"Intercol: Specialist manufacturer\",\"potentialAction\":[{\"@type\":\"SearchAction\",\"target\":{\"@type\":\"EntryPoint\",\"urlTemplate\":\"https:\/\/www.purhotmelt.com\/?s={search_term_string}\"},\"query-input\":\"required name=search_term_string\"}],\"inLanguage\":\"nb-NO\"},{\"@type\":\"WebPage\",\"@id\":\"https:\/\/www.purhotmelt.com\/adhesives-in-printing-and-cardboard-industries\/#webpage\",\"url\":\"https:\/\/www.purhotmelt.com\/adhesives-in-printing-and-cardboard-industries\/\",\"name\":\"ADHESIVES IN PRINTING AND CARDBOARD INDUSTRIES - PUR hot melt adhesives\",\"isPartOf\":{\"@id\":\"https:\/\/www.purhotmelt.com\/#website\"},\"datePublished\":\"2021-01-20T22:09:01+00:00\",\"dateModified\":\"2021-01-20T22:09:02+00:00\",\"breadcrumb\":{\"@id\":\"https:\/\/www.purhotmelt.com\/adhesives-in-printing-and-cardboard-industries\/#breadcrumb\"},\"inLanguage\":\"nb-NO\",\"potentialAction\":[{\"@type\":\"ReadAction\",\"target\":[\"https:\/\/www.purhotmelt.com\/adhesives-in-printing-and-cardboard-industries\/\"]}]},{\"@type\":\"BreadcrumbList\",\"@id\":\"https:\/\/www.purhotmelt.com\/adhesives-in-printing-and-cardboard-industries\/#breadcrumb\",\"itemListElement\":[{\"@type\":\"ListItem\",\"position\":1,\"name\":\"Home\",\"item\":\"https:\/\/www.purhotmelt.com\/\"},{\"@type\":\"ListItem\",\"position\":2,\"name\":\"ADHESIVES IN PRINTING AND CARDBOARD INDUSTRIES\"}]}]}<\/script>\n<!-- \/ Yoast SEO plugin. -->","yoast_head_json":{"title":"LIMMER I UTSKRIFTS- OG PAPPEINDUSTRIENE - PUR smeltelim","robots":{"index":"index","follow":"follow","max-snippet":"max-snippet:-1","max-image-preview":"max-image-preview:large","max-video-preview":"max-video-preview:-1"},"canonical":"https:\/\/www.purhotmelt.com\/nb\/adhesives-in-printing-and-cardboard-industries\/","og_locale":"nb_NO","og_type":"article","og_title":"ADHESIVES IN PRINTING AND CARDBOARD INDUSTRIES - PUR hot melt adhesives","og_description":"Intercol has a range of adhesives that are use by offset printing and cardboard packaging firms. [&hellip;]","og_url":"https:\/\/www.purhotmelt.com\/nb\/adhesives-in-printing-and-cardboard-industries\/","og_site_name":"PUR hot melt adhesives","article_modified_time":"2021-01-20T22:09:02+00:00","twitter_card":"summary_large_image","twitter_misc":{"Ansl. lesetid":"1 minutt"},"schema":{"@context":"https:\/\/schema.org","@graph":[{"@type":"WebSite","@id":"https:\/\/www.purhotmelt.com\/#website","url":"https:\/\/www.purhotmelt.com\/","name":"PUR smeltelim","description":"Intercol: spesialprodusent","potentialAction":[{"@type":"SearchAction","target":{"@type":"EntryPoint","urlTemplate":"https:\/\/www.purhotmelt.com\/?s={search_term_string}"},"query-input":"required name=search_term_string"}],"inLanguage":"nb-NO"},{"@type":"WebPage","@id":"https:\/\/www.purhotmelt.com\/adhesives-in-printing-and-cardboard-industries\/#webpage","url":"https:\/\/www.purhotmelt.com\/adhesives-in-printing-and-cardboard-industries\/","name":"LIMMER I UTSKRIFTS- OG PAPPEINDUSTRIENE - PUR smeltelim","isPartOf":{"@id":"https:\/\/www.purhotmelt.com\/#website"},"datePublished":"2021-01-20T22:09:01+00:00","dateModified":"2021-01-20T22:09:02+00:00","breadcrumb":{"@id":"https:\/\/www.purhotmelt.com\/adhesives-in-printing-and-cardboard-industries\/#breadcrumb"},"inLanguage":"nb-NO","potentialAction":[{"@type":"ReadAction","target":["https:\/\/www.purhotmelt.com\/adhesives-in-printing-and-cardboard-industries\/"]}]},{"@type":"BreadcrumbList","@id":"https:\/\/www.purhotmelt.com\/adhesives-in-printing-and-cardboard-industries\/#breadcrumb","itemListElement":[{"@type":"ListItem","position":1,"name":"Home","item":"https:\/\/www.purhotmelt.com\/"},{"@type":"ListItem","position":2,"name":"ADHESIVES IN PRINTING AND CARDBOARD INDUSTRIES"}]}]}},"_links":{"self":[{"href":"https:\/\/www.purhotmelt.com\/nb\/wp-json\/wp\/v2\/pages\/218","targetHints":{"allow":["GET"]}}],"collection":[{"href":"https:\/\/www.purhotmelt.com\/nb\/wp-json\/wp\/v2\/pages"}],"about":[{"href":"https:\/\/www.purhotmelt.com\/nb\/wp-json\/wp\/v2\/types\/page"}],"author":[{"embeddable":true,"href":"https:\/\/www.purhotmelt.com\/nb\/wp-json\/wp\/v2\/users\/1"}],"replies":[{"embeddable":true,"href":"https:\/\/www.purhotmelt.com\/nb\/wp-json\/wp\/v2\/comments?post=218"}],"version-history":[{"count":1,"href":"https:\/\/www.purhotmelt.com\/nb\/wp-json\/wp\/v2\/pages\/218\/revisions"}],"predecessor-version":[{"id":220,"href":"https:\/\/www.purhotmelt.com\/nb\/wp-json\/wp\/v2\/pages\/218\/revisions\/220"}],"wp:attachment":[{"href":"https:\/\/www.purhotmelt.com\/nb\/wp-json\/wp\/v2\/media?parent=218"}],"curies":[{"name":"wp","href":"https:\/\/api.w.org\/{rel}","templated":true}]}}