{"id":224,"date":"2021-01-20T22:12:14","date_gmt":"2021-01-20T22:12:14","guid":{"rendered":"https:\/\/www.purhotmelt.com\/?page_id=224"},"modified":"2021-01-20T22:12:16","modified_gmt":"2021-01-20T22:12:16","slug":"polyisobutene-pib-based-psa-hot-melt","status":"publish","type":"page","link":"https:\/\/www.purhotmelt.com\/nb\/polyisobutene-pib-based-psa-hot-melt\/","title":{"rendered":"POLYISOBUTENE PIB-BASERT PSA VARMT SMELT"},"content":{"rendered":"<h1 class=\"wp-block-heading\"><\/h1>\n\n\n\n<p>PIB brukes som et av de grunnleggende stoffene i produksjonen av trykkf\u00f8lsomme smeltelim. Andre baser\u00e5varer er elastomerer, og syntetiske polymerer basert p\u00e5 isobutylen gir andre spesifikasjoner og bruksomr\u00e5der. Som en milj\u00f8ansvarlig limprodusent har vi som m\u00e5l \u00e5 jobbe med matsikre ingredienser. Spesifikke formuleringer kan fremstilles for \u00e5 oppfylle h\u00f8ye krav til stabilitet mot oksydasjon. PIB er i dette tilfellet vennlig for hudapparater og er derfor en komponent i medisinske omr\u00e5der som kirurgisk tape og transdermale systemer.<\/p>\n\n\n\n<p>Mer informasjon om<\/p>\n\n\n\n<ul class=\"wp-block-list\"><li>Hygiene og medisinske produkter<\/li><li>PSA smeltelim<\/li><li>Insektfellelim<\/li><\/ul>\n\n\n\n<h2 class=\"wp-block-heading\">TYPISK FORMULERING AV VARMT SMELT PSA<\/h2>\n\n\n\n<p>Et eksempel p\u00e5 en PSA-smelteformulering er basert p\u00e5 en<\/p>\n\n\n\n<ul class=\"wp-block-list\"><li>Kopolymer av isobutylen og isopren<\/li><li>Tackifiserende harpiks<\/li><li>Mikrokrystallinsk voks (mikrovoks)<\/li><li>Antioksidant<\/li><\/ul>\n\n\n\n<h2 class=\"wp-block-heading\">Lim for obligasjonsapplikasjoner<\/h2>\n\n\n\n<p>Smeltelim akselererer dagens komplekse produksjonsprosesser. Den vanligste applikasjonen er emballering av mange andre forskjellige bruksomr\u00e5der: applikasjoner for montering av produkter som hvitevarer og bilindustri, laminering, trebearbeiding, isolasjonsmaterialer, bokbinding, kabelmontering. Hver dag blir nye applikasjonsomr\u00e5der funnet.<\/p>\n\n\n\n<p>Ettersom smeltelim er 100% faste stoffer, som ikke inneholder l\u00f8semidler eller vann, kan smeltelim ogs\u00e5 binde seg til ikke-por\u00f8se underlag. Kombinert med rask og utmerket limstyrke. I noen applikasjoner er det mindre enn et sekund komprimeringstid n\u00f8dvendig. Varmesmeltelim m\u00e5 varmes opp, generelt til ca. 160 \u00b0 C. Ved denne temperaturen er det i stand til \u00e5 feste seg til underlaget og skape en rask, sterk binding. Varmesmeltbindinger kan v\u00e6re sterkere og lettere enn tradisjonelle applikasjoner for spikring, sveising og skruing, fordi underlag ikke blir skadet og for eksempel ved flat laminering er klebeomr\u00e5det stort.<\/p>\n\n\n\n<p><strong>Hot Melt Granules, pastiller og prills.<\/strong><\/p>\n\n\n\n<p>Mest comon er smeltelim i granulat. De fleste av disse er basert p\u00e5 EVA og polyolefin. Andre kvaliteter, som flyktninger og trykkf\u00f8lsomt lim (PSA), leveres hovedsakelig i 0,5 til 1,0 KG-blokker eller 200L trommer. Polyuretanlim selges alltid i trommer, fra 2,5 til 200L<\/p>","protected":false},"excerpt":{"rendered":"<p>PIB are used as one of the basic substance in the production of pressure-sensitive hot melt [&hellip;]<\/p>","protected":false},"author":1,"featured_media":0,"parent":0,"menu_order":0,"comment_status":"closed","ping_status":"closed","template":"","meta":{"footnotes":""},"class_list":["post-224","page","type-page","status-publish","hentry"],"yoast_head":"<!-- This site is optimized with the Yoast SEO plugin v17.0 - https:\/\/yoast.com\/wordpress\/plugins\/seo\/ -->\n<title>POLYISOBUTENE PIB BASED PSA HOT MELT - PUR hot melt adhesives<\/title>\n<meta name=\"robots\" content=\"index, follow, max-snippet:-1, max-image-preview:large, max-video-preview:-1\" \/>\n<link rel=\"canonical\" href=\"https:\/\/www.purhotmelt.com\/nb\/polyisobutene-pib-based-psa-hot-melt\/\" \/>\n<meta property=\"og:locale\" content=\"nb_NO\" \/>\n<meta property=\"og:type\" content=\"article\" \/>\n<meta property=\"og:title\" content=\"POLYISOBUTENE PIB BASED PSA HOT MELT - PUR hot melt adhesives\" \/>\n<meta property=\"og:description\" content=\"PIB are used as one of the basic substance in the production of pressure-sensitive hot melt [&hellip;]\" \/>\n<meta property=\"og:url\" content=\"https:\/\/www.purhotmelt.com\/nb\/polyisobutene-pib-based-psa-hot-melt\/\" \/>\n<meta property=\"og:site_name\" content=\"PUR hot melt adhesives\" \/>\n<meta property=\"article:modified_time\" content=\"2021-01-20T22:12:16+00:00\" \/>\n<meta name=\"twitter:card\" content=\"summary_large_image\" \/>\n<meta name=\"twitter:label1\" content=\"Ansl. lesetid\" \/>\n\t<meta name=\"twitter:data1\" content=\"2 minutter\" \/>\n<script type=\"application\/ld+json\" class=\"yoast-schema-graph\">{\"@context\":\"https:\/\/schema.org\",\"@graph\":[{\"@type\":\"WebSite\",\"@id\":\"https:\/\/www.purhotmelt.com\/#website\",\"url\":\"https:\/\/www.purhotmelt.com\/\",\"name\":\"PUR hot melt adhesives\",\"description\":\"Intercol: Specialist manufacturer\",\"potentialAction\":[{\"@type\":\"SearchAction\",\"target\":{\"@type\":\"EntryPoint\",\"urlTemplate\":\"https:\/\/www.purhotmelt.com\/?s={search_term_string}\"},\"query-input\":\"required name=search_term_string\"}],\"inLanguage\":\"nb-NO\"},{\"@type\":\"WebPage\",\"@id\":\"https:\/\/www.purhotmelt.com\/polyisobutene-pib-based-psa-hot-melt\/#webpage\",\"url\":\"https:\/\/www.purhotmelt.com\/polyisobutene-pib-based-psa-hot-melt\/\",\"name\":\"POLYISOBUTENE PIB BASED PSA HOT MELT - PUR hot melt adhesives\",\"isPartOf\":{\"@id\":\"https:\/\/www.purhotmelt.com\/#website\"},\"datePublished\":\"2021-01-20T22:12:14+00:00\",\"dateModified\":\"2021-01-20T22:12:16+00:00\",\"breadcrumb\":{\"@id\":\"https:\/\/www.purhotmelt.com\/polyisobutene-pib-based-psa-hot-melt\/#breadcrumb\"},\"inLanguage\":\"nb-NO\",\"potentialAction\":[{\"@type\":\"ReadAction\",\"target\":[\"https:\/\/www.purhotmelt.com\/polyisobutene-pib-based-psa-hot-melt\/\"]}]},{\"@type\":\"BreadcrumbList\",\"@id\":\"https:\/\/www.purhotmelt.com\/polyisobutene-pib-based-psa-hot-melt\/#breadcrumb\",\"itemListElement\":[{\"@type\":\"ListItem\",\"position\":1,\"name\":\"Home\",\"item\":\"https:\/\/www.purhotmelt.com\/\"},{\"@type\":\"ListItem\",\"position\":2,\"name\":\"POLYISOBUTENE PIB BASED PSA HOT MELT\"}]}]}<\/script>\n<!-- \/ Yoast SEO plugin. -->","yoast_head_json":{"title":"POLYISOBUTENE PIB BASERT PSA HOT MELT - PUR smeltelim","robots":{"index":"index","follow":"follow","max-snippet":"max-snippet:-1","max-image-preview":"max-image-preview:large","max-video-preview":"max-video-preview:-1"},"canonical":"https:\/\/www.purhotmelt.com\/nb\/polyisobutene-pib-based-psa-hot-melt\/","og_locale":"nb_NO","og_type":"article","og_title":"POLYISOBUTENE PIB BASED PSA HOT MELT - PUR hot melt adhesives","og_description":"PIB are used as one of the basic substance in the production of pressure-sensitive hot melt [&hellip;]","og_url":"https:\/\/www.purhotmelt.com\/nb\/polyisobutene-pib-based-psa-hot-melt\/","og_site_name":"PUR hot melt adhesives","article_modified_time":"2021-01-20T22:12:16+00:00","twitter_card":"summary_large_image","twitter_misc":{"Ansl. lesetid":"2 minutter"},"schema":{"@context":"https:\/\/schema.org","@graph":[{"@type":"WebSite","@id":"https:\/\/www.purhotmelt.com\/#website","url":"https:\/\/www.purhotmelt.com\/","name":"PUR smeltelim","description":"Intercol: spesialprodusent","potentialAction":[{"@type":"SearchAction","target":{"@type":"EntryPoint","urlTemplate":"https:\/\/www.purhotmelt.com\/?s={search_term_string}"},"query-input":"required name=search_term_string"}],"inLanguage":"nb-NO"},{"@type":"WebPage","@id":"https:\/\/www.purhotmelt.com\/polyisobutene-pib-based-psa-hot-melt\/#webpage","url":"https:\/\/www.purhotmelt.com\/polyisobutene-pib-based-psa-hot-melt\/","name":"POLYISOBUTENE PIB BASERT PSA HOT MELT - PUR smeltelim","isPartOf":{"@id":"https:\/\/www.purhotmelt.com\/#website"},"datePublished":"2021-01-20T22:12:14+00:00","dateModified":"2021-01-20T22:12:16+00:00","breadcrumb":{"@id":"https:\/\/www.purhotmelt.com\/polyisobutene-pib-based-psa-hot-melt\/#breadcrumb"},"inLanguage":"nb-NO","potentialAction":[{"@type":"ReadAction","target":["https:\/\/www.purhotmelt.com\/polyisobutene-pib-based-psa-hot-melt\/"]}]},{"@type":"BreadcrumbList","@id":"https:\/\/www.purhotmelt.com\/polyisobutene-pib-based-psa-hot-melt\/#breadcrumb","itemListElement":[{"@type":"ListItem","position":1,"name":"Home","item":"https:\/\/www.purhotmelt.com\/"},{"@type":"ListItem","position":2,"name":"POLYISOBUTENE PIB BASED PSA HOT MELT"}]}]}},"_links":{"self":[{"href":"https:\/\/www.purhotmelt.com\/nb\/wp-json\/wp\/v2\/pages\/224","targetHints":{"allow":["GET"]}}],"collection":[{"href":"https:\/\/www.purhotmelt.com\/nb\/wp-json\/wp\/v2\/pages"}],"about":[{"href":"https:\/\/www.purhotmelt.com\/nb\/wp-json\/wp\/v2\/types\/page"}],"author":[{"embeddable":true,"href":"https:\/\/www.purhotmelt.com\/nb\/wp-json\/wp\/v2\/users\/1"}],"replies":[{"embeddable":true,"href":"https:\/\/www.purhotmelt.com\/nb\/wp-json\/wp\/v2\/comments?post=224"}],"version-history":[{"count":1,"href":"https:\/\/www.purhotmelt.com\/nb\/wp-json\/wp\/v2\/pages\/224\/revisions"}],"predecessor-version":[{"id":226,"href":"https:\/\/www.purhotmelt.com\/nb\/wp-json\/wp\/v2\/pages\/224\/revisions\/226"}],"wp:attachment":[{"href":"https:\/\/www.purhotmelt.com\/nb\/wp-json\/wp\/v2\/media?parent=224"}],"curies":[{"name":"wp","href":"https:\/\/api.w.org\/{rel}","templated":true}]}}