{"id":230,"date":"2021-01-20T22:14:15","date_gmt":"2021-01-20T22:14:15","guid":{"rendered":"https:\/\/www.purhotmelt.com\/?page_id=230"},"modified":"2021-01-20T22:14:16","modified_gmt":"2021-01-20T22:14:16","slug":"paper-and-packaging-hot-melt-adhesives","status":"publish","type":"page","link":"https:\/\/www.purhotmelt.com\/nb\/paper-and-packaging-hot-melt-adhesives\/","title":{"rendered":"PAPIR OG EMBALLASJE VARMT SMELTLIM"},"content":{"rendered":"<p>Intercols utvalg av smeltelim er m\u00e5lrettet mot spesielle bruksomr\u00e5der som kartettning, flaskemerking, halmfeste, papirposeproduksjon, montering av poser osv. Ved kontinuerlig innovasjon utvikler Intercol nye karakterer som gj\u00f8r v\u00e5re kunders produksjonsprosess mer og mer effektiv. V\u00e5re hvite smelter basert p\u00e5 EVA og Metallocene Polyolefin (mPO) gir fordeler som mindre nedetid, mindre og enklere vedlikehold, ingen r\u00f8yk, matsertifisering og problemfri drift. Vi tilbyr ogs\u00e5 en rekke smeltelimpinner for oppstartsform\u00e5l, FoU eller manuelle reparasjoner. Ved \u00e5 tilby smeltelim med lav lukt, uten forkulling, ingen gelering, ingen strenger, lav tetthet og h\u00f8y vedheftningsstyrke, en bred milj\u00f8temperatur, er v\u00e5re smeltelim en av de mest allsidige karakterene som kan spare kostnader og skape bedre effektivitet for kundene.<\/p>\n\n\n\n<p>V\u00e5rt hvite EVA og Pololefine varmesmeltesortiment har tatt ytelsen til smeltelim for end-of-line emballasje til et h\u00f8yt niv\u00e5. Teknisk avansert og ekstremt allsidig, polyolefin smeltelim for emballasje kan brukes med nesten hvilken som helst emballasjemaskin, kartongkvalitet og pakningsformat.<\/p>\n\n\n\n<p>V\u00e5rt utvalg av smeltelim som er spesielt utviklet for bruk innen ikke-standard krevende koffertefremstilling er ogs\u00e5 veldig stort. Vi tilbyr mer enn 500 emballasjesmeltesorter, 150 karakterer er tilgjengelig fra lager. For h\u00f8ye krav til dypfrysing (EHM 5114), h\u00f8y temperaturbestandighet (EHM 9244), lav p\u00e5f\u00f8ringstemperatur (EHM 5116), ingen strenging (EHM 5108) eller ekstremt rask innstilling (0,1 sekund, EHM 5084), l\u00f8ser vi det mest krevende applikasjoner for \u00e5 kj\u00f8re perfekt. Enten du serverer kartongforsegling eller brettformende applikasjoner. For helse- og farmas\u00f8ytisk emballasje tilbyr vi viktige kvalitetssertifikater for \u00e5 sikre bindings- og manipulasjonsresistens. I tillegg gir disse smeltelimene ekstra pakningskonstruksjon og tetningsstyrke.<\/p>","protected":false},"excerpt":{"rendered":"<p>Intercol\u2019s range of\u00a0hot melt adhesives\u00a0is targeted on special applications such as\u00a0carto sealing, bottle labeling, straw attachment, [&hellip;]<\/p>","protected":false},"author":1,"featured_media":0,"parent":0,"menu_order":0,"comment_status":"closed","ping_status":"closed","template":"","meta":{"footnotes":""},"class_list":["post-230","page","type-page","status-publish","hentry"],"yoast_head":"<!-- This site is optimized with the Yoast SEO plugin v17.0 - https:\/\/yoast.com\/wordpress\/plugins\/seo\/ -->\n<title>PAPER AND PACKAGING HOT MELT ADHESIVES - PUR hot melt adhesives<\/title>\n<meta name=\"robots\" content=\"index, follow, max-snippet:-1, max-image-preview:large, max-video-preview:-1\" \/>\n<link rel=\"canonical\" href=\"https:\/\/www.purhotmelt.com\/nb\/paper-and-packaging-hot-melt-adhesives\/\" \/>\n<meta property=\"og:locale\" content=\"nb_NO\" \/>\n<meta property=\"og:type\" content=\"article\" \/>\n<meta property=\"og:title\" content=\"PAPER AND PACKAGING HOT MELT ADHESIVES - PUR hot melt adhesives\" \/>\n<meta property=\"og:description\" content=\"Intercol\u2019s range of\u00a0hot melt adhesives\u00a0is targeted on special applications such as\u00a0carto sealing, bottle labeling, straw attachment, [&hellip;]\" \/>\n<meta property=\"og:url\" content=\"https:\/\/www.purhotmelt.com\/nb\/paper-and-packaging-hot-melt-adhesives\/\" \/>\n<meta property=\"og:site_name\" content=\"PUR hot melt adhesives\" \/>\n<meta property=\"article:modified_time\" content=\"2021-01-20T22:14:16+00:00\" \/>\n<meta name=\"twitter:card\" content=\"summary_large_image\" \/>\n<meta name=\"twitter:label1\" content=\"Ansl. lesetid\" \/>\n\t<meta name=\"twitter:data1\" content=\"1 minutt\" \/>\n<script type=\"application\/ld+json\" class=\"yoast-schema-graph\">{\"@context\":\"https:\/\/schema.org\",\"@graph\":[{\"@type\":\"WebSite\",\"@id\":\"https:\/\/www.purhotmelt.com\/#website\",\"url\":\"https:\/\/www.purhotmelt.com\/\",\"name\":\"PUR hot melt adhesives\",\"description\":\"Intercol: Specialist manufacturer\",\"potentialAction\":[{\"@type\":\"SearchAction\",\"target\":{\"@type\":\"EntryPoint\",\"urlTemplate\":\"https:\/\/www.purhotmelt.com\/?s={search_term_string}\"},\"query-input\":\"required name=search_term_string\"}],\"inLanguage\":\"nb-NO\"},{\"@type\":\"WebPage\",\"@id\":\"https:\/\/www.purhotmelt.com\/nl\/paper-and-packaging-hot-melt-adhesives\/#webpage\",\"url\":\"https:\/\/www.purhotmelt.com\/nl\/paper-and-packaging-hot-melt-adhesives\/\",\"name\":\"PAPER AND PACKAGING HOT MELT ADHESIVES - PUR hot melt adhesives\",\"isPartOf\":{\"@id\":\"https:\/\/www.purhotmelt.com\/#website\"},\"datePublished\":\"2021-01-20T22:14:15+00:00\",\"dateModified\":\"2021-01-20T22:14:16+00:00\",\"breadcrumb\":{\"@id\":\"https:\/\/www.purhotmelt.com\/nl\/paper-and-packaging-hot-melt-adhesives\/#breadcrumb\"},\"inLanguage\":\"nb-NO\",\"potentialAction\":[{\"@type\":\"ReadAction\",\"target\":[\"https:\/\/www.purhotmelt.com\/nl\/paper-and-packaging-hot-melt-adhesives\/\"]}]},{\"@type\":\"BreadcrumbList\",\"@id\":\"https:\/\/www.purhotmelt.com\/nl\/paper-and-packaging-hot-melt-adhesives\/#breadcrumb\",\"itemListElement\":[{\"@type\":\"ListItem\",\"position\":1,\"name\":\"Home\",\"item\":\"https:\/\/www.purhotmelt.com\/\"},{\"@type\":\"ListItem\",\"position\":2,\"name\":\"PAPER AND PACKAGING HOT MELT ADHESIVES\"}]}]}<\/script>\n<!-- \/ Yoast SEO plugin. -->","yoast_head_json":{"title":"PAPIR OG EMBALLASJE VARME SMELTEMIDLER - PUR smeltelim","robots":{"index":"index","follow":"follow","max-snippet":"max-snippet:-1","max-image-preview":"max-image-preview:large","max-video-preview":"max-video-preview:-1"},"canonical":"https:\/\/www.purhotmelt.com\/nb\/paper-and-packaging-hot-melt-adhesives\/","og_locale":"nb_NO","og_type":"article","og_title":"PAPER AND PACKAGING HOT MELT ADHESIVES - PUR hot melt adhesives","og_description":"Intercol\u2019s range of\u00a0hot melt adhesives\u00a0is targeted on special applications such as\u00a0carto sealing, bottle labeling, straw attachment, [&hellip;]","og_url":"https:\/\/www.purhotmelt.com\/nb\/paper-and-packaging-hot-melt-adhesives\/","og_site_name":"PUR hot melt adhesives","article_modified_time":"2021-01-20T22:14:16+00:00","twitter_card":"summary_large_image","twitter_misc":{"Ansl. lesetid":"1 minutt"},"schema":{"@context":"https:\/\/schema.org","@graph":[{"@type":"WebSite","@id":"https:\/\/www.purhotmelt.com\/#website","url":"https:\/\/www.purhotmelt.com\/","name":"PUR smeltelim","description":"Intercol: spesialprodusent","potentialAction":[{"@type":"SearchAction","target":{"@type":"EntryPoint","urlTemplate":"https:\/\/www.purhotmelt.com\/?s={search_term_string}"},"query-input":"required name=search_term_string"}],"inLanguage":"nb-NO"},{"@type":"WebPage","@id":"https:\/\/www.purhotmelt.com\/nl\/paper-and-packaging-hot-melt-adhesives\/#webpage","url":"https:\/\/www.purhotmelt.com\/nl\/paper-and-packaging-hot-melt-adhesives\/","name":"PAPIR OG EMBALLASJE VARME SMELTEMIDLER - PUR smeltelim","isPartOf":{"@id":"https:\/\/www.purhotmelt.com\/#website"},"datePublished":"2021-01-20T22:14:15+00:00","dateModified":"2021-01-20T22:14:16+00:00","breadcrumb":{"@id":"https:\/\/www.purhotmelt.com\/nl\/paper-and-packaging-hot-melt-adhesives\/#breadcrumb"},"inLanguage":"nb-NO","potentialAction":[{"@type":"ReadAction","target":["https:\/\/www.purhotmelt.com\/nl\/paper-and-packaging-hot-melt-adhesives\/"]}]},{"@type":"BreadcrumbList","@id":"https:\/\/www.purhotmelt.com\/nl\/paper-and-packaging-hot-melt-adhesives\/#breadcrumb","itemListElement":[{"@type":"ListItem","position":1,"name":"Home","item":"https:\/\/www.purhotmelt.com\/"},{"@type":"ListItem","position":2,"name":"PAPER AND PACKAGING HOT MELT ADHESIVES"}]}]}},"_links":{"self":[{"href":"https:\/\/www.purhotmelt.com\/nb\/wp-json\/wp\/v2\/pages\/230","targetHints":{"allow":["GET"]}}],"collection":[{"href":"https:\/\/www.purhotmelt.com\/nb\/wp-json\/wp\/v2\/pages"}],"about":[{"href":"https:\/\/www.purhotmelt.com\/nb\/wp-json\/wp\/v2\/types\/page"}],"author":[{"embeddable":true,"href":"https:\/\/www.purhotmelt.com\/nb\/wp-json\/wp\/v2\/users\/1"}],"replies":[{"embeddable":true,"href":"https:\/\/www.purhotmelt.com\/nb\/wp-json\/wp\/v2\/comments?post=230"}],"version-history":[{"count":1,"href":"https:\/\/www.purhotmelt.com\/nb\/wp-json\/wp\/v2\/pages\/230\/revisions"}],"predecessor-version":[{"id":232,"href":"https:\/\/www.purhotmelt.com\/nb\/wp-json\/wp\/v2\/pages\/230\/revisions\/232"}],"wp:attachment":[{"href":"https:\/\/www.purhotmelt.com\/nb\/wp-json\/wp\/v2\/media?parent=230"}],"curies":[{"name":"wp","href":"https:\/\/api.w.org\/{rel}","templated":true}]}}