{"id":248,"date":"2021-01-20T22:22:19","date_gmt":"2021-01-20T22:22:19","guid":{"rendered":"https:\/\/www.purhotmelt.com\/?page_id=248"},"modified":"2021-01-20T22:22:20","modified_gmt":"2021-01-20T22:22:20","slug":"hot-glue-sticks","status":"publish","type":"page","link":"https:\/\/www.purhotmelt.com\/nb\/hot-glue-sticks\/","title":{"rendered":"VARME limstikker"},"content":{"rendered":"<h1 class=\"wp-block-heading\"><\/h1>\n\n\n\n<p>Intercol har et stort utvalg av smeltelim i bulk i perler, lameller, triller og trommer. Noen selskaper kan bruke smeltelimpinner, fordi disse er lettere \u00e5 starte med, eller mer mobile for f.eks. Reparasjons- eller h\u00e5ndverksform\u00e5l. For disse applikasjonene har vi et bredt utvalg av smeltelimpinner<\/p>\n\n\n\n<ul class=\"wp-block-list\"><li>11mm limpinner<\/li><li>12mm limpinner<\/li><li>15mm limpinner<\/li><li>43mm limpinner<\/li><li>PDR limpinner<\/li><li>Limpinner i polyamid<\/li><li>Fargede limpinner<\/li><\/ul>\n\n\n\n<p>For alle disse limpinnene tilbyr vi passende smeltelimpistoler av industriell kvalitet for profesjonell bruk.<\/p>","protected":false},"excerpt":{"rendered":"<p>Intercol has a large range of bulk hot melt adhesives in pearls, slats, prills and drums. [&hellip;]<\/p>","protected":false},"author":1,"featured_media":0,"parent":0,"menu_order":0,"comment_status":"closed","ping_status":"closed","template":"","meta":{"footnotes":""},"class_list":["post-248","page","type-page","status-publish","hentry"],"yoast_head":"<!-- This site is optimized with the Yoast SEO plugin v17.0 - https:\/\/yoast.com\/wordpress\/plugins\/seo\/ -->\n<title>HOT GLUE STICKS - PUR hot melt adhesives<\/title>\n<meta name=\"robots\" content=\"index, follow, max-snippet:-1, max-image-preview:large, max-video-preview:-1\" \/>\n<link rel=\"canonical\" href=\"https:\/\/www.purhotmelt.com\/nb\/hot-glue-sticks\/\" \/>\n<meta property=\"og:locale\" content=\"nb_NO\" \/>\n<meta property=\"og:type\" content=\"article\" \/>\n<meta property=\"og:title\" content=\"HOT GLUE STICKS - PUR hot melt adhesives\" \/>\n<meta property=\"og:description\" content=\"Intercol has a large range of bulk hot melt adhesives in pearls, slats, prills and drums. [&hellip;]\" \/>\n<meta property=\"og:url\" content=\"https:\/\/www.purhotmelt.com\/nb\/hot-glue-sticks\/\" \/>\n<meta property=\"og:site_name\" content=\"PUR hot melt adhesives\" \/>\n<meta property=\"article:modified_time\" content=\"2021-01-20T22:22:20+00:00\" \/>\n<meta name=\"twitter:card\" content=\"summary_large_image\" \/>\n<script type=\"application\/ld+json\" class=\"yoast-schema-graph\">{\"@context\":\"https:\/\/schema.org\",\"@graph\":[{\"@type\":\"WebSite\",\"@id\":\"https:\/\/www.purhotmelt.com\/#website\",\"url\":\"https:\/\/www.purhotmelt.com\/\",\"name\":\"PUR hot melt adhesives\",\"description\":\"Intercol: Specialist manufacturer\",\"potentialAction\":[{\"@type\":\"SearchAction\",\"target\":{\"@type\":\"EntryPoint\",\"urlTemplate\":\"https:\/\/www.purhotmelt.com\/?s={search_term_string}\"},\"query-input\":\"required name=search_term_string\"}],\"inLanguage\":\"nb-NO\"},{\"@type\":\"WebPage\",\"@id\":\"https:\/\/www.purhotmelt.com\/nb\/hot-glue-sticks\/#webpage\",\"url\":\"https:\/\/www.purhotmelt.com\/nb\/hot-glue-sticks\/\",\"name\":\"HOT GLUE STICKS - PUR hot melt adhesives\",\"isPartOf\":{\"@id\":\"https:\/\/www.purhotmelt.com\/#website\"},\"datePublished\":\"2021-01-20T22:22:19+00:00\",\"dateModified\":\"2021-01-20T22:22:20+00:00\",\"breadcrumb\":{\"@id\":\"https:\/\/www.purhotmelt.com\/nb\/hot-glue-sticks\/#breadcrumb\"},\"inLanguage\":\"nb-NO\",\"potentialAction\":[{\"@type\":\"ReadAction\",\"target\":[\"https:\/\/www.purhotmelt.com\/nb\/hot-glue-sticks\/\"]}]},{\"@type\":\"BreadcrumbList\",\"@id\":\"https:\/\/www.purhotmelt.com\/nb\/hot-glue-sticks\/#breadcrumb\",\"itemListElement\":[{\"@type\":\"ListItem\",\"position\":1,\"name\":\"Home\",\"item\":\"https:\/\/www.purhotmelt.com\/\"},{\"@type\":\"ListItem\",\"position\":2,\"name\":\"HOT GLUE STICKS\"}]}]}<\/script>\n<!-- \/ Yoast SEO plugin. -->","yoast_head_json":{"title":"VARME LIMPINNER - PUR smeltelim","robots":{"index":"index","follow":"follow","max-snippet":"max-snippet:-1","max-image-preview":"max-image-preview:large","max-video-preview":"max-video-preview:-1"},"canonical":"https:\/\/www.purhotmelt.com\/nb\/hot-glue-sticks\/","og_locale":"nb_NO","og_type":"article","og_title":"HOT GLUE STICKS - PUR hot melt adhesives","og_description":"Intercol has a large range of bulk hot melt adhesives in pearls, slats, prills and drums. [&hellip;]","og_url":"https:\/\/www.purhotmelt.com\/nb\/hot-glue-sticks\/","og_site_name":"PUR hot melt adhesives","article_modified_time":"2021-01-20T22:22:20+00:00","twitter_card":"summary_large_image","schema":{"@context":"https:\/\/schema.org","@graph":[{"@type":"WebSite","@id":"https:\/\/www.purhotmelt.com\/#website","url":"https:\/\/www.purhotmelt.com\/","name":"PUR smeltelim","description":"Intercol: spesialprodusent","potentialAction":[{"@type":"SearchAction","target":{"@type":"EntryPoint","urlTemplate":"https:\/\/www.purhotmelt.com\/?s={search_term_string}"},"query-input":"required name=search_term_string"}],"inLanguage":"nb-NO"},{"@type":"WebPage","@id":"https:\/\/www.purhotmelt.com\/nb\/hot-glue-sticks\/#webpage","url":"https:\/\/www.purhotmelt.com\/nb\/hot-glue-sticks\/","name":"VARME LIMPINNER - PUR smeltelim","isPartOf":{"@id":"https:\/\/www.purhotmelt.com\/#website"},"datePublished":"2021-01-20T22:22:19+00:00","dateModified":"2021-01-20T22:22:20+00:00","breadcrumb":{"@id":"https:\/\/www.purhotmelt.com\/nb\/hot-glue-sticks\/#breadcrumb"},"inLanguage":"nb-NO","potentialAction":[{"@type":"ReadAction","target":["https:\/\/www.purhotmelt.com\/nb\/hot-glue-sticks\/"]}]},{"@type":"BreadcrumbList","@id":"https:\/\/www.purhotmelt.com\/nb\/hot-glue-sticks\/#breadcrumb","itemListElement":[{"@type":"ListItem","position":1,"name":"Home","item":"https:\/\/www.purhotmelt.com\/"},{"@type":"ListItem","position":2,"name":"HOT GLUE STICKS"}]}]}},"_links":{"self":[{"href":"https:\/\/www.purhotmelt.com\/nb\/wp-json\/wp\/v2\/pages\/248","targetHints":{"allow":["GET"]}}],"collection":[{"href":"https:\/\/www.purhotmelt.com\/nb\/wp-json\/wp\/v2\/pages"}],"about":[{"href":"https:\/\/www.purhotmelt.com\/nb\/wp-json\/wp\/v2\/types\/page"}],"author":[{"embeddable":true,"href":"https:\/\/www.purhotmelt.com\/nb\/wp-json\/wp\/v2\/users\/1"}],"replies":[{"embeddable":true,"href":"https:\/\/www.purhotmelt.com\/nb\/wp-json\/wp\/v2\/comments?post=248"}],"version-history":[{"count":1,"href":"https:\/\/www.purhotmelt.com\/nb\/wp-json\/wp\/v2\/pages\/248\/revisions"}],"predecessor-version":[{"id":250,"href":"https:\/\/www.purhotmelt.com\/nb\/wp-json\/wp\/v2\/pages\/248\/revisions\/250"}],"wp:attachment":[{"href":"https:\/\/www.purhotmelt.com\/nb\/wp-json\/wp\/v2\/media?parent=248"}],"curies":[{"name":"wp","href":"https:\/\/api.w.org\/{rel}","templated":true}]}}