{"id":251,"date":"2021-01-20T22:23:46","date_gmt":"2021-01-20T22:23:46","guid":{"rendered":"https:\/\/www.purhotmelt.com\/?page_id=251"},"modified":"2021-01-20T22:23:47","modified_gmt":"2021-01-20T22:23:47","slug":"hot-melt-adhesives","status":"publish","type":"page","link":"https:\/\/www.purhotmelt.com\/nb\/hot-melt-adhesives\/","title":{"rendered":"VARMT SMELTLIM"},"content":{"rendered":"<h1 class=\"wp-block-heading\"><\/h1>\n\n\n\n<hr class=\"wp-block-separator\"\/>\n\n\n\n<p>Intercol hotmelts er tilgjengelige i et bredt utvalg og fra lager. Fra rask innstilling, lang \u00e5pningstid, for applikasjoner med dypfrysing, varmebestandig emballasje, eller vanskelig \u00e5 binde, plastunderlag.<\/p>\n\n\n\n<p>Intercol smeltelim er godt kjent i hovedsak Europa.<\/p>\n\n\n\n<p>For igangsetting, forsknings- og reparasjonsform\u00e5l leverer Intercol en rekke h\u00e5ndlimpistoler til standard 11mm og 43 limpinner og kjent som applikatorer for formet smeltelim. De fleste v\u00e5pen er ogs\u00e5 bra for tung industriell, manuell bruk.<\/p>\n\n\n\n<p><br>R\u00e5varer for smeltelim inkluderer PUR, Polyolefine, EVA, harpiks, voks eller parafin og antioksidanter.&nbsp;<br><br><strong>Fordeler med smeltelim:<\/strong><\/p>\n\n\n\n<ul class=\"wp-block-list\"><li>Enkel \u00e5 jobbe med, enkel \u00e5 implementere i monteringslinjer<\/li><li>Skaper en rask vedheft p\u00e5 nesten alle materialer og underlag (unntatt selvf\u00f8lgelig ikke-limbare materialer som silikon og teflon)<\/li><li>Smeltelim krever n\u00f8yaktig spesialbehandlingsutstyr med n\u00f8yaktig justerbare p\u00e5f\u00f8ringstemperaturer. Disse monterings- og emballasjeapplikasjonene gir veldig rask vedheft, kortere herdetid, praktisk talt ingen t\u00f8rketid<\/li><li>Smeltelim er godt motstandsdyktig mot fuktighet<\/li><li>Kan binde glatte, tette, ikke-por\u00f8se materialer<\/li><li>Ekstremt god \u00e5 p\u00e5f\u00f8re, b\u00e5de i mengde og posisjon, spesielt n\u00e5r den behandles i en halvautomatisk prosess med en tidtaker \/ sensorkontroll.<\/li><li>Sv\u00e6rt kompakt enhetskonstruksjon, fleksibel for \u00e5 passe inn i eksisterende maskiner, p\u00e5 grunn av den raske &quot;st\u00f8rkningstiden&quot; smelter har veldig kort pressetid.<\/li><li>Ved smeltesmelter kan man oppn\u00e5 h\u00f8yere maskinhastigheter enn f.eks. Med selvklebende tape, spiker, skruer, sveising eller kaldt lim.<\/li><li>Reduksjon av kostnader p\u00e5 grunn av for eksempel mindre tape- og limforbruk<\/li><li>De fleste smeltelim har ubegrenset holdbarhet<\/li><li>Bedre \u00e5 resirkulere papiravfall som med selvklebende b\u00e5nd, der filmen er av usolluerbar plast.<\/li><\/ul>\n\n\n\n<p>Hotmelt er tilgjengelig i p\u00e6rer, trommer, blokker og granulat.<\/p>\n\n\n\n<p><strong>Viktige konsepter som er diskutert i v\u00e5rt \u00e5rlige smeltel\u00f8p.<\/strong><\/p>\n\n\n\n<ul class=\"wp-block-list\"><li><strong>Hot tack:<\/strong>&nbsp;dette er den varme, smeltede, klebende kraften til&nbsp;<strong>varm smelte.<\/strong><\/li><li><strong>\u00c5pen tid:<\/strong>&nbsp;Tiden som er tilgjengelig fra&nbsp;<strong>varm smelte<\/strong>&nbsp;mellom p\u00e5f\u00f8ring av klebemiddel og sammenf\u00f8ring av underlag.<\/li><\/ul>\n\n\n\n<p><strong>S\u00f8knader med hotmelt<\/strong><\/p>\n\n\n\n<ul class=\"wp-block-list\"><li>Emballasje som mat (BRC), frossen mat, levering av pakker og pakker.<\/li><li>papirindustrien<\/li><li>segregering av ytre bokser<\/li><li>M\u00f8belproduksjon og polstring (polstring av biler, montering og montering)<\/li><\/ul>","protected":false},"excerpt":{"rendered":"<p>Intercol hotmelts\u00a0are available in a wide range and from stock.\u00a0From fast setting, long open time, for [&hellip;]<\/p>","protected":false},"author":1,"featured_media":0,"parent":0,"menu_order":0,"comment_status":"closed","ping_status":"closed","template":"","meta":{"footnotes":""},"class_list":["post-251","page","type-page","status-publish","hentry"],"yoast_head":"<!-- This site is optimized with the Yoast SEO plugin v17.0 - https:\/\/yoast.com\/wordpress\/plugins\/seo\/ -->\n<title>HOT MELT ADHESIVES - PUR hot melt adhesives<\/title>\n<meta name=\"robots\" content=\"index, follow, max-snippet:-1, max-image-preview:large, max-video-preview:-1\" \/>\n<link rel=\"canonical\" href=\"https:\/\/www.purhotmelt.com\/nb\/hot-melt-adhesives\/\" \/>\n<meta property=\"og:locale\" content=\"nb_NO\" \/>\n<meta property=\"og:type\" content=\"article\" \/>\n<meta property=\"og:title\" content=\"HOT MELT ADHESIVES - PUR hot melt adhesives\" \/>\n<meta property=\"og:description\" content=\"Intercol hotmelts\u00a0are available in a wide range and from stock.\u00a0From fast setting, long open time, for [&hellip;]\" \/>\n<meta property=\"og:url\" content=\"https:\/\/www.purhotmelt.com\/nb\/hot-melt-adhesives\/\" \/>\n<meta property=\"og:site_name\" content=\"PUR hot melt adhesives\" \/>\n<meta property=\"article:modified_time\" content=\"2021-01-20T22:23:47+00:00\" \/>\n<meta name=\"twitter:card\" content=\"summary_large_image\" \/>\n<meta name=\"twitter:label1\" content=\"Ansl. lesetid\" \/>\n\t<meta name=\"twitter:data1\" content=\"2 minutter\" \/>\n<script type=\"application\/ld+json\" class=\"yoast-schema-graph\">{\"@context\":\"https:\/\/schema.org\",\"@graph\":[{\"@type\":\"WebSite\",\"@id\":\"https:\/\/www.purhotmelt.com\/#website\",\"url\":\"https:\/\/www.purhotmelt.com\/\",\"name\":\"PUR hot melt adhesives\",\"description\":\"Intercol: Specialist manufacturer\",\"potentialAction\":[{\"@type\":\"SearchAction\",\"target\":{\"@type\":\"EntryPoint\",\"urlTemplate\":\"https:\/\/www.purhotmelt.com\/?s={search_term_string}\"},\"query-input\":\"required name=search_term_string\"}],\"inLanguage\":\"nb-NO\"},{\"@type\":\"WebPage\",\"@id\":\"https:\/\/www.purhotmelt.com\/es\/hot-melt-adhesives\/#webpage\",\"url\":\"https:\/\/www.purhotmelt.com\/es\/hot-melt-adhesives\/\",\"name\":\"HOT MELT ADHESIVES - PUR hot melt adhesives\",\"isPartOf\":{\"@id\":\"https:\/\/www.purhotmelt.com\/#website\"},\"datePublished\":\"2021-01-20T22:23:46+00:00\",\"dateModified\":\"2021-01-20T22:23:47+00:00\",\"breadcrumb\":{\"@id\":\"https:\/\/www.purhotmelt.com\/es\/hot-melt-adhesives\/#breadcrumb\"},\"inLanguage\":\"nb-NO\",\"potentialAction\":[{\"@type\":\"ReadAction\",\"target\":[\"https:\/\/www.purhotmelt.com\/es\/hot-melt-adhesives\/\"]}]},{\"@type\":\"BreadcrumbList\",\"@id\":\"https:\/\/www.purhotmelt.com\/es\/hot-melt-adhesives\/#breadcrumb\",\"itemListElement\":[{\"@type\":\"ListItem\",\"position\":1,\"name\":\"Home\",\"item\":\"https:\/\/www.purhotmelt.com\/\"},{\"@type\":\"ListItem\",\"position\":2,\"name\":\"HOT MELT ADHESIVES\"}]}]}<\/script>\n<!-- \/ Yoast SEO plugin. -->","yoast_head_json":{"title":"VARME SMELTLIM - PUR smeltelim","robots":{"index":"index","follow":"follow","max-snippet":"max-snippet:-1","max-image-preview":"max-image-preview:large","max-video-preview":"max-video-preview:-1"},"canonical":"https:\/\/www.purhotmelt.com\/nb\/hot-melt-adhesives\/","og_locale":"nb_NO","og_type":"article","og_title":"HOT MELT ADHESIVES - PUR hot melt adhesives","og_description":"Intercol hotmelts\u00a0are available in a wide range and from stock.\u00a0From fast setting, long open time, for [&hellip;]","og_url":"https:\/\/www.purhotmelt.com\/nb\/hot-melt-adhesives\/","og_site_name":"PUR hot melt adhesives","article_modified_time":"2021-01-20T22:23:47+00:00","twitter_card":"summary_large_image","twitter_misc":{"Ansl. lesetid":"2 minutter"},"schema":{"@context":"https:\/\/schema.org","@graph":[{"@type":"WebSite","@id":"https:\/\/www.purhotmelt.com\/#website","url":"https:\/\/www.purhotmelt.com\/","name":"PUR smeltelim","description":"Intercol: spesialprodusent","potentialAction":[{"@type":"SearchAction","target":{"@type":"EntryPoint","urlTemplate":"https:\/\/www.purhotmelt.com\/?s={search_term_string}"},"query-input":"required name=search_term_string"}],"inLanguage":"nb-NO"},{"@type":"WebPage","@id":"https:\/\/www.purhotmelt.com\/es\/hot-melt-adhesives\/#webpage","url":"https:\/\/www.purhotmelt.com\/es\/hot-melt-adhesives\/","name":"VARME SMELTLIM - PUR smeltelim","isPartOf":{"@id":"https:\/\/www.purhotmelt.com\/#website"},"datePublished":"2021-01-20T22:23:46+00:00","dateModified":"2021-01-20T22:23:47+00:00","breadcrumb":{"@id":"https:\/\/www.purhotmelt.com\/es\/hot-melt-adhesives\/#breadcrumb"},"inLanguage":"nb-NO","potentialAction":[{"@type":"ReadAction","target":["https:\/\/www.purhotmelt.com\/es\/hot-melt-adhesives\/"]}]},{"@type":"BreadcrumbList","@id":"https:\/\/www.purhotmelt.com\/es\/hot-melt-adhesives\/#breadcrumb","itemListElement":[{"@type":"ListItem","position":1,"name":"Home","item":"https:\/\/www.purhotmelt.com\/"},{"@type":"ListItem","position":2,"name":"HOT MELT ADHESIVES"}]}]}},"_links":{"self":[{"href":"https:\/\/www.purhotmelt.com\/nb\/wp-json\/wp\/v2\/pages\/251","targetHints":{"allow":["GET"]}}],"collection":[{"href":"https:\/\/www.purhotmelt.com\/nb\/wp-json\/wp\/v2\/pages"}],"about":[{"href":"https:\/\/www.purhotmelt.com\/nb\/wp-json\/wp\/v2\/types\/page"}],"author":[{"embeddable":true,"href":"https:\/\/www.purhotmelt.com\/nb\/wp-json\/wp\/v2\/users\/1"}],"replies":[{"embeddable":true,"href":"https:\/\/www.purhotmelt.com\/nb\/wp-json\/wp\/v2\/comments?post=251"}],"version-history":[{"count":1,"href":"https:\/\/www.purhotmelt.com\/nb\/wp-json\/wp\/v2\/pages\/251\/revisions"}],"predecessor-version":[{"id":253,"href":"https:\/\/www.purhotmelt.com\/nb\/wp-json\/wp\/v2\/pages\/251\/revisions\/253"}],"wp:attachment":[{"href":"https:\/\/www.purhotmelt.com\/nb\/wp-json\/wp\/v2\/media?parent=251"}],"curies":[{"name":"wp","href":"https:\/\/api.w.org\/{rel}","templated":true}]}}