{"id":257,"date":"2021-01-20T22:26:43","date_gmt":"2021-01-20T22:26:43","guid":{"rendered":"https:\/\/www.purhotmelt.com\/?page_id=257"},"modified":"2021-01-20T22:26:44","modified_gmt":"2021-01-20T22:26:44","slug":"ethylene-vinyl-acetate-copolymer","status":"publish","type":"page","link":"https:\/\/www.purhotmelt.com\/nb\/ethylene-vinyl-acetate-copolymer\/","title":{"rendered":"ETHYLENE VINYL ACETATE COPOLYMER"},"content":{"rendered":"<h1 class=\"wp-block-heading\"><\/h1>\n\n\n\n<p>Intercol er i stand til \u00e5 lage og utvikle blandinger med etylenvinylacetat-kopolymerl\u00f8sninger.<\/p>\n\n\n\n<p>Hvis du s\u00f8ker etter spesifikke krav til lim eller belegg, kan laboratoriet v\u00e5rt finne l\u00f8sningen i henhold til kundespesifikke behov.<\/p>\n\n\n\n<p>PVAc-kopolymer hos Intercol er for det meste lim som brukes i emballasje, tekstilbehandling og fremstilling, bokbinding, liming eller belegg av plastfilmer, varmeforsegling eller for \u00e5 binde metalloverflater eller ferdig belagt papir. EVA \/ PVAc er tilgjengelig som dispergerbare pulver og i vannbaserte, l\u00f8semiddelfrie v\u00e6sker. Disse polymerene brukes ogs\u00e5 i plaster og sementrender. EVA-filmer er for det meste fleksible, homopolymerer er ikke, men kan jeg gj\u00f8re fleksible med (matgodkjente) myknere,<\/p>\n\n\n\n<p>Intercol er i stand til \u00e5 tilpasse etylenvinylacetategenskapene, hovedsakelig i flytende tilstand, ved \u00e5 tilsette f.eks. Adhesjonspromotorer, overflateaktive midler, antioksidanter, fuktemidler eller blanding med andre polymerer. Vi tilbyr omfattende kunnskap og mange \u00e5rs erfaring i et bredt spekter av bransjer.<\/p>\n\n\n\n<p>Etylenvinylacetater er generelt lite giftige og trygge \u00e5 bruke innen standard applikasjoner, for eksempel vannbasert apparat for matemballasjeprodukter. I disse applikasjonene er det til og med matemballasje godkjent av EU og USAs lov. Man b\u00f8r alltid konsultere sikkerhetsregler og informasjon gitt i sikkerhetsdatabladet (sikkerhetsdatablad) for det spesifikke produktet.<\/p>\n\n\n\n<p>Intercol er en av de ledende produsentene av flytende etylenvinylacetatlim for (mat) emballasje, papirkonvertering, treliming og mange spesielle applikasjoner i bransjer som montering og bygging av hvitevarer.<\/p>\n\n\n\n<p>Vi er knyttet til forskjellige andre acetat-kopolymerleverand\u00f8rer, p\u00e5 den m\u00e5ten er Intercol i stand til \u00e5 blande og blande kundespesifikke, unike l\u00f8sninger.<\/p>\n\n\n\n<p>Det er ogs\u00e5 mulig \u00e5 skumme etylenvinylacetat, eller p\u00e5 den andre m\u00e5ten, \u00e5 skumme det i prosessen hvis du liker det. Avhengig av dine behov, kan vi legge til spesifikke skuml\u00f8sninger, eller til og med spesifikke skumutvidere. Kanskje \u00e5 fylle med f.eks leire er et interessant alternativ.<\/p>\n\n\n\n<p>For smeltelim. etylenvinylacetatets smeltepunkt er en viktig spesifikasjon, fordi disse leveres varme (vanligvis 120-200C). Vannbasert belegg kan varmeaktiveres etter t\u00f8rking.<\/p>","protected":false},"excerpt":{"rendered":"<p>Intercol is able to make and develop blends with Ethylene Vinyl Acetate Copolymer solutions. If you [&hellip;]<\/p>","protected":false},"author":1,"featured_media":0,"parent":0,"menu_order":0,"comment_status":"closed","ping_status":"closed","template":"","meta":{"footnotes":""},"class_list":["post-257","page","type-page","status-publish","hentry"],"yoast_head":"<!-- This site is optimized with the Yoast SEO plugin v17.0 - https:\/\/yoast.com\/wordpress\/plugins\/seo\/ -->\n<title>ETHYLENE VINYL ACETATE COPOLYMER - PUR hot melt adhesives<\/title>\n<meta name=\"robots\" content=\"index, follow, max-snippet:-1, max-image-preview:large, max-video-preview:-1\" \/>\n<link rel=\"canonical\" href=\"https:\/\/www.purhotmelt.com\/nb\/ethylene-vinyl-acetate-copolymer\/\" \/>\n<meta property=\"og:locale\" content=\"nb_NO\" \/>\n<meta property=\"og:type\" content=\"article\" \/>\n<meta property=\"og:title\" content=\"ETHYLENE VINYL ACETATE COPOLYMER - PUR hot melt adhesives\" \/>\n<meta property=\"og:description\" content=\"Intercol is able to make and develop blends with Ethylene Vinyl Acetate Copolymer solutions. If you [&hellip;]\" \/>\n<meta property=\"og:url\" content=\"https:\/\/www.purhotmelt.com\/nb\/ethylene-vinyl-acetate-copolymer\/\" \/>\n<meta property=\"og:site_name\" content=\"PUR hot melt adhesives\" \/>\n<meta property=\"article:modified_time\" content=\"2021-01-20T22:26:44+00:00\" \/>\n<meta name=\"twitter:card\" content=\"summary_large_image\" \/>\n<meta name=\"twitter:label1\" content=\"Ansl. lesetid\" \/>\n\t<meta name=\"twitter:data1\" content=\"2 minutter\" \/>\n<script type=\"application\/ld+json\" class=\"yoast-schema-graph\">{\"@context\":\"https:\/\/schema.org\",\"@graph\":[{\"@type\":\"WebSite\",\"@id\":\"https:\/\/www.purhotmelt.com\/#website\",\"url\":\"https:\/\/www.purhotmelt.com\/\",\"name\":\"PUR hot melt adhesives\",\"description\":\"Intercol: Specialist manufacturer\",\"potentialAction\":[{\"@type\":\"SearchAction\",\"target\":{\"@type\":\"EntryPoint\",\"urlTemplate\":\"https:\/\/www.purhotmelt.com\/?s={search_term_string}\"},\"query-input\":\"required name=search_term_string\"}],\"inLanguage\":\"nb-NO\"},{\"@type\":\"WebPage\",\"@id\":\"https:\/\/www.purhotmelt.com\/nl\/ethylene-vinyl-acetate-copolymer\/#webpage\",\"url\":\"https:\/\/www.purhotmelt.com\/nl\/ethylene-vinyl-acetate-copolymer\/\",\"name\":\"ETHYLENE VINYL ACETATE COPOLYMER - PUR hot melt adhesives\",\"isPartOf\":{\"@id\":\"https:\/\/www.purhotmelt.com\/#website\"},\"datePublished\":\"2021-01-20T22:26:43+00:00\",\"dateModified\":\"2021-01-20T22:26:44+00:00\",\"breadcrumb\":{\"@id\":\"https:\/\/www.purhotmelt.com\/nl\/ethylene-vinyl-acetate-copolymer\/#breadcrumb\"},\"inLanguage\":\"nb-NO\",\"potentialAction\":[{\"@type\":\"ReadAction\",\"target\":[\"https:\/\/www.purhotmelt.com\/nl\/ethylene-vinyl-acetate-copolymer\/\"]}]},{\"@type\":\"BreadcrumbList\",\"@id\":\"https:\/\/www.purhotmelt.com\/nl\/ethylene-vinyl-acetate-copolymer\/#breadcrumb\",\"itemListElement\":[{\"@type\":\"ListItem\",\"position\":1,\"name\":\"Home\",\"item\":\"https:\/\/www.purhotmelt.com\/\"},{\"@type\":\"ListItem\",\"position\":2,\"name\":\"ETHYLENE VINYL ACETATE COPOLYMER\"}]}]}<\/script>\n<!-- \/ Yoast SEO plugin. -->","yoast_head_json":{"title":"ETHYLENE VINYL ACETATE COPOLYMER - PUR smeltelim","robots":{"index":"index","follow":"follow","max-snippet":"max-snippet:-1","max-image-preview":"max-image-preview:large","max-video-preview":"max-video-preview:-1"},"canonical":"https:\/\/www.purhotmelt.com\/nb\/ethylene-vinyl-acetate-copolymer\/","og_locale":"nb_NO","og_type":"article","og_title":"ETHYLENE VINYL ACETATE COPOLYMER - PUR hot melt adhesives","og_description":"Intercol is able to make and develop blends with Ethylene Vinyl Acetate Copolymer solutions. If you [&hellip;]","og_url":"https:\/\/www.purhotmelt.com\/nb\/ethylene-vinyl-acetate-copolymer\/","og_site_name":"PUR hot melt adhesives","article_modified_time":"2021-01-20T22:26:44+00:00","twitter_card":"summary_large_image","twitter_misc":{"Ansl. lesetid":"2 minutter"},"schema":{"@context":"https:\/\/schema.org","@graph":[{"@type":"WebSite","@id":"https:\/\/www.purhotmelt.com\/#website","url":"https:\/\/www.purhotmelt.com\/","name":"PUR smeltelim","description":"Intercol: spesialprodusent","potentialAction":[{"@type":"SearchAction","target":{"@type":"EntryPoint","urlTemplate":"https:\/\/www.purhotmelt.com\/?s={search_term_string}"},"query-input":"required name=search_term_string"}],"inLanguage":"nb-NO"},{"@type":"WebPage","@id":"https:\/\/www.purhotmelt.com\/nl\/ethylene-vinyl-acetate-copolymer\/#webpage","url":"https:\/\/www.purhotmelt.com\/nl\/ethylene-vinyl-acetate-copolymer\/","name":"ETHYLENE VINYL ACETATE COPOLYMER - PUR smeltelim","isPartOf":{"@id":"https:\/\/www.purhotmelt.com\/#website"},"datePublished":"2021-01-20T22:26:43+00:00","dateModified":"2021-01-20T22:26:44+00:00","breadcrumb":{"@id":"https:\/\/www.purhotmelt.com\/nl\/ethylene-vinyl-acetate-copolymer\/#breadcrumb"},"inLanguage":"nb-NO","potentialAction":[{"@type":"ReadAction","target":["https:\/\/www.purhotmelt.com\/nl\/ethylene-vinyl-acetate-copolymer\/"]}]},{"@type":"BreadcrumbList","@id":"https:\/\/www.purhotmelt.com\/nl\/ethylene-vinyl-acetate-copolymer\/#breadcrumb","itemListElement":[{"@type":"ListItem","position":1,"name":"Home","item":"https:\/\/www.purhotmelt.com\/"},{"@type":"ListItem","position":2,"name":"ETHYLENE VINYL ACETATE COPOLYMER"}]}]}},"_links":{"self":[{"href":"https:\/\/www.purhotmelt.com\/nb\/wp-json\/wp\/v2\/pages\/257","targetHints":{"allow":["GET"]}}],"collection":[{"href":"https:\/\/www.purhotmelt.com\/nb\/wp-json\/wp\/v2\/pages"}],"about":[{"href":"https:\/\/www.purhotmelt.com\/nb\/wp-json\/wp\/v2\/types\/page"}],"author":[{"embeddable":true,"href":"https:\/\/www.purhotmelt.com\/nb\/wp-json\/wp\/v2\/users\/1"}],"replies":[{"embeddable":true,"href":"https:\/\/www.purhotmelt.com\/nb\/wp-json\/wp\/v2\/comments?post=257"}],"version-history":[{"count":1,"href":"https:\/\/www.purhotmelt.com\/nb\/wp-json\/wp\/v2\/pages\/257\/revisions"}],"predecessor-version":[{"id":259,"href":"https:\/\/www.purhotmelt.com\/nb\/wp-json\/wp\/v2\/pages\/257\/revisions\/259"}],"wp:attachment":[{"href":"https:\/\/www.purhotmelt.com\/nb\/wp-json\/wp\/v2\/media?parent=257"}],"curies":[{"name":"wp","href":"https:\/\/api.w.org\/{rel}","templated":true}]}}