{"id":260,"date":"2021-01-20T22:27:43","date_gmt":"2021-01-20T22:27:43","guid":{"rendered":"https:\/\/www.purhotmelt.com\/?page_id=260"},"modified":"2021-01-20T22:27:44","modified_gmt":"2021-01-20T22:27:44","slug":"hot-melt","status":"publish","type":"page","link":"https:\/\/www.purhotmelt.com\/nb\/hot-melt\/","title":{"rendered":"VARMT SMELT"},"content":{"rendered":"<h1 class=\"wp-block-heading\"><\/h1>\n\n\n\n<p><strong>Smeltelim eller lim<\/strong>, er et termoplastisk lim som er tilgjengelig i pinner (11mm, 43mm) som skal p\u00e5f\u00f8res med en standard limpistol.<\/p>\n\n\n\n<p>Limet er klebrig og klebrig n\u00e5r det er varmt, og avkj\u00f8les p\u00e5 f\u00e5 sekunder for \u00e5 muliggj\u00f8re en rask binding og videre behandling. Intercols smeltelim kan ogs\u00e5 p\u00e5f\u00f8res ved str\u00e5ling, rullebelegg, p\u00e5f\u00f8ring av hjul, dypping, virvel og spr\u00f8yting.<\/p>\n\n\n\n<p>Smeltelim gir flere fordeler fremfor l\u00f8semiddelbaserte lim og lim. Flyktige organiske forbindelser (VOC) elimineres, og &quot;t\u00f8rkeprosessen&quot; er veldig rask (rask innstillingshastighet). Smeltelim har nesten permanent holdbarhet og kan vanligvis kastes uten spesielle forholdsregler. Du kan v\u00e6re forsiktig med underlag som er f\u00f8lsomme for h\u00f8yere temperaturer, og tap av limfasthet ved h\u00f8yere temperaturer, eller til og med en fullstendig smelting av limet. PUR- eller PU-reaktive lim vil gjelde etter p\u00e5f\u00f8ring, og disse er derfor nesten ikke temperaturavhengige. De fleste PUR-smelter er motstandsdyktige mot kjemiske angrep og har h\u00f8y holdbarhet p\u00e5 grunn av forvitring. smeltelim mister ikke tykkelsen (som med fordampende vann eller solidus) under st\u00f8rkning; l\u00f8semiddelbaserte og vannbaserte lim kan miste lagtykkelse p\u00e5 opptil 50-70% n\u00e5r de t\u00f8rkes.<\/p>","protected":false},"excerpt":{"rendered":"<p>Hot melt glue or adhesive, is a&nbsp; of thermoplastic glue&nbsp; that is availaible in sticks (11mm, [&hellip;]<\/p>","protected":false},"author":1,"featured_media":0,"parent":0,"menu_order":0,"comment_status":"closed","ping_status":"closed","template":"","meta":{"footnotes":""},"class_list":["post-260","page","type-page","status-publish","hentry"],"yoast_head":"<!-- This site is optimized with the Yoast SEO plugin v17.0 - https:\/\/yoast.com\/wordpress\/plugins\/seo\/ -->\n<title>HOT MELT - PUR hot melt adhesives<\/title>\n<meta name=\"robots\" content=\"index, follow, max-snippet:-1, max-image-preview:large, max-video-preview:-1\" \/>\n<link rel=\"canonical\" href=\"https:\/\/www.purhotmelt.com\/nb\/hot-melt\/\" \/>\n<meta property=\"og:locale\" content=\"nb_NO\" \/>\n<meta property=\"og:type\" content=\"article\" \/>\n<meta property=\"og:title\" content=\"HOT MELT - PUR hot melt adhesives\" \/>\n<meta property=\"og:description\" content=\"Hot melt glue or adhesive, is a&nbsp; of thermoplastic glue&nbsp; that is availaible in sticks (11mm, [&hellip;]\" \/>\n<meta property=\"og:url\" content=\"https:\/\/www.purhotmelt.com\/nb\/hot-melt\/\" \/>\n<meta property=\"og:site_name\" content=\"PUR hot melt adhesives\" \/>\n<meta property=\"article:modified_time\" content=\"2021-01-20T22:27:44+00:00\" \/>\n<meta name=\"twitter:card\" content=\"summary_large_image\" \/>\n<meta name=\"twitter:label1\" content=\"Ansl. lesetid\" \/>\n\t<meta name=\"twitter:data1\" content=\"1 minutt\" \/>\n<script type=\"application\/ld+json\" class=\"yoast-schema-graph\">{\"@context\":\"https:\/\/schema.org\",\"@graph\":[{\"@type\":\"WebSite\",\"@id\":\"https:\/\/www.purhotmelt.com\/#website\",\"url\":\"https:\/\/www.purhotmelt.com\/\",\"name\":\"PUR hot melt adhesives\",\"description\":\"Intercol: Specialist manufacturer\",\"potentialAction\":[{\"@type\":\"SearchAction\",\"target\":{\"@type\":\"EntryPoint\",\"urlTemplate\":\"https:\/\/www.purhotmelt.com\/?s={search_term_string}\"},\"query-input\":\"required name=search_term_string\"}],\"inLanguage\":\"nb-NO\"},{\"@type\":\"WebPage\",\"@id\":\"https:\/\/www.purhotmelt.com\/nb\/hot-melt\/#webpage\",\"url\":\"https:\/\/www.purhotmelt.com\/nb\/hot-melt\/\",\"name\":\"HOT MELT - PUR hot melt adhesives\",\"isPartOf\":{\"@id\":\"https:\/\/www.purhotmelt.com\/#website\"},\"datePublished\":\"2021-01-20T22:27:43+00:00\",\"dateModified\":\"2021-01-20T22:27:44+00:00\",\"breadcrumb\":{\"@id\":\"https:\/\/www.purhotmelt.com\/nb\/hot-melt\/#breadcrumb\"},\"inLanguage\":\"nb-NO\",\"potentialAction\":[{\"@type\":\"ReadAction\",\"target\":[\"https:\/\/www.purhotmelt.com\/nb\/hot-melt\/\"]}]},{\"@type\":\"BreadcrumbList\",\"@id\":\"https:\/\/www.purhotmelt.com\/nb\/hot-melt\/#breadcrumb\",\"itemListElement\":[{\"@type\":\"ListItem\",\"position\":1,\"name\":\"Home\",\"item\":\"https:\/\/www.purhotmelt.com\/\"},{\"@type\":\"ListItem\",\"position\":2,\"name\":\"HOT MELT\"}]}]}<\/script>\n<!-- \/ Yoast SEO plugin. -->","yoast_head_json":{"title":"VARME SMELT - PUR smeltelim","robots":{"index":"index","follow":"follow","max-snippet":"max-snippet:-1","max-image-preview":"max-image-preview:large","max-video-preview":"max-video-preview:-1"},"canonical":"https:\/\/www.purhotmelt.com\/nb\/hot-melt\/","og_locale":"nb_NO","og_type":"article","og_title":"HOT MELT - PUR hot melt adhesives","og_description":"Hot melt glue or adhesive, is a&nbsp; of thermoplastic glue&nbsp; that is availaible in sticks (11mm, [&hellip;]","og_url":"https:\/\/www.purhotmelt.com\/nb\/hot-melt\/","og_site_name":"PUR hot melt adhesives","article_modified_time":"2021-01-20T22:27:44+00:00","twitter_card":"summary_large_image","twitter_misc":{"Ansl. lesetid":"1 minutt"},"schema":{"@context":"https:\/\/schema.org","@graph":[{"@type":"WebSite","@id":"https:\/\/www.purhotmelt.com\/#website","url":"https:\/\/www.purhotmelt.com\/","name":"PUR smeltelim","description":"Intercol: spesialprodusent","potentialAction":[{"@type":"SearchAction","target":{"@type":"EntryPoint","urlTemplate":"https:\/\/www.purhotmelt.com\/?s={search_term_string}"},"query-input":"required name=search_term_string"}],"inLanguage":"nb-NO"},{"@type":"WebPage","@id":"https:\/\/www.purhotmelt.com\/nb\/hot-melt\/#webpage","url":"https:\/\/www.purhotmelt.com\/nb\/hot-melt\/","name":"VARME SMELT - PUR smeltelim","isPartOf":{"@id":"https:\/\/www.purhotmelt.com\/#website"},"datePublished":"2021-01-20T22:27:43+00:00","dateModified":"2021-01-20T22:27:44+00:00","breadcrumb":{"@id":"https:\/\/www.purhotmelt.com\/nb\/hot-melt\/#breadcrumb"},"inLanguage":"nb-NO","potentialAction":[{"@type":"ReadAction","target":["https:\/\/www.purhotmelt.com\/nb\/hot-melt\/"]}]},{"@type":"BreadcrumbList","@id":"https:\/\/www.purhotmelt.com\/nb\/hot-melt\/#breadcrumb","itemListElement":[{"@type":"ListItem","position":1,"name":"Home","item":"https:\/\/www.purhotmelt.com\/"},{"@type":"ListItem","position":2,"name":"HOT MELT"}]}]}},"_links":{"self":[{"href":"https:\/\/www.purhotmelt.com\/nb\/wp-json\/wp\/v2\/pages\/260","targetHints":{"allow":["GET"]}}],"collection":[{"href":"https:\/\/www.purhotmelt.com\/nb\/wp-json\/wp\/v2\/pages"}],"about":[{"href":"https:\/\/www.purhotmelt.com\/nb\/wp-json\/wp\/v2\/types\/page"}],"author":[{"embeddable":true,"href":"https:\/\/www.purhotmelt.com\/nb\/wp-json\/wp\/v2\/users\/1"}],"replies":[{"embeddable":true,"href":"https:\/\/www.purhotmelt.com\/nb\/wp-json\/wp\/v2\/comments?post=260"}],"version-history":[{"count":1,"href":"https:\/\/www.purhotmelt.com\/nb\/wp-json\/wp\/v2\/pages\/260\/revisions"}],"predecessor-version":[{"id":262,"href":"https:\/\/www.purhotmelt.com\/nb\/wp-json\/wp\/v2\/pages\/260\/revisions\/262"}],"wp:attachment":[{"href":"https:\/\/www.purhotmelt.com\/nb\/wp-json\/wp\/v2\/media?parent=260"}],"curies":[{"name":"wp","href":"https:\/\/api.w.org\/{rel}","templated":true}]}}