{"id":263,"date":"2021-01-20T22:29:24","date_gmt":"2021-01-20T22:29:24","guid":{"rendered":"https:\/\/www.purhotmelt.com\/?page_id=263"},"modified":"2021-01-20T22:29:25","modified_gmt":"2021-01-20T22:29:25","slug":"profile-wrapping-pu-hot-melt-adhesive","status":"publish","type":"page","link":"https:\/\/www.purhotmelt.com\/nb\/profile-wrapping-pu-hot-melt-adhesive\/","title":{"rendered":"PROFILINPAKNING PU VARMT SMELTLIM"},"content":{"rendered":"<h1 class=\"wp-block-heading\"><\/h1>\n\n\n\n<p>Termoplastiske lim oppfyller de utfordrende kravene i m\u00f8bel- og interi\u00f8rarbeidsindustrien.<\/p>\n\n\n\n<ul class=\"wp-block-list\"><li>Rask p\u00e5f\u00f8ring,<\/li><li>vanskelig formede profiler<\/li><li>motstand mot lav og h\u00f8y temperatur<\/li><li>Fuktighet<\/li><li>Rullebelegg, sporbelegg, ingen kontaktekstrudering eller sprayp\u00e5f\u00f8ring<\/li><\/ul>\n\n\n\n<p>PU-smelter (polyuretan) gj\u00f8r det mulig for kundene v\u00e5re \u00e5 bruke den til et bredere spekter av applikasjoner: \u2022 Ikke bare fysisk innstilling, men ogs\u00e5 kjemisk tverrbinding \u2022 H\u00f8yere temperatur-, kjemikalie- og fuktbestandighet opp til 140 \u00b0 C \u2022 Binder et bredt spekter av metaller og plast, som PO, PE, PP, PET, PS og EVA (etylen-vinylacetat smeltelim og polyolefin): \u2022 Hotmelt PU lim er basert p\u00e5 termoplast og syntetiske stoffer eller harpikser med et ekstra tverrbindingsmiddel \u2022 H\u00f8y gr\u00f8nn styrke direkte etter avkj\u00f8ling \u2022 temperaturbestandighet opp til 90 \u00b0 C (EVA) \/ 120 \u00b0 C (PO) \/ 140 \u00b0 C (PU) varmesmeltende PU-lim gir mange fordeler over l\u00f8semiddelbaserte polyuretanlim H\u00f8yhastighets innpakning CPL, papir, spesialfiner og termoplast ( PE, PP, EVA, PO) folier til profiler laget av metall, plast, tre, trebaserte materialer, PVC og aluminium \u2022 H\u00f8y klissete gr\u00f8nn styrke \u2022 Linjehastigheter til 70m \/ min \u2022 Veldig rask innstilling av varmesmelting PU-egenskaper PUHM501 innpakning HPL, CPL, termoplastisk og vanskelig \u00e5 feste folier, tykke fin\u00e9r og papir \/ kartong p\u00e5 tresubstrater, aluminium-, metall- og PVC-profiler \u2022 Universell bruk PUhotmelt \u2022 Standard lim som er sertifisert for innpakning av vindusprofiler i henhold til RAL GZ 716 - for sv\u00e6rt holdbar liming av trebasert materiale tykke dekorative papirer, innvendige finerH\u00f8y klebrighet Oppbevaringsmotstand mot varme til over 160 \u00b0 C \u2022 Dypfrysemotstand ned til -45 \u00b0 C<\/p>","protected":false},"excerpt":{"rendered":"<p>Thermoplastic&nbsp; adhesives meet the&nbsp; challenging requirements of the furniture and interior work industry. Fast application, difficult [&hellip;]<\/p>","protected":false},"author":1,"featured_media":0,"parent":0,"menu_order":0,"comment_status":"closed","ping_status":"closed","template":"","meta":{"footnotes":""},"class_list":["post-263","page","type-page","status-publish","hentry"],"yoast_head":"<!-- This site is optimized with the Yoast SEO plugin v17.0 - https:\/\/yoast.com\/wordpress\/plugins\/seo\/ -->\n<title>PROFILE WRAPPING PU HOT MELT ADHESIVE - PUR hot melt adhesives<\/title>\n<meta name=\"robots\" content=\"index, follow, max-snippet:-1, max-image-preview:large, max-video-preview:-1\" \/>\n<link rel=\"canonical\" href=\"https:\/\/www.purhotmelt.com\/nb\/profile-wrapping-pu-hot-melt-adhesive\/\" \/>\n<meta property=\"og:locale\" content=\"nb_NO\" \/>\n<meta property=\"og:type\" content=\"article\" \/>\n<meta property=\"og:title\" content=\"PROFILE WRAPPING PU HOT MELT ADHESIVE - PUR hot melt adhesives\" \/>\n<meta property=\"og:description\" content=\"Thermoplastic&nbsp; adhesives meet the&nbsp; challenging requirements of the furniture and interior work industry. Fast application, difficult [&hellip;]\" \/>\n<meta property=\"og:url\" content=\"https:\/\/www.purhotmelt.com\/nb\/profile-wrapping-pu-hot-melt-adhesive\/\" \/>\n<meta property=\"og:site_name\" content=\"PUR hot melt adhesives\" \/>\n<meta property=\"article:modified_time\" content=\"2021-01-20T22:29:25+00:00\" \/>\n<meta name=\"twitter:card\" content=\"summary_large_image\" \/>\n<meta name=\"twitter:label1\" content=\"Ansl. lesetid\" \/>\n\t<meta name=\"twitter:data1\" content=\"1 minutt\" \/>\n<script type=\"application\/ld+json\" class=\"yoast-schema-graph\">{\"@context\":\"https:\/\/schema.org\",\"@graph\":[{\"@type\":\"WebSite\",\"@id\":\"https:\/\/www.purhotmelt.com\/#website\",\"url\":\"https:\/\/www.purhotmelt.com\/\",\"name\":\"PUR hot melt adhesives\",\"description\":\"Intercol: Specialist manufacturer\",\"potentialAction\":[{\"@type\":\"SearchAction\",\"target\":{\"@type\":\"EntryPoint\",\"urlTemplate\":\"https:\/\/www.purhotmelt.com\/?s={search_term_string}\"},\"query-input\":\"required name=search_term_string\"}],\"inLanguage\":\"nb-NO\"},{\"@type\":\"WebPage\",\"@id\":\"https:\/\/www.purhotmelt.com\/nb\/profile-wrapping-pu-hot-melt-adhesive\/#webpage\",\"url\":\"https:\/\/www.purhotmelt.com\/nb\/profile-wrapping-pu-hot-melt-adhesive\/\",\"name\":\"PROFILE WRAPPING PU HOT MELT ADHESIVE - PUR hot melt adhesives\",\"isPartOf\":{\"@id\":\"https:\/\/www.purhotmelt.com\/#website\"},\"datePublished\":\"2021-01-20T22:29:24+00:00\",\"dateModified\":\"2021-01-20T22:29:25+00:00\",\"breadcrumb\":{\"@id\":\"https:\/\/www.purhotmelt.com\/nb\/profile-wrapping-pu-hot-melt-adhesive\/#breadcrumb\"},\"inLanguage\":\"nb-NO\",\"potentialAction\":[{\"@type\":\"ReadAction\",\"target\":[\"https:\/\/www.purhotmelt.com\/nb\/profile-wrapping-pu-hot-melt-adhesive\/\"]}]},{\"@type\":\"BreadcrumbList\",\"@id\":\"https:\/\/www.purhotmelt.com\/nb\/profile-wrapping-pu-hot-melt-adhesive\/#breadcrumb\",\"itemListElement\":[{\"@type\":\"ListItem\",\"position\":1,\"name\":\"Home\",\"item\":\"https:\/\/www.purhotmelt.com\/\"},{\"@type\":\"ListItem\",\"position\":2,\"name\":\"PROFILE WRAPPING PU HOT MELT ADHESIVE\"}]}]}<\/script>\n<!-- \/ Yoast SEO plugin. -->","yoast_head_json":{"title":"PROFILPAKNING PU VARME SMELT LIMMENDE - PUR smeltelim","robots":{"index":"index","follow":"follow","max-snippet":"max-snippet:-1","max-image-preview":"max-image-preview:large","max-video-preview":"max-video-preview:-1"},"canonical":"https:\/\/www.purhotmelt.com\/nb\/profile-wrapping-pu-hot-melt-adhesive\/","og_locale":"nb_NO","og_type":"article","og_title":"PROFILE WRAPPING PU HOT MELT ADHESIVE - PUR hot melt adhesives","og_description":"Thermoplastic&nbsp; adhesives meet the&nbsp; challenging requirements of the furniture and interior work industry. Fast application, difficult [&hellip;]","og_url":"https:\/\/www.purhotmelt.com\/nb\/profile-wrapping-pu-hot-melt-adhesive\/","og_site_name":"PUR hot melt adhesives","article_modified_time":"2021-01-20T22:29:25+00:00","twitter_card":"summary_large_image","twitter_misc":{"Ansl. lesetid":"1 minutt"},"schema":{"@context":"https:\/\/schema.org","@graph":[{"@type":"WebSite","@id":"https:\/\/www.purhotmelt.com\/#website","url":"https:\/\/www.purhotmelt.com\/","name":"PUR smeltelim","description":"Intercol: spesialprodusent","potentialAction":[{"@type":"SearchAction","target":{"@type":"EntryPoint","urlTemplate":"https:\/\/www.purhotmelt.com\/?s={search_term_string}"},"query-input":"required name=search_term_string"}],"inLanguage":"nb-NO"},{"@type":"WebPage","@id":"https:\/\/www.purhotmelt.com\/nb\/profile-wrapping-pu-hot-melt-adhesive\/#webpage","url":"https:\/\/www.purhotmelt.com\/nb\/profile-wrapping-pu-hot-melt-adhesive\/","name":"PROFILPAKNING PU VARME SMELT LIMMENDE - PUR smeltelim","isPartOf":{"@id":"https:\/\/www.purhotmelt.com\/#website"},"datePublished":"2021-01-20T22:29:24+00:00","dateModified":"2021-01-20T22:29:25+00:00","breadcrumb":{"@id":"https:\/\/www.purhotmelt.com\/nb\/profile-wrapping-pu-hot-melt-adhesive\/#breadcrumb"},"inLanguage":"nb-NO","potentialAction":[{"@type":"ReadAction","target":["https:\/\/www.purhotmelt.com\/nb\/profile-wrapping-pu-hot-melt-adhesive\/"]}]},{"@type":"BreadcrumbList","@id":"https:\/\/www.purhotmelt.com\/nb\/profile-wrapping-pu-hot-melt-adhesive\/#breadcrumb","itemListElement":[{"@type":"ListItem","position":1,"name":"Home","item":"https:\/\/www.purhotmelt.com\/"},{"@type":"ListItem","position":2,"name":"PROFILE WRAPPING PU HOT MELT ADHESIVE"}]}]}},"_links":{"self":[{"href":"https:\/\/www.purhotmelt.com\/nb\/wp-json\/wp\/v2\/pages\/263","targetHints":{"allow":["GET"]}}],"collection":[{"href":"https:\/\/www.purhotmelt.com\/nb\/wp-json\/wp\/v2\/pages"}],"about":[{"href":"https:\/\/www.purhotmelt.com\/nb\/wp-json\/wp\/v2\/types\/page"}],"author":[{"embeddable":true,"href":"https:\/\/www.purhotmelt.com\/nb\/wp-json\/wp\/v2\/users\/1"}],"replies":[{"embeddable":true,"href":"https:\/\/www.purhotmelt.com\/nb\/wp-json\/wp\/v2\/comments?post=263"}],"version-history":[{"count":1,"href":"https:\/\/www.purhotmelt.com\/nb\/wp-json\/wp\/v2\/pages\/263\/revisions"}],"predecessor-version":[{"id":265,"href":"https:\/\/www.purhotmelt.com\/nb\/wp-json\/wp\/v2\/pages\/263\/revisions\/265"}],"wp:attachment":[{"href":"https:\/\/www.purhotmelt.com\/nb\/wp-json\/wp\/v2\/media?parent=263"}],"curies":[{"name":"wp","href":"https:\/\/api.w.org\/{rel}","templated":true}]}}