{"id":278,"date":"2021-01-20T22:34:16","date_gmt":"2021-01-20T22:34:16","guid":{"rendered":"https:\/\/www.purhotmelt.com\/?page_id=278"},"modified":"2021-01-20T22:34:17","modified_gmt":"2021-01-20T22:34:17","slug":"pvac-dispersion-manufacturer","status":"publish","type":"page","link":"https:\/\/www.purhotmelt.com\/nb\/pvac-dispersion-manufacturer\/","title":{"rendered":"PVAC DISPERSJONSPRODUSENT"},"content":{"rendered":"<h1 class=\"wp-block-heading\"><\/h1>\n\n\n\n<p>Intercol er en produsent av PVAC-lim. Vi produserer mange dispersjoner basert p\u00e5 PVAC og er i stand til \u00e5 blande disse med andre lim, bindemidler, fyllstoffer og fibre for \u00e5 komponere det beste gjeldende produktet i v\u00e5re kundemarkeder. Underlag er ofte por\u00f8se, og n\u00e6ringer er for det meste relatert til emballasje, montering og konstruksjon.<\/p>\n\n\n\n<p>PVAC-dispersjoner er familien av VAE-dispersjonene som brukes i dispersjoner for vinylbaserte vannb\u00e5rne lim. Intercol fungerer som en klebende formuleringspartner for \u00e5 levere produksjonsindustrien. V\u00e5re vannbaserte lim er kontinuerlig under utvikling for \u00e5 tilby n\u00e5v\u00e6rende og fremtidige markedsbehov. Vi har enest\u00e5ende problemer med \u00e5 l\u00f8se lim og veldig bra lim. Med fokus p\u00e5 effektivitet, fleksibilitet og samsvar for forbrukernes helse og milj\u00f8hensyn.<\/p>\n\n\n\n<p>De fleste av limene v\u00e5re er dispersjoner basert p\u00e5 vinylacetat-etylen-co- og terpolymerer (VAE), stivelse, polyvinylacetat-homopolymerer (PVAc).<\/p>\n\n\n\n<h3 class=\"wp-block-heading\"><\/h3>","protected":false},"excerpt":{"rendered":"<p>Intercol is a manufacturer of PVAC adhesives. We manufacture many dispersions based on PVAC and are [&hellip;]<\/p>","protected":false},"author":1,"featured_media":0,"parent":0,"menu_order":0,"comment_status":"closed","ping_status":"closed","template":"","meta":{"footnotes":""},"class_list":["post-278","page","type-page","status-publish","hentry"],"yoast_head":"<!-- This site is optimized with the Yoast SEO plugin v17.0 - https:\/\/yoast.com\/wordpress\/plugins\/seo\/ -->\n<title>PVAC DISPERSION MANUFACTURER - PUR hot melt adhesives<\/title>\n<meta name=\"robots\" content=\"index, follow, max-snippet:-1, max-image-preview:large, max-video-preview:-1\" \/>\n<link rel=\"canonical\" href=\"https:\/\/www.purhotmelt.com\/nb\/pvac-dispersion-manufacturer\/\" \/>\n<meta property=\"og:locale\" content=\"nb_NO\" \/>\n<meta property=\"og:type\" content=\"article\" \/>\n<meta property=\"og:title\" content=\"PVAC DISPERSION MANUFACTURER - PUR hot melt adhesives\" \/>\n<meta property=\"og:description\" content=\"Intercol is a manufacturer of PVAC adhesives. We manufacture many dispersions based on PVAC and are [&hellip;]\" \/>\n<meta property=\"og:url\" content=\"https:\/\/www.purhotmelt.com\/nb\/pvac-dispersion-manufacturer\/\" \/>\n<meta property=\"og:site_name\" content=\"PUR hot melt adhesives\" \/>\n<meta property=\"article:modified_time\" content=\"2021-01-20T22:34:17+00:00\" \/>\n<meta name=\"twitter:card\" content=\"summary_large_image\" \/>\n<meta name=\"twitter:label1\" content=\"Ansl. lesetid\" \/>\n\t<meta name=\"twitter:data1\" content=\"1 minutt\" \/>\n<script type=\"application\/ld+json\" class=\"yoast-schema-graph\">{\"@context\":\"https:\/\/schema.org\",\"@graph\":[{\"@type\":\"WebSite\",\"@id\":\"https:\/\/www.purhotmelt.com\/#website\",\"url\":\"https:\/\/www.purhotmelt.com\/\",\"name\":\"PUR hot melt adhesives\",\"description\":\"Intercol: Specialist manufacturer\",\"potentialAction\":[{\"@type\":\"SearchAction\",\"target\":{\"@type\":\"EntryPoint\",\"urlTemplate\":\"https:\/\/www.purhotmelt.com\/?s={search_term_string}\"},\"query-input\":\"required name=search_term_string\"}],\"inLanguage\":\"nb-NO\"},{\"@type\":\"WebPage\",\"@id\":\"https:\/\/www.purhotmelt.com\/nb\/pvac-dispersion-manufacturer\/#webpage\",\"url\":\"https:\/\/www.purhotmelt.com\/nb\/pvac-dispersion-manufacturer\/\",\"name\":\"PVAC DISPERSION MANUFACTURER - PUR hot melt adhesives\",\"isPartOf\":{\"@id\":\"https:\/\/www.purhotmelt.com\/#website\"},\"datePublished\":\"2021-01-20T22:34:16+00:00\",\"dateModified\":\"2021-01-20T22:34:17+00:00\",\"breadcrumb\":{\"@id\":\"https:\/\/www.purhotmelt.com\/nb\/pvac-dispersion-manufacturer\/#breadcrumb\"},\"inLanguage\":\"nb-NO\",\"potentialAction\":[{\"@type\":\"ReadAction\",\"target\":[\"https:\/\/www.purhotmelt.com\/nb\/pvac-dispersion-manufacturer\/\"]}]},{\"@type\":\"BreadcrumbList\",\"@id\":\"https:\/\/www.purhotmelt.com\/nb\/pvac-dispersion-manufacturer\/#breadcrumb\",\"itemListElement\":[{\"@type\":\"ListItem\",\"position\":1,\"name\":\"Home\",\"item\":\"https:\/\/www.purhotmelt.com\/\"},{\"@type\":\"ListItem\",\"position\":2,\"name\":\"PVAC DISPERSION MANUFACTURER\"}]}]}<\/script>\n<!-- \/ Yoast SEO plugin. -->","yoast_head_json":{"title":"PVAC DISPERSJON TILVIRKER - PUR smeltelim","robots":{"index":"index","follow":"follow","max-snippet":"max-snippet:-1","max-image-preview":"max-image-preview:large","max-video-preview":"max-video-preview:-1"},"canonical":"https:\/\/www.purhotmelt.com\/nb\/pvac-dispersion-manufacturer\/","og_locale":"nb_NO","og_type":"article","og_title":"PVAC DISPERSION MANUFACTURER - PUR hot melt adhesives","og_description":"Intercol is a manufacturer of PVAC adhesives. We manufacture many dispersions based on PVAC and are [&hellip;]","og_url":"https:\/\/www.purhotmelt.com\/nb\/pvac-dispersion-manufacturer\/","og_site_name":"PUR hot melt adhesives","article_modified_time":"2021-01-20T22:34:17+00:00","twitter_card":"summary_large_image","twitter_misc":{"Ansl. lesetid":"1 minutt"},"schema":{"@context":"https:\/\/schema.org","@graph":[{"@type":"WebSite","@id":"https:\/\/www.purhotmelt.com\/#website","url":"https:\/\/www.purhotmelt.com\/","name":"PUR smeltelim","description":"Intercol: spesialprodusent","potentialAction":[{"@type":"SearchAction","target":{"@type":"EntryPoint","urlTemplate":"https:\/\/www.purhotmelt.com\/?s={search_term_string}"},"query-input":"required name=search_term_string"}],"inLanguage":"nb-NO"},{"@type":"WebPage","@id":"https:\/\/www.purhotmelt.com\/nb\/pvac-dispersion-manufacturer\/#webpage","url":"https:\/\/www.purhotmelt.com\/nb\/pvac-dispersion-manufacturer\/","name":"PVAC DISPERSJON TILVIRKER - PUR smeltelim","isPartOf":{"@id":"https:\/\/www.purhotmelt.com\/#website"},"datePublished":"2021-01-20T22:34:16+00:00","dateModified":"2021-01-20T22:34:17+00:00","breadcrumb":{"@id":"https:\/\/www.purhotmelt.com\/nb\/pvac-dispersion-manufacturer\/#breadcrumb"},"inLanguage":"nb-NO","potentialAction":[{"@type":"ReadAction","target":["https:\/\/www.purhotmelt.com\/nb\/pvac-dispersion-manufacturer\/"]}]},{"@type":"BreadcrumbList","@id":"https:\/\/www.purhotmelt.com\/nb\/pvac-dispersion-manufacturer\/#breadcrumb","itemListElement":[{"@type":"ListItem","position":1,"name":"Home","item":"https:\/\/www.purhotmelt.com\/"},{"@type":"ListItem","position":2,"name":"PVAC DISPERSION MANUFACTURER"}]}]}},"_links":{"self":[{"href":"https:\/\/www.purhotmelt.com\/nb\/wp-json\/wp\/v2\/pages\/278","targetHints":{"allow":["GET"]}}],"collection":[{"href":"https:\/\/www.purhotmelt.com\/nb\/wp-json\/wp\/v2\/pages"}],"about":[{"href":"https:\/\/www.purhotmelt.com\/nb\/wp-json\/wp\/v2\/types\/page"}],"author":[{"embeddable":true,"href":"https:\/\/www.purhotmelt.com\/nb\/wp-json\/wp\/v2\/users\/1"}],"replies":[{"embeddable":true,"href":"https:\/\/www.purhotmelt.com\/nb\/wp-json\/wp\/v2\/comments?post=278"}],"version-history":[{"count":1,"href":"https:\/\/www.purhotmelt.com\/nb\/wp-json\/wp\/v2\/pages\/278\/revisions"}],"predecessor-version":[{"id":280,"href":"https:\/\/www.purhotmelt.com\/nb\/wp-json\/wp\/v2\/pages\/278\/revisions\/280"}],"wp:attachment":[{"href":"https:\/\/www.purhotmelt.com\/nb\/wp-json\/wp\/v2\/media?parent=278"}],"curies":[{"name":"wp","href":"https:\/\/api.w.org\/{rel}","templated":true}]}}