{"id":284,"date":"2021-01-20T22:37:13","date_gmt":"2021-01-20T22:37:13","guid":{"rendered":"https:\/\/www.purhotmelt.com\/?page_id=284"},"modified":"2021-09-07T21:21:18","modified_gmt":"2021-09-07T21:21:18","slug":"price-increase-alternatives-2021","status":"publish","type":"page","link":"https:\/\/www.purhotmelt.com\/nb\/price-increase-alternatives-2021\/","title":{"rendered":"PRIS\u00d8KNING - ALTERNATIVER 2021"},"content":{"rendered":"<hr class=\"wp-block-separator\"\/>\n\n\n\n<h1 class=\"wp-block-heading\">\u00d8KNING AV R\u00c5MATERIALPRISEN P\u00c5 VARMT SMELT, REAKTIVE, VANNBASERTE LIMMER OG RELATERTE PRODUKTER<\/h1>\n\n\n\n<p>De fleste limselskaper annonserte i fjor og nylig vil pris\u00f8kninger bli implementert for alle produktkategorier av lim og relaterte produkter. De fleste \u00f8kningene vil v\u00e6re mellom 4 og 20 prosent. I alle markedssegmenter som emballasje, montering, hygiene, konstruksjon og papirkonvertering.<\/p>\n\n\n\n<p>Det siste \u00e5ret har Intercol opplevd en \u00f8kning i r\u00e5varene. I de siste m\u00e5nedene har r\u00e5varer for smeltelim, reaktive og vannbaserte lim \u00f8kt betydelig. har intensivert.<\/p>\n\n\n\n<h2 class=\"wp-block-heading\">ALTERNATIVE R\u00c5MATERIALER OG LIM<\/h2>\n\n\n\n<p>For noen r\u00e5varer har Intercol klart \u00e5 finne kostnadseffektive alternativer. Det kan v\u00e6re at applikasjonen din til og med har h\u00f8yere effekt med v\u00e5rt nyeste limserie, som v\u00e5r nye kostnadseffektive Polyolefin Hot melt-serie, eller v\u00e5rt h\u00f8yeste utvalg av lim som gj\u00f8r at v\u00e5re kunder kan spare 40-60% i limforbruk. For vannbaserte lim har vi utviklet \u00f8konomiske kvaliteter som er i stand til \u00e5 sl\u00e5 enda dyrere kvaliteter, med eksepsjonelle kjemiske sammensetninger, utviklet med applikasjonens fokus, i stedet for standard r\u00e5materialebase.<\/p>","protected":false},"excerpt":{"rendered":"<p>RAW MATERIAL PRICE INCREASE ON HOT MELT, REACTIVE, WATER-BASED ADHESIVES AND RELATED PRODUCTS Most adhesive companies [&hellip;]<\/p>","protected":false},"author":1,"featured_media":0,"parent":0,"menu_order":0,"comment_status":"closed","ping_status":"closed","template":"","meta":{"footnotes":""},"class_list":["post-284","page","type-page","status-publish","hentry"],"yoast_head":"<!-- This site is optimized with the Yoast SEO plugin v17.0 - https:\/\/yoast.com\/wordpress\/plugins\/seo\/ -->\n<title>PRICE INCREASE \u2013 ALTERNATIVES 2021 - PUR hot melt adhesives<\/title>\n<meta name=\"robots\" content=\"index, follow, max-snippet:-1, max-image-preview:large, max-video-preview:-1\" \/>\n<link rel=\"canonical\" href=\"https:\/\/www.purhotmelt.com\/nb\/price-increase-alternatives-2021\/\" \/>\n<meta property=\"og:locale\" content=\"nb_NO\" \/>\n<meta property=\"og:type\" content=\"article\" \/>\n<meta property=\"og:title\" content=\"PRICE INCREASE \u2013 ALTERNATIVES 2021 - PUR hot melt adhesives\" \/>\n<meta property=\"og:description\" content=\"RAW MATERIAL PRICE INCREASE ON HOT MELT, REACTIVE, WATER-BASED ADHESIVES AND RELATED PRODUCTS Most adhesive companies [&hellip;]\" \/>\n<meta property=\"og:url\" content=\"https:\/\/www.purhotmelt.com\/nb\/price-increase-alternatives-2021\/\" \/>\n<meta property=\"og:site_name\" content=\"PUR hot melt adhesives\" \/>\n<meta property=\"article:modified_time\" content=\"2021-09-07T21:21:18+00:00\" \/>\n<meta name=\"twitter:card\" content=\"summary_large_image\" \/>\n<meta name=\"twitter:label1\" content=\"Ansl. lesetid\" \/>\n\t<meta name=\"twitter:data1\" content=\"1 minutt\" \/>\n<script type=\"application\/ld+json\" class=\"yoast-schema-graph\">{\"@context\":\"https:\/\/schema.org\",\"@graph\":[{\"@type\":\"WebSite\",\"@id\":\"https:\/\/www.purhotmelt.com\/#website\",\"url\":\"https:\/\/www.purhotmelt.com\/\",\"name\":\"PUR hot melt adhesives\",\"description\":\"Intercol: Specialist manufacturer\",\"potentialAction\":[{\"@type\":\"SearchAction\",\"target\":{\"@type\":\"EntryPoint\",\"urlTemplate\":\"https:\/\/www.purhotmelt.com\/?s={search_term_string}\"},\"query-input\":\"required name=search_term_string\"}],\"inLanguage\":\"nb-NO\"},{\"@type\":\"WebPage\",\"@id\":\"https:\/\/www.purhotmelt.com\/price-increase-alternatives-2021\/#webpage\",\"url\":\"https:\/\/www.purhotmelt.com\/price-increase-alternatives-2021\/\",\"name\":\"PRICE INCREASE \\u2013 ALTERNATIVES 2021 - PUR hot melt adhesives\",\"isPartOf\":{\"@id\":\"https:\/\/www.purhotmelt.com\/#website\"},\"datePublished\":\"2021-01-20T22:37:13+00:00\",\"dateModified\":\"2021-09-07T21:21:18+00:00\",\"breadcrumb\":{\"@id\":\"https:\/\/www.purhotmelt.com\/price-increase-alternatives-2021\/#breadcrumb\"},\"inLanguage\":\"nb-NO\",\"potentialAction\":[{\"@type\":\"ReadAction\",\"target\":[\"https:\/\/www.purhotmelt.com\/price-increase-alternatives-2021\/\"]}]},{\"@type\":\"BreadcrumbList\",\"@id\":\"https:\/\/www.purhotmelt.com\/price-increase-alternatives-2021\/#breadcrumb\",\"itemListElement\":[{\"@type\":\"ListItem\",\"position\":1,\"name\":\"Home\",\"item\":\"https:\/\/www.purhotmelt.com\/\"},{\"@type\":\"ListItem\",\"position\":2,\"name\":\"PRICE INCREASE \\u2013 ALTERNATIVES 2021\"}]}]}<\/script>\n<!-- \/ Yoast SEO plugin. -->","yoast_head_json":{"title":"PRIS\u00d8KNING - ALTERNATIVER 2021 - PUR smeltelim","robots":{"index":"index","follow":"follow","max-snippet":"max-snippet:-1","max-image-preview":"max-image-preview:large","max-video-preview":"max-video-preview:-1"},"canonical":"https:\/\/www.purhotmelt.com\/nb\/price-increase-alternatives-2021\/","og_locale":"nb_NO","og_type":"article","og_title":"PRICE INCREASE \u2013 ALTERNATIVES 2021 - PUR hot melt adhesives","og_description":"RAW MATERIAL PRICE INCREASE ON HOT MELT, REACTIVE, WATER-BASED ADHESIVES AND RELATED PRODUCTS Most adhesive companies [&hellip;]","og_url":"https:\/\/www.purhotmelt.com\/nb\/price-increase-alternatives-2021\/","og_site_name":"PUR hot melt adhesives","article_modified_time":"2021-09-07T21:21:18+00:00","twitter_card":"summary_large_image","twitter_misc":{"Ansl. lesetid":"1 minutt"},"schema":{"@context":"https:\/\/schema.org","@graph":[{"@type":"WebSite","@id":"https:\/\/www.purhotmelt.com\/#website","url":"https:\/\/www.purhotmelt.com\/","name":"PUR smeltelim","description":"Intercol: spesialprodusent","potentialAction":[{"@type":"SearchAction","target":{"@type":"EntryPoint","urlTemplate":"https:\/\/www.purhotmelt.com\/?s={search_term_string}"},"query-input":"required name=search_term_string"}],"inLanguage":"nb-NO"},{"@type":"WebPage","@id":"https:\/\/www.purhotmelt.com\/price-increase-alternatives-2021\/#webpage","url":"https:\/\/www.purhotmelt.com\/price-increase-alternatives-2021\/","name":"PRIS\u00d8KNING - ALTERNATIVER 2021 - PUR smeltelim","isPartOf":{"@id":"https:\/\/www.purhotmelt.com\/#website"},"datePublished":"2021-01-20T22:37:13+00:00","dateModified":"2021-09-07T21:21:18+00:00","breadcrumb":{"@id":"https:\/\/www.purhotmelt.com\/price-increase-alternatives-2021\/#breadcrumb"},"inLanguage":"nb-NO","potentialAction":[{"@type":"ReadAction","target":["https:\/\/www.purhotmelt.com\/price-increase-alternatives-2021\/"]}]},{"@type":"BreadcrumbList","@id":"https:\/\/www.purhotmelt.com\/price-increase-alternatives-2021\/#breadcrumb","itemListElement":[{"@type":"ListItem","position":1,"name":"Home","item":"https:\/\/www.purhotmelt.com\/"},{"@type":"ListItem","position":2,"name":"PRICE INCREASE \u2013 ALTERNATIVES 2021"}]}]}},"_links":{"self":[{"href":"https:\/\/www.purhotmelt.com\/nb\/wp-json\/wp\/v2\/pages\/284","targetHints":{"allow":["GET"]}}],"collection":[{"href":"https:\/\/www.purhotmelt.com\/nb\/wp-json\/wp\/v2\/pages"}],"about":[{"href":"https:\/\/www.purhotmelt.com\/nb\/wp-json\/wp\/v2\/types\/page"}],"author":[{"embeddable":true,"href":"https:\/\/www.purhotmelt.com\/nb\/wp-json\/wp\/v2\/users\/1"}],"replies":[{"embeddable":true,"href":"https:\/\/www.purhotmelt.com\/nb\/wp-json\/wp\/v2\/comments?post=284"}],"version-history":[{"count":3,"href":"https:\/\/www.purhotmelt.com\/nb\/wp-json\/wp\/v2\/pages\/284\/revisions"}],"predecessor-version":[{"id":378,"href":"https:\/\/www.purhotmelt.com\/nb\/wp-json\/wp\/v2\/pages\/284\/revisions\/378"}],"wp:attachment":[{"href":"https:\/\/www.purhotmelt.com\/nb\/wp-json\/wp\/v2\/media?parent=284"}],"curies":[{"name":"wp","href":"https:\/\/api.w.org\/{rel}","templated":true}]}}