{"id":287,"date":"2021-01-20T22:38:20","date_gmt":"2021-01-20T22:38:20","guid":{"rendered":"https:\/\/www.purhotmelt.com\/?page_id=287"},"modified":"2021-01-20T22:38:21","modified_gmt":"2021-01-20T22:38:21","slug":"pvac-glue-for-flat-bonding","status":"publish","type":"page","link":"https:\/\/www.purhotmelt.com\/nb\/pvac-glue-for-flat-bonding\/","title":{"rendered":"PVAC lim for flatbinding"},"content":{"rendered":"<h1 class=\"wp-block-heading\"><\/h1>\n\n\n\n<hr class=\"wp-block-separator\"\/>\n\n\n\n<p>PVAc vannbaserte lim brukes til liming av HPL-paneler i innebygde h\u00f8yhastighets- eller stakkpresser, men ogs\u00e5 for dobling av brett, struktur og liming av montering.<\/p>\n\n\n\n<p><strong>Vannbasert PVA<\/strong>c dispersjonslim, er for det meste konstruert for p\u00e5f\u00f8ring med rull, det gir ogs\u00e5 lang \u00e5pningstid for manuell montering av store overflater. Disse tidene kan v\u00e6re kortere med hurtigt\u00f8rkende lim for korte og raske monteringslinjer. PVAc-lim er tilgjengelig i forskjellige holdbarhetsklasser fra D2 til D4, i henhold til DIN EN 204\/205. Intercols spesielle formuleringer for flatliming kan tilpasses for \u00e5 oppfylle brannbeskyttelsesstandarder og st\u00f8tte de flammehemmende egenskapene.&nbsp;<\/p>\n\n\n\n<p>PVAC-lim brukes ogs\u00e5 i mange andre treliminger, for eksempel flerlags trepanelproduksjon for trebearbeiding og m\u00f8bler. Den brukes spesielt p\u00e5 flate overflater av finer eller dekorasjonspapir og produksjon av flerlags tre og buede paneler.<\/p>","protected":false},"excerpt":{"rendered":"<p>PVAc waterbased adhesives are used for bonding HPL panels in inline high-speed or stack presses but [&hellip;]<\/p>","protected":false},"author":1,"featured_media":0,"parent":0,"menu_order":0,"comment_status":"closed","ping_status":"closed","template":"","meta":{"footnotes":""},"class_list":["post-287","page","type-page","status-publish","hentry"],"yoast_head":"<!-- This site is optimized with the Yoast SEO plugin v17.0 - https:\/\/yoast.com\/wordpress\/plugins\/seo\/ -->\n<title>PVAC GLUE FOR FLAT BONDING - PUR hot melt adhesives<\/title>\n<meta name=\"robots\" content=\"index, follow, max-snippet:-1, max-image-preview:large, max-video-preview:-1\" \/>\n<link rel=\"canonical\" href=\"https:\/\/www.purhotmelt.com\/nb\/pvac-glue-for-flat-bonding\/\" \/>\n<meta property=\"og:locale\" content=\"nb_NO\" \/>\n<meta property=\"og:type\" content=\"article\" \/>\n<meta property=\"og:title\" content=\"PVAC GLUE FOR FLAT BONDING - PUR hot melt adhesives\" \/>\n<meta property=\"og:description\" content=\"PVAc waterbased adhesives are used for bonding HPL panels in inline high-speed or stack presses but [&hellip;]\" \/>\n<meta property=\"og:url\" content=\"https:\/\/www.purhotmelt.com\/nb\/pvac-glue-for-flat-bonding\/\" \/>\n<meta property=\"og:site_name\" content=\"PUR hot melt adhesives\" \/>\n<meta property=\"article:modified_time\" content=\"2021-01-20T22:38:21+00:00\" \/>\n<meta name=\"twitter:card\" content=\"summary_large_image\" \/>\n<meta name=\"twitter:label1\" content=\"Ansl. lesetid\" \/>\n\t<meta name=\"twitter:data1\" content=\"1 minutt\" \/>\n<script type=\"application\/ld+json\" class=\"yoast-schema-graph\">{\"@context\":\"https:\/\/schema.org\",\"@graph\":[{\"@type\":\"WebSite\",\"@id\":\"https:\/\/www.purhotmelt.com\/#website\",\"url\":\"https:\/\/www.purhotmelt.com\/\",\"name\":\"PUR hot melt adhesives\",\"description\":\"Intercol: Specialist manufacturer\",\"potentialAction\":[{\"@type\":\"SearchAction\",\"target\":{\"@type\":\"EntryPoint\",\"urlTemplate\":\"https:\/\/www.purhotmelt.com\/?s={search_term_string}\"},\"query-input\":\"required name=search_term_string\"}],\"inLanguage\":\"nb-NO\"},{\"@type\":\"WebPage\",\"@id\":\"https:\/\/www.purhotmelt.com\/fr\/pvac-glue-for-flat-bonding\/#webpage\",\"url\":\"https:\/\/www.purhotmelt.com\/fr\/pvac-glue-for-flat-bonding\/\",\"name\":\"PVAC GLUE FOR FLAT BONDING - PUR hot melt adhesives\",\"isPartOf\":{\"@id\":\"https:\/\/www.purhotmelt.com\/#website\"},\"datePublished\":\"2021-01-20T22:38:20+00:00\",\"dateModified\":\"2021-01-20T22:38:21+00:00\",\"breadcrumb\":{\"@id\":\"https:\/\/www.purhotmelt.com\/fr\/pvac-glue-for-flat-bonding\/#breadcrumb\"},\"inLanguage\":\"nb-NO\",\"potentialAction\":[{\"@type\":\"ReadAction\",\"target\":[\"https:\/\/www.purhotmelt.com\/fr\/pvac-glue-for-flat-bonding\/\"]}]},{\"@type\":\"BreadcrumbList\",\"@id\":\"https:\/\/www.purhotmelt.com\/fr\/pvac-glue-for-flat-bonding\/#breadcrumb\",\"itemListElement\":[{\"@type\":\"ListItem\",\"position\":1,\"name\":\"Home\",\"item\":\"https:\/\/www.purhotmelt.com\/\"},{\"@type\":\"ListItem\",\"position\":2,\"name\":\"PVAC GLUE FOR FLAT BONDING\"}]}]}<\/script>\n<!-- \/ Yoast SEO plugin. -->","yoast_head_json":{"title":"PVAC -LIM FOR FLATBINDING - PUR smeltelim","robots":{"index":"index","follow":"follow","max-snippet":"max-snippet:-1","max-image-preview":"max-image-preview:large","max-video-preview":"max-video-preview:-1"},"canonical":"https:\/\/www.purhotmelt.com\/nb\/pvac-glue-for-flat-bonding\/","og_locale":"nb_NO","og_type":"article","og_title":"PVAC GLUE FOR FLAT BONDING - PUR hot melt adhesives","og_description":"PVAc waterbased adhesives are used for bonding HPL panels in inline high-speed or stack presses but [&hellip;]","og_url":"https:\/\/www.purhotmelt.com\/nb\/pvac-glue-for-flat-bonding\/","og_site_name":"PUR hot melt adhesives","article_modified_time":"2021-01-20T22:38:21+00:00","twitter_card":"summary_large_image","twitter_misc":{"Ansl. lesetid":"1 minutt"},"schema":{"@context":"https:\/\/schema.org","@graph":[{"@type":"WebSite","@id":"https:\/\/www.purhotmelt.com\/#website","url":"https:\/\/www.purhotmelt.com\/","name":"PUR smeltelim","description":"Intercol: spesialprodusent","potentialAction":[{"@type":"SearchAction","target":{"@type":"EntryPoint","urlTemplate":"https:\/\/www.purhotmelt.com\/?s={search_term_string}"},"query-input":"required name=search_term_string"}],"inLanguage":"nb-NO"},{"@type":"WebPage","@id":"https:\/\/www.purhotmelt.com\/fr\/pvac-glue-for-flat-bonding\/#webpage","url":"https:\/\/www.purhotmelt.com\/fr\/pvac-glue-for-flat-bonding\/","name":"PVAC -LIM FOR FLATBINDING - PUR smeltelim","isPartOf":{"@id":"https:\/\/www.purhotmelt.com\/#website"},"datePublished":"2021-01-20T22:38:20+00:00","dateModified":"2021-01-20T22:38:21+00:00","breadcrumb":{"@id":"https:\/\/www.purhotmelt.com\/fr\/pvac-glue-for-flat-bonding\/#breadcrumb"},"inLanguage":"nb-NO","potentialAction":[{"@type":"ReadAction","target":["https:\/\/www.purhotmelt.com\/fr\/pvac-glue-for-flat-bonding\/"]}]},{"@type":"BreadcrumbList","@id":"https:\/\/www.purhotmelt.com\/fr\/pvac-glue-for-flat-bonding\/#breadcrumb","itemListElement":[{"@type":"ListItem","position":1,"name":"Home","item":"https:\/\/www.purhotmelt.com\/"},{"@type":"ListItem","position":2,"name":"PVAC GLUE FOR FLAT BONDING"}]}]}},"_links":{"self":[{"href":"https:\/\/www.purhotmelt.com\/nb\/wp-json\/wp\/v2\/pages\/287","targetHints":{"allow":["GET"]}}],"collection":[{"href":"https:\/\/www.purhotmelt.com\/nb\/wp-json\/wp\/v2\/pages"}],"about":[{"href":"https:\/\/www.purhotmelt.com\/nb\/wp-json\/wp\/v2\/types\/page"}],"author":[{"embeddable":true,"href":"https:\/\/www.purhotmelt.com\/nb\/wp-json\/wp\/v2\/users\/1"}],"replies":[{"embeddable":true,"href":"https:\/\/www.purhotmelt.com\/nb\/wp-json\/wp\/v2\/comments?post=287"}],"version-history":[{"count":1,"href":"https:\/\/www.purhotmelt.com\/nb\/wp-json\/wp\/v2\/pages\/287\/revisions"}],"predecessor-version":[{"id":289,"href":"https:\/\/www.purhotmelt.com\/nb\/wp-json\/wp\/v2\/pages\/287\/revisions\/289"}],"wp:attachment":[{"href":"https:\/\/www.purhotmelt.com\/nb\/wp-json\/wp\/v2\/media?parent=287"}],"curies":[{"name":"wp","href":"https:\/\/api.w.org\/{rel}","templated":true}]}}