{"id":290,"date":"2021-01-20T22:39:40","date_gmt":"2021-01-20T22:39:40","guid":{"rendered":"https:\/\/www.purhotmelt.com\/?page_id=290"},"modified":"2021-01-20T22:39:41","modified_gmt":"2021-01-20T22:39:41","slug":"buy-hot-melt-glue-guide","status":"publish","type":"page","link":"https:\/\/www.purhotmelt.com\/nb\/buy-hot-melt-glue-guide\/","title":{"rendered":"KJ\u00d8P VARMT SMELTLIMGUIDE"},"content":{"rendered":"<h1 class=\"wp-block-heading\"><\/h1>\n\n\n\n<figure class=\"wp-block-image\"><img decoding=\"async\" src=\"https:\/\/www.purhotmelt.com\/wp-content\/uploads\/2018\/12\/hot-melt-adhesive-EVA-PO-PUR-PSA-1024x558.html\" alt=\"\" class=\"wp-image-374\"\/><\/figure>\n\n\n\n<p>Fagpersoner vet at f\u00f8lelsen av et perfekt l\u00f8pende program, riktig utstyr, holdning og kunnskap gir de beste resultatene og roen i produksjonen.<\/p>\n\n\n\n<p>Derfor vil spesifikk teknisk kunnskap komme til syne n\u00e5r riktig installasjon og vedlikehold av smelteutstyr. En \u00e5rlig inspeksjon av en ekspert tar frem sm\u00e5 detaljer som kan l\u00f8ses og l\u00f8ses i tide, og sparer dermed mye elendighet.<\/p>\n\n\n\n<p>Hvorfor vedlikehold? Fordi godt limutstyr fungerer bare bra med de riktige innstillingene, og hvis det kan fungere skikkelig uten hindringer. Limutstyret justeres best n\u00e5r resten av produksjonslinjen induserer. limsystemer er ofte skjult i maskinen, og er ikke synlige i for eksempel emballasjeprosessen. Bretting og fylling f\u00e5r mest oppmerksomhet. Akkurat som de riktige innstillingene, er riktig lim en veldig viktig parameter. De riktige dysene, modulene, slangene, kontrollene og tidtakerne bidrar til at systemet fungerer optimalt. De enkleste maskinene har veldig avansert limutstyr som virker veldig enkelt i starten.<\/p>\n\n\n\n<p>Vi vil gjerne gi deg noen viktige tips du b\u00f8r ta hensyn til, samt noen limr\u00e5d som hjelper deg med \u00e5 finne det perfekte smeltelimet.<\/p>\n\n\n\n<h2 class=\"wp-block-heading\"><strong>FORDELENE MED \u00c5 INVESTERE I ET VARMT SMELTSYSTEM<\/strong><\/h2>\n\n\n\n<p>Sammenlignet med mange andre festeteknikker, tilbyr smeltelimpistoler et relativt rimelig alternativ. Det som gj\u00f8r disse limsystemene enda mer l\u00f8nnsomme, er at med godt vedlikehold vil varmesmeltesystemer vare lenge, slitedelene i et limesystem er begrensede og enkle \u00e5 erstatte. Med litt grunnleggende bruk og sikkerhetstrening utgj\u00f8r limsystemer en lavere sikkerhetsrisiko og er enkle \u00e5 bruke. Https:\/\/www.purhotmelt.com\/www.youtube.com\/embed\/6Hu9tRA7HM45b2e5b2e.html? Feature = oembed<\/p>\n\n\n\n<p>Den viktigste grunnen til \u00e5 kj\u00f8pe et smeltesystem er kanskje at det er flere applikasjoner du kan tilby med et smeltelimsystem, for eksempel andre p\u00e5f\u00f8ringsteknikker som tetningsmasse, teiping, spikring, stifting og skruing.<\/p>\n\n\n\n<h2 class=\"wp-block-heading\"><strong>HVOR BRUKES VARMT SMELTUTSTYR?<\/strong><\/h2>\n\n\n\n<p>N\u00e5 som fordelene er klare, m\u00e5 du utvikle en god forst\u00e5else av hvor slike systemer brukes slik at vi kan utvikle ideer.<\/p>\n\n\n\n<p>Varmesmeltsystemer brukes ofte i n\u00e6ringsmiddelindustrien til emballering av et stort antall produkter. B\u00e5de prim\u00e6remballasjen, som frossen fisk, en knasende kake eller s\u00f8tsaker, men ogs\u00e5 sekund\u00e6remballasje til ferdigmat, supper og krydder. P\u00e5 toppen av det kommer den terti\u00e6re emballasjen, for eksempel en b\u00f8lgepapp som er limt i for eksempel innpakningsmaskiner eller kasselukkere (amerikanske foldekasser).<\/p>\n\n\n\n<p>Smeltelim brukes ogs\u00e5 ofte til monteringsapplikasjoner med skum (madrassindustri), elektronikk, golfk\u00f8ller, bildeler. For skumindustrien er dette ofte spesifikke varme smelter med lang \u00e5pningstid og relativt lav p\u00e5f\u00f8ringstemperatur.<\/p>\n\n\n\n<p>Er materialet ditt varmef\u00f8lsomt? Har du spesifikke lim i tankene, for eksempel en selvklebende PSA hotmelt, PUR eller PLA? Har du en bestemt limform i tankene, for eksempel en larve, virvel eller belegg?<\/p>\n\n\n\n<p>Alle disse betraktningene vil bidra til \u00e5 ta det riktige valget innen smelteutstyr. Vi hjelper deg gjerne med \u00e5 ta det riktige valget.<\/p>\n\n\n\n<h2 class=\"wp-block-heading\">VARMT SMELTLIMPER<\/h2>\n\n\n\n<p>For oppstart kan forskning og reparasjoner smeltestenger v\u00e6re interessante p\u00e5 grunn av lave investeringskostnader og enkel h\u00e5ndtering. Smeltestifter er tilgjengelige i standard gjennomsiktig, men ogs\u00e5 med utvidet \u00e5pningstid og forbedret liming til plastunderlag og andre med raskere innstillingshastighet, noe som gir redusert kompresjonstid.<\/p>\n\n\n\n<h2 class=\"wp-block-heading\">BULK VARMT SMELTPRILLER, PERLER OG TROMMER<\/h2>\n\n\n\n<p>De fleste smeltelim i bulk og perler brukes til emballasje og metoder for montering av lette produkter. Disse er tilgjengelige i et bredt utvalg, fra veldig rask innstilling, 0,5 sekunders kompresjonstid i emballasjeindustrien, opp til bindinger til plastunderlag, fra frostv\u00e6skep\u00e5f\u00f8ring opp til over 90 grader varmebestandige bindinger. Eksempel p\u00e5 applikasjoner er matemballasje, lommeforming i madrasser, skumbinding, liming og montering av isolasjonsmaterialer, merking og bokbinding. Den vanligste r\u00e5materialbasen for smeltelim er&nbsp;<a href=\"https:\/\/www.purhotmelt.com\/nb\/www.intercol.info\/adhesives\/hot-melt-en-lijm.html\/\">EVA<\/a>&nbsp;og&nbsp;<a href=\"https:\/\/www.purhotmelt.com\/nb\/www.intercol.info\/adhesives\/hot-melt-en-lijm\/212-polyolefin-hot-melt-adhesives.html\/\">POLYOLEFIN<\/a>.<\/p>\n\n\n\n<h2 class=\"wp-block-heading\">PSA VARMT SMELTLIM<\/h2>\n\n\n\n<p>PSA smeltelim er varme smelter med permanent \u00e5pningstid, den vanligste applikasjonen er \u00e5 produsere selvklebende tepper, disse lages ved \u00e5 laminere en plastfolie med et klebrig klebende lag. PSA smeltelim brukes ogs\u00e5 til forskjellige andre bruksomr\u00e5der i produktsamling, for eksempel hvitevarer og bildeler. Foruten selvklebende tape, produseres ogs\u00e5 selvklebende etiketter med smeltelim. Varmesmeltelim gir en h\u00f8y startverdi i sammenligning med vannbaserte akrylbelegg. H\u00f8ye klebeverdier er viktige for f.eks. Applikasjoner med h\u00f8yhastighets selvklebende merking.<\/p>\n\n\n\n<h2 class=\"wp-block-heading\">PUR VARMT SMELTLIM<\/h2>\n\n\n\n<p>Smeltelim av polyuretan er en kombinasjon av polyuretanlim, med smeltekarakteristikker. Smeltelim av polyuretan er fast ved romtemperatur, men vil herde n\u00e5r det kommer i kontakt med fuktighet i luften. Derfor vil PUR Hotmelts pakkes i en lufttett fuktighetsfri emballasje. Under vanlige forhold vil PUR hot melt begynne \u00e5 herde direkte og fullf\u00f8re herdingen etter 24 til 36 timer. PUR-smelter m\u00e5 p\u00e5f\u00f8res med spesialutstyr for smelting. PUR hotmelts vil ofte gi en sterkere, mer holdbar og varig binding, noe som vanligvis er n\u00f8dvendig i noen bilapplikasjoner, men for det meste i bygningsform\u00e5l, som interi\u00f8rbygging, panellaminering og dekorative form\u00e5l.<\/p>","protected":false},"excerpt":{"rendered":"<p>Professionals know that feeling of a perfectly running application, the right equipment, attitude and knowledge give [&hellip;]<\/p>","protected":false},"author":1,"featured_media":0,"parent":0,"menu_order":0,"comment_status":"closed","ping_status":"closed","template":"","meta":{"footnotes":""},"class_list":["post-290","page","type-page","status-publish","hentry"],"yoast_head":"<!-- This site is optimized with the Yoast SEO plugin v17.0 - https:\/\/yoast.com\/wordpress\/plugins\/seo\/ -->\n<title>BUY HOT MELT GLUE GUIDE - PUR hot melt adhesives<\/title>\n<meta name=\"robots\" content=\"index, follow, max-snippet:-1, max-image-preview:large, max-video-preview:-1\" \/>\n<link rel=\"canonical\" href=\"https:\/\/www.purhotmelt.com\/nb\/buy-hot-melt-glue-guide\/\" \/>\n<meta property=\"og:locale\" content=\"nb_NO\" \/>\n<meta property=\"og:type\" content=\"article\" \/>\n<meta property=\"og:title\" content=\"BUY HOT MELT GLUE GUIDE - PUR hot melt adhesives\" \/>\n<meta property=\"og:description\" content=\"Professionals know that feeling of a perfectly running application, the right equipment, attitude and knowledge give [&hellip;]\" \/>\n<meta property=\"og:url\" content=\"https:\/\/www.purhotmelt.com\/nb\/buy-hot-melt-glue-guide\/\" \/>\n<meta property=\"og:site_name\" content=\"PUR hot melt adhesives\" \/>\n<meta property=\"article:modified_time\" content=\"2021-01-20T22:39:41+00:00\" \/>\n<meta property=\"og:image\" content=\"https:\/\/www.purhotmelt.com\/wp-content\/uploads\/2018\/12\/hot-melt-adhesive-EVA-PO-PUR-PSA-1024x558.html\" \/>\n<meta name=\"twitter:card\" content=\"summary_large_image\" \/>\n<meta name=\"twitter:label1\" content=\"Ansl. lesetid\" \/>\n\t<meta name=\"twitter:data1\" content=\"5 minutter\" \/>\n<script type=\"application\/ld+json\" class=\"yoast-schema-graph\">{\"@context\":\"https:\/\/schema.org\",\"@graph\":[{\"@type\":\"WebSite\",\"@id\":\"https:\/\/www.purhotmelt.com\/#website\",\"url\":\"https:\/\/www.purhotmelt.com\/\",\"name\":\"PUR hot melt adhesives\",\"description\":\"Intercol: Specialist manufacturer\",\"potentialAction\":[{\"@type\":\"SearchAction\",\"target\":{\"@type\":\"EntryPoint\",\"urlTemplate\":\"https:\/\/www.purhotmelt.com\/?s={search_term_string}\"},\"query-input\":\"required name=search_term_string\"}],\"inLanguage\":\"nb-NO\"},{\"@type\":\"ImageObject\",\"@id\":\"https:\/\/www.purhotmelt.com\/buy-hot-melt-glue-guide\/#primaryimage\",\"inLanguage\":\"nb-NO\",\"url\":\"https:\/\/www.purhotmelt.com\/wp-content\/uploads\/2018\/12\/hot-melt-adhesive-EVA-PO-PUR-PSA-1024x558.html\",\"contentUrl\":\"https:\/\/www.purhotmelt.com\/wp-content\/uploads\/2018\/12\/hot-melt-adhesive-EVA-PO-PUR-PSA-1024x558.html\"},{\"@type\":\"WebPage\",\"@id\":\"https:\/\/www.purhotmelt.com\/buy-hot-melt-glue-guide\/#webpage\",\"url\":\"https:\/\/www.purhotmelt.com\/buy-hot-melt-glue-guide\/\",\"name\":\"BUY HOT MELT GLUE GUIDE - PUR hot melt adhesives\",\"isPartOf\":{\"@id\":\"https:\/\/www.purhotmelt.com\/#website\"},\"primaryImageOfPage\":{\"@id\":\"https:\/\/www.purhotmelt.com\/buy-hot-melt-glue-guide\/#primaryimage\"},\"datePublished\":\"2021-01-20T22:39:40+00:00\",\"dateModified\":\"2021-01-20T22:39:41+00:00\",\"breadcrumb\":{\"@id\":\"https:\/\/www.purhotmelt.com\/buy-hot-melt-glue-guide\/#breadcrumb\"},\"inLanguage\":\"nb-NO\",\"potentialAction\":[{\"@type\":\"ReadAction\",\"target\":[\"https:\/\/www.purhotmelt.com\/buy-hot-melt-glue-guide\/\"]}]},{\"@type\":\"BreadcrumbList\",\"@id\":\"https:\/\/www.purhotmelt.com\/buy-hot-melt-glue-guide\/#breadcrumb\",\"itemListElement\":[{\"@type\":\"ListItem\",\"position\":1,\"name\":\"Home\",\"item\":\"https:\/\/www.purhotmelt.com\/\"},{\"@type\":\"ListItem\",\"position\":2,\"name\":\"BUY HOT MELT GLUE GUIDE\"}]}]}<\/script>\n<!-- \/ Yoast SEO plugin. -->","yoast_head_json":{"title":"KJ\u00d8P VARMETNINGSLIMGUIDE - PUR smeltelim","robots":{"index":"index","follow":"follow","max-snippet":"max-snippet:-1","max-image-preview":"max-image-preview:large","max-video-preview":"max-video-preview:-1"},"canonical":"https:\/\/www.purhotmelt.com\/nb\/buy-hot-melt-glue-guide\/","og_locale":"nb_NO","og_type":"article","og_title":"BUY HOT MELT GLUE GUIDE - PUR hot melt adhesives","og_description":"Professionals know that feeling of a perfectly running application, the right equipment, attitude and knowledge give [&hellip;]","og_url":"https:\/\/www.purhotmelt.com\/nb\/buy-hot-melt-glue-guide\/","og_site_name":"PUR hot melt adhesives","article_modified_time":"2021-01-20T22:39:41+00:00","og_image":[{"url":"https:\/\/www.purhotmelt.com\/wp-content\/uploads\/2018\/12\/hot-melt-adhesive-EVA-PO-PUR-PSA-1024x558.html"}],"twitter_card":"summary_large_image","twitter_misc":{"Ansl. lesetid":"5 minutter"},"schema":{"@context":"https:\/\/schema.org","@graph":[{"@type":"WebSite","@id":"https:\/\/www.purhotmelt.com\/#website","url":"https:\/\/www.purhotmelt.com\/","name":"PUR smeltelim","description":"Intercol: spesialprodusent","potentialAction":[{"@type":"SearchAction","target":{"@type":"EntryPoint","urlTemplate":"https:\/\/www.purhotmelt.com\/?s={search_term_string}"},"query-input":"required name=search_term_string"}],"inLanguage":"nb-NO"},{"@type":"ImageObject","@id":"https:\/\/www.purhotmelt.com\/buy-hot-melt-glue-guide\/#primaryimage","inLanguage":"nb-NO","url":"https:\/\/www.purhotmelt.com\/wp-content\/uploads\/2018\/12\/hot-melt-adhesive-EVA-PO-PUR-PSA-1024x558.html","contentUrl":"https:\/\/www.purhotmelt.com\/wp-content\/uploads\/2018\/12\/hot-melt-adhesive-EVA-PO-PUR-PSA-1024x558.html"},{"@type":"WebPage","@id":"https:\/\/www.purhotmelt.com\/buy-hot-melt-glue-guide\/#webpage","url":"https:\/\/www.purhotmelt.com\/buy-hot-melt-glue-guide\/","name":"KJ\u00d8P VARMETNINGSLIMGUIDE - PUR smeltelim","isPartOf":{"@id":"https:\/\/www.purhotmelt.com\/#website"},"primaryImageOfPage":{"@id":"https:\/\/www.purhotmelt.com\/buy-hot-melt-glue-guide\/#primaryimage"},"datePublished":"2021-01-20T22:39:40+00:00","dateModified":"2021-01-20T22:39:41+00:00","breadcrumb":{"@id":"https:\/\/www.purhotmelt.com\/buy-hot-melt-glue-guide\/#breadcrumb"},"inLanguage":"nb-NO","potentialAction":[{"@type":"ReadAction","target":["https:\/\/www.purhotmelt.com\/buy-hot-melt-glue-guide\/"]}]},{"@type":"BreadcrumbList","@id":"https:\/\/www.purhotmelt.com\/buy-hot-melt-glue-guide\/#breadcrumb","itemListElement":[{"@type":"ListItem","position":1,"name":"Home","item":"https:\/\/www.purhotmelt.com\/"},{"@type":"ListItem","position":2,"name":"BUY HOT MELT GLUE GUIDE"}]}]}},"_links":{"self":[{"href":"https:\/\/www.purhotmelt.com\/nb\/wp-json\/wp\/v2\/pages\/290","targetHints":{"allow":["GET"]}}],"collection":[{"href":"https:\/\/www.purhotmelt.com\/nb\/wp-json\/wp\/v2\/pages"}],"about":[{"href":"https:\/\/www.purhotmelt.com\/nb\/wp-json\/wp\/v2\/types\/page"}],"author":[{"embeddable":true,"href":"https:\/\/www.purhotmelt.com\/nb\/wp-json\/wp\/v2\/users\/1"}],"replies":[{"embeddable":true,"href":"https:\/\/www.purhotmelt.com\/nb\/wp-json\/wp\/v2\/comments?post=290"}],"version-history":[{"count":1,"href":"https:\/\/www.purhotmelt.com\/nb\/wp-json\/wp\/v2\/pages\/290\/revisions"}],"predecessor-version":[{"id":292,"href":"https:\/\/www.purhotmelt.com\/nb\/wp-json\/wp\/v2\/pages\/290\/revisions\/292"}],"wp:attachment":[{"href":"https:\/\/www.purhotmelt.com\/nb\/wp-json\/wp\/v2\/media?parent=290"}],"curies":[{"name":"wp","href":"https:\/\/api.w.org\/{rel}","templated":true}]}}