{"id":293,"date":"2021-01-20T22:41:34","date_gmt":"2021-01-20T22:41:34","guid":{"rendered":"https:\/\/www.purhotmelt.com\/?page_id=293"},"modified":"2021-01-20T22:41:35","modified_gmt":"2021-01-20T22:41:35","slug":"new-hot-melt-adhesives-that-stick","status":"publish","type":"page","link":"https:\/\/www.purhotmelt.com\/nb\/new-hot-melt-adhesives-that-stick\/","title":{"rendered":"NYTT VARMT SMELTLIM SOM STICKER"},"content":{"rendered":"<h1 class=\"wp-block-heading\"><\/h1>\n\n\n\n<p>Intercol har v\u00e6rt aktiv i \u00e5 utvikle flere strategisk valgte markeder i \u00e5r, og har f\u00e5tt ekstra markedsandel innen emballasje, bilindustrien, grafikk, tre, konstruksjon og tekstilindustrien med de p\u00e5litelige limene de produserer<\/p>\n\n\n\n<p>Ved \u00e5 sikre sin stabile ytelse i \u00e5rene som kommer, utvikles limene v\u00e5re av h\u00f8y kvalitet ved hjelp av et vertikalt markedssyn. \u201cDette er markeder vi har identifisert som enten \u00e5 v\u00e6re historisk sterke eller ha et unikt produkttilbud. Emballasje, filtre, produktsamling, polyuretan hotmelts og vannbasert merking er eksempler p\u00e5 disse \u201d.<\/p>\n\n\n\n<p>Hvert \u00e5r i mars holder vi et kundeoppl\u00e6ringsprogram i Ede Nederland, rettet mot forskjellige bransjer, som hjelper forst\u00e5else fra begge sider, kunde og leverand\u00f8r, om de forskjellige behovene i disse markedene. Disse oppl\u00e6ringene, rettet mot emballasje, konvertering, b\u00f8lgepapp, merking, bokbinding og smeltelim av polyuretan, har alltid blitt godt mottatt av markedet og b\u00e6rer frukt. De st\u00f8rste vekstomr\u00e5dene i 2018 har filtrene, b\u00f8lgede innlinere, trykkf\u00f8lsomme (PSA-lim for tape og etiketter), folielim, konstruksjon, tre, produktmontering PUR smeltelim og det totale emballasjesegmentet.<\/p>\n\n\n\n<p>Siden 2016 har Intercol muligheten til \u00e5 levere varmesmeltelim med British Retail Consortium (BRC) h\u00f8yt hygieneniv\u00e5 til den globale standarden for emballasje og emballasjematerialer for produksjon av smeltelim for mat og ikke-matemballasje. Sammen med v\u00e5rt matsikre utvalg av vannbaserte SML-lim har denne anerkjennelsen vist seg \u00e5 v\u00e6re en reell differensierer i markedet for Intercol-lim.<\/p>\n\n\n\n<p>Forsikringen om Intercols kvalitetsopplysninger \u00e5pner virkelig d\u00f8rer, matsikkerhet, sporbarhet og selskapsledelse skiller seg ut fra Intercol som produsent og leverand\u00f8r.<\/p>\n\n\n\n<p>Som svar p\u00e5 noen tunge r\u00e5vareutviklinger har Intercol utviklet flere nye produktserier i \u00e5r. Slik som for eksempel nye polyolefinkvaliteter der det er mindre behov for \u00e5 bruke PUR hotmelt, eller et veldig konkurransedyktig utvalg av polyolefinlim, og et utvalg lim for b\u00f8lgepapp- og folielim, som har ekstremt gode kj\u00f8reegenskaper og en konkurrerende prisspak. Det totale resultatet er sterkt \u00f8kende salg med det nye limspekteret, som n\u00e5 sitter unikt i markedet.<\/p>\n\n\n\n<p>Noen av disse nye limene kan brukes der du normalt bruker andre limteknologier over et smeltelim. Polyuretan hot smelter for eksempel som brukes til \u00e5 binde sterkt glansede b\u00f8ker eller visse trebearbeidingsapplikasjoner. Forbedringen kan gj\u00f8res p\u00e5 kostnader og milj\u00f8p\u00e5virkning. For visse applikasjoner tilbyr vi alternativer for \u00e5 g\u00e5 bort fra PUR hotmelts og g\u00e5 til mer milj\u00f8vennlige alternativer, \u201dfastholder han.<\/p>\n\n\n\n<p>For \u00e5 forbedre b\u00e6rekraften og redusere emballasjeavfall som er et av hovedtemaene for forbrukerne, bestemmer produsentene deres produksjonsmetode. Det er fortsatt en stor foresp\u00f8rsel om helt biologisk nedbrytbare lim, som er tilgjengelig for noen vannbaserte kvaliteter, men for smelteteknologi er et slikt produkt enn\u00e5 ikke fullt utviklet. Men til tross for at limene v\u00e5re ikke oppfyller disse kravene, kan vi arbeide for et gr\u00f8nnere produkttilbud:<\/p>\n\n\n\n<ul class=\"wp-block-list\"><li>Bruk av lim for \u00e5 sikre pallelaster kan eliminere behovet for pallemballasje av plast.<\/li><li>Bruk smeltelim i stedet for polyuretan smeltelim<\/li><li>Bruk vannbaserte eller smeltelim i stedet for l\u00f8semiddelbaserte lim.<\/li><li>Bruk av 100% biobaserte og biologisk nedbrytbare lim<\/li><li>Redusere avfall ved \u00e5 optimalisere limingsprosessen<\/li><li>Reduser limforbruket<\/li><\/ul>\n\n\n\n<p>Intercol er en limproduksjon med sterk tilstedev\u00e6relse i Europa. Det er nye produksjonslinjer for lim for lav til middels viskositetslim prim\u00e6rt for \u00e5 tjene emballasjemarkedet.&nbsp;<\/p>\n\n\n\n<p>I 2018 bygger Intercol videre p\u00e5 produktserien av smeltelim som ikke kulles i smeltetanken, kj\u00f8rer rent og kan brukes over et bredt spekter av produksjonshastigheter. Basert p\u00e5 den nyeste Polyolefine-teknologien, tilbyr disse limene brukerne lavere eierkostnader for emballasjeproduktene, og forbedrer kvaliteten.<\/p>","protected":false},"excerpt":{"rendered":"<p>Intercol has been active in developing several strategically-chosen markets this year, gaining extra market share&nbsp; in [&hellip;]<\/p>","protected":false},"author":1,"featured_media":0,"parent":0,"menu_order":0,"comment_status":"closed","ping_status":"closed","template":"","meta":{"footnotes":""},"class_list":["post-293","page","type-page","status-publish","hentry"],"yoast_head":"<!-- This site is optimized with the Yoast SEO plugin v17.0 - https:\/\/yoast.com\/wordpress\/plugins\/seo\/ -->\n<title>NEW HOT MELT ADHESIVES THAT STICK - PUR hot melt adhesives<\/title>\n<meta name=\"robots\" content=\"index, follow, max-snippet:-1, max-image-preview:large, max-video-preview:-1\" \/>\n<link rel=\"canonical\" href=\"https:\/\/www.purhotmelt.com\/nb\/new-hot-melt-adhesives-that-stick\/\" \/>\n<meta property=\"og:locale\" content=\"nb_NO\" \/>\n<meta property=\"og:type\" content=\"article\" \/>\n<meta property=\"og:title\" content=\"NEW HOT MELT ADHESIVES THAT STICK - PUR hot melt adhesives\" \/>\n<meta property=\"og:description\" content=\"Intercol has been active in developing several strategically-chosen markets this year, gaining extra market share&nbsp; in [&hellip;]\" \/>\n<meta property=\"og:url\" content=\"https:\/\/www.purhotmelt.com\/nb\/new-hot-melt-adhesives-that-stick\/\" \/>\n<meta property=\"og:site_name\" content=\"PUR hot melt adhesives\" \/>\n<meta property=\"article:modified_time\" content=\"2021-01-20T22:41:35+00:00\" \/>\n<meta name=\"twitter:card\" content=\"summary_large_image\" \/>\n<meta name=\"twitter:label1\" content=\"Ansl. lesetid\" \/>\n\t<meta name=\"twitter:data1\" content=\"3 minutter\" \/>\n<script type=\"application\/ld+json\" class=\"yoast-schema-graph\">{\"@context\":\"https:\/\/schema.org\",\"@graph\":[{\"@type\":\"WebSite\",\"@id\":\"https:\/\/www.purhotmelt.com\/#website\",\"url\":\"https:\/\/www.purhotmelt.com\/\",\"name\":\"PUR hot melt adhesives\",\"description\":\"Intercol: Specialist manufacturer\",\"potentialAction\":[{\"@type\":\"SearchAction\",\"target\":{\"@type\":\"EntryPoint\",\"urlTemplate\":\"https:\/\/www.purhotmelt.com\/?s={search_term_string}\"},\"query-input\":\"required name=search_term_string\"}],\"inLanguage\":\"nb-NO\"},{\"@type\":\"WebPage\",\"@id\":\"https:\/\/www.purhotmelt.com\/new-hot-melt-adhesives-that-stick\/#webpage\",\"url\":\"https:\/\/www.purhotmelt.com\/new-hot-melt-adhesives-that-stick\/\",\"name\":\"NEW HOT MELT ADHESIVES THAT STICK - PUR hot melt adhesives\",\"isPartOf\":{\"@id\":\"https:\/\/www.purhotmelt.com\/#website\"},\"datePublished\":\"2021-01-20T22:41:34+00:00\",\"dateModified\":\"2021-01-20T22:41:35+00:00\",\"breadcrumb\":{\"@id\":\"https:\/\/www.purhotmelt.com\/new-hot-melt-adhesives-that-stick\/#breadcrumb\"},\"inLanguage\":\"nb-NO\",\"potentialAction\":[{\"@type\":\"ReadAction\",\"target\":[\"https:\/\/www.purhotmelt.com\/new-hot-melt-adhesives-that-stick\/\"]}]},{\"@type\":\"BreadcrumbList\",\"@id\":\"https:\/\/www.purhotmelt.com\/new-hot-melt-adhesives-that-stick\/#breadcrumb\",\"itemListElement\":[{\"@type\":\"ListItem\",\"position\":1,\"name\":\"Home\",\"item\":\"https:\/\/www.purhotmelt.com\/\"},{\"@type\":\"ListItem\",\"position\":2,\"name\":\"NEW HOT MELT ADHESIVES THAT STICK\"}]}]}<\/script>\n<!-- \/ Yoast SEO plugin. -->","yoast_head_json":{"title":"NYTT VARME SMELT SOM KLISTER - PUR smeltelim","robots":{"index":"index","follow":"follow","max-snippet":"max-snippet:-1","max-image-preview":"max-image-preview:large","max-video-preview":"max-video-preview:-1"},"canonical":"https:\/\/www.purhotmelt.com\/nb\/new-hot-melt-adhesives-that-stick\/","og_locale":"nb_NO","og_type":"article","og_title":"NEW HOT MELT ADHESIVES THAT STICK - PUR hot melt adhesives","og_description":"Intercol has been active in developing several strategically-chosen markets this year, gaining extra market share&nbsp; in [&hellip;]","og_url":"https:\/\/www.purhotmelt.com\/nb\/new-hot-melt-adhesives-that-stick\/","og_site_name":"PUR hot melt adhesives","article_modified_time":"2021-01-20T22:41:35+00:00","twitter_card":"summary_large_image","twitter_misc":{"Ansl. lesetid":"3 minutter"},"schema":{"@context":"https:\/\/schema.org","@graph":[{"@type":"WebSite","@id":"https:\/\/www.purhotmelt.com\/#website","url":"https:\/\/www.purhotmelt.com\/","name":"PUR smeltelim","description":"Intercol: spesialprodusent","potentialAction":[{"@type":"SearchAction","target":{"@type":"EntryPoint","urlTemplate":"https:\/\/www.purhotmelt.com\/?s={search_term_string}"},"query-input":"required name=search_term_string"}],"inLanguage":"nb-NO"},{"@type":"WebPage","@id":"https:\/\/www.purhotmelt.com\/new-hot-melt-adhesives-that-stick\/#webpage","url":"https:\/\/www.purhotmelt.com\/new-hot-melt-adhesives-that-stick\/","name":"NYTT VARME SMELT SOM KLISTER - PUR smeltelim","isPartOf":{"@id":"https:\/\/www.purhotmelt.com\/#website"},"datePublished":"2021-01-20T22:41:34+00:00","dateModified":"2021-01-20T22:41:35+00:00","breadcrumb":{"@id":"https:\/\/www.purhotmelt.com\/new-hot-melt-adhesives-that-stick\/#breadcrumb"},"inLanguage":"nb-NO","potentialAction":[{"@type":"ReadAction","target":["https:\/\/www.purhotmelt.com\/new-hot-melt-adhesives-that-stick\/"]}]},{"@type":"BreadcrumbList","@id":"https:\/\/www.purhotmelt.com\/new-hot-melt-adhesives-that-stick\/#breadcrumb","itemListElement":[{"@type":"ListItem","position":1,"name":"Home","item":"https:\/\/www.purhotmelt.com\/"},{"@type":"ListItem","position":2,"name":"NEW HOT MELT ADHESIVES THAT STICK"}]}]}},"_links":{"self":[{"href":"https:\/\/www.purhotmelt.com\/nb\/wp-json\/wp\/v2\/pages\/293","targetHints":{"allow":["GET"]}}],"collection":[{"href":"https:\/\/www.purhotmelt.com\/nb\/wp-json\/wp\/v2\/pages"}],"about":[{"href":"https:\/\/www.purhotmelt.com\/nb\/wp-json\/wp\/v2\/types\/page"}],"author":[{"embeddable":true,"href":"https:\/\/www.purhotmelt.com\/nb\/wp-json\/wp\/v2\/users\/1"}],"replies":[{"embeddable":true,"href":"https:\/\/www.purhotmelt.com\/nb\/wp-json\/wp\/v2\/comments?post=293"}],"version-history":[{"count":1,"href":"https:\/\/www.purhotmelt.com\/nb\/wp-json\/wp\/v2\/pages\/293\/revisions"}],"predecessor-version":[{"id":295,"href":"https:\/\/www.purhotmelt.com\/nb\/wp-json\/wp\/v2\/pages\/293\/revisions\/295"}],"wp:attachment":[{"href":"https:\/\/www.purhotmelt.com\/nb\/wp-json\/wp\/v2\/media?parent=293"}],"curies":[{"name":"wp","href":"https:\/\/api.w.org\/{rel}","templated":true}]}}