{"id":296,"date":"2021-01-20T22:42:49","date_gmt":"2021-01-20T22:42:49","guid":{"rendered":"https:\/\/www.purhotmelt.com\/?page_id=296"},"modified":"2021-01-20T22:42:50","modified_gmt":"2021-01-20T22:42:50","slug":"door-manufacture-polyurethane-hotmelt-adhesives","status":"publish","type":"page","link":"https:\/\/www.purhotmelt.com\/nb\/door-manufacture-polyurethane-hotmelt-adhesives\/","title":{"rendered":"D\u00d8RPRODUKSJON POLYURETAN VARME SMELTLIM"},"content":{"rendered":"<h1 class=\"wp-block-heading\"><\/h1>\n\n\n\n<p>Intercol tilbyr lim som \u00f8ker effektiviteten og oppfyller de h\u00f8yeste kravene til kvalitet for d\u00f8rproduksjon. V\u00e5re dispersjons-, polyuretan- og smeltelim er formaldehydfrie.<\/p>\n\n\n\n<p>Intercols PVAc-dispersjonslim brukes i alle moderne kontinuerlige produksjonsprosesser. Intercols folielim er testet og godkjent av v\u00e5rt laboratorium for \u00e5 binde dekorpapir eller termoplastiske folier til de mest alvorlige underlagene (metall, tre, plast) i hurtigl\u00f8pende lamineringslinjer, og gir overlegen vedheft til plast, metall og tre.<\/p>\n\n\n\n<p>Effektivitet er av stor betydning ved serieproduksjon av d\u00f8rpaneler. Intercols (polyuretan) smeltelim reduserer pressetider. Produksjon med konvensjonelle EVAer, PU smelter eller (PO) polyolefin smeltelim gir alle sine spesifikke fordeler.<\/p>","protected":false},"excerpt":{"rendered":"<p>Intercol offers adhesives that increase efficiency and meets the highest requirements on quality for door manufacturing. [&hellip;]<\/p>","protected":false},"author":1,"featured_media":0,"parent":0,"menu_order":0,"comment_status":"closed","ping_status":"closed","template":"","meta":{"footnotes":""},"class_list":["post-296","page","type-page","status-publish","hentry"],"yoast_head":"<!-- This site is optimized with the Yoast SEO plugin v17.0 - https:\/\/yoast.com\/wordpress\/plugins\/seo\/ -->\n<title>DOOR MANUFACTURE POLYURETHANE HOTMELT ADHESIVES - PUR hot melt adhesives<\/title>\n<meta name=\"robots\" content=\"index, follow, max-snippet:-1, max-image-preview:large, max-video-preview:-1\" \/>\n<link rel=\"canonical\" href=\"https:\/\/www.purhotmelt.com\/nb\/door-manufacture-polyurethane-hotmelt-adhesives\/\" \/>\n<meta property=\"og:locale\" content=\"nb_NO\" \/>\n<meta property=\"og:type\" content=\"article\" \/>\n<meta property=\"og:title\" content=\"DOOR MANUFACTURE POLYURETHANE HOTMELT ADHESIVES - PUR hot melt adhesives\" \/>\n<meta property=\"og:description\" content=\"Intercol offers adhesives that increase efficiency and meets the highest requirements on quality for door manufacturing. [&hellip;]\" \/>\n<meta property=\"og:url\" content=\"https:\/\/www.purhotmelt.com\/nb\/door-manufacture-polyurethane-hotmelt-adhesives\/\" \/>\n<meta property=\"og:site_name\" content=\"PUR hot melt adhesives\" \/>\n<meta property=\"article:modified_time\" content=\"2021-01-20T22:42:50+00:00\" \/>\n<meta name=\"twitter:card\" content=\"summary_large_image\" \/>\n<meta name=\"twitter:label1\" content=\"Ansl. lesetid\" \/>\n\t<meta name=\"twitter:data1\" content=\"1 minutt\" \/>\n<script type=\"application\/ld+json\" class=\"yoast-schema-graph\">{\"@context\":\"https:\/\/schema.org\",\"@graph\":[{\"@type\":\"WebSite\",\"@id\":\"https:\/\/www.purhotmelt.com\/#website\",\"url\":\"https:\/\/www.purhotmelt.com\/\",\"name\":\"PUR hot melt adhesives\",\"description\":\"Intercol: Specialist manufacturer\",\"potentialAction\":[{\"@type\":\"SearchAction\",\"target\":{\"@type\":\"EntryPoint\",\"urlTemplate\":\"https:\/\/www.purhotmelt.com\/?s={search_term_string}\"},\"query-input\":\"required name=search_term_string\"}],\"inLanguage\":\"nb-NO\"},{\"@type\":\"WebPage\",\"@id\":\"https:\/\/www.purhotmelt.com\/nb\/door-manufacture-polyurethane-hotmelt-adhesives\/#webpage\",\"url\":\"https:\/\/www.purhotmelt.com\/nb\/door-manufacture-polyurethane-hotmelt-adhesives\/\",\"name\":\"DOOR MANUFACTURE POLYURETHANE HOTMELT ADHESIVES - PUR hot melt adhesives\",\"isPartOf\":{\"@id\":\"https:\/\/www.purhotmelt.com\/#website\"},\"datePublished\":\"2021-01-20T22:42:49+00:00\",\"dateModified\":\"2021-01-20T22:42:50+00:00\",\"breadcrumb\":{\"@id\":\"https:\/\/www.purhotmelt.com\/nb\/door-manufacture-polyurethane-hotmelt-adhesives\/#breadcrumb\"},\"inLanguage\":\"nb-NO\",\"potentialAction\":[{\"@type\":\"ReadAction\",\"target\":[\"https:\/\/www.purhotmelt.com\/nb\/door-manufacture-polyurethane-hotmelt-adhesives\/\"]}]},{\"@type\":\"BreadcrumbList\",\"@id\":\"https:\/\/www.purhotmelt.com\/nb\/door-manufacture-polyurethane-hotmelt-adhesives\/#breadcrumb\",\"itemListElement\":[{\"@type\":\"ListItem\",\"position\":1,\"name\":\"Home\",\"item\":\"https:\/\/www.purhotmelt.com\/\"},{\"@type\":\"ListItem\",\"position\":2,\"name\":\"DOOR MANUFACTURE POLYURETHANE HOTMELT ADHESIVES\"}]}]}<\/script>\n<!-- \/ Yoast SEO plugin. -->","yoast_head_json":{"title":"D\u00d8RPRODUKSJON POLYURETHANE HOTMELT LIMMER - PUR smeltelim","robots":{"index":"index","follow":"follow","max-snippet":"max-snippet:-1","max-image-preview":"max-image-preview:large","max-video-preview":"max-video-preview:-1"},"canonical":"https:\/\/www.purhotmelt.com\/nb\/door-manufacture-polyurethane-hotmelt-adhesives\/","og_locale":"nb_NO","og_type":"article","og_title":"DOOR MANUFACTURE POLYURETHANE HOTMELT ADHESIVES - PUR hot melt adhesives","og_description":"Intercol offers adhesives that increase efficiency and meets the highest requirements on quality for door manufacturing. [&hellip;]","og_url":"https:\/\/www.purhotmelt.com\/nb\/door-manufacture-polyurethane-hotmelt-adhesives\/","og_site_name":"PUR hot melt adhesives","article_modified_time":"2021-01-20T22:42:50+00:00","twitter_card":"summary_large_image","twitter_misc":{"Ansl. lesetid":"1 minutt"},"schema":{"@context":"https:\/\/schema.org","@graph":[{"@type":"WebSite","@id":"https:\/\/www.purhotmelt.com\/#website","url":"https:\/\/www.purhotmelt.com\/","name":"PUR smeltelim","description":"Intercol: spesialprodusent","potentialAction":[{"@type":"SearchAction","target":{"@type":"EntryPoint","urlTemplate":"https:\/\/www.purhotmelt.com\/?s={search_term_string}"},"query-input":"required name=search_term_string"}],"inLanguage":"nb-NO"},{"@type":"WebPage","@id":"https:\/\/www.purhotmelt.com\/nb\/door-manufacture-polyurethane-hotmelt-adhesives\/#webpage","url":"https:\/\/www.purhotmelt.com\/nb\/door-manufacture-polyurethane-hotmelt-adhesives\/","name":"D\u00d8RPRODUKSJON POLYURETHANE HOTMELT LIMMER - PUR smeltelim","isPartOf":{"@id":"https:\/\/www.purhotmelt.com\/#website"},"datePublished":"2021-01-20T22:42:49+00:00","dateModified":"2021-01-20T22:42:50+00:00","breadcrumb":{"@id":"https:\/\/www.purhotmelt.com\/nb\/door-manufacture-polyurethane-hotmelt-adhesives\/#breadcrumb"},"inLanguage":"nb-NO","potentialAction":[{"@type":"ReadAction","target":["https:\/\/www.purhotmelt.com\/nb\/door-manufacture-polyurethane-hotmelt-adhesives\/"]}]},{"@type":"BreadcrumbList","@id":"https:\/\/www.purhotmelt.com\/nb\/door-manufacture-polyurethane-hotmelt-adhesives\/#breadcrumb","itemListElement":[{"@type":"ListItem","position":1,"name":"Home","item":"https:\/\/www.purhotmelt.com\/"},{"@type":"ListItem","position":2,"name":"DOOR MANUFACTURE POLYURETHANE HOTMELT ADHESIVES"}]}]}},"_links":{"self":[{"href":"https:\/\/www.purhotmelt.com\/nb\/wp-json\/wp\/v2\/pages\/296","targetHints":{"allow":["GET"]}}],"collection":[{"href":"https:\/\/www.purhotmelt.com\/nb\/wp-json\/wp\/v2\/pages"}],"about":[{"href":"https:\/\/www.purhotmelt.com\/nb\/wp-json\/wp\/v2\/types\/page"}],"author":[{"embeddable":true,"href":"https:\/\/www.purhotmelt.com\/nb\/wp-json\/wp\/v2\/users\/1"}],"replies":[{"embeddable":true,"href":"https:\/\/www.purhotmelt.com\/nb\/wp-json\/wp\/v2\/comments?post=296"}],"version-history":[{"count":1,"href":"https:\/\/www.purhotmelt.com\/nb\/wp-json\/wp\/v2\/pages\/296\/revisions"}],"predecessor-version":[{"id":298,"href":"https:\/\/www.purhotmelt.com\/nb\/wp-json\/wp\/v2\/pages\/296\/revisions\/298"}],"wp:attachment":[{"href":"https:\/\/www.purhotmelt.com\/nb\/wp-json\/wp\/v2\/media?parent=296"}],"curies":[{"name":"wp","href":"https:\/\/api.w.org\/{rel}","templated":true}]}}