{"id":305,"date":"2021-01-20T22:46:10","date_gmt":"2021-01-20T22:46:10","guid":{"rendered":"https:\/\/www.purhotmelt.com\/?page_id=305"},"modified":"2021-01-20T22:46:11","modified_gmt":"2021-01-20T22:46:11","slug":"psa-melt-glue-manufacturers","status":"publish","type":"page","link":"https:\/\/www.purhotmelt.com\/nb\/psa-melt-glue-manufacturers\/","title":{"rendered":"PSA SMELTlimprodusenter"},"content":{"rendered":"<p> Ved \u00e5 produsere smeltelimmere av h\u00f8y og stabil kvalitet med smelter holder prisene p\u00e5 produktene v\u00e5re lave. P\u00e5 grunn av den h\u00f8ye effektiviteten og p\u00e5liteligheten til Intercol er prisene p\u00e5 produktene v\u00e5re veldig konkurransedyktige. Med det mest moderne blandingsutstyret, er v\u00e5r produksjon i stand til \u00e5 produsere h\u00f8ytytende lim for smeltetrykk. Disse er vanligvis basert p\u00e5 termoplastisk gummi, som brukes i: Etikett lagerproduksjon Selvklebende etiketter B\u00e5nd til tape F\u00f4rfrie etiketter Industrielle tepper Bygge- og anleggsindustrien V\u00e5re helt gjennomsiktige, termisk stabile PSA smeltelim gir h\u00f8y ytelse n\u00e5r det gjelder vedheft og termisk stabilitet . Vi streber etter \u00e5 tilby kundespesifikke liml\u00f8sninger som gj\u00f8r at kundene v\u00e5re kan jobbe mest effektivt. Enten smeltebeleggutstyret ditt krever 1 KG-blokker eller fibertromler, kan vi levere de fleste produkter fra lager. PSA produsenter av smeltelim i v\u00e5r avanserte FoU-avdeling utvikler vi stadig nye produkter og unders\u00f8ker nye r\u00e5varer Hos Intercol tester vi ytelsen til limene v\u00e5re i samsvar med internasjonale testmetoder som FINAT, AFERA \u200b\u200bog PSTC.<\/p>","protected":false},"excerpt":{"rendered":"<p>Producing high and stable quality hot melt psa adhesives keeps the prices of our products low. [&hellip;]<\/p>","protected":false},"author":1,"featured_media":0,"parent":0,"menu_order":0,"comment_status":"closed","ping_status":"closed","template":"","meta":{"footnotes":""},"class_list":["post-305","page","type-page","status-publish","hentry"],"yoast_head":"<!-- This site is optimized with the Yoast SEO plugin v17.0 - https:\/\/yoast.com\/wordpress\/plugins\/seo\/ -->\n<title>PSA MELT GLUE MANUFACTURERS - PUR hot melt adhesives<\/title>\n<meta name=\"robots\" content=\"index, follow, max-snippet:-1, max-image-preview:large, max-video-preview:-1\" \/>\n<link rel=\"canonical\" href=\"https:\/\/www.purhotmelt.com\/nb\/psa-melt-glue-manufacturers\/\" \/>\n<meta property=\"og:locale\" content=\"nb_NO\" \/>\n<meta property=\"og:type\" content=\"article\" \/>\n<meta property=\"og:title\" content=\"PSA MELT GLUE MANUFACTURERS - PUR hot melt adhesives\" \/>\n<meta property=\"og:description\" content=\"Producing high and stable quality hot melt psa adhesives keeps the prices of our products low. [&hellip;]\" \/>\n<meta property=\"og:url\" content=\"https:\/\/www.purhotmelt.com\/nb\/psa-melt-glue-manufacturers\/\" \/>\n<meta property=\"og:site_name\" content=\"PUR hot melt adhesives\" \/>\n<meta property=\"article:modified_time\" content=\"2021-01-20T22:46:11+00:00\" \/>\n<meta name=\"twitter:card\" content=\"summary_large_image\" \/>\n<meta name=\"twitter:label1\" content=\"Ansl. lesetid\" \/>\n\t<meta name=\"twitter:data1\" content=\"1 minutt\" \/>\n<script type=\"application\/ld+json\" class=\"yoast-schema-graph\">{\"@context\":\"https:\/\/schema.org\",\"@graph\":[{\"@type\":\"WebSite\",\"@id\":\"https:\/\/www.purhotmelt.com\/#website\",\"url\":\"https:\/\/www.purhotmelt.com\/\",\"name\":\"PUR hot melt adhesives\",\"description\":\"Intercol: Specialist manufacturer\",\"potentialAction\":[{\"@type\":\"SearchAction\",\"target\":{\"@type\":\"EntryPoint\",\"urlTemplate\":\"https:\/\/www.purhotmelt.com\/?s={search_term_string}\"},\"query-input\":\"required name=search_term_string\"}],\"inLanguage\":\"nb-NO\"},{\"@type\":\"WebPage\",\"@id\":\"https:\/\/www.purhotmelt.com\/psa-melt-glue-manufacturers\/#webpage\",\"url\":\"https:\/\/www.purhotmelt.com\/psa-melt-glue-manufacturers\/\",\"name\":\"PSA MELT GLUE MANUFACTURERS - PUR hot melt adhesives\",\"isPartOf\":{\"@id\":\"https:\/\/www.purhotmelt.com\/#website\"},\"datePublished\":\"2021-01-20T22:46:10+00:00\",\"dateModified\":\"2021-01-20T22:46:11+00:00\",\"breadcrumb\":{\"@id\":\"https:\/\/www.purhotmelt.com\/psa-melt-glue-manufacturers\/#breadcrumb\"},\"inLanguage\":\"nb-NO\",\"potentialAction\":[{\"@type\":\"ReadAction\",\"target\":[\"https:\/\/www.purhotmelt.com\/psa-melt-glue-manufacturers\/\"]}]},{\"@type\":\"BreadcrumbList\",\"@id\":\"https:\/\/www.purhotmelt.com\/psa-melt-glue-manufacturers\/#breadcrumb\",\"itemListElement\":[{\"@type\":\"ListItem\",\"position\":1,\"name\":\"Home\",\"item\":\"https:\/\/www.purhotmelt.com\/\"},{\"@type\":\"ListItem\",\"position\":2,\"name\":\"PSA MELT GLUE MANUFACTURERS\"}]}]}<\/script>\n<!-- \/ Yoast SEO plugin. -->","yoast_head_json":{"title":"PSA SMELT LIM TILVERKERE - PUR smeltelim","robots":{"index":"index","follow":"follow","max-snippet":"max-snippet:-1","max-image-preview":"max-image-preview:large","max-video-preview":"max-video-preview:-1"},"canonical":"https:\/\/www.purhotmelt.com\/nb\/psa-melt-glue-manufacturers\/","og_locale":"nb_NO","og_type":"article","og_title":"PSA MELT GLUE MANUFACTURERS - PUR hot melt adhesives","og_description":"Producing high and stable quality hot melt psa adhesives keeps the prices of our products low. [&hellip;]","og_url":"https:\/\/www.purhotmelt.com\/nb\/psa-melt-glue-manufacturers\/","og_site_name":"PUR hot melt adhesives","article_modified_time":"2021-01-20T22:46:11+00:00","twitter_card":"summary_large_image","twitter_misc":{"Ansl. lesetid":"1 minutt"},"schema":{"@context":"https:\/\/schema.org","@graph":[{"@type":"WebSite","@id":"https:\/\/www.purhotmelt.com\/#website","url":"https:\/\/www.purhotmelt.com\/","name":"PUR smeltelim","description":"Intercol: spesialprodusent","potentialAction":[{"@type":"SearchAction","target":{"@type":"EntryPoint","urlTemplate":"https:\/\/www.purhotmelt.com\/?s={search_term_string}"},"query-input":"required name=search_term_string"}],"inLanguage":"nb-NO"},{"@type":"WebPage","@id":"https:\/\/www.purhotmelt.com\/psa-melt-glue-manufacturers\/#webpage","url":"https:\/\/www.purhotmelt.com\/psa-melt-glue-manufacturers\/","name":"PSA SMELT LIM TILVERKERE - PUR smeltelim","isPartOf":{"@id":"https:\/\/www.purhotmelt.com\/#website"},"datePublished":"2021-01-20T22:46:10+00:00","dateModified":"2021-01-20T22:46:11+00:00","breadcrumb":{"@id":"https:\/\/www.purhotmelt.com\/psa-melt-glue-manufacturers\/#breadcrumb"},"inLanguage":"nb-NO","potentialAction":[{"@type":"ReadAction","target":["https:\/\/www.purhotmelt.com\/psa-melt-glue-manufacturers\/"]}]},{"@type":"BreadcrumbList","@id":"https:\/\/www.purhotmelt.com\/psa-melt-glue-manufacturers\/#breadcrumb","itemListElement":[{"@type":"ListItem","position":1,"name":"Home","item":"https:\/\/www.purhotmelt.com\/"},{"@type":"ListItem","position":2,"name":"PSA MELT GLUE MANUFACTURERS"}]}]}},"_links":{"self":[{"href":"https:\/\/www.purhotmelt.com\/nb\/wp-json\/wp\/v2\/pages\/305","targetHints":{"allow":["GET"]}}],"collection":[{"href":"https:\/\/www.purhotmelt.com\/nb\/wp-json\/wp\/v2\/pages"}],"about":[{"href":"https:\/\/www.purhotmelt.com\/nb\/wp-json\/wp\/v2\/types\/page"}],"author":[{"embeddable":true,"href":"https:\/\/www.purhotmelt.com\/nb\/wp-json\/wp\/v2\/users\/1"}],"replies":[{"embeddable":true,"href":"https:\/\/www.purhotmelt.com\/nb\/wp-json\/wp\/v2\/comments?post=305"}],"version-history":[{"count":1,"href":"https:\/\/www.purhotmelt.com\/nb\/wp-json\/wp\/v2\/pages\/305\/revisions"}],"predecessor-version":[{"id":307,"href":"https:\/\/www.purhotmelt.com\/nb\/wp-json\/wp\/v2\/pages\/305\/revisions\/307"}],"wp:attachment":[{"href":"https:\/\/www.purhotmelt.com\/nb\/wp-json\/wp\/v2\/media?parent=305"}],"curies":[{"name":"wp","href":"https:\/\/api.w.org\/{rel}","templated":true}]}}