{"id":324,"date":"2021-01-21T12:50:23","date_gmt":"2021-01-21T12:50:23","guid":{"rendered":"https:\/\/www.purhotmelt.com\/?page_id=324"},"modified":"2021-09-07T21:15:18","modified_gmt":"2021-09-07T21:15:18","slug":"textiles","status":"publish","type":"page","link":"https:\/\/www.purhotmelt.com\/nb\/textiles\/","title":{"rendered":"Tekstiler"},"content":{"rendered":"<h2 class=\"wp-block-heading\">Laminering av madrasser, svamper og annet skum<\/h2>\n\n\n\n<p>Limene v\u00e5re oppfyller behovet for kontinuerlig raskere stansetid. Polyuretanreaktive smeltelim f\u00e5r st\u00f8rre betydning p\u00e5 grunn av den raske tidstiden. <\/p>\n\n\n\n<figure class=\"wp-block-image size-large\"><img loading=\"lazy\" decoding=\"async\" width=\"683\" height=\"513\" src=\"https:\/\/www.purhotmelt.com\/wp-content\/uploads\/2021\/01\/Textile-hot-melt-adhesives.jpg\" alt=\"Smeltelim av tekstil\" class=\"wp-image-325\" srcset=\"https:\/\/www.purhotmelt.com\/wp-content\/uploads\/2021\/01\/Textile-hot-melt-adhesives.jpg 683w, https:\/\/www.purhotmelt.com\/wp-content\/uploads\/2021\/01\/Textile-hot-melt-adhesives-300x225.jpg 300w, https:\/\/www.purhotmelt.com\/wp-content\/uploads\/2021\/01\/Textile-hot-melt-adhesives-16x12.jpg 16w\" sizes=\"auto, (max-width: 683px) 100vw, 683px\" \/><figcaption>Smeltelim av tekstil<\/figcaption><\/figure>\n\n\n\n<h2 class=\"wp-block-heading\">Tekstillaminering for bilindustrien<\/h2>\n\n\n\n<p>Laminering av tekstiler til bilindustrien inkluderer et bredt spekter av applikasjoner som biler, busser, tog, lastebiler, motorsykler, campingvogner etc. Tekstiler med limene v\u00e5re brukes til seter, tak, matter eller d\u00f8rer. Tekstiler kan lamineres med mange forskjellige typer stoffer.<br><br>PUR smeltebindinger oppfyller de h\u00f8yeste kvalitetskravene. Sterk til \u00e5 vare og raskt for \u00e5 produsere effektiv, irreversibel, med h\u00f8y motstand mot fuktighet og ekstrem kulde og varme temperaturer. UV -motstand er en standard i dette bruksomr\u00e5det.<\/p>\n\n\n\n<h2 class=\"wp-block-heading\">Svampelaminering, Rengj\u00f8ring av tekstiler<\/h2>\n\n\n\n<p>Rengj\u00f8ring av stoffer sees overalt, fra husholdningsbruk til industrielt bruk. Renslighet er av \u00f8kende betydning i v\u00e5rt milj\u00f8. Svamper tillater oss \u00e5 fjerne smuss som andre typer stoffer ikke ville v\u00e6re i stand til \u00e5 gj\u00f8re.<\/p>\n\n\n\n<h2 class=\"wp-block-heading\">1-komponent polyuretanlim<\/h2>\n\n\n\n<p>Denne typen lim gir en fleksibel og rask binding, og kort tid til en rask og ren skj\u00e6ringsprosess.<\/p>\n\n\n\n<h2 class=\"wp-block-heading\">PUR smeltelim<\/h2>\n\n\n\n<p>Denne typen lim gir en fleksibel og ekstrem rask binding, og veldig kort tid til en rask og ren skj\u00e6ringsprosess. PUR smeltelim har mest motstand mot temperatur og fuktighet sammenlignet med de fleste andre lim.<\/p>","protected":false},"excerpt":{"rendered":"<p>Lamination of mattresses, sponges and other foams Our adhesives meet the demand for continuous faster punching [&hellip;]<\/p>","protected":false},"author":1,"featured_media":0,"parent":0,"menu_order":0,"comment_status":"closed","ping_status":"closed","template":"template-full-width.php","meta":{"footnotes":""},"class_list":["post-324","page","type-page","status-publish","hentry"],"yoast_head":"<!-- This site is optimized with the Yoast SEO plugin v17.0 - https:\/\/yoast.com\/wordpress\/plugins\/seo\/ -->\n<title>Textiles - PUR hot melt adhesives<\/title>\n<meta name=\"robots\" content=\"index, follow, max-snippet:-1, max-image-preview:large, max-video-preview:-1\" \/>\n<link rel=\"canonical\" href=\"https:\/\/www.purhotmelt.com\/nb\/textiles\/\" \/>\n<meta property=\"og:locale\" content=\"nb_NO\" \/>\n<meta property=\"og:type\" content=\"article\" \/>\n<meta property=\"og:title\" content=\"Textiles - PUR hot melt adhesives\" \/>\n<meta property=\"og:description\" content=\"Lamination of mattresses, sponges and other foams Our adhesives meet the demand for continuous faster punching [&hellip;]\" \/>\n<meta property=\"og:url\" content=\"https:\/\/www.purhotmelt.com\/nb\/textiles\/\" \/>\n<meta property=\"og:site_name\" content=\"PUR hot melt adhesives\" \/>\n<meta property=\"article:modified_time\" content=\"2021-09-07T21:15:18+00:00\" \/>\n<meta property=\"og:image\" content=\"https:\/\/www.purhotmelt.com\/wp-content\/uploads\/2021\/01\/Textile-hot-melt-adhesives.jpg\" \/>\n<meta name=\"twitter:card\" content=\"summary_large_image\" \/>\n<meta name=\"twitter:label1\" content=\"Ansl. lesetid\" \/>\n\t<meta name=\"twitter:data1\" content=\"2 minutter\" \/>\n<script type=\"application\/ld+json\" class=\"yoast-schema-graph\">{\"@context\":\"https:\/\/schema.org\",\"@graph\":[{\"@type\":\"WebSite\",\"@id\":\"https:\/\/www.purhotmelt.com\/#website\",\"url\":\"https:\/\/www.purhotmelt.com\/\",\"name\":\"PUR hot melt adhesives\",\"description\":\"Intercol: Specialist manufacturer\",\"potentialAction\":[{\"@type\":\"SearchAction\",\"target\":{\"@type\":\"EntryPoint\",\"urlTemplate\":\"https:\/\/www.purhotmelt.com\/?s={search_term_string}\"},\"query-input\":\"required name=search_term_string\"}],\"inLanguage\":\"nb-NO\"},{\"@type\":\"ImageObject\",\"@id\":\"https:\/\/www.purhotmelt.com\/textiles\/#primaryimage\",\"inLanguage\":\"nb-NO\",\"url\":\"https:\/\/www.purhotmelt.com\/wp-content\/uploads\/2021\/01\/Textile-hot-melt-adhesives.jpg\",\"contentUrl\":\"https:\/\/www.purhotmelt.com\/wp-content\/uploads\/2021\/01\/Textile-hot-melt-adhesives.jpg\",\"width\":683,\"height\":513,\"caption\":\"Textile hot melt adhesives\"},{\"@type\":\"WebPage\",\"@id\":\"https:\/\/www.purhotmelt.com\/textiles\/#webpage\",\"url\":\"https:\/\/www.purhotmelt.com\/textiles\/\",\"name\":\"Textiles - PUR hot melt adhesives\",\"isPartOf\":{\"@id\":\"https:\/\/www.purhotmelt.com\/#website\"},\"primaryImageOfPage\":{\"@id\":\"https:\/\/www.purhotmelt.com\/textiles\/#primaryimage\"},\"datePublished\":\"2021-01-21T12:50:23+00:00\",\"dateModified\":\"2021-09-07T21:15:18+00:00\",\"breadcrumb\":{\"@id\":\"https:\/\/www.purhotmelt.com\/textiles\/#breadcrumb\"},\"inLanguage\":\"nb-NO\",\"potentialAction\":[{\"@type\":\"ReadAction\",\"target\":[\"https:\/\/www.purhotmelt.com\/textiles\/\"]}]},{\"@type\":\"BreadcrumbList\",\"@id\":\"https:\/\/www.purhotmelt.com\/textiles\/#breadcrumb\",\"itemListElement\":[{\"@type\":\"ListItem\",\"position\":1,\"name\":\"Home\",\"item\":\"https:\/\/www.purhotmelt.com\/\"},{\"@type\":\"ListItem\",\"position\":2,\"name\":\"Textiles\"}]}]}<\/script>\n<!-- \/ Yoast SEO plugin. -->","yoast_head_json":{"title":"Tekstiler - PUR smeltelim","robots":{"index":"index","follow":"follow","max-snippet":"max-snippet:-1","max-image-preview":"max-image-preview:large","max-video-preview":"max-video-preview:-1"},"canonical":"https:\/\/www.purhotmelt.com\/nb\/textiles\/","og_locale":"nb_NO","og_type":"article","og_title":"Textiles - PUR hot melt adhesives","og_description":"Lamination of mattresses, sponges and other foams Our adhesives meet the demand for continuous faster punching [&hellip;]","og_url":"https:\/\/www.purhotmelt.com\/nb\/textiles\/","og_site_name":"PUR hot melt adhesives","article_modified_time":"2021-09-07T21:15:18+00:00","og_image":[{"url":"https:\/\/www.purhotmelt.com\/wp-content\/uploads\/2021\/01\/Textile-hot-melt-adhesives.jpg"}],"twitter_card":"summary_large_image","twitter_misc":{"Ansl. lesetid":"2 minutter"},"schema":{"@context":"https:\/\/schema.org","@graph":[{"@type":"WebSite","@id":"https:\/\/www.purhotmelt.com\/#website","url":"https:\/\/www.purhotmelt.com\/","name":"PUR smeltelim","description":"Intercol: spesialprodusent","potentialAction":[{"@type":"SearchAction","target":{"@type":"EntryPoint","urlTemplate":"https:\/\/www.purhotmelt.com\/?s={search_term_string}"},"query-input":"required name=search_term_string"}],"inLanguage":"nb-NO"},{"@type":"ImageObject","@id":"https:\/\/www.purhotmelt.com\/textiles\/#primaryimage","inLanguage":"nb-NO","url":"https:\/\/www.purhotmelt.com\/wp-content\/uploads\/2021\/01\/Textile-hot-melt-adhesives.jpg","contentUrl":"https:\/\/www.purhotmelt.com\/wp-content\/uploads\/2021\/01\/Textile-hot-melt-adhesives.jpg","width":683,"height":513,"caption":"Textile hot melt adhesives"},{"@type":"WebPage","@id":"https:\/\/www.purhotmelt.com\/textiles\/#webpage","url":"https:\/\/www.purhotmelt.com\/textiles\/","name":"Tekstiler - PUR smeltelim","isPartOf":{"@id":"https:\/\/www.purhotmelt.com\/#website"},"primaryImageOfPage":{"@id":"https:\/\/www.purhotmelt.com\/textiles\/#primaryimage"},"datePublished":"2021-01-21T12:50:23+00:00","dateModified":"2021-09-07T21:15:18+00:00","breadcrumb":{"@id":"https:\/\/www.purhotmelt.com\/textiles\/#breadcrumb"},"inLanguage":"nb-NO","potentialAction":[{"@type":"ReadAction","target":["https:\/\/www.purhotmelt.com\/textiles\/"]}]},{"@type":"BreadcrumbList","@id":"https:\/\/www.purhotmelt.com\/textiles\/#breadcrumb","itemListElement":[{"@type":"ListItem","position":1,"name":"Home","item":"https:\/\/www.purhotmelt.com\/"},{"@type":"ListItem","position":2,"name":"Textiles"}]}]}},"_links":{"self":[{"href":"https:\/\/www.purhotmelt.com\/nb\/wp-json\/wp\/v2\/pages\/324","targetHints":{"allow":["GET"]}}],"collection":[{"href":"https:\/\/www.purhotmelt.com\/nb\/wp-json\/wp\/v2\/pages"}],"about":[{"href":"https:\/\/www.purhotmelt.com\/nb\/wp-json\/wp\/v2\/types\/page"}],"author":[{"embeddable":true,"href":"https:\/\/www.purhotmelt.com\/nb\/wp-json\/wp\/v2\/users\/1"}],"replies":[{"embeddable":true,"href":"https:\/\/www.purhotmelt.com\/nb\/wp-json\/wp\/v2\/comments?post=324"}],"version-history":[{"count":2,"href":"https:\/\/www.purhotmelt.com\/nb\/wp-json\/wp\/v2\/pages\/324\/revisions"}],"predecessor-version":[{"id":372,"href":"https:\/\/www.purhotmelt.com\/nb\/wp-json\/wp\/v2\/pages\/324\/revisions\/372"}],"wp:attachment":[{"href":"https:\/\/www.purhotmelt.com\/nb\/wp-json\/wp\/v2\/media?parent=324"}],"curies":[{"name":"wp","href":"https:\/\/api.w.org\/{rel}","templated":true}]}}