{"id":338,"date":"2021-01-21T17:03:52","date_gmt":"2021-01-21T17:03:52","guid":{"rendered":"https:\/\/www.purhotmelt.com\/?page_id=338"},"modified":"2021-01-23T16:33:17","modified_gmt":"2021-01-23T16:33:17","slug":"profile-wrapping-wood","status":"publish","type":"page","link":"https:\/\/www.purhotmelt.com\/nb\/profile-wrapping-wood\/","title":{"rendered":"Profilinnpakning"},"content":{"rendered":"<p>Profilinnpakningsapplikasjoner viser stadig \u00f8kende krav til mer effektive, raskere produksjonsprosesser samt sterkere lim. I dag er det mange overflater, for eksempel tre-<br>baserte materialer, plast og metall er pakket med et stort utvalg av folier. Profiler serverer mange forskjellige applikasjoner, for eksempel:<\/p>\n\n\n\n<ul class=\"wp-block-list\"><li>Generelt interi\u00f8r for hjem og kontorer<\/li><li>Kj\u00f8kken og hjemmem\u00f8bler <\/li><li>Husholdningsapparater og butikker<\/li><li>Beslag og gulv i skipsbygging og campingvogn<\/li><li>Utstilling viser<\/li><\/ul>\n\n\n\n<h2 class=\"wp-block-heading\">N\u00e5r bruker du PUR Hot melt?<\/h2>\n\n\n\n<p>PUR hot smelter brukes for eksempel n\u00e5r produktene m\u00e5 oppfylle spesielle krav til fukt, kulde og varmebestandighet. PUR hot smelter gir for det meste en sterkere vedheft. PUR hot melt er h\u00f8yeffektive lim for krevende krav til liming. PUR hot melt er n\u00e5 standardlim for metallprofiler og for vanskelig \u00e5 binde plastfolier. Likevel introduseres ofte nye r\u00e5varer for \u00e5 utvikle enda bedre lim. Dette gj\u00f8r at ulike bransjer kontinuerlig kan \u00f8ke prosesshastigheten og automatiseringsniv\u00e5et.<\/p>\n\n\n\n<p><\/p>","protected":false},"excerpt":{"rendered":"<p>Profile wrapping applications show continuously increasing requirements for more efficient, faster manufacturing processes as well as [&hellip;]<\/p>","protected":false},"author":1,"featured_media":0,"parent":0,"menu_order":0,"comment_status":"closed","ping_status":"closed","template":"","meta":{"footnotes":""},"class_list":["post-338","page","type-page","status-publish","hentry"],"yoast_head":"<!-- This site is optimized with the Yoast SEO plugin v17.0 - https:\/\/yoast.com\/wordpress\/plugins\/seo\/ -->\n<title>Profile wrapping - PUR hot melt adhesives<\/title>\n<meta name=\"robots\" content=\"index, follow, max-snippet:-1, max-image-preview:large, max-video-preview:-1\" \/>\n<link rel=\"canonical\" href=\"https:\/\/www.purhotmelt.com\/nb\/profile-wrapping-wood\/\" \/>\n<meta property=\"og:locale\" content=\"nb_NO\" \/>\n<meta property=\"og:type\" content=\"article\" \/>\n<meta property=\"og:title\" content=\"Profile wrapping - PUR hot melt adhesives\" \/>\n<meta property=\"og:description\" content=\"Profile wrapping applications show continuously increasing requirements for more efficient, faster manufacturing processes as well as [&hellip;]\" \/>\n<meta property=\"og:url\" content=\"https:\/\/www.purhotmelt.com\/nb\/profile-wrapping-wood\/\" \/>\n<meta property=\"og:site_name\" content=\"PUR hot melt adhesives\" \/>\n<meta property=\"article:modified_time\" content=\"2021-01-23T16:33:17+00:00\" \/>\n<meta name=\"twitter:card\" content=\"summary_large_image\" \/>\n<meta name=\"twitter:label1\" content=\"Ansl. lesetid\" \/>\n\t<meta name=\"twitter:data1\" content=\"1 minutt\" \/>\n<script type=\"application\/ld+json\" class=\"yoast-schema-graph\">{\"@context\":\"https:\/\/schema.org\",\"@graph\":[{\"@type\":\"WebSite\",\"@id\":\"https:\/\/www.purhotmelt.com\/#website\",\"url\":\"https:\/\/www.purhotmelt.com\/\",\"name\":\"PUR hot melt adhesives\",\"description\":\"Intercol: Specialist manufacturer\",\"potentialAction\":[{\"@type\":\"SearchAction\",\"target\":{\"@type\":\"EntryPoint\",\"urlTemplate\":\"https:\/\/www.purhotmelt.com\/?s={search_term_string}\"},\"query-input\":\"required name=search_term_string\"}],\"inLanguage\":\"nb-NO\"},{\"@type\":\"WebPage\",\"@id\":\"https:\/\/www.purhotmelt.com\/fr\/profile-wrapping-wood\/#webpage\",\"url\":\"https:\/\/www.purhotmelt.com\/fr\/profile-wrapping-wood\/\",\"name\":\"Profile wrapping - PUR hot melt adhesives\",\"isPartOf\":{\"@id\":\"https:\/\/www.purhotmelt.com\/#website\"},\"datePublished\":\"2021-01-21T17:03:52+00:00\",\"dateModified\":\"2021-01-23T16:33:17+00:00\",\"breadcrumb\":{\"@id\":\"https:\/\/www.purhotmelt.com\/fr\/profile-wrapping-wood\/#breadcrumb\"},\"inLanguage\":\"nb-NO\",\"potentialAction\":[{\"@type\":\"ReadAction\",\"target\":[\"https:\/\/www.purhotmelt.com\/fr\/profile-wrapping-wood\/\"]}]},{\"@type\":\"BreadcrumbList\",\"@id\":\"https:\/\/www.purhotmelt.com\/fr\/profile-wrapping-wood\/#breadcrumb\",\"itemListElement\":[{\"@type\":\"ListItem\",\"position\":1,\"name\":\"Home\",\"item\":\"https:\/\/www.purhotmelt.com\/\"},{\"@type\":\"ListItem\",\"position\":2,\"name\":\"Profile wrapping\"}]}]}<\/script>\n<!-- \/ Yoast SEO plugin. -->","yoast_head_json":{"title":"Profilinnpakning - PUR smeltelim","robots":{"index":"index","follow":"follow","max-snippet":"max-snippet:-1","max-image-preview":"max-image-preview:large","max-video-preview":"max-video-preview:-1"},"canonical":"https:\/\/www.purhotmelt.com\/nb\/profile-wrapping-wood\/","og_locale":"nb_NO","og_type":"article","og_title":"Profile wrapping - PUR hot melt adhesives","og_description":"Profile wrapping applications show continuously increasing requirements for more efficient, faster manufacturing processes as well as [&hellip;]","og_url":"https:\/\/www.purhotmelt.com\/nb\/profile-wrapping-wood\/","og_site_name":"PUR hot melt adhesives","article_modified_time":"2021-01-23T16:33:17+00:00","twitter_card":"summary_large_image","twitter_misc":{"Ansl. lesetid":"1 minutt"},"schema":{"@context":"https:\/\/schema.org","@graph":[{"@type":"WebSite","@id":"https:\/\/www.purhotmelt.com\/#website","url":"https:\/\/www.purhotmelt.com\/","name":"PUR smeltelim","description":"Intercol: spesialprodusent","potentialAction":[{"@type":"SearchAction","target":{"@type":"EntryPoint","urlTemplate":"https:\/\/www.purhotmelt.com\/?s={search_term_string}"},"query-input":"required name=search_term_string"}],"inLanguage":"nb-NO"},{"@type":"WebPage","@id":"https:\/\/www.purhotmelt.com\/fr\/profile-wrapping-wood\/#webpage","url":"https:\/\/www.purhotmelt.com\/fr\/profile-wrapping-wood\/","name":"Profilinnpakning - PUR smeltelim","isPartOf":{"@id":"https:\/\/www.purhotmelt.com\/#website"},"datePublished":"2021-01-21T17:03:52+00:00","dateModified":"2021-01-23T16:33:17+00:00","breadcrumb":{"@id":"https:\/\/www.purhotmelt.com\/fr\/profile-wrapping-wood\/#breadcrumb"},"inLanguage":"nb-NO","potentialAction":[{"@type":"ReadAction","target":["https:\/\/www.purhotmelt.com\/fr\/profile-wrapping-wood\/"]}]},{"@type":"BreadcrumbList","@id":"https:\/\/www.purhotmelt.com\/fr\/profile-wrapping-wood\/#breadcrumb","itemListElement":[{"@type":"ListItem","position":1,"name":"Home","item":"https:\/\/www.purhotmelt.com\/"},{"@type":"ListItem","position":2,"name":"Profile wrapping"}]}]}},"_links":{"self":[{"href":"https:\/\/www.purhotmelt.com\/nb\/wp-json\/wp\/v2\/pages\/338","targetHints":{"allow":["GET"]}}],"collection":[{"href":"https:\/\/www.purhotmelt.com\/nb\/wp-json\/wp\/v2\/pages"}],"about":[{"href":"https:\/\/www.purhotmelt.com\/nb\/wp-json\/wp\/v2\/types\/page"}],"author":[{"embeddable":true,"href":"https:\/\/www.purhotmelt.com\/nb\/wp-json\/wp\/v2\/users\/1"}],"replies":[{"embeddable":true,"href":"https:\/\/www.purhotmelt.com\/nb\/wp-json\/wp\/v2\/comments?post=338"}],"version-history":[{"count":3,"href":"https:\/\/www.purhotmelt.com\/nb\/wp-json\/wp\/v2\/pages\/338\/revisions"}],"predecessor-version":[{"id":348,"href":"https:\/\/www.purhotmelt.com\/nb\/wp-json\/wp\/v2\/pages\/338\/revisions\/348"}],"wp:attachment":[{"href":"https:\/\/www.purhotmelt.com\/nb\/wp-json\/wp\/v2\/media?parent=338"}],"curies":[{"name":"wp","href":"https:\/\/api.w.org\/{rel}","templated":true}]}}