{"id":355,"date":"2021-03-30T20:09:06","date_gmt":"2021-03-30T20:09:06","guid":{"rendered":"https:\/\/www.purhotmelt.com\/?page_id=355"},"modified":"2021-03-30T20:09:36","modified_gmt":"2021-03-30T20:09:36","slug":"adhesive-pricing","status":"publish","type":"page","link":"https:\/\/www.purhotmelt.com\/nb\/adhesive-pricing\/","title":{"rendered":"Limprising"},"content":{"rendered":"<p>R\u00e5varer som brukes til fremstilling av lim, ser fortsatt betydelige prisbevegelser. Som et resultat blir emballasjelimvirksomhet p\u00e5virket av pris\u00f8kninger:<br>\u2022 Smeltelim<br>\u2022 Flytende lim<br>\u2022 Belegg og polyuretanlim<\/p>\n\n\n\n<h2 class=\"wp-block-heading\">Mange bransjer er ber\u00f8rt<\/h2>\n\n\n\n<p>Ber\u00f8rte n\u00e6ringer inkluderer b\u00f8lgepapp, laminering, r\u00f8rvikling, ekstrudering, trebearbeiding, bokbinding og emballasje.<br>Intercol jobber flittig med \u00e5 forhandle gunstige og stabile r\u00e5varepriser fra v\u00e5re r\u00e5vareleverand\u00f8rer for v\u00e5re lim. Markedsforholdene har imidlertid gjort det umulig \u00e5 opprettholde dagens prisniv\u00e5. Kontakt oss hvis du har spesifikke sp\u00f8rsm\u00e5l. Vi er fortsatt takknemlige for virksomheten din og din fortsatte st\u00f8tte.<\/p>","protected":false},"excerpt":{"rendered":"<p>Raw materials used in the manufacture of adhesives, continue to see significant price movements. As a [&hellip;]<\/p>","protected":false},"author":1,"featured_media":0,"parent":0,"menu_order":0,"comment_status":"closed","ping_status":"closed","template":"","meta":{"footnotes":""},"class_list":["post-355","page","type-page","status-publish","hentry"],"yoast_head":"<!-- This site is optimized with the Yoast SEO plugin v17.0 - https:\/\/yoast.com\/wordpress\/plugins\/seo\/ -->\n<title>Adhesive pricing - PUR hot melt adhesives<\/title>\n<meta name=\"robots\" content=\"index, follow, max-snippet:-1, max-image-preview:large, max-video-preview:-1\" \/>\n<link rel=\"canonical\" href=\"https:\/\/www.purhotmelt.com\/nb\/adhesive-pricing\/\" \/>\n<meta property=\"og:locale\" content=\"nb_NO\" \/>\n<meta property=\"og:type\" content=\"article\" \/>\n<meta property=\"og:title\" content=\"Adhesive pricing - PUR hot melt adhesives\" \/>\n<meta property=\"og:description\" content=\"Raw materials used in the manufacture of adhesives, continue to see significant price movements. As a [&hellip;]\" \/>\n<meta property=\"og:url\" content=\"https:\/\/www.purhotmelt.com\/nb\/adhesive-pricing\/\" \/>\n<meta property=\"og:site_name\" content=\"PUR hot melt adhesives\" \/>\n<meta property=\"article:modified_time\" content=\"2021-03-30T20:09:36+00:00\" \/>\n<meta name=\"twitter:card\" content=\"summary_large_image\" \/>\n<script type=\"application\/ld+json\" class=\"yoast-schema-graph\">{\"@context\":\"https:\/\/schema.org\",\"@graph\":[{\"@type\":\"WebSite\",\"@id\":\"https:\/\/www.purhotmelt.com\/#website\",\"url\":\"https:\/\/www.purhotmelt.com\/\",\"name\":\"PUR hot melt adhesives\",\"description\":\"Intercol: Specialist manufacturer\",\"potentialAction\":[{\"@type\":\"SearchAction\",\"target\":{\"@type\":\"EntryPoint\",\"urlTemplate\":\"https:\/\/www.purhotmelt.com\/?s={search_term_string}\"},\"query-input\":\"required name=search_term_string\"}],\"inLanguage\":\"nb-NO\"},{\"@type\":\"WebPage\",\"@id\":\"https:\/\/www.purhotmelt.com\/de\/adhesive-pricing\/#webpage\",\"url\":\"https:\/\/www.purhotmelt.com\/de\/adhesive-pricing\/\",\"name\":\"Adhesive pricing - PUR hot melt adhesives\",\"isPartOf\":{\"@id\":\"https:\/\/www.purhotmelt.com\/#website\"},\"datePublished\":\"2021-03-30T20:09:06+00:00\",\"dateModified\":\"2021-03-30T20:09:36+00:00\",\"breadcrumb\":{\"@id\":\"https:\/\/www.purhotmelt.com\/de\/adhesive-pricing\/#breadcrumb\"},\"inLanguage\":\"nb-NO\",\"potentialAction\":[{\"@type\":\"ReadAction\",\"target\":[\"https:\/\/www.purhotmelt.com\/de\/adhesive-pricing\/\"]}]},{\"@type\":\"BreadcrumbList\",\"@id\":\"https:\/\/www.purhotmelt.com\/de\/adhesive-pricing\/#breadcrumb\",\"itemListElement\":[{\"@type\":\"ListItem\",\"position\":1,\"name\":\"Home\",\"item\":\"https:\/\/www.purhotmelt.com\/\"},{\"@type\":\"ListItem\",\"position\":2,\"name\":\"Adhesive pricing\"}]}]}<\/script>\n<!-- \/ Yoast SEO plugin. -->","yoast_head_json":{"title":"Limpriser - PUR smeltelim","robots":{"index":"index","follow":"follow","max-snippet":"max-snippet:-1","max-image-preview":"max-image-preview:large","max-video-preview":"max-video-preview:-1"},"canonical":"https:\/\/www.purhotmelt.com\/nb\/adhesive-pricing\/","og_locale":"nb_NO","og_type":"article","og_title":"Adhesive pricing - PUR hot melt adhesives","og_description":"Raw materials used in the manufacture of adhesives, continue to see significant price movements. As a [&hellip;]","og_url":"https:\/\/www.purhotmelt.com\/nb\/adhesive-pricing\/","og_site_name":"PUR hot melt adhesives","article_modified_time":"2021-03-30T20:09:36+00:00","twitter_card":"summary_large_image","schema":{"@context":"https:\/\/schema.org","@graph":[{"@type":"WebSite","@id":"https:\/\/www.purhotmelt.com\/#website","url":"https:\/\/www.purhotmelt.com\/","name":"PUR smeltelim","description":"Intercol: spesialprodusent","potentialAction":[{"@type":"SearchAction","target":{"@type":"EntryPoint","urlTemplate":"https:\/\/www.purhotmelt.com\/?s={search_term_string}"},"query-input":"required name=search_term_string"}],"inLanguage":"nb-NO"},{"@type":"WebPage","@id":"https:\/\/www.purhotmelt.com\/de\/adhesive-pricing\/#webpage","url":"https:\/\/www.purhotmelt.com\/de\/adhesive-pricing\/","name":"Limpriser - PUR smeltelim","isPartOf":{"@id":"https:\/\/www.purhotmelt.com\/#website"},"datePublished":"2021-03-30T20:09:06+00:00","dateModified":"2021-03-30T20:09:36+00:00","breadcrumb":{"@id":"https:\/\/www.purhotmelt.com\/de\/adhesive-pricing\/#breadcrumb"},"inLanguage":"nb-NO","potentialAction":[{"@type":"ReadAction","target":["https:\/\/www.purhotmelt.com\/de\/adhesive-pricing\/"]}]},{"@type":"BreadcrumbList","@id":"https:\/\/www.purhotmelt.com\/de\/adhesive-pricing\/#breadcrumb","itemListElement":[{"@type":"ListItem","position":1,"name":"Home","item":"https:\/\/www.purhotmelt.com\/"},{"@type":"ListItem","position":2,"name":"Adhesive pricing"}]}]}},"_links":{"self":[{"href":"https:\/\/www.purhotmelt.com\/nb\/wp-json\/wp\/v2\/pages\/355","targetHints":{"allow":["GET"]}}],"collection":[{"href":"https:\/\/www.purhotmelt.com\/nb\/wp-json\/wp\/v2\/pages"}],"about":[{"href":"https:\/\/www.purhotmelt.com\/nb\/wp-json\/wp\/v2\/types\/page"}],"author":[{"embeddable":true,"href":"https:\/\/www.purhotmelt.com\/nb\/wp-json\/wp\/v2\/users\/1"}],"replies":[{"embeddable":true,"href":"https:\/\/www.purhotmelt.com\/nb\/wp-json\/wp\/v2\/comments?post=355"}],"version-history":[{"count":3,"href":"https:\/\/www.purhotmelt.com\/nb\/wp-json\/wp\/v2\/pages\/355\/revisions"}],"predecessor-version":[{"id":379,"href":"https:\/\/www.purhotmelt.com\/nb\/wp-json\/wp\/v2\/pages\/355\/revisions\/379"}],"wp:attachment":[{"href":"https:\/\/www.purhotmelt.com\/nb\/wp-json\/wp\/v2\/media?parent=355"}],"curies":[{"name":"wp","href":"https:\/\/api.w.org\/{rel}","templated":true}]}}