{"id":362,"date":"2021-08-19T11:40:27","date_gmt":"2021-08-19T11:40:27","guid":{"rendered":"https:\/\/www.purhotmelt.com\/?page_id=362"},"modified":"2021-08-19T11:40:28","modified_gmt":"2021-08-19T11:40:28","slug":"sustainable-textile-lamination","status":"publish","type":"page","link":"https:\/\/www.purhotmelt.com\/nb\/sustainable-textile-lamination\/","title":{"rendered":"B\u00e6rekraftig tekstillaminering"},"content":{"rendered":"<p><\/p>\n\n\n\n<p>Intercol presenterer det siste tilskuddet i sin PUR hot melt produktfamilie, det er et reaktivt smeltelim av polyuretan for tekstillaminering.<\/p>\n\n\n\n<h2 class=\"wp-block-heading\">Fornybare materialer<\/h2>\n\n\n\n<p>Bare h\u00f8yeffektive r\u00e5varer som er optimalisert for \u00e5 formulere lim brukes i v\u00e5re produksjonsprosesser, inkludert noen fornybare r\u00e5varer. V\u00e5rt nye smeltelim PUR er utviklet for laminering av tekstiler i bilindustrien. Det er ogs\u00e5 en ny serie med b\u00e6rekraftige smeltelim<\/p>\n\n\n\n\n\n<p><\/p>\n\n\n\n<h2 class=\"wp-block-heading\">Vaskbar og myk f\u00f8lelse<\/h2>\n\n\n\n<p>Det nye smeltelimet oppfyller h\u00f8ye krav til vaskemotstand og myk tekstilf\u00f8lelse, behandlingstemperaturen er mellom 105 og 145 \u00b0 C. Det kan enkelt integreres i eksisterende prosesser.<\/p>\n\n\n\n<p>Den kan brukes til limingsoperasjoner i produksjon av madrasser og trekkdeksler, bilapplikasjoner, medisinske tekstiler, vernekl\u00e6r, bygnings- og konstruksjonstekstiler, slipematerialer, rengj\u00f8ring av tekstiler, geotekstiler og praktisk talt alle etablerte applikasjoner for laminering av tekstiler. <\/p>\n\n\n\n<h2 class=\"wp-block-heading\">Reduser bruken av fossile materialer<\/h2>\n\n\n\n<p>P\u00e5 grunn av de fornybare r\u00e5varene i sin limformulering, er det av spesiell interesse for produsenter som \u00f8nsker \u00e5 redusere bruken av fossile r\u00e5varer i produksjonsprosesser. Med dagens teknologi er dette en trinnvis prosess. For \u00e5 v\u00e6re fullt biobasert og biologisk nedbrytbar, andre limteknologier, som f.eks <a href=\"http:\/\/adhesive.intercol.eu\/en\/producten-2\/koudlijmen\/zetmeel\/index.html\">stivelse<\/a>, kan v\u00e6re interessant \u00e5 se p\u00e5.<\/p>\n\n\n\n<p><\/p>","protected":false},"excerpt":{"rendered":"<p>Intercol is presenting the latest addition to its PUR hot melt product family, it is an [&hellip;]<\/p>","protected":false},"author":1,"featured_media":0,"parent":0,"menu_order":0,"comment_status":"closed","ping_status":"closed","template":"","meta":{"footnotes":""},"class_list":["post-362","page","type-page","status-publish","hentry"],"yoast_head":"<!-- This site is optimized with the Yoast SEO plugin v17.0 - https:\/\/yoast.com\/wordpress\/plugins\/seo\/ -->\n<title>Sustainable Textile Lamination - PUR hot melt adhesives<\/title>\n<meta name=\"robots\" content=\"index, follow, max-snippet:-1, max-image-preview:large, max-video-preview:-1\" \/>\n<link rel=\"canonical\" href=\"https:\/\/www.purhotmelt.com\/nb\/sustainable-textile-lamination\/\" \/>\n<meta property=\"og:locale\" content=\"nb_NO\" \/>\n<meta property=\"og:type\" content=\"article\" \/>\n<meta property=\"og:title\" content=\"Sustainable Textile Lamination - PUR hot melt adhesives\" \/>\n<meta property=\"og:description\" content=\"Intercol is presenting the latest addition to its PUR hot melt product family, it is an [&hellip;]\" \/>\n<meta property=\"og:url\" content=\"https:\/\/www.purhotmelt.com\/nb\/sustainable-textile-lamination\/\" \/>\n<meta property=\"og:site_name\" content=\"PUR hot melt adhesives\" \/>\n<meta property=\"article:modified_time\" content=\"2021-08-19T11:40:28+00:00\" \/>\n<meta name=\"twitter:card\" content=\"summary_large_image\" \/>\n<meta name=\"twitter:label1\" content=\"Ansl. lesetid\" \/>\n\t<meta name=\"twitter:data1\" content=\"1 minutt\" \/>\n<script type=\"application\/ld+json\" class=\"yoast-schema-graph\">{\"@context\":\"https:\/\/schema.org\",\"@graph\":[{\"@type\":\"WebSite\",\"@id\":\"https:\/\/www.purhotmelt.com\/#website\",\"url\":\"https:\/\/www.purhotmelt.com\/\",\"name\":\"PUR hot melt adhesives\",\"description\":\"Intercol: Specialist manufacturer\",\"potentialAction\":[{\"@type\":\"SearchAction\",\"target\":{\"@type\":\"EntryPoint\",\"urlTemplate\":\"https:\/\/www.purhotmelt.com\/?s={search_term_string}\"},\"query-input\":\"required name=search_term_string\"}],\"inLanguage\":\"nb-NO\"},{\"@type\":\"WebPage\",\"@id\":\"https:\/\/www.purhotmelt.com\/sustainable-textile-lamination\/#webpage\",\"url\":\"https:\/\/www.purhotmelt.com\/sustainable-textile-lamination\/\",\"name\":\"Sustainable Textile Lamination - PUR hot melt adhesives\",\"isPartOf\":{\"@id\":\"https:\/\/www.purhotmelt.com\/#website\"},\"datePublished\":\"2021-08-19T11:40:27+00:00\",\"dateModified\":\"2021-08-19T11:40:28+00:00\",\"breadcrumb\":{\"@id\":\"https:\/\/www.purhotmelt.com\/sustainable-textile-lamination\/#breadcrumb\"},\"inLanguage\":\"nb-NO\",\"potentialAction\":[{\"@type\":\"ReadAction\",\"target\":[\"https:\/\/www.purhotmelt.com\/sustainable-textile-lamination\/\"]}]},{\"@type\":\"BreadcrumbList\",\"@id\":\"https:\/\/www.purhotmelt.com\/sustainable-textile-lamination\/#breadcrumb\",\"itemListElement\":[{\"@type\":\"ListItem\",\"position\":1,\"name\":\"Home\",\"item\":\"https:\/\/www.purhotmelt.com\/\"},{\"@type\":\"ListItem\",\"position\":2,\"name\":\"Sustainable Textile Lamination\"}]}]}<\/script>\n<!-- \/ Yoast SEO plugin. -->","yoast_head_json":{"title":"B\u00e6rekraftig tekstillaminering - PUR smeltelim","robots":{"index":"index","follow":"follow","max-snippet":"max-snippet:-1","max-image-preview":"max-image-preview:large","max-video-preview":"max-video-preview:-1"},"canonical":"https:\/\/www.purhotmelt.com\/nb\/sustainable-textile-lamination\/","og_locale":"nb_NO","og_type":"article","og_title":"Sustainable Textile Lamination - PUR hot melt adhesives","og_description":"Intercol is presenting the latest addition to its PUR hot melt product family, it is an [&hellip;]","og_url":"https:\/\/www.purhotmelt.com\/nb\/sustainable-textile-lamination\/","og_site_name":"PUR hot melt adhesives","article_modified_time":"2021-08-19T11:40:28+00:00","twitter_card":"summary_large_image","twitter_misc":{"Ansl. lesetid":"1 minutt"},"schema":{"@context":"https:\/\/schema.org","@graph":[{"@type":"WebSite","@id":"https:\/\/www.purhotmelt.com\/#website","url":"https:\/\/www.purhotmelt.com\/","name":"PUR smeltelim","description":"Intercol: spesialprodusent","potentialAction":[{"@type":"SearchAction","target":{"@type":"EntryPoint","urlTemplate":"https:\/\/www.purhotmelt.com\/?s={search_term_string}"},"query-input":"required name=search_term_string"}],"inLanguage":"nb-NO"},{"@type":"WebPage","@id":"https:\/\/www.purhotmelt.com\/sustainable-textile-lamination\/#webpage","url":"https:\/\/www.purhotmelt.com\/sustainable-textile-lamination\/","name":"B\u00e6rekraftig tekstillaminering - PUR smeltelim","isPartOf":{"@id":"https:\/\/www.purhotmelt.com\/#website"},"datePublished":"2021-08-19T11:40:27+00:00","dateModified":"2021-08-19T11:40:28+00:00","breadcrumb":{"@id":"https:\/\/www.purhotmelt.com\/sustainable-textile-lamination\/#breadcrumb"},"inLanguage":"nb-NO","potentialAction":[{"@type":"ReadAction","target":["https:\/\/www.purhotmelt.com\/sustainable-textile-lamination\/"]}]},{"@type":"BreadcrumbList","@id":"https:\/\/www.purhotmelt.com\/sustainable-textile-lamination\/#breadcrumb","itemListElement":[{"@type":"ListItem","position":1,"name":"Home","item":"https:\/\/www.purhotmelt.com\/"},{"@type":"ListItem","position":2,"name":"Sustainable Textile Lamination"}]}]}},"_links":{"self":[{"href":"https:\/\/www.purhotmelt.com\/nb\/wp-json\/wp\/v2\/pages\/362","targetHints":{"allow":["GET"]}}],"collection":[{"href":"https:\/\/www.purhotmelt.com\/nb\/wp-json\/wp\/v2\/pages"}],"about":[{"href":"https:\/\/www.purhotmelt.com\/nb\/wp-json\/wp\/v2\/types\/page"}],"author":[{"embeddable":true,"href":"https:\/\/www.purhotmelt.com\/nb\/wp-json\/wp\/v2\/users\/1"}],"replies":[{"embeddable":true,"href":"https:\/\/www.purhotmelt.com\/nb\/wp-json\/wp\/v2\/comments?post=362"}],"version-history":[{"count":1,"href":"https:\/\/www.purhotmelt.com\/nb\/wp-json\/wp\/v2\/pages\/362\/revisions"}],"predecessor-version":[{"id":364,"href":"https:\/\/www.purhotmelt.com\/nb\/wp-json\/wp\/v2\/pages\/362\/revisions\/364"}],"wp:attachment":[{"href":"https:\/\/www.purhotmelt.com\/nb\/wp-json\/wp\/v2\/media?parent=362"}],"curies":[{"name":"wp","href":"https:\/\/api.w.org\/{rel}","templated":true}]}}