{"id":5,"date":"2020-09-28T18:04:55","date_gmt":"2020-09-28T18:04:55","guid":{"rendered":"https:\/\/www.purhotmelt.com\/?page_id=5"},"modified":"2021-09-07T21:11:30","modified_gmt":"2021-09-07T21:11:30","slug":"pur-hot-melt-adhesives","status":"publish","type":"page","link":"https:\/\/www.purhotmelt.com\/nb\/","title":{"rendered":"PUR smeltelim"},"content":{"rendered":"<p>Reaktive smeltelim oppvarmes f\u00f8r prosessering og p\u00e5f\u00f8res i smeltet tilstand. Disse PUR smeltelimene er en etterf\u00f8lger av tradisjonelle termoplastiske smeltelim, hovedsakelig basert p\u00e5 EVA og polyolefin polymerer. Som med tradisjonelle smeltelim, resulterer kj\u00f8ling i utgangspunktet i en fysisk fysisk styrkeoppbygging, noe som resulterer i en tilsvarende utgangsstyrke. I dagene etter kjemisk tverrbinding finner sted gjennom reaksjon med vannmolekyler som er hentet fra det limte underlaget eller luftfuktigheten.  <\/p>\n\n\n\n<h2 class=\"wp-block-heading\">Tverrbinding<\/h2>\n\n\n\n<p>P\u00e5 grunn av tverrbindingen oppfyller reaktive smeltelim \u00f8kte krav med hensyn til styrke, vann og varmebestandighet samt kjemisk motstand.<\/p>\n\n\n\n<h2 class=\"wp-block-heading\">Forbedret vedheft styrke<\/h2>\n\n\n\n<p>De reaktive gruppene i smeltelimene har ogs\u00e5 en ekstremt positiv effekt p\u00e5 adhesjonsspekteret, ettersom limet i tillegg kan danne faste (kovalente) kjemiske bindinger med egnede reaksjonspartnere p\u00e5 underlagsoverflatene.<\/p>\n\n\n\n<p>I tillegg til reaktive smeltelim p\u00e5 polyuretan og polyolefin i alle leveringsformer, tilbyr Intercol ogs\u00e5 et nytt h\u00f8ytytende lim som ufylt og lavutslipp PUR smeltelim.<\/p>\n\n\n\n<figure class=\"wp-block-image size-large\"><img loading=\"lazy\" decoding=\"async\" width=\"808\" height=\"596\" src=\"https:\/\/www.purhotmelt.com\/wp-content\/uploads\/2021\/01\/What-is-pur-hot-melt.png\" alt=\"Hva er PUR hot melt\" class=\"wp-image-350\" srcset=\"https:\/\/www.purhotmelt.com\/wp-content\/uploads\/2021\/01\/What-is-pur-hot-melt.png 808w, https:\/\/www.purhotmelt.com\/wp-content\/uploads\/2021\/01\/What-is-pur-hot-melt-300x221.png 300w, https:\/\/www.purhotmelt.com\/wp-content\/uploads\/2021\/01\/What-is-pur-hot-melt-768x566.png 768w, https:\/\/www.purhotmelt.com\/wp-content\/uploads\/2021\/01\/What-is-pur-hot-melt-16x12.png 16w\" sizes=\"auto, (max-width: 808px) 100vw, 808px\" \/><figcaption>Hva er PUR hot melt<\/figcaption><\/figure>","protected":false},"excerpt":{"rendered":"<p>Reaktive smeltelim varmes opp f\u00f8r bearbeiding og p\u00e5f\u00f8res i smeltet tilstand. Disse PUR [\u2026]<\/p>","protected":false},"author":1,"featured_media":0,"parent":0,"menu_order":0,"comment_status":"closed","ping_status":"closed","template":"template-full-width.php","meta":{"footnotes":""},"class_list":["post-5","page","type-page","status-publish","hentry"],"yoast_head":"<!-- This site is optimized with the Yoast SEO plugin v17.0 - https:\/\/yoast.com\/wordpress\/plugins\/seo\/ -->\n<title>PUR hot melt adhesives - PUR hot melt adhesives<\/title>\n<meta name=\"robots\" content=\"index, follow, max-snippet:-1, max-image-preview:large, max-video-preview:-1\" \/>\n<link rel=\"canonical\" href=\"https:\/\/www.purhotmelt.com\/nb\/\" \/>\n<meta property=\"og:locale\" content=\"nb_NO\" \/>\n<meta property=\"og:type\" content=\"article\" \/>\n<meta property=\"og:title\" content=\"PUR hot melt adhesives - PUR hot melt adhesives\" \/>\n<meta property=\"og:description\" content=\"Reactive hot melt adhesives are heated before processing and applied in a molten state. These PUR [&hellip;]\" \/>\n<meta property=\"og:url\" content=\"https:\/\/www.purhotmelt.com\/nb\/\" \/>\n<meta property=\"og:site_name\" content=\"PUR hot melt adhesives\" \/>\n<meta property=\"article:modified_time\" content=\"2021-09-07T21:11:30+00:00\" \/>\n<meta property=\"og:image\" content=\"https:\/\/www.purhotmelt.com\/wp-content\/uploads\/2021\/01\/What-is-pur-hot-melt.png\" \/>\n<meta name=\"twitter:card\" content=\"summary_large_image\" \/>\n<meta name=\"twitter:label1\" content=\"Ansl. lesetid\" \/>\n\t<meta name=\"twitter:data1\" content=\"1 minutt\" \/>\n<script type=\"application\/ld+json\" class=\"yoast-schema-graph\">{\"@context\":\"https:\/\/schema.org\",\"@graph\":[{\"@type\":\"WebSite\",\"@id\":\"https:\/\/www.purhotmelt.com\/#website\",\"url\":\"https:\/\/www.purhotmelt.com\/\",\"name\":\"PUR hot melt adhesives\",\"description\":\"Intercol: Specialist manufacturer\",\"potentialAction\":[{\"@type\":\"SearchAction\",\"target\":{\"@type\":\"EntryPoint\",\"urlTemplate\":\"https:\/\/www.purhotmelt.com\/?s={search_term_string}\"},\"query-input\":\"required name=search_term_string\"}],\"inLanguage\":\"nb-NO\"},{\"@type\":\"ImageObject\",\"@id\":\"https:\/\/www.purhotmelt.com\/#primaryimage\",\"inLanguage\":\"nb-NO\",\"url\":\"https:\/\/www.purhotmelt.com\/wp-content\/uploads\/2021\/01\/What-is-pur-hot-melt.png\",\"contentUrl\":\"https:\/\/www.purhotmelt.com\/wp-content\/uploads\/2021\/01\/What-is-pur-hot-melt.png\",\"width\":808,\"height\":596,\"caption\":\"What is PUR hot melt\"},{\"@type\":\"WebPage\",\"@id\":\"https:\/\/www.purhotmelt.com\/#webpage\",\"url\":\"https:\/\/www.purhotmelt.com\/\",\"name\":\"PUR hot melt adhesives - PUR hot melt adhesives\",\"isPartOf\":{\"@id\":\"https:\/\/www.purhotmelt.com\/#website\"},\"primaryImageOfPage\":{\"@id\":\"https:\/\/www.purhotmelt.com\/#primaryimage\"},\"datePublished\":\"2020-09-28T18:04:55+00:00\",\"dateModified\":\"2021-09-07T21:11:30+00:00\",\"breadcrumb\":{\"@id\":\"https:\/\/www.purhotmelt.com\/#breadcrumb\"},\"inLanguage\":\"nb-NO\",\"potentialAction\":[{\"@type\":\"ReadAction\",\"target\":[\"https:\/\/www.purhotmelt.com\/\"]}]},{\"@type\":\"BreadcrumbList\",\"@id\":\"https:\/\/www.purhotmelt.com\/#breadcrumb\",\"itemListElement\":[{\"@type\":\"ListItem\",\"position\":1,\"name\":\"Home\",\"item\":\"https:\/\/www.purhotmelt.com\/\"},{\"@type\":\"ListItem\",\"position\":2,\"name\":\"PUR hot melt adhesives\"}]}]}<\/script>\n<!-- \/ Yoast SEO plugin. -->","yoast_head_json":{"title":"PUR smeltelim - PUR smeltelim","robots":{"index":"index","follow":"follow","max-snippet":"max-snippet:-1","max-image-preview":"max-image-preview:large","max-video-preview":"max-video-preview:-1"},"canonical":"https:\/\/www.purhotmelt.com\/nb\/","og_locale":"nb_NO","og_type":"article","og_title":"PUR hot melt adhesives - PUR hot melt adhesives","og_description":"Reactive hot melt adhesives are heated before processing and applied in a molten state. These PUR [&hellip;]","og_url":"https:\/\/www.purhotmelt.com\/nb\/","og_site_name":"PUR hot melt adhesives","article_modified_time":"2021-09-07T21:11:30+00:00","og_image":[{"url":"https:\/\/www.purhotmelt.com\/wp-content\/uploads\/2021\/01\/What-is-pur-hot-melt.png"}],"twitter_card":"summary_large_image","twitter_misc":{"Ansl. lesetid":"1 minutt"},"schema":{"@context":"https:\/\/schema.org","@graph":[{"@type":"WebSite","@id":"https:\/\/www.purhotmelt.com\/#website","url":"https:\/\/www.purhotmelt.com\/","name":"PUR smeltelim","description":"Intercol: spesialprodusent","potentialAction":[{"@type":"SearchAction","target":{"@type":"EntryPoint","urlTemplate":"https:\/\/www.purhotmelt.com\/?s={search_term_string}"},"query-input":"required name=search_term_string"}],"inLanguage":"nb-NO"},{"@type":"ImageObject","@id":"https:\/\/www.purhotmelt.com\/#primaryimage","inLanguage":"nb-NO","url":"https:\/\/www.purhotmelt.com\/wp-content\/uploads\/2021\/01\/What-is-pur-hot-melt.png","contentUrl":"https:\/\/www.purhotmelt.com\/wp-content\/uploads\/2021\/01\/What-is-pur-hot-melt.png","width":808,"height":596,"caption":"What is PUR hot melt"},{"@type":"WebPage","@id":"https:\/\/www.purhotmelt.com\/#webpage","url":"https:\/\/www.purhotmelt.com\/","name":"PUR smeltelim - PUR smeltelim","isPartOf":{"@id":"https:\/\/www.purhotmelt.com\/#website"},"primaryImageOfPage":{"@id":"https:\/\/www.purhotmelt.com\/#primaryimage"},"datePublished":"2020-09-28T18:04:55+00:00","dateModified":"2021-09-07T21:11:30+00:00","breadcrumb":{"@id":"https:\/\/www.purhotmelt.com\/#breadcrumb"},"inLanguage":"nb-NO","potentialAction":[{"@type":"ReadAction","target":["https:\/\/www.purhotmelt.com\/"]}]},{"@type":"BreadcrumbList","@id":"https:\/\/www.purhotmelt.com\/#breadcrumb","itemListElement":[{"@type":"ListItem","position":1,"name":"Home","item":"https:\/\/www.purhotmelt.com\/"},{"@type":"ListItem","position":2,"name":"PUR hot melt adhesives"}]}]}},"_links":{"self":[{"href":"https:\/\/www.purhotmelt.com\/nb\/wp-json\/wp\/v2\/pages\/5","targetHints":{"allow":["GET"]}}],"collection":[{"href":"https:\/\/www.purhotmelt.com\/nb\/wp-json\/wp\/v2\/pages"}],"about":[{"href":"https:\/\/www.purhotmelt.com\/nb\/wp-json\/wp\/v2\/types\/page"}],"author":[{"embeddable":true,"href":"https:\/\/www.purhotmelt.com\/nb\/wp-json\/wp\/v2\/users\/1"}],"replies":[{"embeddable":true,"href":"https:\/\/www.purhotmelt.com\/nb\/wp-json\/wp\/v2\/comments?post=5"}],"version-history":[{"count":3,"href":"https:\/\/www.purhotmelt.com\/nb\/wp-json\/wp\/v2\/pages\/5\/revisions"}],"predecessor-version":[{"id":351,"href":"https:\/\/www.purhotmelt.com\/nb\/wp-json\/wp\/v2\/pages\/5\/revisions\/351"}],"wp:attachment":[{"href":"https:\/\/www.purhotmelt.com\/nb\/wp-json\/wp\/v2\/media?parent=5"}],"curies":[{"name":"wp","href":"https:\/\/api.w.org\/{rel}","templated":true}]}}