{"id":70,"date":"2021-01-20T15:39:45","date_gmt":"2021-01-20T15:39:45","guid":{"rendered":"https:\/\/www.purhotmelt.com\/?page_id=70"},"modified":"2021-01-20T15:39:45","modified_gmt":"2021-01-20T15:39:45","slug":"foam-lamination","status":"publish","type":"page","link":"https:\/\/www.purhotmelt.com\/nb\/foam-lamination\/","title":{"rendered":"Skumlaminering"},"content":{"rendered":"<p>Intercol har standard liml\u00f8sninger for:<\/p>\n\n\n\n<h3 class=\"wp-block-heading\"><\/h3>\n\n\n\n<ul class=\"wp-block-list\"><li>Puter<\/li><li>Madrasser<\/li><li>Atletiske matter<\/li><li>Isolasjonsmaterialer<\/li><li>Utstyrsvesker<\/li><li>Egendefinert godssamling<\/li><\/ul>\n\n\n\n<h1 class=\"wp-block-heading\">Madrasslim<\/h1>\n\n\n\n<p><strong>V\u00e5re smeltelim brukes over hele verden til produksjon av madrasser. V\u00e5re smeltelim for skum og stoffbinding erstatter tradisjonelle l\u00f8semiddelbaserte lim. hei blir ogs\u00e5 mye brukt i produksjon av bilseter, polstring og m\u00f8bler i tillegg til madrasser.<\/strong><\/p>\n\n\n\n<p>Intercols smeltelim for madrasser er rent og konstruert for \u00e5 gi maksimal produksjonseffektivitet.<\/p>\n\n\n\n<p>Madrassprodusenter \u00f8nsker i \u00f8kende grad \u00e5 forbedre produktene og gj\u00f8re dem tryggere, komfortabelt og mer holdbare. Limene v\u00e5re er egnet for nesten alle krav under konstruksjon av madrasser og liming av skumlag.<\/p>\n\n\n\n<p>V\u00e5rt sortiment inkluderer PUR hotmelt, APAO, EVA, PO, PSA og halvtrykksensitiv smeltelim for effektiv binding mellom skum. Disse karakterene kan brukes i konstruksjonen av madrasser og p\u00e5 skjermbrettene, der det kreves h\u00f8y vedheft og lang \u00e5pen tid. Noen karakterer kan ogs\u00e5 brukes til sidelimapplikasjoner.<\/p>\n\n\n\n<p><\/p>\n\n\n\n<h2 class=\"wp-block-heading\">Varmesmeltefordeler knyttet til l\u00f8semiddelbaserte lim<\/h2>\n\n\n\n<p>Smeltelim er milj\u00f8vennlige lim da de er giftfrie, ikke-fuming og praktisk talt luktfrie. Hotmelt lim er trygge \u00e5 h\u00e5ndtere og bidrar til \u00e5 redusere produsentens kostnader ved \u00e5 eliminere behovet for \u00e5 installere og kj\u00f8re dyre utslippsgjenvinningssystemer.<\/p>\n\n\n\n<figure class=\"wp-block-image size-large\"><img loading=\"lazy\" decoding=\"async\" width=\"603\" height=\"492\" src=\"https:\/\/www.purhotmelt.com\/wp-content\/uploads\/2021\/01\/foam-hot-melt-adhesives.jpg\" alt=\"Skum smeltelim\" class=\"wp-image-72\" srcset=\"https:\/\/www.purhotmelt.com\/wp-content\/uploads\/2021\/01\/foam-hot-melt-adhesives.jpg 603w, https:\/\/www.purhotmelt.com\/wp-content\/uploads\/2021\/01\/foam-hot-melt-adhesives-300x245.jpg 300w\" sizes=\"auto, (max-width: 603px) 100vw, 603px\" \/><figcaption>Skum smeltelim<\/figcaption><\/figure>","protected":false},"excerpt":{"rendered":"<p>Intercol has standard adhesive solutions for: Cushions Mattresses Athletic Mats Insulation materials Equipment Cases Custom Freight [&hellip;]<\/p>","protected":false},"author":1,"featured_media":0,"parent":0,"menu_order":0,"comment_status":"closed","ping_status":"closed","template":"","meta":{"footnotes":""},"class_list":["post-70","page","type-page","status-publish","hentry"],"yoast_head":"<!-- This site is optimized with the Yoast SEO plugin v17.0 - https:\/\/yoast.com\/wordpress\/plugins\/seo\/ -->\n<title>Foam lamination - PUR hot melt adhesives<\/title>\n<meta name=\"robots\" content=\"index, follow, max-snippet:-1, max-image-preview:large, max-video-preview:-1\" \/>\n<link rel=\"canonical\" href=\"https:\/\/www.purhotmelt.com\/nb\/foam-lamination\/\" \/>\n<meta property=\"og:locale\" content=\"nb_NO\" \/>\n<meta property=\"og:type\" content=\"article\" \/>\n<meta property=\"og:title\" content=\"Foam lamination - PUR hot melt adhesives\" \/>\n<meta property=\"og:description\" content=\"Intercol has standard adhesive solutions for: Cushions Mattresses Athletic Mats Insulation materials Equipment Cases Custom Freight [&hellip;]\" \/>\n<meta property=\"og:url\" content=\"https:\/\/www.purhotmelt.com\/nb\/foam-lamination\/\" \/>\n<meta property=\"og:site_name\" content=\"PUR hot melt adhesives\" \/>\n<meta property=\"og:image\" content=\"https:\/\/www.purhotmelt.com\/wp-content\/uploads\/2021\/01\/foam-hot-melt-adhesives.jpg\" \/>\n<meta name=\"twitter:card\" content=\"summary_large_image\" \/>\n<meta name=\"twitter:label1\" content=\"Ansl. lesetid\" \/>\n\t<meta name=\"twitter:data1\" content=\"1 minutt\" \/>\n<script type=\"application\/ld+json\" class=\"yoast-schema-graph\">{\"@context\":\"https:\/\/schema.org\",\"@graph\":[{\"@type\":\"WebSite\",\"@id\":\"https:\/\/www.purhotmelt.com\/#website\",\"url\":\"https:\/\/www.purhotmelt.com\/\",\"name\":\"PUR hot melt adhesives\",\"description\":\"Intercol: Specialist manufacturer\",\"potentialAction\":[{\"@type\":\"SearchAction\",\"target\":{\"@type\":\"EntryPoint\",\"urlTemplate\":\"https:\/\/www.purhotmelt.com\/?s={search_term_string}\"},\"query-input\":\"required name=search_term_string\"}],\"inLanguage\":\"nb-NO\"},{\"@type\":\"ImageObject\",\"@id\":\"https:\/\/www.purhotmelt.com\/foam-lamination\/#primaryimage\",\"inLanguage\":\"nb-NO\",\"url\":\"https:\/\/www.purhotmelt.com\/wp-content\/uploads\/2021\/01\/foam-hot-melt-adhesives.jpg\",\"contentUrl\":\"https:\/\/www.purhotmelt.com\/wp-content\/uploads\/2021\/01\/foam-hot-melt-adhesives.jpg\",\"width\":603,\"height\":492,\"caption\":\"Foam hot melt adhesives\"},{\"@type\":\"WebPage\",\"@id\":\"https:\/\/www.purhotmelt.com\/foam-lamination\/#webpage\",\"url\":\"https:\/\/www.purhotmelt.com\/foam-lamination\/\",\"name\":\"Foam lamination - PUR hot melt adhesives\",\"isPartOf\":{\"@id\":\"https:\/\/www.purhotmelt.com\/#website\"},\"primaryImageOfPage\":{\"@id\":\"https:\/\/www.purhotmelt.com\/foam-lamination\/#primaryimage\"},\"datePublished\":\"2021-01-20T15:39:45+00:00\",\"dateModified\":\"2021-01-20T15:39:45+00:00\",\"breadcrumb\":{\"@id\":\"https:\/\/www.purhotmelt.com\/foam-lamination\/#breadcrumb\"},\"inLanguage\":\"nb-NO\",\"potentialAction\":[{\"@type\":\"ReadAction\",\"target\":[\"https:\/\/www.purhotmelt.com\/foam-lamination\/\"]}]},{\"@type\":\"BreadcrumbList\",\"@id\":\"https:\/\/www.purhotmelt.com\/foam-lamination\/#breadcrumb\",\"itemListElement\":[{\"@type\":\"ListItem\",\"position\":1,\"name\":\"Home\",\"item\":\"https:\/\/www.purhotmelt.com\/\"},{\"@type\":\"ListItem\",\"position\":2,\"name\":\"Foam lamination\"}]}]}<\/script>\n<!-- \/ Yoast SEO plugin. -->","yoast_head_json":{"title":"Skumlaminering - PUR smeltelim","robots":{"index":"index","follow":"follow","max-snippet":"max-snippet:-1","max-image-preview":"max-image-preview:large","max-video-preview":"max-video-preview:-1"},"canonical":"https:\/\/www.purhotmelt.com\/nb\/foam-lamination\/","og_locale":"nb_NO","og_type":"article","og_title":"Foam lamination - PUR hot melt adhesives","og_description":"Intercol has standard adhesive solutions for: Cushions Mattresses Athletic Mats Insulation materials Equipment Cases Custom Freight [&hellip;]","og_url":"https:\/\/www.purhotmelt.com\/nb\/foam-lamination\/","og_site_name":"PUR hot melt adhesives","og_image":[{"url":"https:\/\/www.purhotmelt.com\/wp-content\/uploads\/2021\/01\/foam-hot-melt-adhesives.jpg"}],"twitter_card":"summary_large_image","twitter_misc":{"Ansl. lesetid":"1 minutt"},"schema":{"@context":"https:\/\/schema.org","@graph":[{"@type":"WebSite","@id":"https:\/\/www.purhotmelt.com\/#website","url":"https:\/\/www.purhotmelt.com\/","name":"PUR smeltelim","description":"Intercol: spesialprodusent","potentialAction":[{"@type":"SearchAction","target":{"@type":"EntryPoint","urlTemplate":"https:\/\/www.purhotmelt.com\/?s={search_term_string}"},"query-input":"required name=search_term_string"}],"inLanguage":"nb-NO"},{"@type":"ImageObject","@id":"https:\/\/www.purhotmelt.com\/foam-lamination\/#primaryimage","inLanguage":"nb-NO","url":"https:\/\/www.purhotmelt.com\/wp-content\/uploads\/2021\/01\/foam-hot-melt-adhesives.jpg","contentUrl":"https:\/\/www.purhotmelt.com\/wp-content\/uploads\/2021\/01\/foam-hot-melt-adhesives.jpg","width":603,"height":492,"caption":"Foam hot melt adhesives"},{"@type":"WebPage","@id":"https:\/\/www.purhotmelt.com\/foam-lamination\/#webpage","url":"https:\/\/www.purhotmelt.com\/foam-lamination\/","name":"Skumlaminering - PUR smeltelim","isPartOf":{"@id":"https:\/\/www.purhotmelt.com\/#website"},"primaryImageOfPage":{"@id":"https:\/\/www.purhotmelt.com\/foam-lamination\/#primaryimage"},"datePublished":"2021-01-20T15:39:45+00:00","dateModified":"2021-01-20T15:39:45+00:00","breadcrumb":{"@id":"https:\/\/www.purhotmelt.com\/foam-lamination\/#breadcrumb"},"inLanguage":"nb-NO","potentialAction":[{"@type":"ReadAction","target":["https:\/\/www.purhotmelt.com\/foam-lamination\/"]}]},{"@type":"BreadcrumbList","@id":"https:\/\/www.purhotmelt.com\/foam-lamination\/#breadcrumb","itemListElement":[{"@type":"ListItem","position":1,"name":"Home","item":"https:\/\/www.purhotmelt.com\/"},{"@type":"ListItem","position":2,"name":"Foam lamination"}]}]}},"_links":{"self":[{"href":"https:\/\/www.purhotmelt.com\/nb\/wp-json\/wp\/v2\/pages\/70","targetHints":{"allow":["GET"]}}],"collection":[{"href":"https:\/\/www.purhotmelt.com\/nb\/wp-json\/wp\/v2\/pages"}],"about":[{"href":"https:\/\/www.purhotmelt.com\/nb\/wp-json\/wp\/v2\/types\/page"}],"author":[{"embeddable":true,"href":"https:\/\/www.purhotmelt.com\/nb\/wp-json\/wp\/v2\/users\/1"}],"replies":[{"embeddable":true,"href":"https:\/\/www.purhotmelt.com\/nb\/wp-json\/wp\/v2\/comments?post=70"}],"version-history":[{"count":2,"href":"https:\/\/www.purhotmelt.com\/nb\/wp-json\/wp\/v2\/pages\/70\/revisions"}],"predecessor-version":[{"id":74,"href":"https:\/\/www.purhotmelt.com\/nb\/wp-json\/wp\/v2\/pages\/70\/revisions\/74"}],"wp:attachment":[{"href":"https:\/\/www.purhotmelt.com\/nb\/wp-json\/wp\/v2\/media?parent=70"}],"curies":[{"name":"wp","href":"https:\/\/api.w.org\/{rel}","templated":true}]}}