{"id":75,"date":"2021-01-20T21:09:57","date_gmt":"2021-01-20T21:09:57","guid":{"rendered":"https:\/\/www.purhotmelt.com\/?page_id=75"},"modified":"2021-01-20T21:09:58","modified_gmt":"2021-01-20T21:09:58","slug":"textile-lamination","status":"publish","type":"page","link":"https:\/\/www.purhotmelt.com\/nb\/textile-lamination\/","title":{"rendered":"Tekstillaminering"},"content":{"rendered":"<p>Tekstiler kan kombineres med et variert utvalg av materialer sammen. Spesielle armeringsfibre eller smelte som p\u00e5f\u00f8res som belegg for \u00e5 forhindre flossing. Fordelen over s\u00f8m kan v\u00e6re \u00e5 redusere kostnadene, liming av full overflate, tilby liming mellom forskjellige underlag, laminering med folier og papir. Med smeltelim og belegg kan nye forbedrede produkter lages. Smeltelim brukes ofte i tekstilindustrien p\u00e5 grunn av deres brukervennlighet og evne til \u00e5 m\u00f8te unike bransjebehov og nye utviklingstrekk.<\/p>\n\n\n\n<h2 class=\"wp-block-heading\"><strong>HVA ER ET VARMT SMELT?<\/strong><\/h2>\n\n\n\n<p><a href=\"https:\/\/www.purhotmelt.com\/hot-melt-adhesives\/index.html\">Varm smelter&nbsp;<\/a>er i grunnleggende termoplast, selges i fast form, smeltet i spesialisert varmedispenseringsutstyr som Nordson eller Robatech og p\u00e5f\u00f8res varmt p\u00e5 en av de limte overflatene. Normalt p\u00e5f\u00f8res den andre overflaten raskt etter p\u00e5f\u00f8ring av varmesmeltingen, og en kort kompresjonstid p\u00e5 mindre enn et sekund er ofte tilstrekkelig for \u00e5 h\u00e5ndtere produktet videre i prosessen. Varme smelter er kjent for sin h\u00f8ye innledende klebrighet (gr\u00f8nn styrke), som vanligvis gir rask prosessering i automatiserte produksjonsomr\u00e5der. N\u00e5r det er avkj\u00f8lt, er smeltelim mest sammenlignbart med en termoplastisk harpiks.<\/p>\n\n\n\n<h2 class=\"wp-block-heading\">\u00c5PNE OG STILL TIDER<\/h2>\n\n\n\n<p>Varmesmelteformuleringer kan justeres for \u00e5 im\u00f8tekomme spesifikke monteringsmetoder. Spesielt \u00e5pningstid og innstillingstid er viktige parametere. Tradisjonelle termoplastiske smelter herder ikke. Termoplastiske smeltelim er hovedsakelig basert p\u00e5 EVA (etylvinylacetat) eller PO (polyolefin). Disse varme smeltene kan formuleres med en rekke egenskaper ved \u00e5 bruke ekstra voks, harpiks, antioksidanter, brannhemmende midler, klebeforbedrende midler og mange andre kjemiske eller plastiske tilsetningsstoffer. Varm smelter er generelt fleksible, og avhengig av formuleringen, gir de en viss motstand mot vann og kjemikalier,<\/p>\n\n\n\n<h2 class=\"wp-block-heading\">REAKTIVT VARMT SMELTLIM<\/h2>\n\n\n\n<p>De fleste varme smelter er kjent som termoplastisk EVA eller PO, disse er ikke reaktive. Ikke-reaktive HMAer kurerer ikke og kommer bare i fast tilstand etter avkj\u00f8ling. Reaktive varme smelter, hovedsakelig polyuretanbaserte, blir raskt faste gjennom avkj\u00f8ling, og i tillegg begynner en kjemisk herdingsprosess \u00e5 danne tverrbundne bindinger.&nbsp;<a href=\"https:\/\/www.purhotmelt.com\/what-is-pur-hot-melt-adhesive\/index.html\">Reaktivt smeltende polyuretan<\/a>&nbsp;lim er mest brukt fordi det \u00f8ker vedheft, motstand mot kjemikalier og gir en mer strukturell binding.<\/p>\n\n\n\n<h2 class=\"wp-block-heading\">VARMT SMELTLIM FORTSATT UTVIKLING<\/h2>\n\n\n\n<p>Varmesmelteformuleringer utvikler seg fortsatt raskt, noen tror kanskje det er ingen fremtid for etylvinylacetat (EVA) -baserte smelter fordi det kan v\u00e6re forbundet med lav styrke og lav motstand mot vann og kjemikalier. Men nye formuleringer kan gi en forbedret sterk og elastisk binding. Selv tradisjonelle EVA-smeltelim er fortsatt mye brukt, for eksempel i fott\u00f8yapplikasjoner, noe som gir lave kostnader og fleksibilitet. I tekstilindustrien blir reaktive polyuretan-smelter implementert oftere, da dette er en relativt ny teknikk. PUR smeltelim muliggj\u00f8r applikasjoner som m\u00e5 t\u00e5le hardere livssykluser. Hot melt PUR kan ogs\u00e5 brukes i pustende tekstiler. Det brukes ofte i vernekl\u00e6r for beredskapsarbeidere og t\u00f8ffe omgivelser. For vanntette tekstiler og flammehemmende applikasjoner kan smeltemasse tilby unike l\u00f8sninger.<\/p>","protected":false},"excerpt":{"rendered":"<p>Textiles can be combined with a varied selection of materials together. Special reinforcing fibres or hot [&hellip;]<\/p>","protected":false},"author":1,"featured_media":0,"parent":0,"menu_order":0,"comment_status":"closed","ping_status":"closed","template":"","meta":{"footnotes":""},"class_list":["post-75","page","type-page","status-publish","hentry"],"yoast_head":"<!-- This site is optimized with the Yoast SEO plugin v17.0 - https:\/\/yoast.com\/wordpress\/plugins\/seo\/ -->\n<title>Textile lamination - PUR hot melt adhesives<\/title>\n<meta name=\"robots\" content=\"index, follow, max-snippet:-1, max-image-preview:large, max-video-preview:-1\" \/>\n<link rel=\"canonical\" href=\"https:\/\/www.purhotmelt.com\/nb\/textile-lamination\/\" \/>\n<meta property=\"og:locale\" content=\"nb_NO\" \/>\n<meta property=\"og:type\" content=\"article\" \/>\n<meta property=\"og:title\" content=\"Textile lamination - PUR hot melt adhesives\" \/>\n<meta property=\"og:description\" content=\"Textiles can be combined with a varied selection of materials together. Special reinforcing fibres or hot [&hellip;]\" \/>\n<meta property=\"og:url\" content=\"https:\/\/www.purhotmelt.com\/nb\/textile-lamination\/\" \/>\n<meta property=\"og:site_name\" content=\"PUR hot melt adhesives\" \/>\n<meta property=\"article:modified_time\" content=\"2021-01-20T21:09:58+00:00\" \/>\n<meta name=\"twitter:card\" content=\"summary_large_image\" \/>\n<meta name=\"twitter:label1\" content=\"Ansl. lesetid\" \/>\n\t<meta name=\"twitter:data1\" content=\"2 minutter\" \/>\n<script type=\"application\/ld+json\" class=\"yoast-schema-graph\">{\"@context\":\"https:\/\/schema.org\",\"@graph\":[{\"@type\":\"WebSite\",\"@id\":\"https:\/\/www.purhotmelt.com\/#website\",\"url\":\"https:\/\/www.purhotmelt.com\/\",\"name\":\"PUR hot melt adhesives\",\"description\":\"Intercol: Specialist manufacturer\",\"potentialAction\":[{\"@type\":\"SearchAction\",\"target\":{\"@type\":\"EntryPoint\",\"urlTemplate\":\"https:\/\/www.purhotmelt.com\/?s={search_term_string}\"},\"query-input\":\"required name=search_term_string\"}],\"inLanguage\":\"nb-NO\"},{\"@type\":\"WebPage\",\"@id\":\"https:\/\/www.purhotmelt.com\/nl\/textile-lamination\/#webpage\",\"url\":\"https:\/\/www.purhotmelt.com\/nl\/textile-lamination\/\",\"name\":\"Textile lamination - PUR hot melt adhesives\",\"isPartOf\":{\"@id\":\"https:\/\/www.purhotmelt.com\/#website\"},\"datePublished\":\"2021-01-20T21:09:57+00:00\",\"dateModified\":\"2021-01-20T21:09:58+00:00\",\"breadcrumb\":{\"@id\":\"https:\/\/www.purhotmelt.com\/nl\/textile-lamination\/#breadcrumb\"},\"inLanguage\":\"nb-NO\",\"potentialAction\":[{\"@type\":\"ReadAction\",\"target\":[\"https:\/\/www.purhotmelt.com\/nl\/textile-lamination\/\"]}]},{\"@type\":\"BreadcrumbList\",\"@id\":\"https:\/\/www.purhotmelt.com\/nl\/textile-lamination\/#breadcrumb\",\"itemListElement\":[{\"@type\":\"ListItem\",\"position\":1,\"name\":\"Home\",\"item\":\"https:\/\/www.purhotmelt.com\/\"},{\"@type\":\"ListItem\",\"position\":2,\"name\":\"Textile lamination\"}]}]}<\/script>\n<!-- \/ Yoast SEO plugin. -->","yoast_head_json":{"title":"Laminering av tekstiler - PUR smeltelim","robots":{"index":"index","follow":"follow","max-snippet":"max-snippet:-1","max-image-preview":"max-image-preview:large","max-video-preview":"max-video-preview:-1"},"canonical":"https:\/\/www.purhotmelt.com\/nb\/textile-lamination\/","og_locale":"nb_NO","og_type":"article","og_title":"Textile lamination - PUR hot melt adhesives","og_description":"Textiles can be combined with a varied selection of materials together. Special reinforcing fibres or hot [&hellip;]","og_url":"https:\/\/www.purhotmelt.com\/nb\/textile-lamination\/","og_site_name":"PUR hot melt adhesives","article_modified_time":"2021-01-20T21:09:58+00:00","twitter_card":"summary_large_image","twitter_misc":{"Ansl. lesetid":"2 minutter"},"schema":{"@context":"https:\/\/schema.org","@graph":[{"@type":"WebSite","@id":"https:\/\/www.purhotmelt.com\/#website","url":"https:\/\/www.purhotmelt.com\/","name":"PUR smeltelim","description":"Intercol: spesialprodusent","potentialAction":[{"@type":"SearchAction","target":{"@type":"EntryPoint","urlTemplate":"https:\/\/www.purhotmelt.com\/?s={search_term_string}"},"query-input":"required name=search_term_string"}],"inLanguage":"nb-NO"},{"@type":"WebPage","@id":"https:\/\/www.purhotmelt.com\/nl\/textile-lamination\/#webpage","url":"https:\/\/www.purhotmelt.com\/nl\/textile-lamination\/","name":"Laminering av tekstiler - PUR smeltelim","isPartOf":{"@id":"https:\/\/www.purhotmelt.com\/#website"},"datePublished":"2021-01-20T21:09:57+00:00","dateModified":"2021-01-20T21:09:58+00:00","breadcrumb":{"@id":"https:\/\/www.purhotmelt.com\/nl\/textile-lamination\/#breadcrumb"},"inLanguage":"nb-NO","potentialAction":[{"@type":"ReadAction","target":["https:\/\/www.purhotmelt.com\/nl\/textile-lamination\/"]}]},{"@type":"BreadcrumbList","@id":"https:\/\/www.purhotmelt.com\/nl\/textile-lamination\/#breadcrumb","itemListElement":[{"@type":"ListItem","position":1,"name":"Home","item":"https:\/\/www.purhotmelt.com\/"},{"@type":"ListItem","position":2,"name":"Textile lamination"}]}]}},"_links":{"self":[{"href":"https:\/\/www.purhotmelt.com\/nb\/wp-json\/wp\/v2\/pages\/75","targetHints":{"allow":["GET"]}}],"collection":[{"href":"https:\/\/www.purhotmelt.com\/nb\/wp-json\/wp\/v2\/pages"}],"about":[{"href":"https:\/\/www.purhotmelt.com\/nb\/wp-json\/wp\/v2\/types\/page"}],"author":[{"embeddable":true,"href":"https:\/\/www.purhotmelt.com\/nb\/wp-json\/wp\/v2\/users\/1"}],"replies":[{"embeddable":true,"href":"https:\/\/www.purhotmelt.com\/nb\/wp-json\/wp\/v2\/comments?post=75"}],"version-history":[{"count":1,"href":"https:\/\/www.purhotmelt.com\/nb\/wp-json\/wp\/v2\/pages\/75\/revisions"}],"predecessor-version":[{"id":77,"href":"https:\/\/www.purhotmelt.com\/nb\/wp-json\/wp\/v2\/pages\/75\/revisions\/77"}],"wp:attachment":[{"href":"https:\/\/www.purhotmelt.com\/nb\/wp-json\/wp\/v2\/media?parent=75"}],"curies":[{"name":"wp","href":"https:\/\/api.w.org\/{rel}","templated":true}]}}