{"id":78,"date":"2021-01-20T21:12:45","date_gmt":"2021-01-20T21:12:45","guid":{"rendered":"https:\/\/www.purhotmelt.com\/?page_id=78"},"modified":"2021-01-20T21:12:46","modified_gmt":"2021-01-20T21:12:46","slug":"pur-adhesive-for-furniture-building","status":"publish","type":"page","link":"https:\/\/www.purhotmelt.com\/nb\/pur-adhesive-for-furniture-building\/","title":{"rendered":"PUR LIM FOR M\u00d8BLERBYGNING"},"content":{"rendered":"<p>PUR hot melt er f\u00f8rstevalget n\u00e5r maksimal bindingsstyrke og mest effektive produksjonsbehandling er n\u00f8dvendig. PUR hot melt brukes til \u00e5 produsere m\u00f8bler og konstruksjonselementer for innend\u00f8rs eller utvendig bruk. PUR-smeltelim er motstandsdyktig mot fuktighet, kulde, varme, samt kjemikalier og mange l\u00f8semidler. PUR hot melt inneholder ikke fuktighet, underlag vil ikke hovne opp p\u00e5 grunn av vann. Det er ikke en t\u00f8rkeprosess, men heller en nedkj\u00f8ling og herding. PUR smeltelim binder seg til mange underlag, inkludert h\u00f8yglansede overflater.<\/p>\n\n\n\n<ul class=\"wp-block-list\"><li>Edge Banding<\/li><li>Flat laminering<\/li><li>Profilinnpakning<\/li><li>Kantforsegling<\/li><li>Tremontering<\/li><\/ul>","protected":false},"excerpt":{"rendered":"<p>PUR hot melt is the first choice whenever maximum bond strength and most efficient production processing [&hellip;]<\/p>","protected":false},"author":1,"featured_media":0,"parent":0,"menu_order":0,"comment_status":"closed","ping_status":"closed","template":"","meta":{"footnotes":""},"class_list":["post-78","page","type-page","status-publish","hentry"],"yoast_head":"<!-- This site is optimized with the Yoast SEO plugin v17.0 - https:\/\/yoast.com\/wordpress\/plugins\/seo\/ -->\n<title>PUR ADHESIVE FOR FURNITURE BUILDING - PUR hot melt adhesives<\/title>\n<meta name=\"robots\" content=\"index, follow, max-snippet:-1, max-image-preview:large, max-video-preview:-1\" \/>\n<link rel=\"canonical\" href=\"https:\/\/www.purhotmelt.com\/nb\/pur-adhesive-for-furniture-building\/\" \/>\n<meta property=\"og:locale\" content=\"nb_NO\" \/>\n<meta property=\"og:type\" content=\"article\" \/>\n<meta property=\"og:title\" content=\"PUR ADHESIVE FOR FURNITURE BUILDING - PUR hot melt adhesives\" \/>\n<meta property=\"og:description\" content=\"PUR hot melt is the first choice whenever maximum bond strength and most efficient production processing [&hellip;]\" \/>\n<meta property=\"og:url\" content=\"https:\/\/www.purhotmelt.com\/nb\/pur-adhesive-for-furniture-building\/\" \/>\n<meta property=\"og:site_name\" content=\"PUR hot melt adhesives\" \/>\n<meta property=\"article:modified_time\" content=\"2021-01-20T21:12:46+00:00\" \/>\n<meta name=\"twitter:card\" content=\"summary_large_image\" \/>\n<script type=\"application\/ld+json\" class=\"yoast-schema-graph\">{\"@context\":\"https:\/\/schema.org\",\"@graph\":[{\"@type\":\"WebSite\",\"@id\":\"https:\/\/www.purhotmelt.com\/#website\",\"url\":\"https:\/\/www.purhotmelt.com\/\",\"name\":\"PUR hot melt adhesives\",\"description\":\"Intercol: Specialist manufacturer\",\"potentialAction\":[{\"@type\":\"SearchAction\",\"target\":{\"@type\":\"EntryPoint\",\"urlTemplate\":\"https:\/\/www.purhotmelt.com\/?s={search_term_string}\"},\"query-input\":\"required name=search_term_string\"}],\"inLanguage\":\"nb-NO\"},{\"@type\":\"WebPage\",\"@id\":\"https:\/\/www.purhotmelt.com\/nb\/pur-adhesive-for-furniture-building\/#webpage\",\"url\":\"https:\/\/www.purhotmelt.com\/nb\/pur-adhesive-for-furniture-building\/\",\"name\":\"PUR ADHESIVE FOR FURNITURE BUILDING - PUR hot melt adhesives\",\"isPartOf\":{\"@id\":\"https:\/\/www.purhotmelt.com\/#website\"},\"datePublished\":\"2021-01-20T21:12:45+00:00\",\"dateModified\":\"2021-01-20T21:12:46+00:00\",\"breadcrumb\":{\"@id\":\"https:\/\/www.purhotmelt.com\/nb\/pur-adhesive-for-furniture-building\/#breadcrumb\"},\"inLanguage\":\"nb-NO\",\"potentialAction\":[{\"@type\":\"ReadAction\",\"target\":[\"https:\/\/www.purhotmelt.com\/nb\/pur-adhesive-for-furniture-building\/\"]}]},{\"@type\":\"BreadcrumbList\",\"@id\":\"https:\/\/www.purhotmelt.com\/nb\/pur-adhesive-for-furniture-building\/#breadcrumb\",\"itemListElement\":[{\"@type\":\"ListItem\",\"position\":1,\"name\":\"Home\",\"item\":\"https:\/\/www.purhotmelt.com\/\"},{\"@type\":\"ListItem\",\"position\":2,\"name\":\"PUR ADHESIVE FOR FURNITURE BUILDING\"}]}]}<\/script>\n<!-- \/ Yoast SEO plugin. -->","yoast_head_json":{"title":"PURLIM FOR M\u00d8BELBYGGING - PUR smeltelim","robots":{"index":"index","follow":"follow","max-snippet":"max-snippet:-1","max-image-preview":"max-image-preview:large","max-video-preview":"max-video-preview:-1"},"canonical":"https:\/\/www.purhotmelt.com\/nb\/pur-adhesive-for-furniture-building\/","og_locale":"nb_NO","og_type":"article","og_title":"PUR ADHESIVE FOR FURNITURE BUILDING - PUR hot melt adhesives","og_description":"PUR hot melt is the first choice whenever maximum bond strength and most efficient production processing [&hellip;]","og_url":"https:\/\/www.purhotmelt.com\/nb\/pur-adhesive-for-furniture-building\/","og_site_name":"PUR hot melt adhesives","article_modified_time":"2021-01-20T21:12:46+00:00","twitter_card":"summary_large_image","schema":{"@context":"https:\/\/schema.org","@graph":[{"@type":"WebSite","@id":"https:\/\/www.purhotmelt.com\/#website","url":"https:\/\/www.purhotmelt.com\/","name":"PUR smeltelim","description":"Intercol: spesialprodusent","potentialAction":[{"@type":"SearchAction","target":{"@type":"EntryPoint","urlTemplate":"https:\/\/www.purhotmelt.com\/?s={search_term_string}"},"query-input":"required name=search_term_string"}],"inLanguage":"nb-NO"},{"@type":"WebPage","@id":"https:\/\/www.purhotmelt.com\/nb\/pur-adhesive-for-furniture-building\/#webpage","url":"https:\/\/www.purhotmelt.com\/nb\/pur-adhesive-for-furniture-building\/","name":"PURLIM FOR M\u00d8BELBYGGING - PUR smeltelim","isPartOf":{"@id":"https:\/\/www.purhotmelt.com\/#website"},"datePublished":"2021-01-20T21:12:45+00:00","dateModified":"2021-01-20T21:12:46+00:00","breadcrumb":{"@id":"https:\/\/www.purhotmelt.com\/nb\/pur-adhesive-for-furniture-building\/#breadcrumb"},"inLanguage":"nb-NO","potentialAction":[{"@type":"ReadAction","target":["https:\/\/www.purhotmelt.com\/nb\/pur-adhesive-for-furniture-building\/"]}]},{"@type":"BreadcrumbList","@id":"https:\/\/www.purhotmelt.com\/nb\/pur-adhesive-for-furniture-building\/#breadcrumb","itemListElement":[{"@type":"ListItem","position":1,"name":"Home","item":"https:\/\/www.purhotmelt.com\/"},{"@type":"ListItem","position":2,"name":"PUR ADHESIVE FOR FURNITURE BUILDING"}]}]}},"_links":{"self":[{"href":"https:\/\/www.purhotmelt.com\/nb\/wp-json\/wp\/v2\/pages\/78","targetHints":{"allow":["GET"]}}],"collection":[{"href":"https:\/\/www.purhotmelt.com\/nb\/wp-json\/wp\/v2\/pages"}],"about":[{"href":"https:\/\/www.purhotmelt.com\/nb\/wp-json\/wp\/v2\/types\/page"}],"author":[{"embeddable":true,"href":"https:\/\/www.purhotmelt.com\/nb\/wp-json\/wp\/v2\/users\/1"}],"replies":[{"embeddable":true,"href":"https:\/\/www.purhotmelt.com\/nb\/wp-json\/wp\/v2\/comments?post=78"}],"version-history":[{"count":1,"href":"https:\/\/www.purhotmelt.com\/nb\/wp-json\/wp\/v2\/pages\/78\/revisions"}],"predecessor-version":[{"id":80,"href":"https:\/\/www.purhotmelt.com\/nb\/wp-json\/wp\/v2\/pages\/78\/revisions\/80"}],"wp:attachment":[{"href":"https:\/\/www.purhotmelt.com\/nb\/wp-json\/wp\/v2\/media?parent=78"}],"curies":[{"name":"wp","href":"https:\/\/api.w.org\/{rel}","templated":true}]}}