{"id":81,"date":"2021-01-20T21:15:04","date_gmt":"2021-01-20T21:15:04","guid":{"rendered":"https:\/\/www.purhotmelt.com\/?page_id=81"},"modified":"2021-01-20T21:15:07","modified_gmt":"2021-01-20T21:15:07","slug":"pur-hotmelt-adhesive-panels","status":"publish","type":"page","link":"https:\/\/www.purhotmelt.com\/nb\/pur-hotmelt-adhesive-panels\/","title":{"rendered":"PUR HOTMELT ADHESIVE - PANELS"},"content":{"rendered":"<p> Panelet v\u00e5rt er smelter med hurtigherdende, fleksible, l\u00f8semiddelfrie lim. Denne typen varmesmelting er en komponent PUR for liming av isolerte panelmaterialer. <\/p>\n\n\n\n<h2 class=\"wp-block-heading\">FLAT LAMINERING <\/h2>\n\n\n\n<p>Flat laminering PUR smeltelim brukes til laminerte lag eller folier til et panel. Dette kan v\u00e6re tre, b\u00f8lgepapp, isolasjonsskum, metall eller plast. <\/p>\n\n\n\n<h2 class=\"wp-block-heading\">L\u00f8sningsmiddelfrie lim<\/h2>\n\n\n\n<p> Varm smelter av polyuretan gir redusert milj\u00f8p\u00e5virkning sammenlignet med l\u00f8semiddelbaserte lim. <\/p>\n\n\n\n<h2 class=\"wp-block-heading\">TEMPERATURMOTSTAND<\/h2>\n\n\n\n<p> Vanligvis er polyuretan varme smelter motstandsdyktige mot temperaturer opp til + 120 \u00b0 C i lange perioder. <\/p>\n\n\n\n<h2 class=\"wp-block-heading\">KJEMISK MOTSTAND <\/h2>\n\n\n\n<p>Til forskjellige syrer, noen l\u00f8semidler, rengj\u00f8ringsmidler, fuktemidler, myknere, diesel, bensin og sterke baser.<\/p>","protected":false},"excerpt":{"rendered":"<p>Our panel pur hot melt ahdesises are fast curing, flexible, solvent free adhesives. This type of [&hellip;]<\/p>","protected":false},"author":1,"featured_media":0,"parent":0,"menu_order":0,"comment_status":"closed","ping_status":"closed","template":"","meta":{"footnotes":""},"class_list":["post-81","page","type-page","status-publish","hentry"],"yoast_head":"<!-- This site is optimized with the Yoast SEO plugin v17.0 - https:\/\/yoast.com\/wordpress\/plugins\/seo\/ -->\n<title>PUR HOTMELT ADHESIVE \u2013 PANELS - PUR hot melt adhesives<\/title>\n<meta name=\"robots\" content=\"index, follow, max-snippet:-1, max-image-preview:large, max-video-preview:-1\" \/>\n<link rel=\"canonical\" href=\"https:\/\/www.purhotmelt.com\/nb\/pur-hotmelt-adhesive-panels\/\" \/>\n<meta property=\"og:locale\" content=\"nb_NO\" \/>\n<meta property=\"og:type\" content=\"article\" \/>\n<meta property=\"og:title\" content=\"PUR HOTMELT ADHESIVE \u2013 PANELS - PUR hot melt adhesives\" \/>\n<meta property=\"og:description\" content=\"Our panel pur hot melt ahdesises are fast curing, flexible, solvent free adhesives. This type of [&hellip;]\" \/>\n<meta property=\"og:url\" content=\"https:\/\/www.purhotmelt.com\/nb\/pur-hotmelt-adhesive-panels\/\" \/>\n<meta property=\"og:site_name\" content=\"PUR hot melt adhesives\" \/>\n<meta property=\"article:modified_time\" content=\"2021-01-20T21:15:07+00:00\" \/>\n<meta name=\"twitter:card\" content=\"summary_large_image\" \/>\n<meta name=\"twitter:label1\" content=\"Ansl. lesetid\" \/>\n\t<meta name=\"twitter:data1\" content=\"1 minutt\" \/>\n<script type=\"application\/ld+json\" class=\"yoast-schema-graph\">{\"@context\":\"https:\/\/schema.org\",\"@graph\":[{\"@type\":\"WebSite\",\"@id\":\"https:\/\/www.purhotmelt.com\/#website\",\"url\":\"https:\/\/www.purhotmelt.com\/\",\"name\":\"PUR hot melt adhesives\",\"description\":\"Intercol: Specialist manufacturer\",\"potentialAction\":[{\"@type\":\"SearchAction\",\"target\":{\"@type\":\"EntryPoint\",\"urlTemplate\":\"https:\/\/www.purhotmelt.com\/?s={search_term_string}\"},\"query-input\":\"required name=search_term_string\"}],\"inLanguage\":\"nb-NO\"},{\"@type\":\"WebPage\",\"@id\":\"https:\/\/www.purhotmelt.com\/es\/pur-hotmelt-adhesive-panels\/#webpage\",\"url\":\"https:\/\/www.purhotmelt.com\/es\/pur-hotmelt-adhesive-panels\/\",\"name\":\"PUR HOTMELT ADHESIVE \\u2013 PANELS - PUR hot melt adhesives\",\"isPartOf\":{\"@id\":\"https:\/\/www.purhotmelt.com\/#website\"},\"datePublished\":\"2021-01-20T21:15:04+00:00\",\"dateModified\":\"2021-01-20T21:15:07+00:00\",\"breadcrumb\":{\"@id\":\"https:\/\/www.purhotmelt.com\/es\/pur-hotmelt-adhesive-panels\/#breadcrumb\"},\"inLanguage\":\"nb-NO\",\"potentialAction\":[{\"@type\":\"ReadAction\",\"target\":[\"https:\/\/www.purhotmelt.com\/es\/pur-hotmelt-adhesive-panels\/\"]}]},{\"@type\":\"BreadcrumbList\",\"@id\":\"https:\/\/www.purhotmelt.com\/es\/pur-hotmelt-adhesive-panels\/#breadcrumb\",\"itemListElement\":[{\"@type\":\"ListItem\",\"position\":1,\"name\":\"Home\",\"item\":\"https:\/\/www.purhotmelt.com\/\"},{\"@type\":\"ListItem\",\"position\":2,\"name\":\"PUR HOTMELT ADHESIVE \\u2013 PANELS\"}]}]}<\/script>\n<!-- \/ Yoast SEO plugin. -->","yoast_head_json":{"title":"PUR HOTMELT LIM - PANELER - PUR smeltelim","robots":{"index":"index","follow":"follow","max-snippet":"max-snippet:-1","max-image-preview":"max-image-preview:large","max-video-preview":"max-video-preview:-1"},"canonical":"https:\/\/www.purhotmelt.com\/nb\/pur-hotmelt-adhesive-panels\/","og_locale":"nb_NO","og_type":"article","og_title":"PUR HOTMELT ADHESIVE \u2013 PANELS - PUR hot melt adhesives","og_description":"Our panel pur hot melt ahdesises are fast curing, flexible, solvent free adhesives. This type of [&hellip;]","og_url":"https:\/\/www.purhotmelt.com\/nb\/pur-hotmelt-adhesive-panels\/","og_site_name":"PUR hot melt adhesives","article_modified_time":"2021-01-20T21:15:07+00:00","twitter_card":"summary_large_image","twitter_misc":{"Ansl. lesetid":"1 minutt"},"schema":{"@context":"https:\/\/schema.org","@graph":[{"@type":"WebSite","@id":"https:\/\/www.purhotmelt.com\/#website","url":"https:\/\/www.purhotmelt.com\/","name":"PUR smeltelim","description":"Intercol: spesialprodusent","potentialAction":[{"@type":"SearchAction","target":{"@type":"EntryPoint","urlTemplate":"https:\/\/www.purhotmelt.com\/?s={search_term_string}"},"query-input":"required name=search_term_string"}],"inLanguage":"nb-NO"},{"@type":"WebPage","@id":"https:\/\/www.purhotmelt.com\/es\/pur-hotmelt-adhesive-panels\/#webpage","url":"https:\/\/www.purhotmelt.com\/es\/pur-hotmelt-adhesive-panels\/","name":"PUR HOTMELT LIM - PANELER - PUR smeltelim","isPartOf":{"@id":"https:\/\/www.purhotmelt.com\/#website"},"datePublished":"2021-01-20T21:15:04+00:00","dateModified":"2021-01-20T21:15:07+00:00","breadcrumb":{"@id":"https:\/\/www.purhotmelt.com\/es\/pur-hotmelt-adhesive-panels\/#breadcrumb"},"inLanguage":"nb-NO","potentialAction":[{"@type":"ReadAction","target":["https:\/\/www.purhotmelt.com\/es\/pur-hotmelt-adhesive-panels\/"]}]},{"@type":"BreadcrumbList","@id":"https:\/\/www.purhotmelt.com\/es\/pur-hotmelt-adhesive-panels\/#breadcrumb","itemListElement":[{"@type":"ListItem","position":1,"name":"Home","item":"https:\/\/www.purhotmelt.com\/"},{"@type":"ListItem","position":2,"name":"PUR HOTMELT ADHESIVE \u2013 PANELS"}]}]}},"_links":{"self":[{"href":"https:\/\/www.purhotmelt.com\/nb\/wp-json\/wp\/v2\/pages\/81","targetHints":{"allow":["GET"]}}],"collection":[{"href":"https:\/\/www.purhotmelt.com\/nb\/wp-json\/wp\/v2\/pages"}],"about":[{"href":"https:\/\/www.purhotmelt.com\/nb\/wp-json\/wp\/v2\/types\/page"}],"author":[{"embeddable":true,"href":"https:\/\/www.purhotmelt.com\/nb\/wp-json\/wp\/v2\/users\/1"}],"replies":[{"embeddable":true,"href":"https:\/\/www.purhotmelt.com\/nb\/wp-json\/wp\/v2\/comments?post=81"}],"version-history":[{"count":1,"href":"https:\/\/www.purhotmelt.com\/nb\/wp-json\/wp\/v2\/pages\/81\/revisions"}],"predecessor-version":[{"id":83,"href":"https:\/\/www.purhotmelt.com\/nb\/wp-json\/wp\/v2\/pages\/81\/revisions\/83"}],"wp:attachment":[{"href":"https:\/\/www.purhotmelt.com\/nb\/wp-json\/wp\/v2\/media?parent=81"}],"curies":[{"name":"wp","href":"https:\/\/api.w.org\/{rel}","templated":true}]}}