{"id":84,"date":"2021-01-20T21:17:02","date_gmt":"2021-01-20T21:17:02","guid":{"rendered":"https:\/\/www.purhotmelt.com\/?page_id=84"},"modified":"2021-01-20T21:17:03","modified_gmt":"2021-01-20T21:17:03","slug":"polyolefin-hot-melt-adhesive-for-flat-lamination","status":"publish","type":"page","link":"https:\/\/www.purhotmelt.com\/nb\/polyolefin-hot-melt-adhesive-for-flat-lamination\/","title":{"rendered":"POLYOLEFIN VARMT SMELTLIM FOR FLAT LAMINERING"},"content":{"rendered":"<p> Intercol bruker r\u00e5varer av h\u00f8y kvalitet, dedikerte applikasjonsmessige lim og avanserte produksjonsprosesser for \u00e5 produsere h\u00f8yytelseslim smeltetrebearbeidende liml\u00f8sninger som gj\u00f8r at v\u00e5re kunder kan kj\u00f8re mer effektive produksjonsprosesser. <\/p>\n\n\n\n<h2 class=\"wp-block-heading\">RENE OG INGEN RYK <\/h2>\n\n\n\n<p>V\u00e5re brukervennlige smeltelim brukes til applikasjoner som forbelegging av flat laminering, innpakning av kantbinding, mykforming av skum, V-spor og sendes over hele verden. Det revolusjonerende hvite polyolefin-sortimentet av smeltelim kan brukes med praktisk talt alle trebearbeidingsmaskiner og gir overlegen vedheft til underlag som PVC, HPL, melamin, fin\u00e9r, melamin og andre materialer som MDF og sponplater. <\/p>\n\n\n\n<h2 class=\"wp-block-heading\">FORLAKER VARME SMELTER <\/h2>\n\n\n\n<p>Et spesielt utvalg av smeltetrebearbeidende lim har blitt formulert for forh\u00e5ndsbelegg med melaminimpregnert papir, fin\u00e9r, HPL og PVC-kanter. Ved \u00e5 bruke varme vil limfilmen bli aktivert p\u00e5 nytt. <\/p>\n\n\n\n<h2 class=\"wp-block-heading\">PROFILINPAKKING<\/h2>\n\n\n\n<p> Intercols profilinnpakningslim er utviklet for \u00e5 gi en sterk binding til trefiner, papirfolier, PVC og h\u00f8ytrykkslaminat. Disse limene gj\u00f8r at d\u00f8r- og d\u00f8rkarmprodusenter kan produsere raskere og mer effektive lakk- og herdeprofiler. <\/p>\n\n\n\n<h2 class=\"wp-block-heading\">KANTBANDING<\/h2>\n\n\n\n<p> V\u00e5rt sortiment av polyolefine smeltelimb\u00e5nd har vist seg \u00e5 t\u00e5le temperaturer p\u00e5 100 \u00b0 C i opptil tre dager uten \u00e5 delaminere. Er du interessert i et produkt? Be om pr\u00f8ve for: Forbelegging av V-spor, topplaminering og generell monteringsprofil Innpakning av mykformende kantbinding<\/p>","protected":false},"excerpt":{"rendered":"<p>Intercol uses high quality raw materials, dedicated application engineered adhesives and advanced manufacturing processes to produce [&hellip;]<\/p>","protected":false},"author":1,"featured_media":0,"parent":0,"menu_order":0,"comment_status":"closed","ping_status":"closed","template":"","meta":{"footnotes":""},"class_list":["post-84","page","type-page","status-publish","hentry"],"yoast_head":"<!-- This site is optimized with the Yoast SEO plugin v17.0 - https:\/\/yoast.com\/wordpress\/plugins\/seo\/ -->\n<title>POLYOLEFIN HOT MELT ADHESIVE FOR FLAT LAMINATION - PUR hot melt adhesives<\/title>\n<meta name=\"robots\" content=\"index, follow, max-snippet:-1, max-image-preview:large, max-video-preview:-1\" \/>\n<link rel=\"canonical\" href=\"https:\/\/www.purhotmelt.com\/nb\/polyolefin-hot-melt-adhesive-for-flat-lamination\/\" \/>\n<meta property=\"og:locale\" content=\"nb_NO\" \/>\n<meta property=\"og:type\" content=\"article\" \/>\n<meta property=\"og:title\" content=\"POLYOLEFIN HOT MELT ADHESIVE FOR FLAT LAMINATION - PUR hot melt adhesives\" \/>\n<meta property=\"og:description\" content=\"Intercol uses high quality raw materials, dedicated application engineered adhesives and advanced manufacturing processes to produce [&hellip;]\" \/>\n<meta property=\"og:url\" content=\"https:\/\/www.purhotmelt.com\/nb\/polyolefin-hot-melt-adhesive-for-flat-lamination\/\" \/>\n<meta property=\"og:site_name\" content=\"PUR hot melt adhesives\" \/>\n<meta property=\"article:modified_time\" content=\"2021-01-20T21:17:03+00:00\" \/>\n<meta name=\"twitter:card\" content=\"summary_large_image\" \/>\n<meta name=\"twitter:label1\" content=\"Ansl. lesetid\" \/>\n\t<meta name=\"twitter:data1\" content=\"1 minutt\" \/>\n<script type=\"application\/ld+json\" class=\"yoast-schema-graph\">{\"@context\":\"https:\/\/schema.org\",\"@graph\":[{\"@type\":\"WebSite\",\"@id\":\"https:\/\/www.purhotmelt.com\/#website\",\"url\":\"https:\/\/www.purhotmelt.com\/\",\"name\":\"PUR hot melt adhesives\",\"description\":\"Intercol: Specialist manufacturer\",\"potentialAction\":[{\"@type\":\"SearchAction\",\"target\":{\"@type\":\"EntryPoint\",\"urlTemplate\":\"https:\/\/www.purhotmelt.com\/?s={search_term_string}\"},\"query-input\":\"required name=search_term_string\"}],\"inLanguage\":\"nb-NO\"},{\"@type\":\"WebPage\",\"@id\":\"https:\/\/www.purhotmelt.com\/es\/polyolefin-hot-melt-adhesive-for-flat-lamination\/#webpage\",\"url\":\"https:\/\/www.purhotmelt.com\/es\/polyolefin-hot-melt-adhesive-for-flat-lamination\/\",\"name\":\"POLYOLEFIN HOT MELT ADHESIVE FOR FLAT LAMINATION - PUR hot melt adhesives\",\"isPartOf\":{\"@id\":\"https:\/\/www.purhotmelt.com\/#website\"},\"datePublished\":\"2021-01-20T21:17:02+00:00\",\"dateModified\":\"2021-01-20T21:17:03+00:00\",\"breadcrumb\":{\"@id\":\"https:\/\/www.purhotmelt.com\/es\/polyolefin-hot-melt-adhesive-for-flat-lamination\/#breadcrumb\"},\"inLanguage\":\"nb-NO\",\"potentialAction\":[{\"@type\":\"ReadAction\",\"target\":[\"https:\/\/www.purhotmelt.com\/es\/polyolefin-hot-melt-adhesive-for-flat-lamination\/\"]}]},{\"@type\":\"BreadcrumbList\",\"@id\":\"https:\/\/www.purhotmelt.com\/es\/polyolefin-hot-melt-adhesive-for-flat-lamination\/#breadcrumb\",\"itemListElement\":[{\"@type\":\"ListItem\",\"position\":1,\"name\":\"Home\",\"item\":\"https:\/\/www.purhotmelt.com\/\"},{\"@type\":\"ListItem\",\"position\":2,\"name\":\"POLYOLEFIN HOT MELT ADHESIVE FOR FLAT LAMINATION\"}]}]}<\/script>\n<!-- \/ Yoast SEO plugin. -->","yoast_head_json":{"title":"POLYOLEFIN VARME SMELT LIMMENDE FOR FLATLAMINERING - PUR smeltelim","robots":{"index":"index","follow":"follow","max-snippet":"max-snippet:-1","max-image-preview":"max-image-preview:large","max-video-preview":"max-video-preview:-1"},"canonical":"https:\/\/www.purhotmelt.com\/nb\/polyolefin-hot-melt-adhesive-for-flat-lamination\/","og_locale":"nb_NO","og_type":"article","og_title":"POLYOLEFIN HOT MELT ADHESIVE FOR FLAT LAMINATION - PUR hot melt adhesives","og_description":"Intercol uses high quality raw materials, dedicated application engineered adhesives and advanced manufacturing processes to produce [&hellip;]","og_url":"https:\/\/www.purhotmelt.com\/nb\/polyolefin-hot-melt-adhesive-for-flat-lamination\/","og_site_name":"PUR hot melt adhesives","article_modified_time":"2021-01-20T21:17:03+00:00","twitter_card":"summary_large_image","twitter_misc":{"Ansl. lesetid":"1 minutt"},"schema":{"@context":"https:\/\/schema.org","@graph":[{"@type":"WebSite","@id":"https:\/\/www.purhotmelt.com\/#website","url":"https:\/\/www.purhotmelt.com\/","name":"PUR smeltelim","description":"Intercol: spesialprodusent","potentialAction":[{"@type":"SearchAction","target":{"@type":"EntryPoint","urlTemplate":"https:\/\/www.purhotmelt.com\/?s={search_term_string}"},"query-input":"required name=search_term_string"}],"inLanguage":"nb-NO"},{"@type":"WebPage","@id":"https:\/\/www.purhotmelt.com\/es\/polyolefin-hot-melt-adhesive-for-flat-lamination\/#webpage","url":"https:\/\/www.purhotmelt.com\/es\/polyolefin-hot-melt-adhesive-for-flat-lamination\/","name":"POLYOLEFIN VARME SMELT LIMMENDE FOR FLATLAMINERING - PUR smeltelim","isPartOf":{"@id":"https:\/\/www.purhotmelt.com\/#website"},"datePublished":"2021-01-20T21:17:02+00:00","dateModified":"2021-01-20T21:17:03+00:00","breadcrumb":{"@id":"https:\/\/www.purhotmelt.com\/es\/polyolefin-hot-melt-adhesive-for-flat-lamination\/#breadcrumb"},"inLanguage":"nb-NO","potentialAction":[{"@type":"ReadAction","target":["https:\/\/www.purhotmelt.com\/es\/polyolefin-hot-melt-adhesive-for-flat-lamination\/"]}]},{"@type":"BreadcrumbList","@id":"https:\/\/www.purhotmelt.com\/es\/polyolefin-hot-melt-adhesive-for-flat-lamination\/#breadcrumb","itemListElement":[{"@type":"ListItem","position":1,"name":"Home","item":"https:\/\/www.purhotmelt.com\/"},{"@type":"ListItem","position":2,"name":"POLYOLEFIN HOT MELT ADHESIVE FOR FLAT LAMINATION"}]}]}},"_links":{"self":[{"href":"https:\/\/www.purhotmelt.com\/nb\/wp-json\/wp\/v2\/pages\/84","targetHints":{"allow":["GET"]}}],"collection":[{"href":"https:\/\/www.purhotmelt.com\/nb\/wp-json\/wp\/v2\/pages"}],"about":[{"href":"https:\/\/www.purhotmelt.com\/nb\/wp-json\/wp\/v2\/types\/page"}],"author":[{"embeddable":true,"href":"https:\/\/www.purhotmelt.com\/nb\/wp-json\/wp\/v2\/users\/1"}],"replies":[{"embeddable":true,"href":"https:\/\/www.purhotmelt.com\/nb\/wp-json\/wp\/v2\/comments?post=84"}],"version-history":[{"count":1,"href":"https:\/\/www.purhotmelt.com\/nb\/wp-json\/wp\/v2\/pages\/84\/revisions"}],"predecessor-version":[{"id":86,"href":"https:\/\/www.purhotmelt.com\/nb\/wp-json\/wp\/v2\/pages\/84\/revisions\/86"}],"wp:attachment":[{"href":"https:\/\/www.purhotmelt.com\/nb\/wp-json\/wp\/v2\/media?parent=84"}],"curies":[{"name":"wp","href":"https:\/\/api.w.org\/{rel}","templated":true}]}}