{"id":87,"date":"2021-01-20T21:18:36","date_gmt":"2021-01-20T21:18:36","guid":{"rendered":"https:\/\/www.purhotmelt.com\/?page_id=87"},"modified":"2021-01-22T07:28:27","modified_gmt":"2021-01-22T07:28:27","slug":"87-2","status":"publish","type":"page","link":"https:\/\/www.purhotmelt.com\/nb\/87-2\/","title":{"rendered":"VARMT SMELTLIMPRIS"},"content":{"rendered":"<p>Prisen p\u00e5 smeltelim kan starte s\u00e5 lavt som 2,00 euro per kg, for enkle, billige EVA-kvaliteter. N\u00e5r du trenger mer sofistikerte smeltelim, vil prisen raskt \u00f8ke. Imidlertid vil mange produksjonsprosesser ha fordel av \u00e5 ha riktig og dyrere smeltelim som gir 0,00%-feil, selv i utfordrende milj\u00f8er som dypfrysing og tropiske omgivelser, og med belagte og laminerte underlag.<\/p>\n\n\n\n<h2 class=\"wp-block-heading\">ETHYLENE VINYL ACETATE EVA BASERT VARMT SMELTLIM<\/h2>\n\n\n\n<p>Standard EVA-lim er lysegule smelter som gir middels til lang \u00e5pningstid og rask innstilling, og krever lave komprimeringstider p\u00e5 omtrent 1 sekund. EVA smeltelim brukes ofte til liming av b\u00f8lgepapp og vikle rundt esker, trykte foldekartonger, matbrett og for produksjon av papirposer. Spesielt for matemballasjeapplikasjoner.<\/p>\n\n\n\n<p>Noen spesielle karakterer som ofte kompromitterer vedheftet til belagte overflater, kan brukes der det er behov for h\u00f8y varmebestandighet.<\/p>\n\n\n\n<p>Sv\u00e6rt hurtigherdende lim gir ogs\u00e5 kortere \u00e5pningstid. Smeltesmelting ved lav p\u00e5f\u00f8ringstemperatur gir ikke god motstand mot h\u00f8ye temperaturer.<\/p>\n\n\n\n<h2 class=\"wp-block-heading\">POLYOLEFIN VARMT SMELTLIM<\/h2>\n\n\n\n<p>Polyolefin smeltelim har en tendens til \u00e5 v\u00e6re dyrere i prissetting per KG, men tettheten er lavere, s\u00e5 den f\u00f8rste besparelsen er basert p\u00e5 mer volum til samme pris. Over det gir polyolefin varme smelter generelt en sterkere binding og reduserer dermed limforbruket. De fleste polyolefin varme smelter er veldig termisk stabile, noe som forlenger levealderen for smeltelim utstyr og reduserer vedlikeholdskostnader og nedetid.<\/p>","protected":false},"excerpt":{"rendered":"<p>The price of&nbsp;hot melt adhesives&nbsp;can start as low as 2,00 euro per Kg, for simple, cheap, [&hellip;]<\/p>","protected":false},"author":1,"featured_media":0,"parent":0,"menu_order":0,"comment_status":"closed","ping_status":"closed","template":"","meta":{"footnotes":""},"class_list":["post-87","page","type-page","status-publish","hentry"],"yoast_head":"<!-- This site is optimized with the Yoast SEO plugin v17.0 - https:\/\/yoast.com\/wordpress\/plugins\/seo\/ -->\n<title>HOT MELT ADHESIVE PRICE - PUR hot melt adhesives<\/title>\n<meta name=\"robots\" content=\"index, follow, max-snippet:-1, max-image-preview:large, max-video-preview:-1\" \/>\n<link rel=\"canonical\" href=\"https:\/\/www.purhotmelt.com\/nb\/87-2\/\" \/>\n<meta property=\"og:locale\" content=\"nb_NO\" \/>\n<meta property=\"og:type\" content=\"article\" \/>\n<meta property=\"og:title\" content=\"HOT MELT ADHESIVE PRICE - PUR hot melt adhesives\" \/>\n<meta property=\"og:description\" content=\"The price of&nbsp;hot melt adhesives&nbsp;can start as low as 2,00 euro per Kg, for simple, cheap, [&hellip;]\" \/>\n<meta property=\"og:url\" content=\"https:\/\/www.purhotmelt.com\/nb\/87-2\/\" \/>\n<meta property=\"og:site_name\" content=\"PUR hot melt adhesives\" \/>\n<meta property=\"article:modified_time\" content=\"2021-01-22T07:28:27+00:00\" \/>\n<meta name=\"twitter:card\" content=\"summary_large_image\" \/>\n<meta name=\"twitter:label1\" content=\"Ansl. lesetid\" \/>\n\t<meta name=\"twitter:data1\" content=\"1 minutt\" \/>\n<script type=\"application\/ld+json\" class=\"yoast-schema-graph\">{\"@context\":\"https:\/\/schema.org\",\"@graph\":[{\"@type\":\"WebSite\",\"@id\":\"https:\/\/www.purhotmelt.com\/#website\",\"url\":\"https:\/\/www.purhotmelt.com\/\",\"name\":\"PUR hot melt adhesives\",\"description\":\"Intercol: Specialist manufacturer\",\"potentialAction\":[{\"@type\":\"SearchAction\",\"target\":{\"@type\":\"EntryPoint\",\"urlTemplate\":\"https:\/\/www.purhotmelt.com\/?s={search_term_string}\"},\"query-input\":\"required name=search_term_string\"}],\"inLanguage\":\"nb-NO\"},{\"@type\":\"WebPage\",\"@id\":\"https:\/\/www.purhotmelt.com\/nl\/87-2\/#webpage\",\"url\":\"https:\/\/www.purhotmelt.com\/nl\/87-2\/\",\"name\":\"HOT MELT ADHESIVE PRICE - PUR hot melt adhesives\",\"isPartOf\":{\"@id\":\"https:\/\/www.purhotmelt.com\/#website\"},\"datePublished\":\"2021-01-20T21:18:36+00:00\",\"dateModified\":\"2021-01-22T07:28:27+00:00\",\"breadcrumb\":{\"@id\":\"https:\/\/www.purhotmelt.com\/nl\/87-2\/#breadcrumb\"},\"inLanguage\":\"nb-NO\",\"potentialAction\":[{\"@type\":\"ReadAction\",\"target\":[\"https:\/\/www.purhotmelt.com\/nl\/87-2\/\"]}]},{\"@type\":\"BreadcrumbList\",\"@id\":\"https:\/\/www.purhotmelt.com\/nl\/87-2\/#breadcrumb\",\"itemListElement\":[{\"@type\":\"ListItem\",\"position\":1,\"name\":\"Home\",\"item\":\"https:\/\/www.purhotmelt.com\/\"},{\"@type\":\"ListItem\",\"position\":2,\"name\":\"HOT MELT ADHESIVE PRICE\"}]}]}<\/script>\n<!-- \/ Yoast SEO plugin. -->","yoast_head_json":{"title":"VARMMELT LIMPRIS - PUR smeltelim","robots":{"index":"index","follow":"follow","max-snippet":"max-snippet:-1","max-image-preview":"max-image-preview:large","max-video-preview":"max-video-preview:-1"},"canonical":"https:\/\/www.purhotmelt.com\/nb\/87-2\/","og_locale":"nb_NO","og_type":"article","og_title":"HOT MELT ADHESIVE PRICE - PUR hot melt adhesives","og_description":"The price of&nbsp;hot melt adhesives&nbsp;can start as low as 2,00 euro per Kg, for simple, cheap, [&hellip;]","og_url":"https:\/\/www.purhotmelt.com\/nb\/87-2\/","og_site_name":"PUR hot melt adhesives","article_modified_time":"2021-01-22T07:28:27+00:00","twitter_card":"summary_large_image","twitter_misc":{"Ansl. lesetid":"1 minutt"},"schema":{"@context":"https:\/\/schema.org","@graph":[{"@type":"WebSite","@id":"https:\/\/www.purhotmelt.com\/#website","url":"https:\/\/www.purhotmelt.com\/","name":"PUR smeltelim","description":"Intercol: spesialprodusent","potentialAction":[{"@type":"SearchAction","target":{"@type":"EntryPoint","urlTemplate":"https:\/\/www.purhotmelt.com\/?s={search_term_string}"},"query-input":"required name=search_term_string"}],"inLanguage":"nb-NO"},{"@type":"WebPage","@id":"https:\/\/www.purhotmelt.com\/nl\/87-2\/#webpage","url":"https:\/\/www.purhotmelt.com\/nl\/87-2\/","name":"VARMMELT LIMPRIS - PUR smeltelim","isPartOf":{"@id":"https:\/\/www.purhotmelt.com\/#website"},"datePublished":"2021-01-20T21:18:36+00:00","dateModified":"2021-01-22T07:28:27+00:00","breadcrumb":{"@id":"https:\/\/www.purhotmelt.com\/nl\/87-2\/#breadcrumb"},"inLanguage":"nb-NO","potentialAction":[{"@type":"ReadAction","target":["https:\/\/www.purhotmelt.com\/nl\/87-2\/"]}]},{"@type":"BreadcrumbList","@id":"https:\/\/www.purhotmelt.com\/nl\/87-2\/#breadcrumb","itemListElement":[{"@type":"ListItem","position":1,"name":"Home","item":"https:\/\/www.purhotmelt.com\/"},{"@type":"ListItem","position":2,"name":"HOT MELT ADHESIVE PRICE"}]}]}},"_links":{"self":[{"href":"https:\/\/www.purhotmelt.com\/nb\/wp-json\/wp\/v2\/pages\/87","targetHints":{"allow":["GET"]}}],"collection":[{"href":"https:\/\/www.purhotmelt.com\/nb\/wp-json\/wp\/v2\/pages"}],"about":[{"href":"https:\/\/www.purhotmelt.com\/nb\/wp-json\/wp\/v2\/types\/page"}],"author":[{"embeddable":true,"href":"https:\/\/www.purhotmelt.com\/nb\/wp-json\/wp\/v2\/users\/1"}],"replies":[{"embeddable":true,"href":"https:\/\/www.purhotmelt.com\/nb\/wp-json\/wp\/v2\/comments?post=87"}],"version-history":[{"count":2,"href":"https:\/\/www.purhotmelt.com\/nb\/wp-json\/wp\/v2\/pages\/87\/revisions"}],"predecessor-version":[{"id":343,"href":"https:\/\/www.purhotmelt.com\/nb\/wp-json\/wp\/v2\/pages\/87\/revisions\/343"}],"wp:attachment":[{"href":"https:\/\/www.purhotmelt.com\/nb\/wp-json\/wp\/v2\/media?parent=87"}],"curies":[{"name":"wp","href":"https:\/\/api.w.org\/{rel}","templated":true}]}}