{"id":90,"date":"2021-01-20T21:19:39","date_gmt":"2021-01-20T21:19:39","guid":{"rendered":"https:\/\/www.purhotmelt.com\/?page_id=90"},"modified":"2021-01-20T21:19:40","modified_gmt":"2021-01-20T21:19:40","slug":"hot-melt-adhesive-formulation","status":"publish","type":"page","link":"https:\/\/www.purhotmelt.com\/nb\/hot-melt-adhesive-formulation\/","title":{"rendered":"VARMT SMELTLIM FORMULERING"},"content":{"rendered":"<h1 class=\"wp-block-heading\"><\/h1>\n\n\n\n<h2 class=\"wp-block-heading\">BASE POLYMER<\/h2>\n\n\n\n<p>Basen av de fleste smeltesmeltesammensetninger er en polymer, som EVA (Etylen-vinylacetat) eller PO (Polyolefin) for emballering av varmsmelting.<\/p>\n\n\n\n<p>For gummibasert PSA-smeltelim er basen en Styrene Block Copolymer (SBC).<\/p>\n\n\n\n<h2 class=\"wp-block-heading\">TACKIFIERS<\/h2>\n\n\n\n<p>Tackifiers tilsettes for \u00e5 forbedre den f\u00f8rste vedheft og for \u00e5 modifisere basepolymeren.<\/p>\n\n\n\n<p><strong>Tackifiers er en viktig del&nbsp;<\/strong>i smeltelim p\u00e5 b\u00e5de kostnad og ytelsesegenskaper. Klemmer er vanlig med lav molekylvekt og harpiks, med den negative siden har de for det meste glassovergangstemperaturer og mykgj\u00f8rende temperaturer over romtemperatur.<\/p>\n\n\n\n<p>Disse harpikser gir &quot;klebrig&quot; og viskoelastiske egenskaper i smeltelimformuleringen.&nbsp;<\/p>","protected":false},"excerpt":{"rendered":"<p>BASE POLYMER The base of most hot melt formulations is a polymer, like EVA (Ethylene-vinyl acetate) [&hellip;]<\/p>","protected":false},"author":1,"featured_media":0,"parent":0,"menu_order":0,"comment_status":"closed","ping_status":"closed","template":"","meta":{"footnotes":""},"class_list":["post-90","page","type-page","status-publish","hentry"],"yoast_head":"<!-- This site is optimized with the Yoast SEO plugin v17.0 - https:\/\/yoast.com\/wordpress\/plugins\/seo\/ -->\n<title>HOT MELT ADHESIVE FORMULATION - PUR hot melt adhesives<\/title>\n<meta name=\"robots\" content=\"index, follow, max-snippet:-1, max-image-preview:large, max-video-preview:-1\" \/>\n<link rel=\"canonical\" href=\"https:\/\/www.purhotmelt.com\/nb\/hot-melt-adhesive-formulation\/\" \/>\n<meta property=\"og:locale\" content=\"nb_NO\" \/>\n<meta property=\"og:type\" content=\"article\" \/>\n<meta property=\"og:title\" content=\"HOT MELT ADHESIVE FORMULATION - PUR hot melt adhesives\" \/>\n<meta property=\"og:description\" content=\"BASE POLYMER The base of most hot melt formulations is a polymer, like EVA (Ethylene-vinyl acetate) [&hellip;]\" \/>\n<meta property=\"og:url\" content=\"https:\/\/www.purhotmelt.com\/nb\/hot-melt-adhesive-formulation\/\" \/>\n<meta property=\"og:site_name\" content=\"PUR hot melt adhesives\" \/>\n<meta property=\"article:modified_time\" content=\"2021-01-20T21:19:40+00:00\" \/>\n<meta name=\"twitter:card\" content=\"summary_large_image\" \/>\n<meta name=\"twitter:label1\" content=\"Ansl. lesetid\" \/>\n\t<meta name=\"twitter:data1\" content=\"1 minutt\" \/>\n<script type=\"application\/ld+json\" class=\"yoast-schema-graph\">{\"@context\":\"https:\/\/schema.org\",\"@graph\":[{\"@type\":\"WebSite\",\"@id\":\"https:\/\/www.purhotmelt.com\/#website\",\"url\":\"https:\/\/www.purhotmelt.com\/\",\"name\":\"PUR hot melt adhesives\",\"description\":\"Intercol: Specialist manufacturer\",\"potentialAction\":[{\"@type\":\"SearchAction\",\"target\":{\"@type\":\"EntryPoint\",\"urlTemplate\":\"https:\/\/www.purhotmelt.com\/?s={search_term_string}\"},\"query-input\":\"required name=search_term_string\"}],\"inLanguage\":\"nb-NO\"},{\"@type\":\"WebPage\",\"@id\":\"https:\/\/www.purhotmelt.com\/nb\/hot-melt-adhesive-formulation\/#webpage\",\"url\":\"https:\/\/www.purhotmelt.com\/nb\/hot-melt-adhesive-formulation\/\",\"name\":\"HOT MELT ADHESIVE FORMULATION - PUR hot melt adhesives\",\"isPartOf\":{\"@id\":\"https:\/\/www.purhotmelt.com\/#website\"},\"datePublished\":\"2021-01-20T21:19:39+00:00\",\"dateModified\":\"2021-01-20T21:19:40+00:00\",\"breadcrumb\":{\"@id\":\"https:\/\/www.purhotmelt.com\/nb\/hot-melt-adhesive-formulation\/#breadcrumb\"},\"inLanguage\":\"nb-NO\",\"potentialAction\":[{\"@type\":\"ReadAction\",\"target\":[\"https:\/\/www.purhotmelt.com\/nb\/hot-melt-adhesive-formulation\/\"]}]},{\"@type\":\"BreadcrumbList\",\"@id\":\"https:\/\/www.purhotmelt.com\/nb\/hot-melt-adhesive-formulation\/#breadcrumb\",\"itemListElement\":[{\"@type\":\"ListItem\",\"position\":1,\"name\":\"Home\",\"item\":\"https:\/\/www.purhotmelt.com\/\"},{\"@type\":\"ListItem\",\"position\":2,\"name\":\"HOT MELT ADHESIVE FORMULATION\"}]}]}<\/script>\n<!-- \/ Yoast SEO plugin. -->","yoast_head_json":{"title":"VARME SMELTFORMULERING - PUR smeltelim","robots":{"index":"index","follow":"follow","max-snippet":"max-snippet:-1","max-image-preview":"max-image-preview:large","max-video-preview":"max-video-preview:-1"},"canonical":"https:\/\/www.purhotmelt.com\/nb\/hot-melt-adhesive-formulation\/","og_locale":"nb_NO","og_type":"article","og_title":"HOT MELT ADHESIVE FORMULATION - PUR hot melt adhesives","og_description":"BASE POLYMER The base of most hot melt formulations is a polymer, like EVA (Ethylene-vinyl acetate) [&hellip;]","og_url":"https:\/\/www.purhotmelt.com\/nb\/hot-melt-adhesive-formulation\/","og_site_name":"PUR hot melt adhesives","article_modified_time":"2021-01-20T21:19:40+00:00","twitter_card":"summary_large_image","twitter_misc":{"Ansl. lesetid":"1 minutt"},"schema":{"@context":"https:\/\/schema.org","@graph":[{"@type":"WebSite","@id":"https:\/\/www.purhotmelt.com\/#website","url":"https:\/\/www.purhotmelt.com\/","name":"PUR smeltelim","description":"Intercol: spesialprodusent","potentialAction":[{"@type":"SearchAction","target":{"@type":"EntryPoint","urlTemplate":"https:\/\/www.purhotmelt.com\/?s={search_term_string}"},"query-input":"required name=search_term_string"}],"inLanguage":"nb-NO"},{"@type":"WebPage","@id":"https:\/\/www.purhotmelt.com\/nb\/hot-melt-adhesive-formulation\/#webpage","url":"https:\/\/www.purhotmelt.com\/nb\/hot-melt-adhesive-formulation\/","name":"VARME SMELTFORMULERING - PUR smeltelim","isPartOf":{"@id":"https:\/\/www.purhotmelt.com\/#website"},"datePublished":"2021-01-20T21:19:39+00:00","dateModified":"2021-01-20T21:19:40+00:00","breadcrumb":{"@id":"https:\/\/www.purhotmelt.com\/nb\/hot-melt-adhesive-formulation\/#breadcrumb"},"inLanguage":"nb-NO","potentialAction":[{"@type":"ReadAction","target":["https:\/\/www.purhotmelt.com\/nb\/hot-melt-adhesive-formulation\/"]}]},{"@type":"BreadcrumbList","@id":"https:\/\/www.purhotmelt.com\/nb\/hot-melt-adhesive-formulation\/#breadcrumb","itemListElement":[{"@type":"ListItem","position":1,"name":"Home","item":"https:\/\/www.purhotmelt.com\/"},{"@type":"ListItem","position":2,"name":"HOT MELT ADHESIVE FORMULATION"}]}]}},"_links":{"self":[{"href":"https:\/\/www.purhotmelt.com\/nb\/wp-json\/wp\/v2\/pages\/90","targetHints":{"allow":["GET"]}}],"collection":[{"href":"https:\/\/www.purhotmelt.com\/nb\/wp-json\/wp\/v2\/pages"}],"about":[{"href":"https:\/\/www.purhotmelt.com\/nb\/wp-json\/wp\/v2\/types\/page"}],"author":[{"embeddable":true,"href":"https:\/\/www.purhotmelt.com\/nb\/wp-json\/wp\/v2\/users\/1"}],"replies":[{"embeddable":true,"href":"https:\/\/www.purhotmelt.com\/nb\/wp-json\/wp\/v2\/comments?post=90"}],"version-history":[{"count":1,"href":"https:\/\/www.purhotmelt.com\/nb\/wp-json\/wp\/v2\/pages\/90\/revisions"}],"predecessor-version":[{"id":92,"href":"https:\/\/www.purhotmelt.com\/nb\/wp-json\/wp\/v2\/pages\/90\/revisions\/92"}],"wp:attachment":[{"href":"https:\/\/www.purhotmelt.com\/nb\/wp-json\/wp\/v2\/media?parent=90"}],"curies":[{"name":"wp","href":"https:\/\/api.w.org\/{rel}","templated":true}]}}