{"id":96,"date":"2021-01-20T21:21:38","date_gmt":"2021-01-20T21:21:38","guid":{"rendered":"https:\/\/www.purhotmelt.com\/?page_id=96"},"modified":"2021-01-20T21:21:39","modified_gmt":"2021-01-20T21:21:39","slug":"filter-pleating-hot-melt-adhesive","status":"publish","type":"page","link":"https:\/\/www.purhotmelt.com\/nb\/filter-pleating-hot-melt-adhesive\/","title":{"rendered":"FILTER KL\u00c6RER VARM SMELTLIM"},"content":{"rendered":"<h1 class=\"wp-block-heading\"><\/h1>\n\n\n\n<p>Vi produserer lim for mange l\u00f8sninger, inkludert filterplissering. EHM 9794 spiller den perfekte rollen for alle dine behov for filtervikling. Med sin hurtige smeltehastighet og lave utgassing, gj\u00f8r EHM 9794 den ideelle l\u00f8sningen for sensitive materialer og omr\u00e5der der det er behov for pleie. For \u00e5 finne ut mer om EHM 9794 og v\u00e5re andre filterplettlim, vennligst kontakt oss p\u00e5 info@intercol.nl eller +31 318 636363<\/p>\n\n\n\n<p>Vi utvikler smeltelim som oppfyller dine standarder. Hvis applikasjonen din krever et lim for \u00e5 binde seg til metallrammer, for \u00e5 holde mini-foldene jevnt fordelt eller for \u00e5 ha lave flyktige stoffer for \u00e5 minimere utgassing, har vi et standard utvalg av foldelim, teknisk st\u00f8tte og FoU-kapasitet for \u00e5 tilby applikasjonsutviklet Hot Melt Lim. V\u00e5re smeltende smeltelim er formulert for \u00e5 produsere enest\u00e5ende kvalitet av filterpakker. De fleste limformuleringer er egnet for b\u00e5de syntetiske og mikrofiberfibermedier og er allsidige anvendelige i en rekke plisseringsmaskiner.<\/p>","protected":false},"excerpt":{"rendered":"<p>We manufacture adhesives for many solutions including Filter Pleating. EHM 9794 plays the perfect role for [&hellip;]<\/p>","protected":false},"author":1,"featured_media":0,"parent":0,"menu_order":0,"comment_status":"closed","ping_status":"closed","template":"","meta":{"footnotes":""},"class_list":["post-96","page","type-page","status-publish","hentry"],"yoast_head":"<!-- This site is optimized with the Yoast SEO plugin v17.0 - https:\/\/yoast.com\/wordpress\/plugins\/seo\/ -->\n<title>FILTER PLEATING HOT MELT ADHESIVE - PUR hot melt adhesives<\/title>\n<meta name=\"robots\" content=\"index, follow, max-snippet:-1, max-image-preview:large, max-video-preview:-1\" \/>\n<link rel=\"canonical\" href=\"https:\/\/www.purhotmelt.com\/nb\/filter-pleating-hot-melt-adhesive\/\" \/>\n<meta property=\"og:locale\" content=\"nb_NO\" \/>\n<meta property=\"og:type\" content=\"article\" \/>\n<meta property=\"og:title\" content=\"FILTER PLEATING HOT MELT ADHESIVE - PUR hot melt adhesives\" \/>\n<meta property=\"og:description\" content=\"We manufacture adhesives for many solutions including Filter Pleating. EHM 9794 plays the perfect role for [&hellip;]\" \/>\n<meta property=\"og:url\" content=\"https:\/\/www.purhotmelt.com\/nb\/filter-pleating-hot-melt-adhesive\/\" \/>\n<meta property=\"og:site_name\" content=\"PUR hot melt adhesives\" \/>\n<meta property=\"article:modified_time\" content=\"2021-01-20T21:21:39+00:00\" \/>\n<meta name=\"twitter:card\" content=\"summary_large_image\" \/>\n<meta name=\"twitter:label1\" content=\"Ansl. lesetid\" \/>\n\t<meta name=\"twitter:data1\" content=\"1 minutt\" \/>\n<script type=\"application\/ld+json\" class=\"yoast-schema-graph\">{\"@context\":\"https:\/\/schema.org\",\"@graph\":[{\"@type\":\"WebSite\",\"@id\":\"https:\/\/www.purhotmelt.com\/#website\",\"url\":\"https:\/\/www.purhotmelt.com\/\",\"name\":\"PUR hot melt adhesives\",\"description\":\"Intercol: Specialist manufacturer\",\"potentialAction\":[{\"@type\":\"SearchAction\",\"target\":{\"@type\":\"EntryPoint\",\"urlTemplate\":\"https:\/\/www.purhotmelt.com\/?s={search_term_string}\"},\"query-input\":\"required name=search_term_string\"}],\"inLanguage\":\"nb-NO\"},{\"@type\":\"WebPage\",\"@id\":\"https:\/\/www.purhotmelt.com\/nb\/filter-pleating-hot-melt-adhesive\/#webpage\",\"url\":\"https:\/\/www.purhotmelt.com\/nb\/filter-pleating-hot-melt-adhesive\/\",\"name\":\"FILTER PLEATING HOT MELT ADHESIVE - PUR hot melt adhesives\",\"isPartOf\":{\"@id\":\"https:\/\/www.purhotmelt.com\/#website\"},\"datePublished\":\"2021-01-20T21:21:38+00:00\",\"dateModified\":\"2021-01-20T21:21:39+00:00\",\"breadcrumb\":{\"@id\":\"https:\/\/www.purhotmelt.com\/nb\/filter-pleating-hot-melt-adhesive\/#breadcrumb\"},\"inLanguage\":\"nb-NO\",\"potentialAction\":[{\"@type\":\"ReadAction\",\"target\":[\"https:\/\/www.purhotmelt.com\/nb\/filter-pleating-hot-melt-adhesive\/\"]}]},{\"@type\":\"BreadcrumbList\",\"@id\":\"https:\/\/www.purhotmelt.com\/nb\/filter-pleating-hot-melt-adhesive\/#breadcrumb\",\"itemListElement\":[{\"@type\":\"ListItem\",\"position\":1,\"name\":\"Home\",\"item\":\"https:\/\/www.purhotmelt.com\/\"},{\"@type\":\"ListItem\",\"position\":2,\"name\":\"FILTER PLEATING HOT MELT ADHESIVE\"}]}]}<\/script>\n<!-- \/ Yoast SEO plugin. -->","yoast_head_json":{"title":"FILTERPLEATING VARMMELT LIM - PUR smeltelim","robots":{"index":"index","follow":"follow","max-snippet":"max-snippet:-1","max-image-preview":"max-image-preview:large","max-video-preview":"max-video-preview:-1"},"canonical":"https:\/\/www.purhotmelt.com\/nb\/filter-pleating-hot-melt-adhesive\/","og_locale":"nb_NO","og_type":"article","og_title":"FILTER PLEATING HOT MELT ADHESIVE - PUR hot melt adhesives","og_description":"We manufacture adhesives for many solutions including Filter Pleating. EHM 9794 plays the perfect role for [&hellip;]","og_url":"https:\/\/www.purhotmelt.com\/nb\/filter-pleating-hot-melt-adhesive\/","og_site_name":"PUR hot melt adhesives","article_modified_time":"2021-01-20T21:21:39+00:00","twitter_card":"summary_large_image","twitter_misc":{"Ansl. lesetid":"1 minutt"},"schema":{"@context":"https:\/\/schema.org","@graph":[{"@type":"WebSite","@id":"https:\/\/www.purhotmelt.com\/#website","url":"https:\/\/www.purhotmelt.com\/","name":"PUR smeltelim","description":"Intercol: spesialprodusent","potentialAction":[{"@type":"SearchAction","target":{"@type":"EntryPoint","urlTemplate":"https:\/\/www.purhotmelt.com\/?s={search_term_string}"},"query-input":"required name=search_term_string"}],"inLanguage":"nb-NO"},{"@type":"WebPage","@id":"https:\/\/www.purhotmelt.com\/nb\/filter-pleating-hot-melt-adhesive\/#webpage","url":"https:\/\/www.purhotmelt.com\/nb\/filter-pleating-hot-melt-adhesive\/","name":"FILTERPLEATING VARMMELT LIM - PUR smeltelim","isPartOf":{"@id":"https:\/\/www.purhotmelt.com\/#website"},"datePublished":"2021-01-20T21:21:38+00:00","dateModified":"2021-01-20T21:21:39+00:00","breadcrumb":{"@id":"https:\/\/www.purhotmelt.com\/nb\/filter-pleating-hot-melt-adhesive\/#breadcrumb"},"inLanguage":"nb-NO","potentialAction":[{"@type":"ReadAction","target":["https:\/\/www.purhotmelt.com\/nb\/filter-pleating-hot-melt-adhesive\/"]}]},{"@type":"BreadcrumbList","@id":"https:\/\/www.purhotmelt.com\/nb\/filter-pleating-hot-melt-adhesive\/#breadcrumb","itemListElement":[{"@type":"ListItem","position":1,"name":"Home","item":"https:\/\/www.purhotmelt.com\/"},{"@type":"ListItem","position":2,"name":"FILTER PLEATING HOT MELT ADHESIVE"}]}]}},"_links":{"self":[{"href":"https:\/\/www.purhotmelt.com\/nb\/wp-json\/wp\/v2\/pages\/96","targetHints":{"allow":["GET"]}}],"collection":[{"href":"https:\/\/www.purhotmelt.com\/nb\/wp-json\/wp\/v2\/pages"}],"about":[{"href":"https:\/\/www.purhotmelt.com\/nb\/wp-json\/wp\/v2\/types\/page"}],"author":[{"embeddable":true,"href":"https:\/\/www.purhotmelt.com\/nb\/wp-json\/wp\/v2\/users\/1"}],"replies":[{"embeddable":true,"href":"https:\/\/www.purhotmelt.com\/nb\/wp-json\/wp\/v2\/comments?post=96"}],"version-history":[{"count":1,"href":"https:\/\/www.purhotmelt.com\/nb\/wp-json\/wp\/v2\/pages\/96\/revisions"}],"predecessor-version":[{"id":98,"href":"https:\/\/www.purhotmelt.com\/nb\/wp-json\/wp\/v2\/pages\/96\/revisions\/98"}],"wp:attachment":[{"href":"https:\/\/www.purhotmelt.com\/nb\/wp-json\/wp\/v2\/media?parent=96"}],"curies":[{"name":"wp","href":"https:\/\/api.w.org\/{rel}","templated":true}]}}