{"id":99,"date":"2021-01-20T21:23:23","date_gmt":"2021-01-20T21:23:23","guid":{"rendered":"https:\/\/www.purhotmelt.com\/?page_id=99"},"modified":"2021-01-20T21:23:24","modified_gmt":"2021-01-20T21:23:24","slug":"pur-hot-melt-rd","status":"publish","type":"page","link":"https:\/\/www.purhotmelt.com\/nb\/pur-hot-melt-rd\/","title":{"rendered":"PUR HOT MELT FoU"},"content":{"rendered":"<p>\u00c5 tilby kundespesifikke l\u00f8sninger er retten til \u00e5 eksistere i selskapet v\u00e5rt, stedet der menneskelig intelligens kombinerer molekyler for \u00e5 skape produktinnovasjon. Utfordringer har blitt vunnet her mot komplekse forbindelser, vi har feiret balansen og konsistensen av lim som n\u00e5 er kjent p\u00e5 markedet. Det daglige s\u00f8ket etter kompromisser, den lille detalj som forvandler en intuisjon til en glimmer for produksjonsinstallasjonene.<\/p>\n\n\n\n<h2 class=\"wp-block-heading\">Laboratorium<\/h2>\n\n\n\n<p>Laboratoriet er beskyttet av forretningshemmeligheter og overv\u00e5ker forsiktig de hemmelige oppskriftene som avhenger av selskapets fortid og fremtid. Tusenvis av formler og eksperimenter danner grunnlaget for en forskningssyklus som utgj\u00f8r utfordringen med produktinnovasjon hver dag.<\/p>\n\n\n\n<h2 class=\"wp-block-heading\">Milj\u00f8utvikling<\/h2>\n\n\n\n<p>Takket v\u00e6re den meget innovative innovasjonen til den sv\u00e6rt unge forskergruppen, har Intercol en serie med gr\u00f8nne produkter av h\u00f8y kvalitet: en blanding av r\u00e5varer som er valgt og behandlet med lav milj\u00f8p\u00e5virkning for en rekke produkter som er tilpasset fremtidig marked.<\/p>\n\n\n\n<p>I l\u00f8pet av etablerings- og eksperimentfasen tildeler laboratoriet en spesialisert avdeling som skal utf\u00f8re kontroller og kontrolltester og gi konstant overv\u00e5king og umiddelbare l\u00f8sninger for de stadig mer krevende behovene til v\u00e5re kunder, mens de kontinuerlig jobber med tilpassede produkter.<\/p>","protected":false},"excerpt":{"rendered":"<p>Providing customer-specific solutions is the right to exist of our company, the place where human intelligence [&hellip;]<\/p>","protected":false},"author":1,"featured_media":0,"parent":0,"menu_order":0,"comment_status":"closed","ping_status":"closed","template":"","meta":{"footnotes":""},"class_list":["post-99","page","type-page","status-publish","hentry"],"yoast_head":"<!-- This site is optimized with the Yoast SEO plugin v17.0 - https:\/\/yoast.com\/wordpress\/plugins\/seo\/ -->\n<title>PUR HOT MELT R&amp;D - PUR hot melt adhesives<\/title>\n<meta name=\"robots\" content=\"index, follow, max-snippet:-1, max-image-preview:large, max-video-preview:-1\" \/>\n<link rel=\"canonical\" href=\"https:\/\/www.purhotmelt.com\/nb\/pur-hot-melt-rd\/\" \/>\n<meta property=\"og:locale\" content=\"nb_NO\" \/>\n<meta property=\"og:type\" content=\"article\" \/>\n<meta property=\"og:title\" content=\"PUR HOT MELT R&amp;D - PUR hot melt adhesives\" \/>\n<meta property=\"og:description\" content=\"Providing customer-specific solutions is the right to exist of our company, the place where human intelligence [&hellip;]\" \/>\n<meta property=\"og:url\" content=\"https:\/\/www.purhotmelt.com\/nb\/pur-hot-melt-rd\/\" \/>\n<meta property=\"og:site_name\" content=\"PUR hot melt adhesives\" \/>\n<meta property=\"article:modified_time\" content=\"2021-01-20T21:23:24+00:00\" \/>\n<meta name=\"twitter:card\" content=\"summary_large_image\" \/>\n<meta name=\"twitter:label1\" content=\"Ansl. lesetid\" \/>\n\t<meta name=\"twitter:data1\" content=\"1 minutt\" \/>\n<script type=\"application\/ld+json\" class=\"yoast-schema-graph\">{\"@context\":\"https:\/\/schema.org\",\"@graph\":[{\"@type\":\"WebSite\",\"@id\":\"https:\/\/www.purhotmelt.com\/#website\",\"url\":\"https:\/\/www.purhotmelt.com\/\",\"name\":\"PUR hot melt adhesives\",\"description\":\"Intercol: Specialist manufacturer\",\"potentialAction\":[{\"@type\":\"SearchAction\",\"target\":{\"@type\":\"EntryPoint\",\"urlTemplate\":\"https:\/\/www.purhotmelt.com\/?s={search_term_string}\"},\"query-input\":\"required name=search_term_string\"}],\"inLanguage\":\"nb-NO\"},{\"@type\":\"WebPage\",\"@id\":\"https:\/\/www.purhotmelt.com\/nb\/pur-hot-melt-rd\/#webpage\",\"url\":\"https:\/\/www.purhotmelt.com\/nb\/pur-hot-melt-rd\/\",\"name\":\"PUR HOT MELT R&D - PUR hot melt adhesives\",\"isPartOf\":{\"@id\":\"https:\/\/www.purhotmelt.com\/#website\"},\"datePublished\":\"2021-01-20T21:23:23+00:00\",\"dateModified\":\"2021-01-20T21:23:24+00:00\",\"breadcrumb\":{\"@id\":\"https:\/\/www.purhotmelt.com\/nb\/pur-hot-melt-rd\/#breadcrumb\"},\"inLanguage\":\"nb-NO\",\"potentialAction\":[{\"@type\":\"ReadAction\",\"target\":[\"https:\/\/www.purhotmelt.com\/nb\/pur-hot-melt-rd\/\"]}]},{\"@type\":\"BreadcrumbList\",\"@id\":\"https:\/\/www.purhotmelt.com\/nb\/pur-hot-melt-rd\/#breadcrumb\",\"itemListElement\":[{\"@type\":\"ListItem\",\"position\":1,\"name\":\"Home\",\"item\":\"https:\/\/www.purhotmelt.com\/\"},{\"@type\":\"ListItem\",\"position\":2,\"name\":\"PUR HOT MELT R&#038;D\"}]}]}<\/script>\n<!-- \/ Yoast SEO plugin. -->","yoast_head_json":{"title":"PUR HOT MELT R&amp;D - PUR smeltelim","robots":{"index":"index","follow":"follow","max-snippet":"max-snippet:-1","max-image-preview":"max-image-preview:large","max-video-preview":"max-video-preview:-1"},"canonical":"https:\/\/www.purhotmelt.com\/nb\/pur-hot-melt-rd\/","og_locale":"nb_NO","og_type":"article","og_title":"PUR HOT MELT R&D - PUR hot melt adhesives","og_description":"Providing customer-specific solutions is the right to exist of our company, the place where human intelligence [&hellip;]","og_url":"https:\/\/www.purhotmelt.com\/nb\/pur-hot-melt-rd\/","og_site_name":"PUR hot melt adhesives","article_modified_time":"2021-01-20T21:23:24+00:00","twitter_card":"summary_large_image","twitter_misc":{"Ansl. lesetid":"1 minutt"},"schema":{"@context":"https:\/\/schema.org","@graph":[{"@type":"WebSite","@id":"https:\/\/www.purhotmelt.com\/#website","url":"https:\/\/www.purhotmelt.com\/","name":"PUR smeltelim","description":"Intercol: spesialprodusent","potentialAction":[{"@type":"SearchAction","target":{"@type":"EntryPoint","urlTemplate":"https:\/\/www.purhotmelt.com\/?s={search_term_string}"},"query-input":"required name=search_term_string"}],"inLanguage":"nb-NO"},{"@type":"WebPage","@id":"https:\/\/www.purhotmelt.com\/nb\/pur-hot-melt-rd\/#webpage","url":"https:\/\/www.purhotmelt.com\/nb\/pur-hot-melt-rd\/","name":"PUR HOT MELT R&amp;D - PUR smeltelim","isPartOf":{"@id":"https:\/\/www.purhotmelt.com\/#website"},"datePublished":"2021-01-20T21:23:23+00:00","dateModified":"2021-01-20T21:23:24+00:00","breadcrumb":{"@id":"https:\/\/www.purhotmelt.com\/nb\/pur-hot-melt-rd\/#breadcrumb"},"inLanguage":"nb-NO","potentialAction":[{"@type":"ReadAction","target":["https:\/\/www.purhotmelt.com\/nb\/pur-hot-melt-rd\/"]}]},{"@type":"BreadcrumbList","@id":"https:\/\/www.purhotmelt.com\/nb\/pur-hot-melt-rd\/#breadcrumb","itemListElement":[{"@type":"ListItem","position":1,"name":"Home","item":"https:\/\/www.purhotmelt.com\/"},{"@type":"ListItem","position":2,"name":"PUR HOT MELT R&#038;D"}]}]}},"_links":{"self":[{"href":"https:\/\/www.purhotmelt.com\/nb\/wp-json\/wp\/v2\/pages\/99","targetHints":{"allow":["GET"]}}],"collection":[{"href":"https:\/\/www.purhotmelt.com\/nb\/wp-json\/wp\/v2\/pages"}],"about":[{"href":"https:\/\/www.purhotmelt.com\/nb\/wp-json\/wp\/v2\/types\/page"}],"author":[{"embeddable":true,"href":"https:\/\/www.purhotmelt.com\/nb\/wp-json\/wp\/v2\/users\/1"}],"replies":[{"embeddable":true,"href":"https:\/\/www.purhotmelt.com\/nb\/wp-json\/wp\/v2\/comments?post=99"}],"version-history":[{"count":1,"href":"https:\/\/www.purhotmelt.com\/nb\/wp-json\/wp\/v2\/pages\/99\/revisions"}],"predecessor-version":[{"id":101,"href":"https:\/\/www.purhotmelt.com\/nb\/wp-json\/wp\/v2\/pages\/99\/revisions\/101"}],"wp:attachment":[{"href":"https:\/\/www.purhotmelt.com\/nb\/wp-json\/wp\/v2\/media?parent=99"}],"curies":[{"name":"wp","href":"https:\/\/api.w.org\/{rel}","templated":true}]}}